{"id":8038,"date":"2025-08-09T21:13:53","date_gmt":"2025-08-09T21:13:53","guid":{"rendered":"https:\/\/lightgray-crow-170497.hostingersite.com\/?post_type=product&#038;p=8038"},"modified":"2025-09-30T21:14:27","modified_gmt":"2025-09-30T21:14:27","slug":"outsunny-cenador-de-jardin-4x3-m-con-diseno-de-lamas-superior","status":"publish","type":"product","link":"https:\/\/routinesfashione.com\/fr\/produit\/outsunny-cenador-de-jardin-4x3-m-con-diseno-de-lamas-superior\/","title":{"rendered":"Outsunny Cenador de jard\u00edn 4&#215;3 M con Dise\u00f1o de Lamas superior"},"content":{"rendered":"<h1 class=\"a-size-base-plus a-text-bold\">Acerca de este producto<\/h1>\n<ul class=\"a-unordered-list a-vertical a-spacing-mini\">\n<li class=\"a-spacing-mini\"><span class=\"a-list-item\">P\u00c9RGOLA MODERNA Y FUNCIONAL: Su dise\u00f1o elegante y minimalista aporta un toque contempor\u00e1neo a tu jard\u00edn. Se adapta a cualquier entorno, realzando la belleza natural y creando un espacio c\u00f3modo para disfrutar del aire libre<\/span><\/li>\n<li class=\"a-spacing-mini\"><span class=\"a-list-item\">TECHO CON LAMAS ORIENTABLES: El toldo se abre y cierra gracias a las lamas orientables a 135\u00b0 con manivela, permitiendo pasar la luz o estar a la sombra. Ajusta las lamas para controlar el paso del sol y modular la temperatura a tu gusto<\/span><\/li>\n<li class=\"a-spacing-mini\"><span class=\"a-list-item\">ESTRUCTURA RESISTENTE Y DURADERA: P\u00e9rgola de jard\u00edn exterior dise\u00f1ada a partir de aluminio tratado con epoxi y sus lamas orientables en tela 100% poli\u00e9ster, estable y duradera para un uso exterior<\/span><\/li>\n<li class=\"a-spacing-mini\"><span class=\"a-list-item\">AMPLIA SUPERFICIE DE SOMBRA: P\u00e9rgola de 3,9&#215;2,95&#215;2,13 m (largo x ancho x alto), ideal para crear un espacio sombreado en el exterior. Perfecta para colocar un sal\u00f3n de jard\u00edn, conjunto de comedor o barbacoa, ofreciendo comodidad y protecci\u00f3n<\/span><\/li>\n<li class=\"a-spacing-mini\"><span class=\"a-list-item\">MEDIDAS TOTALES: 390x295x213 cm (LxANxAL). Altura de la viga: 203 cm. Se requiere montaje. Aseg\u00farate de fijar bien la p\u00e9rgola al suelo para proporcionar una buena estabilidad.<\/span><\/li>\n<\/ul>","protected":false},"excerpt":{"rendered":"<p>Acerca de este producto P\u00c9RGOLA MODERNA Y FUNCIONAL: Su dise\u00f1o elegante y minimalista aporta un toque contempor\u00e1neo a tu jard\u00edn.<\/p>","protected":false},"featured_media":26246,"template":"","meta":[],"product_brand":[],"product_cat":[78],"product_tag":[79],"product_country":[1505],"class_list":{"0":"post-8038","1":"product","2":"type-product","3":"status-publish","4":"has-post-thumbnail","6":"product_cat-gazebos-pergolas","7":"product_tag-gazebos-pergolas","8":"product_country-spain","10":"first","11":"instock","12":"sale","13":"taxable","14":"shipping-taxable","15":"purchasable","16":"product-type-simple"},"_links":{"self":[{"href":"https:\/\/routinesfashione.com\/fr\/wp-json\/wp\/v2\/product\/8038","targetHints":{"allow":["GET"]}}],"collection":[{"href":"https:\/\/routinesfashione.com\/fr\/wp-json\/wp\/v2\/product"}],"about":[{"href":"https:\/\/routinesfashione.com\/fr\/wp-json\/wp\/v2\/types\/product"}],"wp:featuredmedia":[{"embeddable":true,"href":"https:\/\/routinesfashione.com\/fr\/wp-json\/wp\/v2\/media\/26246"}],"wp:attachment":[{"href":"https:\/\/routinesfashione.com\/fr\/wp-json\/wp\/v2\/media?parent=8038"}],"wp:term":[{"taxonomy":"product_brand","embeddable":true,"href":"https:\/\/routinesfashione.com\/fr\/wp-json\/wp\/v2\/product_brand?post=8038"},{"taxonomy":"product_cat","embeddable":true,"href":"https:\/\/routinesfashione.com\/fr\/wp-json\/wp\/v2\/product_cat?post=8038"},{"taxonomy":"product_tag","embeddable":true,"href":"https:\/\/routinesfashione.com\/fr\/wp-json\/wp\/v2\/product_tag?post=8038"},{"taxonomy":"product_country","embeddable":true,"href":"https:\/\/routinesfashione.com\/fr\/wp-json\/wp\/v2\/product_country?post=8038"}],"curies":[{"name":"wp","href":"https:\/\/api.w.org\/{rel}","templated":true}]}}