{"id":8100,"date":"2025-08-09T21:28:43","date_gmt":"2025-08-09T21:28:43","guid":{"rendered":"https:\/\/lightgray-crow-170497.hostingersite.com\/?post_type=product&#038;p=8100"},"modified":"2025-09-30T21:06:54","modified_gmt":"2025-09-30T21:06:54","slug":"cenador-con-techo-retractil","status":"publish","type":"product","link":"https:\/\/routinesfashione.com\/fr\/produit\/cenador-con-techo-retractil\/","title":{"rendered":"Cenador con techo retr\u00e1ctil"},"content":{"rendered":"<h1 class=\"a-size-base-plus a-text-bold\">Acerca de este producto<\/h1>\n<ul class=\"a-unordered-list a-vertical a-spacing-mini\">\n<li class=\"a-spacing-mini\"><span class=\"a-list-item\">ESTRUCTURA RESISTENTE: El marco est\u00e1 hecho de acero cubierto con polvo resistente al \u00f3xido, apto para estar a la intemperie. Ideal para tener en la terraza, patio o jard\u00edn.<\/span><\/li>\n<li class=\"a-spacing-mini\"><span class=\"a-list-item\">TOLDO RETRACTIL: Esta p\u00e9rgola de jard\u00edn tiene un toldo retr\u00e1ctil, lo que permite ofrecer m\u00e1s o menos sombra seg\u00fan tus necesidades. Puedes plegarlo si te apetece tomar el sol o dejarlo totalmente extendido para una mayor superficie de sombra.<\/span><\/li>\n<li class=\"a-spacing-mini\"><span class=\"a-list-item\">TELA IMPERMEABLE: El techo es de PU resistente al agua y a los rayos UV, de modo que te protege de la lluvia y tambi\u00e9n del sol. Tiene peque\u00f1os agujeros para drenar el agua cuando llueve, evitando as\u00ed que se acumule en el techo y se da\u00f1e la lona.<\/span><\/li>\n<li class=\"a-spacing-mini\"><span class=\"a-list-item\">MULTIUSOS: Esta elegante y funcional p\u00e9rgola se adapta a todo tipo de decoraciones exteriores. Puedes usarla tanto en espacios comerciales como en residenciales.<\/span><\/li>\n<li class=\"a-spacing-mini\"><span class=\"a-list-item\">DIMENSIONES TOTALES: 300x300x230cm(LxAnxAl), Dimensi\u00f3n interior: 246x246x225cm(LxAnxAl), Dimensiones de la Columna: 6x6x225cm(LxAnxAl).F\u00e1cil de montar<\/span><\/li>\n<\/ul>\n<table class=\"a-normal a-spacing-micro\">\n<tbody>\n<tr class=\"a-spacing-small po-brand\">\n<td class=\"a-span3\"><span class=\"a-size-base a-text-bold\">Marca<\/span><\/td>\n<td class=\"a-span9\"><span class=\"a-size-base po-break-word\">Outsunny<\/span><\/td>\n<\/tr>\n<tr class=\"a-spacing-small po-material\">\n<td class=\"a-span3\"><span class=\"a-size-base a-text-bold\">mat\u00e9riel<\/span><\/td>\n<td class=\"a-span9\"><span class=\"a-size-base po-break-word\">Acero y tela poli\u00e9ster<\/span><\/td>\n<\/tr>\n<tr class=\"a-spacing-small po-style\">\n<td class=\"a-span3\"><span class=\"a-size-base a-text-bold\">Estilo<\/span><\/td>\n<td class=\"a-span9\"><span class=\"a-size-base po-break-word\">Resistente<\/span><\/td>\n<\/tr>\n<tr class=\"a-spacing-small po-item_length_width_height\">\n<td class=\"a-span3\"><span class=\"a-size-base a-text-bold\">Dimensiones del producto<\/span><\/td>\n<td class=\"a-span9\"><span class=\"a-size-base po-break-word\">3l. x 3an. x 2,3al. metros<\/span><\/td>\n<\/tr>\n<tr class=\"a-spacing-small po-item_weight\">\n<td class=\"a-span3\"><span class=\"a-size-base a-text-bold\">Peso del producto<\/span><\/td>\n<td class=\"a-span9\"><span class=\"a-size-base po-break-word\">38,5 Kilogramos<\/span><\/td>\n<\/tr>\n<tr class=\"a-spacing-small po-frame.material\">\n<td class=\"a-span3\"><span class=\"a-size-base a-text-bold\">Material del marco<\/span><\/td>\n<td class=\"a-span9\"><span class=\"a-size-base po-break-word\">Metal,Acero<\/span><\/td>\n<\/tr>\n<tr class=\"a-spacing-small po-water_resistance_level\">\n<td class=\"a-span3\"><span class=\"a-size-base a-text-bold\">Nivel de resistencia al agua<\/span><\/td>\n<td class=\"a-span9\"><span class=\"a-size-base po-break-word\">Resistente al agua<\/span><\/td>\n<\/tr>\n<tr class=\"a-spacing-small po-item_shape\">\n<td class=\"a-span3\"><span class=\"a-size-base a-text-bold\">Forma<\/span><\/td>\n<td class=\"a-span9\"><span class=\"a-size-base po-break-word\">Rectangulaire<\/span><\/td>\n<\/tr>\n<tr class=\"a-spacing-small po-ultraviolet_light_protection\">\n<td class=\"a-span3\"><span class=\"a-size-base a-text-bold\">Protecci\u00f3n frente a la luz ultravioleta<\/span><\/td>\n<td class=\"a-span9\"><span class=\"a-size-base po-break-word\">True<\/span><\/td>\n<\/tr>\n<tr class=\"a-spacing-small po-is_assembly_required\">\n<td class=\"a-span3\"><span class=\"a-size-base a-text-bold\">Requiere montaje<\/span><\/td>\n<td class=\"a-span9\"><span class=\"a-size-base po-break-word\">S\u00ed<\/span><\/td>\n<\/tr>\n<\/tbody>\n<\/table>","protected":false},"excerpt":{"rendered":"<p>Acerca de este producto ESTRUCTURA RESISTENTE: El marco est\u00e1 hecho de acero cubierto con polvo resistente al \u00f3xido, apto para<\/p>","protected":false},"featured_media":19276,"template":"","meta":[],"product_brand":[],"product_cat":[78],"product_tag":[79],"product_country":[1505],"class_list":{"0":"post-8100","1":"product","2":"type-product","3":"status-publish","4":"has-post-thumbnail","6":"product_cat-gazebos-pergolas","7":"product_tag-gazebos-pergolas","8":"product_country-spain","10":"first","11":"instock","12":"sale","13":"taxable","14":"shipping-taxable","15":"purchasable","16":"product-type-simple"},"_links":{"self":[{"href":"https:\/\/routinesfashione.com\/fr\/wp-json\/wp\/v2\/product\/8100","targetHints":{"allow":["GET"]}}],"collection":[{"href":"https:\/\/routinesfashione.com\/fr\/wp-json\/wp\/v2\/product"}],"about":[{"href":"https:\/\/routinesfashione.com\/fr\/wp-json\/wp\/v2\/types\/product"}],"wp:featuredmedia":[{"embeddable":true,"href":"https:\/\/routinesfashione.com\/fr\/wp-json\/wp\/v2\/media\/19276"}],"wp:attachment":[{"href":"https:\/\/routinesfashione.com\/fr\/wp-json\/wp\/v2\/media?parent=8100"}],"wp:term":[{"taxonomy":"product_brand","embeddable":true,"href":"https:\/\/routinesfashione.com\/fr\/wp-json\/wp\/v2\/product_brand?post=8100"},{"taxonomy":"product_cat","embeddable":true,"href":"https:\/\/routinesfashione.com\/fr\/wp-json\/wp\/v2\/product_cat?post=8100"},{"taxonomy":"product_tag","embeddable":true,"href":"https:\/\/routinesfashione.com\/fr\/wp-json\/wp\/v2\/product_tag?post=8100"},{"taxonomy":"product_country","embeddable":true,"href":"https:\/\/routinesfashione.com\/fr\/wp-json\/wp\/v2\/product_country?post=8100"}],"curies":[{"name":"wp","href":"https:\/\/api.w.org\/{rel}","templated":true}]}}