{"id":8130,"date":"2025-08-09T21:36:01","date_gmt":"2025-08-09T21:36:01","guid":{"rendered":"https:\/\/lightgray-crow-170497.hostingersite.com\/?post_type=product&#038;p=8130"},"modified":"2025-09-30T21:06:55","modified_gmt":"2025-09-30T21:06:55","slug":"cenador-con-toldo-retractil-3x4x23-m-taupe-180-g-m%c2%b2","status":"publish","type":"product","link":"https:\/\/routinesfashione.com\/fr\/produit\/cenador-con-toldo-retractil-3x4x23-m-taupe-180-g-m%c2%b2\/","title":{"rendered":"Cenador con toldo retr\u00e1ctil 3x4x2,3 m Taupe 180 g\/m\u00b2"},"content":{"rendered":"<h2 class=\"default\">Descripci\u00f3n del producto<\/h2>\n<div id=\"productDescription\" class=\"a-section a-spacing-small\">\n<p>Este cenador ofrece un gran refugio para reuniones familiares y de amigos, barbacoas, p\u00edcnics, fiestas de cumplea\u00f1os y otros eventos en el jard\u00edn o el patio<br \/>\nEste toldo posee una construcci\u00f3n de hierro maciza, por lo que es fuerte y resistente para usar al aire libre<br \/>\nEl tejado retr\u00e1ctil te protege de los da\u00f1inos rayos UVA y tambi\u00e9n de la lluvia, para que puedas disfrutar del exterior sin preocupaciones<br \/>\nNota: Este producto NUNCA se debe usar con mal tiempo, como fuertes vientos, fuertes lluvias, nieve, tormentas, etc<br \/>\nColor: Gris taupeMaterial: Tela (100% poli\u00e9ster con revestimiento de PA), hierroDimensiones totales: 3 x 4 x 2,3 m (largo x ancho x alto)Densidad de la tela del techo: 180 g\/m\u00b2Con tejado retr\u00e1ctilRequiere montaje: S\u00edNosotros no podemos enviar a\uff1aBaleares,Gran Canaria,Tenerife<\/p>\n<h1 class=\"a-size-base-plus a-text-bold\">Acerca de este producto<\/h1>\n<ul class=\"a-unordered-list a-vertical a-spacing-mini\">\n<li class=\"a-spacing-mini\"><span class=\"a-list-item\">Este cenador ofrece un gran refugio para reuniones familiares y de amigos, barbacoas, p\u00edcnics, fiestas de cumplea\u00f1os y otros eventos en el jard\u00edn o el patio<\/span><\/li>\n<li class=\"a-spacing-mini\"><span class=\"a-list-item\">Este toldo posee una construcci\u00f3n de hierro maciza, por lo que es fuerte y resistente para usar al aire libre<\/span><\/li>\n<li class=\"a-spacing-mini\"><span class=\"a-list-item\">El tejado retr\u00e1ctil te protege de los da\u00f1inos rayos UVA y tambi\u00e9n de la lluvia, para que puedas disfrutar del exterior sin preocupaciones<\/span><\/li>\n<li class=\"a-spacing-mini\"><span class=\"a-list-item\">Nota: Este producto NUNCA se debe usar con mal tiempo, como fuertes vientos, fuertes lluvias, nieve, tormentas, etc<\/span><\/li>\n<li class=\"a-spacing-mini\"><span class=\"a-list-item\">Color: Gris taupeMaterial: Tela (100% poli\u00e9ster con revestimiento de PA), hierroDimensiones totales: 3 x 4 x 2,3 m (largo x ancho x alto)Densidad de la tela del techo: 180 g\/m\u00b2Con tejado retr\u00e1ctilRequiere montaje: S\u00edNosotros no podemos enviar aff1a;Baleares,Gran Canaria,Tenerife<\/span><\/li>\n<\/ul>\n<table class=\"a-normal a-spacing-micro\">\n<tbody>\n<tr class=\"a-spacing-small po-brand\">\n<td class=\"a-span3\"><span class=\"a-size-base a-text-bold\">Marca<\/span><\/td>\n<td class=\"a-span9\"><span class=\"a-size-base po-break-word\">Homgoday<\/span><\/td>\n<\/tr>\n<tr class=\"a-spacing-small po-material\">\n<td class=\"a-span3\"><span class=\"a-size-base a-text-bold\">mat\u00e9riel<\/span><\/td>\n<td class=\"a-span9\"><span class=\"a-size-base po-break-word\">Metal, Pl\u00e1stico<\/span><\/td>\n<\/tr>\n<tr class=\"a-spacing-small po-ultraviolet_light_protection\">\n<td class=\"a-span3\"><span class=\"a-size-base a-text-bold\">Protecci\u00f3n frente a la luz ultravioleta<\/span><\/td>\n<td class=\"a-span9\"><span class=\"a-size-base po-break-word\">True<\/span><\/td>\n<\/tr>\n<tr class=\"a-spacing-small po-manufacturer\">\n<td class=\"a-span3\"><span class=\"a-size-base a-text-bold\">Fabricante<\/span><\/td>\n<td class=\"a-span9\"><span class=\"a-size-base po-break-word\">Homgoday<\/span><\/td>\n<\/tr>\n<\/tbody>\n<\/table>\n<\/div>","protected":false},"excerpt":{"rendered":"<p>Descripci\u00f3n del producto Este cenador ofrece un gran refugio para reuniones familiares y de amigos, barbacoas, p\u00edcnics, fiestas de cumplea\u00f1os<\/p>","protected":false},"featured_media":19296,"template":"","meta":[],"product_brand":[],"product_cat":[78],"product_tag":[79],"product_country":[1505],"class_list":{"0":"post-8130","1":"product","2":"type-product","3":"status-publish","4":"has-post-thumbnail","6":"product_cat-gazebos-pergolas","7":"product_tag-gazebos-pergolas","8":"product_country-spain","10":"first","11":"instock","12":"sale","13":"taxable","14":"shipping-taxable","15":"purchasable","16":"product-type-simple"},"_links":{"self":[{"href":"https:\/\/routinesfashione.com\/fr\/wp-json\/wp\/v2\/product\/8130","targetHints":{"allow":["GET"]}}],"collection":[{"href":"https:\/\/routinesfashione.com\/fr\/wp-json\/wp\/v2\/product"}],"about":[{"href":"https:\/\/routinesfashione.com\/fr\/wp-json\/wp\/v2\/types\/product"}],"wp:featuredmedia":[{"embeddable":true,"href":"https:\/\/routinesfashione.com\/fr\/wp-json\/wp\/v2\/media\/19296"}],"wp:attachment":[{"href":"https:\/\/routinesfashione.com\/fr\/wp-json\/wp\/v2\/media?parent=8130"}],"wp:term":[{"taxonomy":"product_brand","embeddable":true,"href":"https:\/\/routinesfashione.com\/fr\/wp-json\/wp\/v2\/product_brand?post=8130"},{"taxonomy":"product_cat","embeddable":true,"href":"https:\/\/routinesfashione.com\/fr\/wp-json\/wp\/v2\/product_cat?post=8130"},{"taxonomy":"product_tag","embeddable":true,"href":"https:\/\/routinesfashione.com\/fr\/wp-json\/wp\/v2\/product_tag?post=8130"},{"taxonomy":"product_country","embeddable":true,"href":"https:\/\/routinesfashione.com\/fr\/wp-json\/wp\/v2\/product_country?post=8130"}],"curies":[{"name":"wp","href":"https:\/\/api.w.org\/{rel}","templated":true}]}}