{"id":8157,"date":"2025-08-09T21:44:00","date_gmt":"2025-08-09T21:44:00","guid":{"rendered":"https:\/\/lightgray-crow-170497.hostingersite.com\/?post_type=product&#038;p=8157"},"modified":"2025-09-30T21:06:57","modified_gmt":"2025-09-30T21:06:57","slug":"pergola-de-aluminio-3x3m","status":"publish","type":"product","link":"https:\/\/routinesfashione.com\/fr\/produit\/pergola-de-aluminio-3x3m\/","title":{"rendered":"P\u00e9rgola de aluminio 3x3m"},"content":{"rendered":"<ul class=\"a-unordered-list a-vertical a-spacing-mini\">\n<li class=\"a-spacing-mini\"><span class=\"a-list-item\">P\u00e9rgola de pared: Esta p\u00e9rgola de acero, que se adhiere a la pared de su casa, cuenta con dos patas que la sostienen del suelo, creando un espacio exterior que se siente como una extensi\u00f3n natural de su hogar. Su dise\u00f1o de montaje en pared le permite ahorrar espacio, lo que la hace ideal para patios o jardines peque\u00f1os.<\/span><\/li>\n<li class=\"a-spacing-mini\"><span class=\"a-list-item\">TOLDO RETR\u00c1CTIL: Puede mantener el toldo abierto para protegerse del resplandor y las quemaduras solares, o cerrarlo para dejar entrar el sol. Los ojales en el toldo permiten que el agua se drene de manera segura.<\/span><\/li>\n<li class=\"a-spacing-mini\"><span class=\"a-list-item\">ESTRUCTURA DE ACERO RESISTENTE: Fabricada con acero recubierto de polvo y resistente a la corrosi\u00f3n, esta p\u00e9rgola de jard\u00edn al aire libre mantiene su resistencia durante a\u00f1os, lo que garantiza que pueda disfrutar de su espacio al aire libre durante mucho tiempo.<\/span><\/li>\n<li class=\"a-spacing-mini\"><span class=\"a-list-item\">DIFERENTES TIPOS DE SUELO: Con cuatro estacas y cuatro tornillos de expansi\u00f3n, puedes montar esta p\u00e9rgola de pared exterior en cualquier tipo de terreno, ya sea blando o duro.<\/span><\/li>\n<li class=\"a-spacing-mini\"><span class=\"a-list-item\">Dimensiones totales: 297 x 297 x 200\/230 cm (largo x ancho x alto). Distancia entre columnas: 264 x 245 cm (largo x ancho).<\/span><br \/>\n<table class=\"a-normal a-spacing-micro\">\n<tbody>\n<tr class=\"a-spacing-small po-brand\">\n<td class=\"a-span3\"><span class=\"a-size-base a-text-bold\">Nombre de marca<\/span><\/td>\n<td class=\"a-span9\"><span class=\"a-size-base po-break-word\">Outsunny<\/span><\/td>\n<\/tr>\n<tr class=\"a-spacing-small po-material\">\n<td class=\"a-span3\"><span class=\"a-size-base a-text-bold\">mat\u00e9riel<\/span><\/td>\n<td class=\"a-span9\"><span class=\"a-size-base po-break-word\">Acero aleado<\/span><\/td>\n<\/tr>\n<tr class=\"a-spacing-small po-style\">\n<td class=\"a-span3\"><span class=\"a-size-base a-text-bold\">Estilo<\/span><\/td>\n<td class=\"a-span9\"><span class=\"a-size-base po-break-word\">Moderno<\/span><\/td>\n<\/tr>\n<tr class=\"a-spacing-small po-item_length_width_height\">\n<td class=\"a-span3\"><span class=\"a-size-base a-text-bold\">Dimensiones del art\u00edculo L x An x Al<\/span><\/td>\n<td class=\"a-span9\"><span class=\"a-size-base po-break-word\">2,97L x 2,97W x 2,3H metros<\/span><\/td>\n<\/tr>\n<tr class=\"a-spacing-small po-item_weight\">\n<td class=\"a-span3\"><span class=\"a-size-base a-text-bold\">Peso del art\u00edculo<\/span><\/td>\n<td class=\"a-span9\"><span class=\"a-size-base po-break-word\">22,9 kilogramos<\/span><\/td>\n<\/tr>\n<tr class=\"a-spacing-small po-frame.material\">\n<td class=\"a-span3\"><span class=\"a-size-base a-text-bold\">Material del marco<\/span><\/td>\n<td class=\"a-span9\"><span class=\"a-size-base po-break-word\">Acero aleado<\/span><\/td>\n<\/tr>\n<tr class=\"a-spacing-small po-water_resistance_level\">\n<td class=\"a-span3\"><span class=\"a-size-base a-text-bold\">Nivel de resistencia al agua<\/span><\/td>\n<td class=\"a-span9\"><span class=\"a-size-base po-break-word\">Impermeable<\/span><\/td>\n<\/tr>\n<tr class=\"a-spacing-small po-item_shape\">\n<td class=\"a-span3\"><span class=\"a-size-base a-text-bold\">Forma del art\u00edculo<\/span><\/td>\n<td class=\"a-span9\"><span class=\"a-size-base po-break-word\">Rectangulaire<\/span><\/td>\n<\/tr>\n<tr class=\"a-spacing-small po-ultraviolet_light_protection\">\n<td class=\"a-span3\"><span class=\"a-size-base a-text-bold\">Protecci\u00f3n contra la luz ultravioleta<\/span><\/td>\n<td class=\"a-span9\"><span class=\"a-size-base po-break-word\">S\u00ed<\/span><\/td>\n<\/tr>\n<tr class=\"a-spacing-small po-is_assembly_required\">\n<td class=\"a-span3\"><span class=\"a-size-base a-text-bold\">\u00bfEs necesario ensamblaje?<\/span><\/td>\n<td class=\"a-span9\"><span class=\"a-size-base po-break-word\">S\u00ed<\/span><\/td>\n<\/tr>\n<\/tbody>\n<\/table>\n<\/li>\n<\/ul>","protected":false},"excerpt":{"rendered":"<p>P\u00e9rgola de pared: Esta p\u00e9rgola de acero, que se adhiere a la pared de su casa, cuenta con dos patas<\/p>","protected":false},"featured_media":19315,"template":"","meta":[],"product_brand":[],"product_cat":[78],"product_tag":[79],"product_country":[1505],"class_list":{"0":"post-8157","1":"product","2":"type-product","3":"status-publish","4":"has-post-thumbnail","6":"product_cat-gazebos-pergolas","7":"product_tag-gazebos-pergolas","8":"product_country-spain","10":"first","11":"instock","12":"sale","13":"taxable","14":"shipping-taxable","15":"purchasable","16":"product-type-simple"},"_links":{"self":[{"href":"https:\/\/routinesfashione.com\/fr\/wp-json\/wp\/v2\/product\/8157","targetHints":{"allow":["GET"]}}],"collection":[{"href":"https:\/\/routinesfashione.com\/fr\/wp-json\/wp\/v2\/product"}],"about":[{"href":"https:\/\/routinesfashione.com\/fr\/wp-json\/wp\/v2\/types\/product"}],"wp:featuredmedia":[{"embeddable":true,"href":"https:\/\/routinesfashione.com\/fr\/wp-json\/wp\/v2\/media\/19315"}],"wp:attachment":[{"href":"https:\/\/routinesfashione.com\/fr\/wp-json\/wp\/v2\/media?parent=8157"}],"wp:term":[{"taxonomy":"product_brand","embeddable":true,"href":"https:\/\/routinesfashione.com\/fr\/wp-json\/wp\/v2\/product_brand?post=8157"},{"taxonomy":"product_cat","embeddable":true,"href":"https:\/\/routinesfashione.com\/fr\/wp-json\/wp\/v2\/product_cat?post=8157"},{"taxonomy":"product_tag","embeddable":true,"href":"https:\/\/routinesfashione.com\/fr\/wp-json\/wp\/v2\/product_tag?post=8157"},{"taxonomy":"product_country","embeddable":true,"href":"https:\/\/routinesfashione.com\/fr\/wp-json\/wp\/v2\/product_country?post=8157"}],"curies":[{"name":"wp","href":"https:\/\/api.w.org\/{rel}","templated":true}]}}