{"id":8191,"date":"2025-08-09T21:54:49","date_gmt":"2025-08-09T21:54:49","guid":{"rendered":"https:\/\/lightgray-crow-170497.hostingersite.com\/?post_type=product&#038;p=8191"},"modified":"2025-09-30T21:06:59","modified_gmt":"2025-09-30T21:06:59","slug":"cenador-con-tejado-aluminio-3x3-m-negro-vidaxl","status":"publish","type":"product","link":"https:\/\/routinesfashione.com\/fr\/produit\/cenador-con-tejado-aluminio-3x3-m-negro-vidaxl\/","title":{"rendered":"Cenador con tejado aluminio 3&#215;3 m negro Vidaxl"},"content":{"rendered":"<h2 class=\"default\">Descripci\u00f3n del producto<\/h2>\n<div id=\"productDescription\" class=\"a-section a-spacing-small\">\n<p>Este cenador tiene un dise\u00f1o cl\u00e1sico y elegante. Ser\u00e1 el refugio perfecto para eventos al aire libre, como cenas, barbacoas, reuniones familiares, etc.<\/p>\n<p>El techo est\u00e1 hecho de paneles de PC resistentes a los rayos UV de 6 mm de grosor y te proteger\u00e1 de la luz y los da\u00f1inos rayos UV del sol. El robusto marco est\u00e1 construido de aluminio y acero resistentes a la oxidaci\u00f3n. Tambi\u00e9n se incluyen cierres de hebilla y gancho para una f\u00e1cil fijaci\u00f3n y montaje del cenador.<\/p>\n<p>Es r\u00e1pido de montar y se puede anclar f\u00e1cilmente en el suelo con los accesorios de fijaci\u00f3n incluidos.<\/p>\n<p>NOTA: Este producto nunca debe utilizarse en mal tiempo, como viento fuerte, lluvia abundante, nieve, tormenta, etc.<\/p>\n<ul class=\"a-unordered-list a-vertical\">\n<li><span class=\"a-list-item\">Color: antracita.<\/span><\/li>\n<li><span class=\"a-list-item\">Material del marco: aluminio y acero<\/span><\/li>\n<li><span class=\"a-list-item\">Material del techo: panel de PC<\/span><\/li>\n<li><span class=\"a-list-item\">Dimensiones del techo: 3 x 3 x 2,6 m (largo x ancho x alto).<\/span><\/li>\n<li><span class=\"a-list-item\">Altura m\u00e1xima: 192 cm.<\/span><\/li>\n<li><span class=\"a-list-item\">Grosor del panel de PC: 6 mm<\/span><\/li>\n<\/ul>\n<h1 class=\"a-size-base-plus a-text-bold\">Acerca de este producto<\/h1>\n<ul class=\"a-unordered-list a-vertical a-spacing-mini\">\n<li class=\"a-spacing-mini\"><span class=\"a-list-item\">Este cenador presenta un dise\u00f1o cl\u00e1sico y elegante<\/span><\/li>\n<li class=\"a-spacing-mini\"><span class=\"a-list-item\">Ser\u00e1 el refugio perfecto para eventos al aire libre, como cenas, barbacoas, reuniones familiares, etc.El tejado est\u00e1 hecho de placas de PC de 6 mm de grosor y resistentes a los rayos UV, y le proteger\u00e1 de dichos rayos y del brillo del sol<\/span><\/li>\n<li class=\"a-spacing-mini\"><span class=\"a-list-item\">La robusta estructura es muy s\u00f3lida y es de acero y aluminio robusto y resistente a la oxidaci\u00f3n<\/span><\/li>\n<li class=\"a-spacing-mini\"><span class=\"a-list-item\">Los cierres de gancho y bucle incluidos facilitan la fijaci\u00f3n y el montaje del cenador.Se monta r\u00e1pidamente y se puede anclar f\u00e1cilmente al suelo con los accesorios de fijaci\u00f3n incluidos.NOTA: Este producto NUNCA deber\u00eda usarse en condiciones meteorol\u00f3gicas adversas, como vientos fuertes, lluvias fuertes, nieve, tormenta, etc.<\/span><\/li>\n<\/ul>\n<p>&nbsp;<\/p>\n<\/div>","protected":false},"excerpt":{"rendered":"<p>Descripci\u00f3n del producto Este cenador tiene un dise\u00f1o cl\u00e1sico y elegante. Ser\u00e1 el refugio perfecto para eventos al aire libre,<\/p>","protected":false},"featured_media":19337,"template":"","meta":[],"product_brand":[],"product_cat":[78],"product_tag":[79],"product_country":[1505],"class_list":{"0":"post-8191","1":"product","2":"type-product","3":"status-publish","4":"has-post-thumbnail","6":"product_cat-gazebos-pergolas","7":"product_tag-gazebos-pergolas","8":"product_country-spain","10":"first","11":"instock","12":"sale","13":"taxable","14":"shipping-taxable","15":"purchasable","16":"product-type-simple"},"_links":{"self":[{"href":"https:\/\/routinesfashione.com\/fr\/wp-json\/wp\/v2\/product\/8191","targetHints":{"allow":["GET"]}}],"collection":[{"href":"https:\/\/routinesfashione.com\/fr\/wp-json\/wp\/v2\/product"}],"about":[{"href":"https:\/\/routinesfashione.com\/fr\/wp-json\/wp\/v2\/types\/product"}],"wp:featuredmedia":[{"embeddable":true,"href":"https:\/\/routinesfashione.com\/fr\/wp-json\/wp\/v2\/media\/19337"}],"wp:attachment":[{"href":"https:\/\/routinesfashione.com\/fr\/wp-json\/wp\/v2\/media?parent=8191"}],"wp:term":[{"taxonomy":"product_brand","embeddable":true,"href":"https:\/\/routinesfashione.com\/fr\/wp-json\/wp\/v2\/product_brand?post=8191"},{"taxonomy":"product_cat","embeddable":true,"href":"https:\/\/routinesfashione.com\/fr\/wp-json\/wp\/v2\/product_cat?post=8191"},{"taxonomy":"product_tag","embeddable":true,"href":"https:\/\/routinesfashione.com\/fr\/wp-json\/wp\/v2\/product_tag?post=8191"},{"taxonomy":"product_country","embeddable":true,"href":"https:\/\/routinesfashione.com\/fr\/wp-json\/wp\/v2\/product_country?post=8191"}],"curies":[{"name":"wp","href":"https:\/\/api.w.org\/{rel}","templated":true}]}}