{"id":841,"date":"2025-09-30T20:13:45","date_gmt":"2025-09-30T20:13:45","guid":{"rendered":"https:\/\/lightgray-crow-170497.hostingersite.com\/?post_type=product&#038;p=841"},"modified":"2025-09-30T21:01:50","modified_gmt":"2025-09-30T21:01:50","slug":"delonghi-ecam-290-81-tb-magnifica-evo-milk","status":"publish","type":"product","link":"https:\/\/routinesfashione.com\/fr\/produit\/delonghi-ecam-290-81-tb-magnifica-evo-milk\/","title":{"rendered":"Lait Magnifica Evo De&#039;Longhi \u00abECAM 290.81.TB\u00bb"},"content":{"rendered":"<div class=\"rd-product-description__top-accordion-content-description\">\n<p>La Magnifica Evo incarne les nombreuses ann\u00e9es d&#039;exp\u00e9rience et d&#039;expertise technique de De&#039;Longhi, avec la promesse d&#039;un caf\u00e9 parfait. Toujours fra\u00eechement moulu et parfaitement infus\u00e9.<\/p>\n<p>Con\u00e7u pour les amateurs d&#039;espresso et de sp\u00e9cialit\u00e9s de caf\u00e9 avec mousse de lait, ce mod\u00e8le offre un plaisir de caf\u00e9 parfait, une utilisation facile et un design moderne et attrayant.<\/p>\n<p>Avec une s\u00e9lection des recettes de caf\u00e9 les plus populaires, un panneau de commande couleur pour pr\u00e9parer toutes les boissons d&#039;une simple pression du doigt et la possibilit\u00e9 d&#039;ajuster les param\u00e8tres aux besoins individuels (ar\u00f4me, niveau de remplissage, temp\u00e9rature), le caf\u00e9 devient un plaisir.<\/p>\n<p>Gr\u00e2ce au syst\u00e8me de moussage automatique du lait Latte Crema, pr\u00e9parez une mousse de lait parfaite pour vos cappuccinos et autres sp\u00e9cialit\u00e9s de caf\u00e9 d&#039;une simple pression sur un bouton. La fonction \u00ab\u00a0MyLatte\u00a0\u00bb vous permet de personnaliser la quantit\u00e9 de mousse de lait souhait\u00e9e.<\/p>\n<p><strong>7 BOUTONS DE S\u00c9LECTION DIRECTE DE BOISSONS PAR SIMPLE PRESSION D&#039;UN BOUTON<\/strong><\/p>\n<p>Un panneau de commande intuitif avec des ic\u00f4nes color\u00e9es et tactiles et un \u00e9clairage LED garantit une utilisation et une pr\u00e9paration des boissons faciles par simple pression sur un bouton.<\/p>\n<p><strong>NETTOYAGE FACILE<\/strong><\/p>\n<p>Le bac d&#039;\u00e9gouttage et la carafe \u00e0 lait passent au lave-vaisselle, et le repose-tasse nouvellement con\u00e7u prot\u00e8ge des rayures. Le groupe caf\u00e9 est amovible pour un nettoyage facile.<\/p>\n<p><strong>MOUSSE DE LAIT SUR SIMPLE PRESSION D&#039;UN BOUTON<\/strong><\/p>\n<p>Gr\u00e2ce au syst\u00e8me brevet\u00e9 Latte Crema, pr\u00e9parez une mousse de lait onctueuse et fine d&#039;une simple pression sur un bouton. Le nettoyage est \u00e9galement enti\u00e8rement automatique.<\/p>\n<p><strong>CONFORT<\/strong><\/p>\n<ul>\n<li>Utilisation facile gr\u00e2ce aux ic\u00f4nes color\u00e9es avec fonction de num\u00e9rotation directe<\/li>\n<li>R\u00e9glage individuel de l&#039;ar\u00f4me (3 niveaux) et de la quantit\u00e9 de caf\u00e9 pour toutes les boissons<\/li>\n<li>R\u00e9glage de la temp\u00e9rature (3 niveaux)<\/li>\n<li>R\u00e9servoir d&#039;eau amovible \u00e0 l&#039;avant<\/li>\n<li>Bec verseur \u00e0 caf\u00e9 r\u00e9glable en hauteur<\/li>\n<\/ul>\n<p><strong>PERFORMANCE<\/strong><\/p>\n<ul>\n<li>Syst\u00e8me d&#039;ar\u00f4me pr\u00e9-infusion<\/li>\n<li>Convient aux grains de caf\u00e9 et au caf\u00e9 en poudre<\/li>\n<li>Broyeur conique avec niveau de mouture r\u00e9glable (13 niveaux)<\/li>\n<\/ul>\n<p><strong>BOISSONS<\/strong><\/p>\n<ul>\n<li>6 recettes pr\u00e9install\u00e9es : Espresso, Caf\u00e9, Doppio, Long, Eau chaude, Fonction MyLatte, Cappuccino, Latte Macchiato<\/li>\n<li>Fonction \u00ab Long Coffee \u00bb pour un caf\u00e9 traditionnel du petit-d\u00e9jeuner, pr\u00e9par\u00e9 selon la m\u00e9thode d&#039;infusion flash \u00e0 basse pression et avec un temps d&#039;extraction long<\/li>\n<li>Fonction \u00ab Doppio \u00bb pour un double expresso extra fort pr\u00e9par\u00e9 avec 15 g de caf\u00e9 en poudre<\/li>\n<\/ul>\n<p><strong>HYGI\u00c8NE<\/strong><\/p>\n<ul>\n<li>Groupe d&#039;infusion amovible : nettoyage facile et hygi\u00e9nique \u2013 Indicateur de bac \u00e0 marc : apr\u00e8s 14 tasses ou apr\u00e8s 72 heures<\/li>\n<li>Filtre \u00e0 eau De&#039;Longhi int\u00e9gr\u00e9 \u2013 Programme de d\u00e9tartrage enti\u00e8rement automatique<\/li>\n<li>Bac d&#039;\u00e9gouttage lavable au lave-vaisselle avec indicateur de niveau d&#039;eau et repose-tasses avec protection anti-rayures<\/li>\n<\/ul>\n<p><strong>DONN\u00c9ES TECHNIQUES<\/strong><\/p>\n<ul>\n<li>Poids : 9,6 kg<\/li>\n<li>Puissance d&#039;entr\u00e9e : 1450 W<\/li>\n<li>Tension\/Fr\u00e9quence : 220\/24050\/60 VHz<\/li>\n<li>Capacit\u00e9 du r\u00e9servoir d&#039;eau : 1,8 l<\/li>\n<li>Capacit\u00e9 de la carafe \u00e0 lait : 0,22 l<\/li>\n<li>Capacit\u00e9 du r\u00e9cipient \u00e0 grains : 250 g<\/li>\n<li>Bec verseur \u00e0 caf\u00e9 (hauteur r\u00e9glable) : 80 \u00e0 140 mm<\/li>\n<li>Classe d&#039;efficacit\u00e9 \u00e9nerg\u00e9tique : A<\/li>\n<li>Pression de la pompe : 15 bar<\/li>\n<li>Dimensions (L x H x P) : 240 x 360 x 440 mm<\/li>\n<\/ul>\n<\/div>","protected":false},"excerpt":{"rendered":"<h4>D\u00e9couvrez la machine \u00e0 caf\u00e9 enti\u00e8rement automatique De&#039;Longhi ECAM 290.81.TB en noir titane<\/h4>\n<p>Vous recherchez l\u2019exp\u00e9rience caf\u00e9 parfaite ? <strong>De&#039;Longhi ECAM 290.81.TB<\/strong> combine une technologie exceptionnelle et un design attrayant dans une machine \u00e0 caf\u00e9 compacte enti\u00e8rement automatique.<\/p>\n<h3>Caract\u00e9ristiques du produit :<\/h3>\n<ul>\n<li><strong>Taper:<\/strong> Machine \u00e0 caf\u00e9 enti\u00e8rement automatique<\/li>\n<li><strong>Pression de la pompe :<\/strong> 15 bars pour un ar\u00f4me parfait<\/li>\n<li><strong>Temp\u00e9rature d&#039;infusion r\u00e9glable :<\/strong> Ajustez la temp\u00e9rature \u00e0 votre go\u00fbt<\/li>\n<li><strong>Intensit\u00e9 du caf\u00e9 r\u00e9glable :<\/strong> Savourez votre caf\u00e9 exactement comme vous l&#039;aimez<\/li>\n<\/ul>\n<h4>Fonction One-Touch :<\/h4>\n<p>Savourez de d\u00e9licieuses boissons en appuyant simplement sur un bouton, telles que :<\/p>\n<ul>\n<li>cappuccino<\/li>\n<li>Latte macchiato<\/li>\n<\/ul>\n<h4>\u00c9quipement de buse cr\u00e9ative :<\/h4>\n<p>La buse \u00e0 mousse pratique assure une mousse de lait parfaite pour affiner vos sp\u00e9cialit\u00e9s de caf\u00e9.<\/p>","protected":false},"featured_media":842,"template":"","meta":[],"product_brand":[],"product_cat":[29],"product_tag":[],"product_country":[1501],"class_list":{"0":"post-841","1":"product","2":"type-product","3":"status-publish","4":"has-post-thumbnail","6":"product_cat-espressomaschinen","7":"product_country-germany","9":"first","10":"instock","11":"sale","12":"taxable","13":"shipping-taxable","14":"purchasable","15":"product-type-simple"},"_links":{"self":[{"href":"https:\/\/routinesfashione.com\/fr\/wp-json\/wp\/v2\/product\/841","targetHints":{"allow":["GET"]}}],"collection":[{"href":"https:\/\/routinesfashione.com\/fr\/wp-json\/wp\/v2\/product"}],"about":[{"href":"https:\/\/routinesfashione.com\/fr\/wp-json\/wp\/v2\/types\/product"}],"wp:featuredmedia":[{"embeddable":true,"href":"https:\/\/routinesfashione.com\/fr\/wp-json\/wp\/v2\/media\/842"}],"wp:attachment":[{"href":"https:\/\/routinesfashione.com\/fr\/wp-json\/wp\/v2\/media?parent=841"}],"wp:term":[{"taxonomy":"product_brand","embeddable":true,"href":"https:\/\/routinesfashione.com\/fr\/wp-json\/wp\/v2\/product_brand?post=841"},{"taxonomy":"product_cat","embeddable":true,"href":"https:\/\/routinesfashione.com\/fr\/wp-json\/wp\/v2\/product_cat?post=841"},{"taxonomy":"product_tag","embeddable":true,"href":"https:\/\/routinesfashione.com\/fr\/wp-json\/wp\/v2\/product_tag?post=841"},{"taxonomy":"product_country","embeddable":true,"href":"https:\/\/routinesfashione.com\/fr\/wp-json\/wp\/v2\/product_country?post=841"}],"curies":[{"name":"wp","href":"https:\/\/api.w.org\/{rel}","templated":true}]}}