{"id":86,"date":"2025-09-30T20:55:57","date_gmt":"2025-09-30T20:55:57","guid":{"rendered":"https:\/\/lightgray-crow-170497.hostingersite.com\/?post_type=product&#038;p=86"},"modified":"2025-09-30T20:55:57","modified_gmt":"2025-09-30T20:55:57","slug":"tondeuse-debroussailleuse-a-fleaux-autotractee-essence-8-ch-600-mm-torros-kpm600","status":"publish","type":"product","link":"https:\/\/routinesfashione.com\/fr\/produit\/tondeuse-debroussailleuse-a-fleaux-autotractee-essence-8-ch-600-mm-torros-kpm600\/","title":{"rendered":"Tondeuse d\u00e9broussailleuse \u00e0 fl\u00e9aux autotract\u00e9e essence 8 ch 600 mm Torros KPM600"},"content":{"rendered":"<div id=\"description\" class=\"scroll-mt-3 scroll-mt-lg-15 detailinformation\">\n<div>\n<div class=\"drag\" data-block-id=\"143\">\n<div class=\"row\">\n<div class=\"col pb-title\">\n<div class=\"title-wrap\">\n<h3 class=\"\">Puissance, maniabilit\u00e9 et performance pour l&#039;entr\u00e9e sur terrains difficiles<\/h3>\n<\/div>\n<\/div>\n<\/div>\n<\/div>\n<div class=\"drag\" data-block-id=\"229\">\n<div class=\"txt item\">\n<p class=\"\">La\u00a0<b>Torros KPM600<\/b>\u00a0est bien plus qu&#039;une simple tondeuse : c&#039;est une v\u00e9ritable<b>\u00a0d\u00e9broussailleuse professionnelle<\/b>\u00a0\u00e0 fl\u00e9aux, con\u00e7us pour affronter les v\u00e9g\u00e9tations denses, les terrains accident\u00e9s et les environnements difficiles d&#039;acc\u00e8s.<\/p>\n<\/div>\n<\/div>\n<div class=\"drag ui-draggable-dragging\" data-block-id=\"143\">\n<div class=\"row\">\n<div class=\"col pb-title\">\n<div class=\"title-wrap\">\n<h3 class=\"\">La solution est id\u00e9ale pour les travaux intensifs, sur tous types de terrains<\/h3>\n<\/div>\n<\/div>\n<\/div>\n<\/div>\n<div class=\"drag\" data-block-id=\"229\">\n<div class=\"txt item\">\n<p class=\"\">Equip\u00e9 d&#039;un moteur essence Loncin 8 Ch (252cc) et d&#039;un syst\u00e8me Y coup\u00e9 32-flare, sans aucun effort\u00a0<b>Herbes hautes, broussailles, ronces et petites branches jusqu&#039;\u00e0 2.5 cm de diam\u00e8tre<\/b>. Grace \u00e0 sa largeur de coupe de\u00a0<b>60 cm<\/b>\u00a0et \u00e0 sa traction arri\u00e8re\u00a0<b>autotract\u00e9e<\/b>, elle offre un\u00a0<b>rendement jusqu&#039;\u00e0 2250 m\u00b2\/h<\/b>, m\u00eame sur des terrains en pente ou encombr\u00e9s.<\/p>\n<\/div>\n<\/div>\n<div class=\"drag ui-draggable-dragging\" data-block-id=\"218\">\n<div class=\"divider py-3\"><\/div>\n<\/div>\n<div class=\"drag\" data-block-id=\"146\">\n<div class=\"row\">\n<div class=\"col-md-6 item\"><picture class=\"subitem d-block\"><source srcset=\"\/images\/photolib\/noresize\/106302\/106302.webp\" type=\"image\/webp\" \/><source srcset=\"\/images\/photolib\/noresize\/106302\/106302.jpg\" type=\"image\/jpeg\" \/><img decoding=\"async\" class=\"img-fluid w-100\" title=\"\" src=\"https:\/\/www.torros.fr\/images\/photolib\/noresize\/106302\/106302.jpg\" alt=\"\" \/><\/picture><\/div>\n<div class=\"col-md-6 item\">\n<div class=\"txt subitem\">\n<h3 class=\"\">\u00a0Les points forts :<\/h3>\n<ul class=\"--type-list --type-list\">\n<li class=\"--type-list-item --type-list-item\">\n<div class=\"--type-list-item-text\">\n<div class=\"--type-list-item-text\"><b>Moteur puissant<\/b>\u00a04 temps Loncin 8 Ch : performance et fiabilit\u00e9, en usage intensif (homologation Euro 5).<\/div>\n<\/div>\n<\/li>\n<\/ul>\n<ul class=\"--type-list --type-list\">\n<li class=\"--type-list-item --type-list-item\">\n<div class=\"--type-list-item-text\">\n<div class=\"--type-list-item-text\"><b>Syst\u00e8me de coup\u00e9 professionnel<\/b>\u00a0\u00e0 fl\u00e9aux (32 lames) : verser un broyage fin et homog\u00e8ne de la v\u00e9g\u00e9tation \u00e9paisse.<\/div>\n<\/div>\n<\/li>\n<\/ul>\n<ul class=\"--type-list --type-list\">\n<li class=\"--type-list-item --type-list-item\">\n<div class=\"--type-list-item-text\">\n<div class=\"--type-list-item-text\"><b>Autotract\u00e9e<\/b>\u00a0\u00e0 3+1 vitesses : 3 vitesses avant et 1 vitesse arri\u00e8re, pour s&#039;adapter \u00e0 tous les terrains.<\/div>\n<\/div>\n<\/li>\n<\/ul>\n<ul class=\"--type-list --type-list\">\n<li class=\"--type-list-item --type-list-item\">\n<div class=\"--type-list-item-text\">\n<div class=\"--type-list-item-text\"><b>Hauteur de coupe r\u00e9glable<\/b>\u00a0(20 \u00e0 80 mm) : adaptation rapide au type de v\u00e9g\u00e9tation.<\/div>\n<\/div>\n<\/li>\n<\/ul>\n<ul class=\"--type-list --type-list\">\n<li class=\"--type-list-item --type-list-item\">\n<div class=\"--type-list-item-text\">\n<div class=\"--type-list-item-text\"><b>Conception compacte et maniable<\/b>\u00a0: id\u00e9al pour atteindre les zones inaccessibles avec une tondeuse classique.<\/div>\n<\/div>\n<\/li>\n<\/ul>\n<ul class=\"--type-list --type-list\">\n<li class=\"--type-list-item --type-list-item\">\n<div class=\"--type-list-item-text\">\n<div class=\"--type-list-item-text\">\n<div class=\"--type-list-item-text\"><b>Guidon r\u00e9glable en hauteur<\/b>\u00a0: pour un confort optimal, source qui correspond \u00e0 votre taille.<\/div>\n<\/div>\n<\/div>\n<\/li>\n<\/ul>\n<\/div>\n<\/div>\n<\/div>\n<\/div>\n<div class=\"drag ui-draggable-dragging\" data-block-id=\"218\">\n<div class=\"divider py-3\"><\/div>\n<\/div>\n<div class=\"drag\" data-block-id=\"146\">\n<div class=\"row\">\n<div class=\"col-md-6 item\">\n<div class=\"txt subitem\">\n<h3 class=\"\">Utilisations id\u00e9ales :<\/h3>\n<ul class=\"--type-list --type-list\">\n<li class=\"--type-list-item --type-list-item\">\n<div class=\"--type-list-item-text\">\n<div class=\"--type-list-item-text\">Entretien de terrains agricoles, parcs, jardins, bas-c\u00f4t\u00e9s, chemins, zones bois\u00e9es ou humides.<\/div>\n<\/div>\n<\/li>\n<li class=\"--type-list-item --type-list-item\">\n<div class=\"--type-list-item-text\">\n<div class=\"--type-list-item-text\">Nettoyage des terrains envahis par les mauvaises herbes, ronces, jeunes pousses ligneuses.<\/div>\n<\/div>\n<\/li>\n<li class=\"--type-list-item --type-list-item\">\n<div class=\"--type-list-item-text\">\n<div class=\"--type-list-item-text\">Pr\u00e9paration de\u00a0<b>usines<\/b>\u00a0ou entretien d&#039;espaces verts publics.<\/div>\n<\/div>\n<\/li>\n<li class=\"--type-list-item --type-list-item\">\n<div class=\"--type-list-item-text\">\n<div class=\"--type-list-item-text\">Convient aux\u00a0<b>professionnels du paysage, collectivit\u00e9s, agriculteurs, forestiers.<\/b><\/div>\n<\/div>\n<\/li>\n<\/ul>\n<h3 class=\"\">Stabilit\u00e9 et maniabilit\u00e9 :<\/h3>\n<ul class=\"--type-list --type-list\">\n<li class=\"--type-list-item --type-list-item\">\n<div class=\"--type-list-item-text\">\n<div class=\"--type-list-item-text\"><b>Gros pneus crant\u00e9s (\u00d8 335 mm)<\/b>\u00a0(13\u00d7500-6) pour une traction optimale.<\/div>\n<\/div>\n<\/li>\n<li class=\"--type-list-item\">\n<div class=\"--type-list-item-text\">\n<div class=\"--type-list-item-text\"><b>Roues avant directionnelles bloquables<\/b>\u00a0en caoutchouc \u00d8 200 mm (8\u00d7300-4) : adh\u00e9rence parfaite m\u00eame sur semelle irr\u00e9guli\u00e8re ou en pente et pour travailler sous v\u00e9g\u00e9tation en surplomb.<\/div>\n<\/div>\n<\/li>\n<li class=\"--type-list-item --type-list-item\">\n<div class=\"--type-list-item-text\">\n<div class=\"--type-list-item-text\">\n<div class=\"--type-list-item-text\"><b>2 leviers ind\u00e9pendants pour contr\u00f4ler les roues motrices<\/b>\u00a0(gauche \/ droite) : maniabilit\u00e9 pr\u00e9cise, virages serr\u00e9s sans effort.<\/div>\n<\/div>\n<\/div>\n<\/li>\n<\/ul>\n<\/div>\n<\/div>\n<div class=\"col-md-6 item\"><picture class=\"subitem d-block\"><source srcset=\"\/images\/photolib\/noresize\/106303\/106303.webp\" type=\"image\/webp\" \/><source srcset=\"\/images\/photolib\/noresize\/106303\/106303.jpg\" type=\"image\/jpeg\" \/><img decoding=\"async\" class=\"img-fluid w-100\" title=\"\" src=\"https:\/\/www.torros.fr\/images\/photolib\/noresize\/106303\/106303.jpg\" alt=\"\" \/><\/picture><\/div>\n<\/div>\n<\/div>\n<div class=\"drag ui-draggable-dragging\" data-block-id=\"218\">\n<div class=\"divider py-3\"><\/div>\n<\/div>\n<div class=\"drag\" data-block-id=\"229\">\n<div class=\"txt item\">\n<h3 class=\"\">S\u00e9curit\u00e9 et confort :<\/h3>\n<ul class=\"--type-list --type-list\">\n<li class=\"--type-list-item --type-list-item\">\n<div class=\"--type-list-item-text\">\n<div class=\"--type-list-item-text\"><b>Frein automatique<\/b>\u00a0Lorsque le levier moteur est rel\u00e2ch\u00e9 : la traction est en coup\u00e9 et la machine est bloqu\u00e9e par le levier.<\/div>\n<\/div>\n<\/li>\n<li class=\"--type-list-item --type-list-item\">\n<div class=\"--type-list-item-text\">\n<div class=\"--type-list-item-text\">Machine en<b>\u00a0position frein\u00e9e \u00e0 l&#039;arr\u00eat<\/b>\u00a0\u2013 s\u00e9curit\u00e9 renforc\u00e9e au d\u00e9marrage et \u00e0 l\u2019arr\u00eat.<\/div>\n<\/div>\n<\/li>\n<li class=\"--type-list-item --type-list-item\">\n<div class=\"--type-list-item-text\">\n<div class=\"--type-list-item-text\">Capot de coupe avec\u00a0<b>protection anti-\u00e9claboussures en acier<\/b>\u00a0: r\u00e9duire efficacement les projections de v\u00e9g\u00e9tation et d&#039;objets.<\/div>\n<\/div>\n<\/li>\n<li class=\"--type-list-item --type-list-item\">\n<div class=\"--type-list-item-text\">\n<div class=\"--type-list-item-text\"><b>Posture de travail optimis\u00e9e<\/b>\u00a0pour limiter la fatigue.<\/div>\n<\/div>\n<\/li>\n<\/ul>\n<p class=\"\"><b>En r\u00e9sum\u00e9<\/b>\u00a0: une d\u00e9broussailleuse puissante, compacte et s\u00e9curis\u00e9e pour les pros exigeants comme pour les particuliers ayant de grands terrains.<\/p>\n<h3 class=\"\">Accessoires recommand\u00e9s (en option) :<\/h3>\n<ul class=\"--type-list --type-list\">\n<li class=\"--type-list-item --type-list-item\">\n<div class=\"--type-list-item-text\">\n<div class=\"--type-list-item-text\">\n<div class=\"--type-list-item-text\">Huile moteur 15W40 \u2013 5 L (r\u00e9f. MOTOROIL 650 15W40)<\/div>\n<\/div>\n<\/div>\n<\/li>\n<li class=\"--type-list-item --type-list-item\">\n<div class=\"--type-list-item-text\">\n<div class=\"--type-list-item-text\">Bidon essence PE avec flexible 10 L (r\u00e9f. JERRYC10) ou 20 L (r\u00e9f. JERRYC20)<\/div>\n<\/div>\n<\/li>\n<li class=\"--type-list-item --type-list-item\">\n<div class=\"--type-list-item-text\">\n<div class=\"--type-list-item-text\">R\u00e9servoir essence mobile 53 L avec pompe (r\u00e9f. TBC53M)<\/div>\n<\/div>\n<\/li>\n<li class=\"--type-list-item --type-list-item\">\n<div class=\"--type-list-item-text\">\n<div class=\"--type-list-item-text\">\n<div class=\"--type-list-item-text\">Paire de rampes pliantes \u2013 capacit\u00e9 660 kg (r\u00e9f. SOP2200)<\/div>\n<\/div>\n<\/div>\n<\/li>\n<li class=\"--type-list-item --type-list-item\">\n<div class=\"--type-list-item-text\">\n<div class=\"--type-list-item-text\">\n<div class=\"--type-list-item-text\">Kit de s\u00e9curit\u00e9 Torros avec lunettes, casque, casquette (r\u00e9f. BOPS100)<\/div>\n<\/div>\n<\/div>\n<\/li>\n<\/ul>\n<p class=\"\">\u00a0<b>Le ton est celui d&#039;une livr\u00e9e sans moteur. Passez nous voir avant la premi\u00e8re utilisation.<\/b><\/p>\n<\/div>\n<\/div>\n<\/div>\n<\/div>\n<div id=\"caract-ristiques-techniques\" class=\"mt-5 scroll-mt-3 scroll-mt-lg-15\">\n<h2>Caract\u00e9ristiques techniques<\/h2>\n<div class=\"d-flex flex-column gap-4\">\n<table class=\"table table-borderless spec-table col-lg-8 col-xl-6\">\n<thead>\n<tr>\n<th class=\"table-title table-title-tech\">\n<div><span class=\"ps-2\">R\u00e9f\u00e9rence<\/span><\/div>\n<\/th>\n<th class=\"table-title table-title-tech extra\"><span dir=\"auto\" style=\"vertical-align: inherit;\">829700227<\/span><\/th>\n<\/tr>\n<\/thead>\n<tbody>\n<tr>\n<th class=\"fw-normal\" scope=\"row\">\n<div class=\"align-items-center d-flex justify-content-between pe-3 ps-2\">Num\u00e9ro d&#039;origine<\/div>\n<\/th>\n<td><span dir=\"auto\" style=\"vertical-align: inherit;\">KPM600<\/span><\/td>\n<\/tr>\n<tr class=\"spec-table-heading\">\n<td class=\"fw-semibold p-0\" scope=\"row\">\n<div class=\"px-3 py-2\">Donn\u00e9es g\u00e9n\u00e9rales<\/div>\n<\/td>\n<td class=\"p-0\">\n<div class=\"px-3 py-2\"><\/div>\n<\/td>\n<\/tr>\n<tr class=\"odd-row\">\n<th class=\"fw-normal\" scope=\"row\">\n<div class=\"align-items-center d-flex justify-content-between px-2\">Type d&#039;attelage<\/div>\n<\/th>\n<td>Autotract\u00e9e<\/td>\n<\/tr>\n<tr class=\"spec-table-heading\">\n<td class=\"fw-semibold p-0\" scope=\"row\">\n<div class=\"px-3 py-2\">Pouvoir<\/div>\n<\/td>\n<td class=\"p-0\">\n<div class=\"px-3 py-2\"><\/div>\n<\/td>\n<\/tr>\n<tr class=\"odd-row\">\n<th class=\"fw-normal\" scope=\"row\">\n<div class=\"align-items-center d-flex justify-content-between px-2\">Moteur<\/div>\n<\/th>\n<td><span dir=\"auto\" style=\"vertical-align: inherit;\">8 ch essence, 4 temps LC170F-2<\/span><\/td>\n<\/tr>\n<tr class=\"spec-table-heading\">\n<td class=\"fw-semibold p-0\" scope=\"row\">\n<div class=\"px-3 py-2\">Capacit\u00e9s<\/div>\n<\/td>\n<td class=\"p-0\">\n<div class=\"px-3 py-2\"><\/div>\n<\/td>\n<\/tr>\n<tr class=\"odd-row\">\n<th class=\"fw-normal\" scope=\"row\">\n<div class=\"align-items-center d-flex justify-content-between px-2 pe-3\">Capacit\u00e9 du r\u00e9servoir<span class=\"ms-3 ms-lg-5\">l<\/span><\/div>\n<\/th>\n<td><span dir=\"auto\" style=\"vertical-align: inherit;\">4,6<\/span><\/td>\n<\/tr>\n<tr class=\"\">\n<th class=\"fw-normal\" scope=\"row\">\n<div class=\"align-items-center d-flex justify-content-between px-2 pe-3\">Consommation moyenne d&#039;essence<span class=\"ms-3 ms-lg-5\">l\/h<\/span><\/div>\n<\/th>\n<td><span dir=\"auto\" style=\"vertical-align: inherit;\">2,2<\/span><\/td>\n<\/tr>\n<tr class=\"odd-row\">\n<th class=\"fw-normal\" scope=\"row\">\n<div class=\"align-items-center d-flex justify-content-between px-2 pe-3\">Huile moteur<span class=\"ms-3 ms-lg-5\">l<\/span><\/div>\n<\/th>\n<td><span dir=\"auto\" style=\"vertical-align: inherit;\">0,95<\/span><\/td>\n<\/tr>\n<tr class=\"spec-table-heading\">\n<td class=\"fw-semibold p-0\" scope=\"row\">\n<div class=\"px-3 py-2\">Vitesses<\/div>\n<\/td>\n<td class=\"p-0\">\n<div class=\"px-3 py-2\"><\/div>\n<\/td>\n<\/tr>\n<tr class=\"odd-row\">\n<th class=\"fw-normal\" scope=\"row\">\n<div class=\"align-items-center d-flex justify-content-between px-2 pe-3\">Vitesse marche avant<span class=\"ms-3 ms-lg-5\">km\/h<\/span><\/div>\n<\/th>\n<td><span dir=\"auto\" style=\"vertical-align: inherit;\">1,5\/3,0\/3,7<\/span><\/td>\n<\/tr>\n<tr class=\"\">\n<th class=\"fw-normal\" scope=\"row\">\n<div class=\"align-items-center d-flex justify-content-between px-2 pe-3\">Vitesse marche arri\u00e8re<span class=\"ms-3 ms-lg-5\">km\/h<\/span><\/div>\n<\/th>\n<td><span dir=\"auto\" style=\"vertical-align: inherit;\">1,2<\/span><\/td>\n<\/tr>\n<tr class=\"spec-table-heading\">\n<td class=\"fw-semibold p-0\" scope=\"row\">\n<div class=\"px-3 py-2\"><span dir=\"auto\" style=\"vertical-align: inherit;\">Capacit\u00e9s<\/span><\/div>\n<\/td>\n<td class=\"p-0\">\n<div class=\"px-3 py-2\"><\/div>\n<\/td>\n<\/tr>\n<tr class=\"odd-row\">\n<th class=\"fw-normal\" scope=\"row\">\n<div class=\"align-items-center d-flex justify-content-between px-2 pe-3\">Efficacit\u00e9<span class=\"ms-3 ms-lg-5\">m\u00b2\/h<\/span><\/div>\n<\/th>\n<td><span dir=\"auto\" style=\"vertical-align: inherit;\">2250<\/span><\/td>\n<\/tr>\n<tr class=\"\">\n<th class=\"fw-normal\" scope=\"row\">\n<div class=\"align-items-center d-flex justify-content-between px-2 pe-3\">Hauteur de coupe minimale<span class=\"ms-3 ms-lg-5\">mm<\/span><\/div>\n<\/th>\n<td><span dir=\"auto\" style=\"vertical-align: inherit;\">20<\/span><\/td>\n<\/tr>\n<tr class=\"odd-row\">\n<th class=\"fw-normal\" scope=\"row\">\n<div class=\"align-items-center d-flex justify-content-between px-2 pe-3\">Largeur de mignonne<span class=\"ms-3 ms-lg-5\">mm<\/span><\/div>\n<\/th>\n<td><span dir=\"auto\" style=\"vertical-align: inherit;\">600<\/span><\/td>\n<\/tr>\n<tr class=\"\">\n<th class=\"fw-normal\" scope=\"row\">\n<div class=\"align-items-center d-flex justify-content-between px-2 pe-3\">Largeur de travail<span class=\"ms-3 ms-lg-5\">mm<\/span><\/div>\n<\/th>\n<td><span dir=\"auto\" style=\"vertical-align: inherit;\">600<\/span><\/td>\n<\/tr>\n<tr class=\"spec-table-heading product-info-heading\">\n<td class=\"fw-semibold p-0\" scope=\"row\">\n<div class=\"px-3 py-2\">Produit d&#039;information<\/div>\n<\/td>\n<td class=\"p-0\">\n<div class=\"px-3 py-2\"><\/div>\n<\/td>\n<\/tr>\n<tr>\n<th class=\"fw-normal\" scope=\"row\">\n<div class=\"align-items-center d-flex justify-content-between ps-2 pe-3\">Longueur<span class=\"ms-3 ms-lg-5\">mm<\/span><\/div>\n<\/th>\n<td><span dir=\"auto\" style=\"vertical-align: inherit;\">1200<\/span><\/td>\n<\/tr>\n<tr>\n<th class=\"fw-normal\" scope=\"row\">\n<div class=\"align-items-center d-flex justify-content-between ps-2 pe-3\"><span dir=\"auto\" style=\"vertical-align: inherit;\">Largeur <\/span><span class=\"ms-3 ms-lg-5\"><span dir=\"auto\" style=\"vertical-align: inherit;\">mm<\/span><\/span><\/div>\n<\/th>\n<td><span dir=\"auto\" style=\"vertical-align: inherit;\">900<\/span><\/td>\n<\/tr>\n<tr>\n<th class=\"fw-normal\" scope=\"row\">\n<div class=\"align-items-center d-flex justify-content-between ps-2 pe-3\"><span dir=\"auto\" style=\"vertical-align: inherit;\">Hauteur <\/span><span class=\"ms-3 ms-lg-5\"><span dir=\"auto\" style=\"vertical-align: inherit;\">mm<\/span><\/span><\/div>\n<\/th>\n<td><span dir=\"auto\" style=\"vertical-align: inherit;\">1150<\/span><\/td>\n<\/tr>\n<tr>\n<th class=\"fw-normal\" scope=\"row\">\n<div class=\"align-items-center d-flex justify-content-between ps-2 pe-3\"><span dir=\"auto\" style=\"vertical-align: inherit;\">Poids <\/span><span class=\"ms-3 ms-lg-5\"><span dir=\"auto\" style=\"vertical-align: inherit;\">kg<\/span><\/span><\/div>\n<\/th>\n<td><span dir=\"auto\" style=\"vertical-align: inherit;\">145,00<\/span><\/td>\n<\/tr>\n<tr>\n<th class=\"fw-normal\" scope=\"row\">\n<div class=\"ps-2\">Prix<\/div>\n<\/th>\n<td><span dir=\"auto\" style=\"vertical-align: inherit;\">1 487,07 \u20ac\u00a0 <\/span><small><span dir=\"auto\" style=\"vertical-align: inherit;\">HT<\/span><\/small><\/td>\n<\/tr>\n<\/tbody>\n<\/table>\n<\/div>\n<\/div>","protected":false},"excerpt":{"rendered":"<p>Puissance, maniabilit\u00e9 et performance pour l\u2019entretien des terrains difficiles La\u00a0Torros KPM600\u00a0est bien plus qu\u2019une simple tondeuse : c\u2019est une v\u00e9ritable\u00a0d\u00e9broussailleuse<\/p>","protected":false},"featured_media":12887,"template":"","meta":[],"product_brand":[],"product_cat":[61],"product_tag":[],"product_country":[1503],"class_list":{"0":"post-86","1":"product","2":"type-product","3":"status-publish","4":"has-post-thumbnail","6":"product_cat-sale-france","7":"product_country-france","9":"first","10":"instock","11":"sale","12":"taxable","13":"shipping-taxable","14":"purchasable","15":"product-type-simple"},"_links":{"self":[{"href":"https:\/\/routinesfashione.com\/fr\/wp-json\/wp\/v2\/product\/86","targetHints":{"allow":["GET"]}}],"collection":[{"href":"https:\/\/routinesfashione.com\/fr\/wp-json\/wp\/v2\/product"}],"about":[{"href":"https:\/\/routinesfashione.com\/fr\/wp-json\/wp\/v2\/types\/product"}],"wp:featuredmedia":[{"embeddable":true,"href":"https:\/\/routinesfashione.com\/fr\/wp-json\/wp\/v2\/media\/12887"}],"wp:attachment":[{"href":"https:\/\/routinesfashione.com\/fr\/wp-json\/wp\/v2\/media?parent=86"}],"wp:term":[{"taxonomy":"product_brand","embeddable":true,"href":"https:\/\/routinesfashione.com\/fr\/wp-json\/wp\/v2\/product_brand?post=86"},{"taxonomy":"product_cat","embeddable":true,"href":"https:\/\/routinesfashione.com\/fr\/wp-json\/wp\/v2\/product_cat?post=86"},{"taxonomy":"product_tag","embeddable":true,"href":"https:\/\/routinesfashione.com\/fr\/wp-json\/wp\/v2\/product_tag?post=86"},{"taxonomy":"product_country","embeddable":true,"href":"https:\/\/routinesfashione.com\/fr\/wp-json\/wp\/v2\/product_country?post=86"}],"curies":[{"name":"wp","href":"https:\/\/api.w.org\/{rel}","templated":true}]}}