{"id":873,"date":"2025-09-30T20:53:41","date_gmt":"2025-09-30T20:53:41","guid":{"rendered":"https:\/\/lightgray-crow-170497.hostingersite.com\/?post_type=product&#038;p=873"},"modified":"2025-09-30T20:53:41","modified_gmt":"2025-09-30T20:53:41","slug":"tronconneuse-stihl-ms-194-t","status":"publish","type":"product","link":"https:\/\/routinesfashione.com\/fr\/produit\/tronconneuse-stihl-ms-194-t\/","title":{"rendered":"Tron\u00e7onneuse Stihl MS 194 T"},"content":{"rendered":"<p>La tron\u00e7onneuse thermique MS 194 T STIHL convient aux professionnels des domaines tels que les grimpeurs, les services communaux, les jardins et les paysagistes. Elle est adapt\u00e9e pour les travaux dans les arbres et sur les nacelles, les petits d\u00e9montages, la taille douce et la taille de formation. Le choix des noms et des \u00e9quipements :<\/p>\n<ul>\n<li><strong>Poids:\u00a0<\/strong>3,30 kg.<\/li>\n<li><strong>Nouveau moteur 2 temps avec balayage stratifi\u00e9 :<\/strong>\u00a0plus le cylindre 31,8 cm3, plus la puissance 1,4 kW, plus le couple 1,5 Nm et les \u00e9missions r\u00e9duites r\u00e9pondant \u00e0 la Norme Euro 5.<\/li>\n<li><strong>Confortable et pratique :<\/strong>\u00a0Diagnostic d&#039;arr\u00eat et de pincement des boutons.<\/li>\n<li><strong>\u00c9volution du produit :<\/strong>\u00a0chicane neuve, cylindre neuf (al\u00e9sage augment\u00e9) et piston neuf.<\/li>\n<\/ul>\n<p>Avertissement : Cette tron\u00e7onneuse est destin\u00e9e aux utilisateurs professionnels form\u00e9s \u00e0 l&#039;\u00e9lagage. Une utilisation sans la formation ad\u00e9quate peut entra\u00eener des blessures graves.<\/p>","protected":false},"excerpt":{"rendered":"<p>La tron\u00e7onneuse thermique MS 194 T STIHL est faite pour les professionnels tels que les \u00e9lagueurs grimpeurs, services municipaux, jardiniers<\/p>","protected":false},"featured_media":13436,"template":"","meta":[],"product_brand":[],"product_cat":[61],"product_tag":[],"product_country":[1503],"class_list":{"0":"post-873","1":"product","2":"type-product","3":"status-publish","4":"has-post-thumbnail","6":"product_cat-sale-france","7":"product_country-france","9":"first","10":"instock","11":"sale","12":"taxable","13":"shipping-taxable","14":"purchasable","15":"product-type-simple"},"_links":{"self":[{"href":"https:\/\/routinesfashione.com\/fr\/wp-json\/wp\/v2\/product\/873","targetHints":{"allow":["GET"]}}],"collection":[{"href":"https:\/\/routinesfashione.com\/fr\/wp-json\/wp\/v2\/product"}],"about":[{"href":"https:\/\/routinesfashione.com\/fr\/wp-json\/wp\/v2\/types\/product"}],"wp:featuredmedia":[{"embeddable":true,"href":"https:\/\/routinesfashione.com\/fr\/wp-json\/wp\/v2\/media\/13436"}],"wp:attachment":[{"href":"https:\/\/routinesfashione.com\/fr\/wp-json\/wp\/v2\/media?parent=873"}],"wp:term":[{"taxonomy":"product_brand","embeddable":true,"href":"https:\/\/routinesfashione.com\/fr\/wp-json\/wp\/v2\/product_brand?post=873"},{"taxonomy":"product_cat","embeddable":true,"href":"https:\/\/routinesfashione.com\/fr\/wp-json\/wp\/v2\/product_cat?post=873"},{"taxonomy":"product_tag","embeddable":true,"href":"https:\/\/routinesfashione.com\/fr\/wp-json\/wp\/v2\/product_tag?post=873"},{"taxonomy":"product_country","embeddable":true,"href":"https:\/\/routinesfashione.com\/fr\/wp-json\/wp\/v2\/product_country?post=873"}],"curies":[{"name":"wp","href":"https:\/\/api.w.org\/{rel}","templated":true}]}}