{"id":908,"date":"2025-09-30T20:53:40","date_gmt":"2025-09-30T20:53:40","guid":{"rendered":"https:\/\/lightgray-crow-170497.hostingersite.com\/?post_type=product&#038;p=908"},"modified":"2025-09-30T20:53:40","modified_gmt":"2025-09-30T20:53:40","slug":"debroussailleuse-thermique-stihl-fs-70-c-e","status":"publish","type":"product","link":"https:\/\/routinesfashione.com\/fr\/produit\/debroussailleuse-thermique-stihl-fs-70-c-e\/","title":{"rendered":"D\u00e9broussailleuse thermique Stihl FS 70 CE"},"content":{"rendered":"<p>Plus le terrain, plus l&#039;\u00e9quit\u00e9 et en plus vous pouvez compter sur votre STIHL FS 70 CE thermique ! A l&#039;aise dans toutes les situations comme : le fauchage de grandes \u00e9tendues, d&#039;herbes hautes, le nettoyage de petits vergers et parcelles ou encore l&#039;\u00e9claircissage des broussailles et autres buissons ligneux.<\/p>\n<ul>\n<li>ErgoStart (E) : d\u00e9marrage sans efforts, sans coups, ultra facile.<\/li>\n<li>D\u00e9marrage \u00e0 froid facilit\u00e9 gr\u00e2ce \u00e0 la pompe \u00e0 carburant.<\/li>\n<li>Guidon \u00e0 d\u00e9gagement : guidon ergonomique facilitant le mouvement de l&#039;eau.<\/li>\n<li>Livr\u00e9e avec un double harnais.<br \/>\n<table data-test-id=\"pdp-spec-tech-table\">\n<tbody>\n<tr>\n<td>Cylindree<\/td>\n<td>27,2 cm\u00b3<\/td>\n<\/tr>\n<tr>\n<td>Pouvoir<\/td>\n<td>0,9 kW<\/td>\n<\/tr>\n<tr>\n<td>CO2<\/td>\n<td>829 g\/kWh<\/td>\n<\/tr>\n<tr>\n<td>Poids unitaire sans carburant<\/td>\n<td>5,4 kg\u00a0<sup>1)<\/sup><\/td>\n<\/tr>\n<tr>\n<td>Diam\u00e8tre du cercle de coupe<\/td>\n<td>420 mm<\/td>\n<\/tr>\n<\/tbody>\n<\/table>\n<\/li>\n<\/ul>","protected":false},"excerpt":{"rendered":"<p>Plus il y a de terrain, plus il y a \u00e0 faire et plus vous pouvez compter sur votre d\u00e9broussailleuse<\/p>","protected":false},"featured_media":13460,"template":"","meta":[],"product_brand":[],"product_cat":[61],"product_tag":[],"product_country":[1503],"class_list":{"0":"post-908","1":"product","2":"type-product","3":"status-publish","4":"has-post-thumbnail","6":"product_cat-sale-france","7":"product_country-france","9":"first","10":"instock","11":"sale","12":"taxable","13":"shipping-taxable","14":"purchasable","15":"product-type-simple"},"_links":{"self":[{"href":"https:\/\/routinesfashione.com\/fr\/wp-json\/wp\/v2\/product\/908","targetHints":{"allow":["GET"]}}],"collection":[{"href":"https:\/\/routinesfashione.com\/fr\/wp-json\/wp\/v2\/product"}],"about":[{"href":"https:\/\/routinesfashione.com\/fr\/wp-json\/wp\/v2\/types\/product"}],"wp:featuredmedia":[{"embeddable":true,"href":"https:\/\/routinesfashione.com\/fr\/wp-json\/wp\/v2\/media\/13460"}],"wp:attachment":[{"href":"https:\/\/routinesfashione.com\/fr\/wp-json\/wp\/v2\/media?parent=908"}],"wp:term":[{"taxonomy":"product_brand","embeddable":true,"href":"https:\/\/routinesfashione.com\/fr\/wp-json\/wp\/v2\/product_brand?post=908"},{"taxonomy":"product_cat","embeddable":true,"href":"https:\/\/routinesfashione.com\/fr\/wp-json\/wp\/v2\/product_cat?post=908"},{"taxonomy":"product_tag","embeddable":true,"href":"https:\/\/routinesfashione.com\/fr\/wp-json\/wp\/v2\/product_tag?post=908"},{"taxonomy":"product_country","embeddable":true,"href":"https:\/\/routinesfashione.com\/fr\/wp-json\/wp\/v2\/product_country?post=908"}],"curies":[{"name":"wp","href":"https:\/\/api.w.org\/{rel}","templated":true}]}}