{"id":942,"date":"2025-09-30T20:13:44","date_gmt":"2025-09-30T20:13:44","guid":{"rendered":"https:\/\/lightgray-crow-170497.hostingersite.com\/?post_type=product&#038;p=942"},"modified":"2025-09-30T21:01:57","modified_gmt":"2025-09-30T21:01:57","slug":"makita-lm001gt204-inkl-akku-ladegeraet-modell-2025","status":"publish","type":"product","link":"https:\/\/routinesfashione.com\/fr\/produit\/makita-lm001gt204-inkl-akku-ladegeraet-modell-2025\/","title":{"rendered":"Makita LM001GT204 avec batterie et chargeur \u2013 Mod\u00e8le 2025"},"content":{"rendered":"<h2>Donn\u00e9es techniques<\/h2>\n<div class=\"table-wrapper\">\n<table class=\"HBOUserAttributes\">\n<tbody>\n<tr>\n<td class=\"AttributeGroupHeader\" colspan=\"2\">Moteur et \u00e9quipement<\/td>\n<\/tr>\n<tr>\n<td class=\"AttributeName VerticalAlignMiddle AttributeBorder\">Performances de l&#039;appareil<\/td>\n<td class=\"AttributeContent AttributeBorder\">bei 2800 U\/Min<\/td>\n<\/tr>\n<tr>\n<td class=\"AttributeName VerticalAlignMiddle AttributeBorder\">Type de moteur<\/td>\n<td class=\"AttributeContent AttributeBorder\">b\u00fcrstenloser Motor<\/td>\n<\/tr>\n<tr>\n<td class=\"AttributeName VerticalAlignMiddle AttributeBorder\">Chargeur inclus<\/td>\n<td class=\"AttributeContent AttributeBorder\">ja, 1x DC40RB<\/td>\n<\/tr>\n<tr>\n<td class=\"AttributeName VerticalAlignMiddle AttributeBorder\">Akku im Lieferumfang enthalten<\/td>\n<td class=\"AttributeContent AttributeBorder\">ja, 2 x BL4050F<\/td>\n<\/tr>\n<tr>\n<td class=\"AttributeName VerticalAlignMiddle AttributeBorder\">Spannung<\/td>\n<td class=\"AttributeContent AttributeBorder\">40 V<\/td>\n<\/tr>\n<tr>\n<td class=\"AttributeName VerticalAlignMiddle AttributeBorder\">D\u00e9marrage du moteur<\/td>\n<td class=\"AttributeContent AttributeBorder\"><\/td>\n<\/tr>\n<tr>\n<td class=\"AttributeName VerticalAlignMiddle AttributeBorder\">Type de batterie<\/td>\n<td class=\"AttributeContent AttributeBorder\">Li-Ion<\/td>\n<\/tr>\n<tr>\n<td class=\"AttributeName VerticalAlignMiddle AttributeBorder\">Anzahl Akku-Schacht<\/td>\n<td class=\"AttributeContent AttributeBorder\">2<\/td>\n<\/tr>\n<tr>\n<td class=\"AttributeName VerticalAlignMiddle AttributeBorder\">automatische Akku-Umschaltung<\/td>\n<td class=\"AttributeContent AttributeBorder\">Oui<\/td>\n<\/tr>\n<tr>\n<td class=\"AttributeGroupHeader\" colspan=\"2\">Donn\u00e9es de tonte<\/td>\n<\/tr>\n<tr>\n<td class=\"AttributeName VerticalAlignMiddle AttributeBorder\">performance de surface maximale<\/td>\n<td class=\"AttributeContent AttributeBorder\">2600 m\u00b2<\/td>\n<\/tr>\n<tr>\n<td class=\"AttributeName VerticalAlignMiddle AttributeBorder\">Largeur de coupe<\/td>\n<td class=\"AttributeContent AttributeBorder\">48 cm<\/td>\n<\/tr>\n<tr>\n<td class=\"AttributeName VerticalAlignMiddle AttributeBorder\">Hauteur de coupe, min-max<\/td>\n<td class=\"AttributeContent AttributeBorder\">20-100 mm<\/td>\n<\/tr>\n<tr>\n<td class=\"AttributeName VerticalAlignMiddle AttributeBorder\">Nombre de hauteurs de coupe<\/td>\n<td class=\"AttributeContent AttributeBorder\">10<\/td>\n<\/tr>\n<tr>\n<td class=\"AttributeName VerticalAlignMiddle AttributeBorder\">Type de couteau<\/td>\n<td class=\"AttributeContent AttributeBorder\">Sichelmesser<\/td>\n<\/tr>\n<tr>\n<td class=\"AttributeName VerticalAlignMiddle AttributeBorder\">R\u00e9glage de la hauteur de coupe<\/td>\n<td class=\"AttributeContent AttributeBorder\">central<\/td>\n<\/tr>\n<tr>\n<td class=\"AttributeName VerticalAlignMiddle AttributeBorder\">Volume du panier de collecte<\/td>\n<td class=\"AttributeContent AttributeBorder\">62 Liter<\/td>\n<\/tr>\n<tr>\n<td class=\"AttributeName VerticalAlignMiddle AttributeBorder\">M\u00e9thodes de tonte<\/td>\n<td class=\"AttributeContent AttributeBorder\">Tondre, ramasser, pailler<\/td>\n<\/tr>\n<tr>\n<td class=\"AttributeName VerticalAlignMiddle AttributeBorder\">Kit de paillage<\/td>\n<td class=\"AttributeContent AttributeBorder\">Mulchkit optional erh\u00e4ltlich<\/td>\n<\/tr>\n<tr>\n<td class=\"AttributeName VerticalAlignMiddle AttributeBorder\">Attraper<\/td>\n<td class=\"AttributeContent AttributeBorder\">Oui<\/td>\n<\/tr>\n<tr>\n<td class=\"AttributeName VerticalAlignMiddle AttributeBorder\">Type de bo\u00eete de r\u00e9cup\u00e9ration<\/td>\n<td class=\"AttributeContent AttributeBorder\">Textiler Fangsack mit F\u00fcllstandsanzeige<\/td>\n<\/tr>\n<tr>\n<td class=\"AttributeName VerticalAlignMiddle AttributeBorder\">Indicateur de niveau<\/td>\n<td class=\"AttributeContent AttributeBorder\">Oui<\/td>\n<\/tr>\n<tr>\n<td class=\"AttributeName VerticalAlignMiddle AttributeBorder\">Syst\u00e8me de tonte<\/td>\n<td class=\"AttributeContent AttributeBorder\">Mit Sanftlauf<\/td>\n<\/tr>\n<tr>\n<td class=\"AttributeGroupHeader\" colspan=\"2\">\u00e9quipement<\/td>\n<\/tr>\n<tr>\n<td class=\"AttributeName VerticalAlignMiddle AttributeBorder\">Geh\u00e4use<\/td>\n<td class=\"AttributeContent AttributeBorder\">Kunststoff<\/td>\n<\/tr>\n<tr>\n<td class=\"AttributeName VerticalAlignMiddle AttributeBorder\">Roues \u00e0 roulement \u00e0 billes<\/td>\n<td class=\"AttributeContent AttributeBorder\">Oui<\/td>\n<\/tr>\n<tr>\n<td class=\"AttributeName VerticalAlignMiddle AttributeBorder\">Taille de la roue avant<\/td>\n<td class=\"AttributeContent AttributeBorder\">230 mm<\/td>\n<\/tr>\n<tr>\n<td class=\"AttributeName VerticalAlignMiddle AttributeBorder\">Taille de la roue arri\u00e8re<\/td>\n<td class=\"AttributeContent AttributeBorder\">230 mm<\/td>\n<\/tr>\n<tr>\n<td class=\"AttributeName VerticalAlignMiddle AttributeBorder\">Type de lecteur<\/td>\n<td class=\"AttributeContent AttributeBorder\">transmission variable des roues<\/td>\n<\/tr>\n<tr>\n<td class=\"AttributeName VerticalAlignMiddle AttributeBorder\">Guidon r\u00e9glable en hauteur<\/td>\n<td class=\"AttributeContent AttributeBorder\">Oui<\/td>\n<\/tr>\n<tr>\n<td class=\"AttributeName VerticalAlignMiddle AttributeBorder\">Mat\u00e9riau de la jante<\/td>\n<td class=\"AttributeContent AttributeBorder\">Kunststoff<\/td>\n<\/tr>\n<tr>\n<td class=\"AttributeName VerticalAlignMiddle AttributeBorder\">Mat\u00e9riau, plateau de coupe<\/td>\n<td class=\"AttributeContent AttributeBorder\">Stahldeck<\/td>\n<\/tr>\n<tr>\n<td class=\"AttributeName VerticalAlignMiddle AttributeBorder\">Poign\u00e9e de transport<\/td>\n<td class=\"AttributeContent AttributeBorder\">Oui<\/td>\n<\/tr>\n<tr>\n<td class=\"AttributeName VerticalAlignMiddle AttributeBorder\">Guidon pliable<\/td>\n<td class=\"AttributeContent AttributeBorder\">Oui<\/td>\n<\/tr>\n<tr>\n<td class=\"AttributeName VerticalAlignMiddle AttributeBorder\">Type de faisceau<\/td>\n<td class=\"AttributeContent AttributeBorder\">einklappbarer F\u00fchrungsholm<\/td>\n<\/tr>\n<tr>\n<td class=\"AttributeName VerticalAlignMiddle AttributeBorder\">Avance rapide<\/td>\n<td class=\"AttributeContent AttributeBorder\">1,5 \u2013 5,0 km\/h<\/td>\n<\/tr>\n<tr>\n<td class=\"AttributeGroupHeader\" colspan=\"2\">Environnement, dimensions et poids<\/td>\n<\/tr>\n<tr>\n<td class=\"AttributeName VerticalAlignMiddle AttributeBorder\">garantie<\/td>\n<td class=\"AttributeContent AttributeBorder\">3 ans pour un usage priv\u00e9, 1 an pour un usage commercial<\/td>\n<\/tr>\n<tr>\n<td class=\"AttributeName VerticalAlignMiddle AttributeBorder\">longueur<\/td>\n<td class=\"AttributeContent AttributeBorder\">167 cm<\/td>\n<\/tr>\n<tr>\n<td class=\"AttributeName VerticalAlignMiddle AttributeBorder\">Largeur<\/td>\n<td class=\"AttributeContent AttributeBorder\">55 cm<\/td>\n<\/tr>\n<tr>\n<td class=\"AttributeName VerticalAlignMiddle AttributeBorder\">Hauteur<\/td>\n<td class=\"AttributeContent AttributeBorder\">107,5 cm<\/td>\n<\/tr>\n<tr>\n<td class=\"AttributeName VerticalAlignMiddle AttributeBorder\">niveau de puissance acoustique garanti (LWA)<\/td>\n<td class=\"AttributeContent AttributeBorder\">94 dB(A)<\/td>\n<\/tr>\n<tr>\n<td class=\"AttributeName VerticalAlignMiddle AttributeBorder\">Vibrations sur la barre<\/td>\n<td class=\"AttributeContent AttributeBorder\">2,5 m\/s\u00b2<\/td>\n<\/tr>\n<tr>\n<td class=\"AttributeName VerticalAlignMiddle AttributeBorder\">Niveau de pression acoustique \u00e0 l&#039;oreille de l&#039;op\u00e9rateur<\/td>\n<td class=\"AttributeContent AttributeBorder\">81 dB(A)<\/td>\n<\/tr>\n<tr>\n<td class=\"AttributeName VerticalAlignMiddle AttributeBorder\">Poids<\/td>\n<td class=\"AttributeContent AttributeBorder\">33 kg<\/td>\n<\/tr>\n<\/tbody>\n<\/table>\n<\/div>","protected":false},"excerpt":{"rendered":"<p>Makita LM001GT204 avec batterie et chargeur \u2013 Mod\u00e8le 2024<\/p>","protected":false},"featured_media":943,"template":"","meta":[],"product_brand":[],"product_cat":[30],"product_tag":[],"product_country":[1501],"class_list":{"0":"post-942","1":"product","2":"type-product","3":"status-publish","4":"has-post-thumbnail","6":"product_cat-akku-rasenmaher-rasenmaher","7":"product_country-germany","9":"first","10":"instock","11":"sale","12":"taxable","13":"shipping-taxable","14":"purchasable","15":"product-type-simple"},"_links":{"self":[{"href":"https:\/\/routinesfashione.com\/fr\/wp-json\/wp\/v2\/product\/942","targetHints":{"allow":["GET"]}}],"collection":[{"href":"https:\/\/routinesfashione.com\/fr\/wp-json\/wp\/v2\/product"}],"about":[{"href":"https:\/\/routinesfashione.com\/fr\/wp-json\/wp\/v2\/types\/product"}],"wp:featuredmedia":[{"embeddable":true,"href":"https:\/\/routinesfashione.com\/fr\/wp-json\/wp\/v2\/media\/943"}],"wp:attachment":[{"href":"https:\/\/routinesfashione.com\/fr\/wp-json\/wp\/v2\/media?parent=942"}],"wp:term":[{"taxonomy":"product_brand","embeddable":true,"href":"https:\/\/routinesfashione.com\/fr\/wp-json\/wp\/v2\/product_brand?post=942"},{"taxonomy":"product_cat","embeddable":true,"href":"https:\/\/routinesfashione.com\/fr\/wp-json\/wp\/v2\/product_cat?post=942"},{"taxonomy":"product_tag","embeddable":true,"href":"https:\/\/routinesfashione.com\/fr\/wp-json\/wp\/v2\/product_tag?post=942"},{"taxonomy":"product_country","embeddable":true,"href":"https:\/\/routinesfashione.com\/fr\/wp-json\/wp\/v2\/product_country?post=942"}],"curies":[{"name":"wp","href":"https:\/\/api.w.org\/{rel}","templated":true}]}}