{"id":101,"date":"2025-09-30T20:55:57","date_gmt":"2025-09-30T20:55:57","guid":{"rendered":"https:\/\/lightgray-crow-170497.hostingersite.com\/?post_type=product&#038;p=101"},"modified":"2025-09-30T20:55:57","modified_gmt":"2025-09-30T20:55:57","slug":"tracteur-tondeuse-husqvarna-ts112-coupe-95cmmodes-de-tonte-disponibles-ejection-laterale-mulching-recuperation-totale","status":"publish","type":"product","link":"https:\/\/routinesfashione.com\/nl\/produit\/tracteur-tondeuse-husqvarna-ts112-coupe-95cmmodes-de-tonte-disponibles-ejection-laterale-mulching-recuperation-totale\/","title":{"rendered":"Tracteur tondeuse Husqvarna TS112 coupe 95cm,modes de tonte disponibles : \u00e9jection lat\u00e9rale, mulching, r\u00e9cup\u00e9ration totale."},"content":{"rendered":"<p><span dir=\"auto\" style=\"vertical-align: inherit;\">Le tracteur tondeuse HUSQVARNA TS112 est un \u00e9quipement robuste et polyvalent, con\u00e7u pour simplifier l\u2019entretien de votre pelouse. \u00c9quip\u00e9 d\u2019un moteur puissant, il offre des performances fiables et efficaces, permettant de tondre de grandes surfaces rapidement et sans effort.<\/span><\/p>\n<p><span dir=\"auto\" style=\"vertical-align: inherit;\">L\u2019autoport\u00e9e HUSQVARNA TS112 se distingue par sa transmission hydrostatique \u00e0 p\u00e9dale, rendant la conduite fluide et intuitive, avec une maniabilit\u00e9 exceptionnelle.<\/span><\/p>\n<p><span dir=\"auto\" style=\"vertical-align: inherit;\">Pour le confort de l\u2019utilisateur, son si\u00e8ge est r\u00e9glable sans outils, et les leviers de commande sont positionn\u00e9s du m\u00eame c\u00f4t\u00e9, facilitant ainsi le r\u00e9glage de la hauteur de coupe et l\u2019enclenchement des lames.<\/span><\/p>\n<p><span dir=\"auto\" style=\"vertical-align: inherit;\">De nombreux \u00e9quipements sont inclus de s\u00e9rie, tels qu\u2019un compteur horaire pour suivre facilement le nombre d\u2019heures d\u2019utilisation et planifier les entretiens. Un crochet de remorque est \u00e9galement fourni, id\u00e9al pour attacher divers accessoires comme une remorque ou un scarificateur.<\/span><\/p>\n<p><span dir=\"auto\" style=\"vertical-align: inherit;\">Sa largeur de coupe g\u00e9n\u00e9reuse permet de couvrir une grande surface en un minimum de passages, ce qui vous fait gagner du temps et de l\u2019\u00e9nergie.<\/span><\/p>\n<p><span dir=\"auto\" style=\"vertical-align: inherit;\">En r\u00e9sum\u00e9, le tracteur tondeuse HUSQVARNA TS112 est un excellent choix pour ceux qui recherchent un outil fiable, performant et facile \u00e0 utiliser pour l\u2019entretien de leur pelouse.<\/span><\/p>\n<p><span dir=\"auto\" style=\"vertical-align: inherit;\">Fiche technique<\/span><br \/>\n<span dir=\"auto\" style=\"vertical-align: inherit;\">Avantages du produit : conception compacte avec plateau d\u2019\u00e9jection lat\u00e9rale de 95 cm, roues anti-arrachement, transmission hydrostatique, levier de r\u00e9glage de la hauteur de coupe assist\u00e9 par ressort, crochet de remorque inclus.<\/span><br \/>\n<span dir=\"auto\" style=\"vertical-align: inherit;\">Moteur : monocylindre HUSQVARNA 413AE<\/span><br \/>\n<span dir=\"auto\" style=\"vertical-align: inherit;\">Puissance : 8 kW<\/span><br \/>\n<span dir=\"auto\" style=\"vertical-align: inherit;\">Cylindr\u00e9e : 413 cm3<\/span><br \/>\n<span dir=\"auto\" style=\"vertical-align: inherit;\">Largeur de coupe : 95 cm<\/span><br \/>\n<span dir=\"auto\" style=\"vertical-align: inherit;\">Mat\u00e9riau du carter de coupe : \u00e9jection lat\u00e9rale, 2 lames; hauteur de coupe r\u00e9glable de 30 \u00e0 100 mm.<\/span><br \/>\n<span dir=\"auto\" style=\"vertical-align: inherit;\">Avancement : transmission hydrostatique \u00e0 p\u00e9dale<\/span><br \/>\n<span dir=\"auto\" style=\"vertical-align: inherit;\">Poids : 182 kg<\/span><br \/>\n<span dir=\"auto\" style=\"vertical-align: inherit;\">Options : bac de ramassage, kit de mulching<\/span><br \/>\n<span dir=\"auto\" style=\"vertical-align: inherit;\">Accessoires inclus : crochet de remorque<\/span><br \/>\n<span dir=\"auto\" style=\"vertical-align: inherit;\">Conditionnement : produit livr\u00e9 en carton, sans huile ni carburant. Pr\u00e9voir le montage.<\/span><\/p>","protected":false},"excerpt":{"rendered":"<p>Le tracteur tondeuse HUSQVARNA TS112 est un \u00e9quipement robuste et polyvalent, con\u00e7u pour simplifier l\u2019entretien de votre pelouse. \u00c9quip\u00e9 d\u2019un<\/p>","protected":false},"featured_media":12905,"template":"","meta":[],"product_brand":[],"product_cat":[61],"product_tag":[],"product_country":[1503],"class_list":{"0":"post-101","1":"product","2":"type-product","3":"status-publish","4":"has-post-thumbnail","6":"product_cat-sale-france","7":"product_country-france","9":"first","10":"instock","11":"sale","12":"taxable","13":"shipping-taxable","14":"purchasable","15":"product-type-simple"},"_links":{"self":[{"href":"https:\/\/routinesfashione.com\/nl\/wp-json\/wp\/v2\/product\/101","targetHints":{"allow":["GET"]}}],"collection":[{"href":"https:\/\/routinesfashione.com\/nl\/wp-json\/wp\/v2\/product"}],"about":[{"href":"https:\/\/routinesfashione.com\/nl\/wp-json\/wp\/v2\/types\/product"}],"wp:featuredmedia":[{"embeddable":true,"href":"https:\/\/routinesfashione.com\/nl\/wp-json\/wp\/v2\/media\/12905"}],"wp:attachment":[{"href":"https:\/\/routinesfashione.com\/nl\/wp-json\/wp\/v2\/media?parent=101"}],"wp:term":[{"taxonomy":"product_brand","embeddable":true,"href":"https:\/\/routinesfashione.com\/nl\/wp-json\/wp\/v2\/product_brand?post=101"},{"taxonomy":"product_cat","embeddable":true,"href":"https:\/\/routinesfashione.com\/nl\/wp-json\/wp\/v2\/product_cat?post=101"},{"taxonomy":"product_tag","embeddable":true,"href":"https:\/\/routinesfashione.com\/nl\/wp-json\/wp\/v2\/product_tag?post=101"},{"taxonomy":"product_country","embeddable":true,"href":"https:\/\/routinesfashione.com\/nl\/wp-json\/wp\/v2\/product_country?post=101"}],"curies":[{"name":"wp","href":"https:\/\/api.w.org\/{rel}","templated":true}]}}