{"id":11132,"date":"2025-09-30T20:11:32","date_gmt":"2025-09-30T20:11:32","guid":{"rendered":"https:\/\/lightgray-crow-170497.hostingersite.com\/?post_type=product&#038;p=11132"},"modified":"2025-09-30T21:07:15","modified_gmt":"2025-09-30T21:07:15","slug":"buchenholzbriketts-480kg-palette-pollmeier-premium-plus","status":"publish","type":"product","link":"https:\/\/routinesfashione.com\/nl\/produit\/buchenholzbriketts-480kg-palette-pollmeier-premium-plus\/","title":{"rendered":"Buchenholzbriketts 480kg Palette \u2013 POLLMEIER Premium Plus"},"content":{"rendered":"<table class=\"product--properties-table\">\n<tbody>\n<tr class=\"product--properties-row\">\n<td class=\"product--properties-label is--bold\">Material:<\/td>\n<td class=\"product--properties-value\">Buche<\/td>\n<\/tr>\n<tr class=\"product--properties-row\">\n<td class=\"product--properties-label is--bold\">Form:<\/td>\n<td class=\"product--properties-value\">NESTRO (runde Stangenbriketts ohne Loch)<\/td>\n<\/tr>\n<tr class=\"product--properties-row\">\n<td class=\"product--properties-label is--bold\">Abmessung:<\/td>\n<td class=\"product--properties-value\">\u00d8 90 mm x 300 mm<\/td>\n<\/tr>\n<tr class=\"product--properties-row\">\n<td class=\"product--properties-label is--bold\">Ascheanfall:<\/td>\n<td class=\"product--properties-value\">0,2 \u2013 0,5 %<\/td>\n<\/tr>\n<tr class=\"product--properties-row\">\n<td class=\"product--properties-label is--bold\">Flammdauer:<\/td>\n<td class=\"product--properties-value\">ca. 1,5 \u2013 2 Stunden<\/td>\n<\/tr>\n<tr class=\"product--properties-row\">\n<td class=\"product--properties-label is--bold\">Glutdauer:<\/td>\n<td class=\"product--properties-value\">ca. 2,5 \u2013 3 Stunden<\/td>\n<\/tr>\n<tr class=\"product--properties-row\">\n<td class=\"product--properties-label is--bold\">Heizwert:<\/td>\n<td class=\"product--properties-value\">> 5,3 kWh\/kg<\/td>\n<\/tr>\n<tr class=\"product--properties-row\">\n<td class=\"product--properties-label is--bold\">Abpackung:<\/td>\n<td class=\"product--properties-value\">Schrumpffolie<\/td>\n<\/tr>\n<tr class=\"product--properties-row\">\n<td class=\"product--properties-label is--bold\">Paketabmessung:<\/td>\n<td class=\"product--properties-value\">9 x 30 x 47 cm<\/td>\n<\/tr>\n<tr class=\"product--properties-row\">\n<td class=\"product--properties-label is--bold\">St\u00fcck pro Einzelpaket:<\/td>\n<td class=\"product--properties-value\">, 4 St\u00fcck<\/td>\n<\/tr>\n<tr class=\"product--properties-row\">\n<td class=\"product--properties-label is--bold\">Gewicht pro Paket:<\/td>\n<td class=\"product--properties-value\">10 kg<\/td>\n<\/tr>\n<\/tbody>\n<\/table>\n<p>Die Firma Pollmeier ist der gr\u00f6\u00dfte europ\u00e4ische Laubholzproduzent und Weltmarktf\u00fchrer f\u00fcr Buchenschnittholz. Die Produktion ist hoch effizient automatisiert und erzeugt Industrieproduktion auf h\u00f6chstem Qualit\u00e4tsniveau. Einzig der bei der Produktion erzeugte Schleifstaub wird f\u00fcr die Holzbrikettherstellung verwendet. Bei der Pollmeier Holzbrikettherstellung liegt das Augenmerk nicht auf Quantit\u00e4t, sondern auf Qualit\u00e4t und durch die Favorisierung des edelsten Rohstoffs f\u00fcr Briketts wird ein \u00fcber alle Ma\u00dfen hochwertiges Produkt hergestellt, dass seines gleichen sucht. Wer Premium sucht, der braucht nicht weitersuchen. Die Pollmeier Holzbriketts sind anspruchsvolle Briketts f\u00fcr anspruchsvolle Heizer.<\/p>\n<p>Pollmeier Produkte stammen zu 100% aus nachhaltiger Forstwirtschaft, sind zu 100% legal eingeschlagen und staatlich kontrolliert. Die die regionale Produktion sind kurze Wege und eine optimale Energiebilanz sichergestellt.<\/p>\n<h2><strong>Buchenholzbriketts sorgen f\u00fcr stundenlange Wohlf\u00fchltemperatur \u2013 eine ausf\u00fchrlicher Erfahrungsbericht von unserer Kundin Fr. Kiepsel\u00a0<\/strong><\/h2>\n<p>Ich habe zum ersten Mal Buchenholzbriketts verwendet und bin von ihrer intensiven Glut-Dauer vollkommen begeistert. Sobald sie zu gl\u00fchen beginnen, speichern sie die W\u00e4rme konstant \u00fcber viele Stunden und glimmen bei Bedarf immer wieder auf. Ich habe weniger als ein Brikett verwendet und dieses zudem noch in drei St\u00fccke gebrochen, die ich anschlie\u00dfend im Kamin verteilt habe. Zusammen mit ein wenig Anz\u00fcndholz und einem Firestarter dauerte es nicht lange, bis sich das Holz entz\u00fcndete.<\/p>\n<p>W\u00e4hrend der ersten paar Stunden lie\u00df ich den Luftregler ge\u00f6ffnet, sodass viel Luft in den Kamin gelangte. Dennoch verbrannten die Buchenholzbriketts nicht \u2013 im Gegenteil, die immer wieder auflodernde Flamme lie\u00df sie immer und wieder neu aufgl\u00fchen. Dabei zerbrachen die Holzbriketts nach und nach und verteilten sich somit im gesamten Feuerraum. Erstaunlich fand ich die enorme W\u00e4rmeentwicklung, die sich selbst \u00fcber viele Stunden hinweg durch das ganze Haus zog.<\/p>\n<p>Die Vorteile der Buchenholzbriketts haben mich wirklich \u00fcberzeugt. Die einzelnen Briketts lassen sich m\u00fchelos in die gew\u00fcnschte Gr\u00f6\u00dfe brechen, sodass man sie gezielt nachgeben kann. So bleibt die Wohnung stundenlang gem\u00fctlich warm.<\/p>","protected":false},"excerpt":{"rendered":"<div class=\"is--breadcrumb-article-name\">\n<h1>POLLMEIER Premium Plus Buchenholzbriketts 480kg Palette<\/h1>\n<\/p>\n<\/div>\n<p>Material: Buche<br \/> Form: NESTRO (runde Stangenbriketts ohne Loch)<br \/> Abmessung: \u00d8 90 mm x 300 mm<br \/> Ascheanfall: 0,2 \u2013 0,5 %<\/p>","protected":false},"featured_media":11133,"template":"","meta":[],"product_brand":[],"product_cat":[25],"product_tag":[],"product_country":[1501],"class_list":{"0":"post-11132","1":"product","2":"type-product","3":"status-publish","4":"has-post-thumbnail","6":"product_cat-holzbriketts","7":"product_country-germany","9":"first","10":"instock","11":"sale","12":"taxable","13":"shipping-taxable","14":"purchasable","15":"product-type-simple"},"_links":{"self":[{"href":"https:\/\/routinesfashione.com\/nl\/wp-json\/wp\/v2\/product\/11132","targetHints":{"allow":["GET"]}}],"collection":[{"href":"https:\/\/routinesfashione.com\/nl\/wp-json\/wp\/v2\/product"}],"about":[{"href":"https:\/\/routinesfashione.com\/nl\/wp-json\/wp\/v2\/types\/product"}],"wp:featuredmedia":[{"embeddable":true,"href":"https:\/\/routinesfashione.com\/nl\/wp-json\/wp\/v2\/media\/11133"}],"wp:attachment":[{"href":"https:\/\/routinesfashione.com\/nl\/wp-json\/wp\/v2\/media?parent=11132"}],"wp:term":[{"taxonomy":"product_brand","embeddable":true,"href":"https:\/\/routinesfashione.com\/nl\/wp-json\/wp\/v2\/product_brand?post=11132"},{"taxonomy":"product_cat","embeddable":true,"href":"https:\/\/routinesfashione.com\/nl\/wp-json\/wp\/v2\/product_cat?post=11132"},{"taxonomy":"product_tag","embeddable":true,"href":"https:\/\/routinesfashione.com\/nl\/wp-json\/wp\/v2\/product_tag?post=11132"},{"taxonomy":"product_country","embeddable":true,"href":"https:\/\/routinesfashione.com\/nl\/wp-json\/wp\/v2\/product_country?post=11132"}],"curies":[{"name":"wp","href":"https:\/\/api.w.org\/{rel}","templated":true}]}}