{"id":112,"date":"2025-09-30T20:55:56","date_gmt":"2025-09-30T20:55:56","guid":{"rendered":"https:\/\/lightgray-crow-170497.hostingersite.com\/?post_type=product&#038;p=112"},"modified":"2025-09-30T20:55:56","modified_gmt":"2025-09-30T20:55:56","slug":"tondeuse-autoportee-stiga-tornado-398","status":"publish","type":"product","link":"https:\/\/routinesfashione.com\/nl\/produit\/tondeuse-autoportee-stiga-tornado-398\/","title":{"rendered":"Tondeuse autoport\u00e9e Stiga Tornado 398"},"content":{"rendered":"<div id=\"productOverview_feature_div\" class=\"celwidget\" data-feature-name=\"productOverview\" data-csa-c-type=\"widget\" data-csa-c-content-id=\"productOverview\" data-csa-c-slot-id=\"productOverview_feature_div\" data-csa-c-asin=\"B0BWH4GMJ5\" data-csa-c-is-in-initial-active-row=\"false\" data-csa-c-id=\"hwzlru-xj9a3m-6iq2cg-8v71ls\" data-cel-widget=\"productOverview_feature_div\">\n<div id=\"poExpander\" class=\"a-expander-collapsed-height a-row a-expander-container a-spacing-none a-expander-partial-collapse-container\" data-a-expander-name=\"product_overview\" data-a-expander-collapsed-height=\"210\">\n<div class=\"a-expander-content a-expander-partial-collapse-content a-expander-content-expanded\" data-expanded=\"true\">\n<div class=\"a-section a-spacing-small a-spacing-top-small\">\n<table class=\"a-normal a-spacing-micro\" role=\"list\">\n<tbody>\n<tr class=\"a-spacing-small po-brand\" role=\"listitem\">\n<td class=\"a-span3\" role=\"presentation\"><span class=\"a-size-base a-text-bold\"><span dir=\"auto\" style=\"vertical-align: inherit;\">Nom de marque<\/span><\/span><\/td>\n<td class=\"a-span9\" role=\"presentation\"><span class=\"a-size-base po-break-word\"><span dir=\"auto\" style=\"vertical-align: inherit;\">Escaliers<\/span><\/span><\/td>\n<\/tr>\n<tr class=\"a-spacing-small po-power_source_type\" role=\"listitem\">\n<td class=\"a-span3\" role=\"presentation\"><span class=\"a-size-base a-text-bold\"><span dir=\"auto\" style=\"vertical-align: inherit;\">Source d&#8217;\u00e9nergie<\/span><\/span><\/td>\n<td class=\"a-span9\" role=\"presentation\"><span class=\"a-size-base po-break-word\"><span dir=\"auto\" style=\"vertical-align: inherit;\">Thermique<\/span><\/span><\/td>\n<\/tr>\n<tr class=\"a-spacing-small po-material\" role=\"listitem\">\n<td class=\"a-span3\" role=\"presentation\"><span class=\"a-size-base a-text-bold\"><span dir=\"auto\" style=\"vertical-align: inherit;\">Mat\u00e9riel<\/span><\/span><\/td>\n<td class=\"a-span9\" role=\"presentation\"><span class=\"a-size-base po-break-word\"><span dir=\"auto\" style=\"vertical-align: inherit;\">Plastique<\/span><\/span><\/td>\n<\/tr>\n<tr class=\"a-spacing-small po-color\" role=\"listitem\">\n<td class=\"a-span3\" role=\"presentation\"><span class=\"a-size-base a-text-bold\"><span dir=\"auto\" style=\"vertical-align: inherit;\">Couleur<\/span><\/span><\/td>\n<td class=\"a-span9\" role=\"presentation\"><span class=\"a-size-base po-break-word\"><span dir=\"auto\" style=\"vertical-align: inherit;\">Jaune<\/span><\/span><\/td>\n<\/tr>\n<tr class=\"a-spacing-small po-item_weight\" role=\"listitem\">\n<td class=\"a-span3\" role=\"presentation\"><span class=\"a-size-base a-text-bold\"><span dir=\"auto\" style=\"vertical-align: inherit;\">Poids de l&#8217;article<\/span><\/span><\/td>\n<td class=\"a-span9\" role=\"presentation\"><span class=\"a-size-base po-break-word\"><span dir=\"auto\" style=\"vertical-align: inherit;\">160 kilogrammes<\/span><\/span><\/td>\n<\/tr>\n<tr class=\"a-spacing-small po-cutting_width\" role=\"listitem\">\n<td class=\"a-span3\" role=\"presentation\"><span class=\"a-size-base a-text-bold\"><span dir=\"auto\" style=\"vertical-align: inherit;\">Largeur de coupe<\/span><\/span><\/td>\n<td class=\"a-span9\" role=\"presentation\"><span class=\"a-size-base po-break-word\"><span dir=\"auto\" style=\"vertical-align: inherit;\">98 centim\u00e8tres<\/span><\/span><\/td>\n<\/tr>\n<tr class=\"a-spacing-small po-operation_mode\" role=\"listitem\">\n<td class=\"a-span3\" role=\"presentation\"><span class=\"a-size-base a-text-bold\"><span dir=\"auto\" style=\"vertical-align: inherit;\">Mode de fonctionnement<\/span><\/span><\/td>\n<td class=\"a-span9\" role=\"presentation\"><span class=\"a-size-base po-break-word\"><span dir=\"auto\" style=\"vertical-align: inherit;\">Manuel<\/span><\/span><\/td>\n<\/tr>\n<tr class=\"a-spacing-small po-item_depth_width_height\" role=\"listitem\">\n<td class=\"a-span3\" role=\"presentation\"><span class=\"a-size-base a-text-bold\"><span dir=\"auto\" style=\"vertical-align: inherit;\">Dimensions de l&#8217;article P x \u200b\u200bL x H<\/span><\/span><\/td>\n<td class=\"a-span9\" role=\"presentation\"><span class=\"a-size-base po-break-word\"><span dir=\"auto\" style=\"vertical-align: inherit;\">12D x 12L x 11H m\u00e8tres<\/span><\/span><\/td>\n<\/tr>\n<tr class=\"a-spacing-small po-adjustable_cutting_height_maximum\" role=\"listitem\">\n<td class=\"a-span3\" role=\"presentation\"><span class=\"a-size-base a-text-bold\"><span dir=\"auto\" style=\"vertical-align: inherit;\">Hauteur de coupe r\u00e9glable maximale<\/span><\/span><\/td>\n<td class=\"a-span9\" role=\"presentation\"><span class=\"a-size-base po-break-word\"><span dir=\"auto\" style=\"vertical-align: inherit;\">80 millim\u00e8tres<\/span><\/span><\/td>\n<\/tr>\n<tr class=\"a-spacing-small po-adjustable_cutting_height_minimum\" role=\"listitem\">\n<td class=\"a-span3\" role=\"presentation\"><span class=\"a-size-base a-text-bold\"><span dir=\"auto\" style=\"vertical-align: inherit;\">Hauteur de coupe minimale r\u00e9glable<\/span><\/span><\/td>\n<td class=\"a-span9\" role=\"presentation\"><span class=\"a-size-base po-break-word\"><span dir=\"auto\" style=\"vertical-align: inherit;\">25 millim\u00e8tres<\/span><\/span><\/td>\n<\/tr>\n<\/tbody>\n<\/table>\n<\/div>\n<\/div>\n<div id=\"poToggleButton\" class=\"a-expander-header a-expander-partial-collapse-header\"><a class=\"a-declarative\" role=\"button\" data-action=\"a-expander-toggle\" data-a-expander-toggle=\"{&quot;allowLinkDefault&quot;:true, &quot;expand_prompt&quot;:&quot;See more&quot;, &quot;collapse_prompt&quot;:&quot;See less&quot;}\"><i class=\"a-icon a-icon-extender-collapse\"><\/i><span class=\"a-expander-prompt\"><span dir=\"auto\" style=\"vertical-align: inherit;\">Voir moins<\/span><\/span><\/a><\/div>\n<\/div>\n<\/div>\n<div id=\"featurebullets_feature_div\" class=\"celwidget\" data-feature-name=\"featurebullets\" data-csa-c-type=\"widget\" data-csa-c-content-id=\"featurebullets\" data-csa-c-slot-id=\"featurebullets_feature_div\" data-csa-c-asin=\"B0BWH4GMJ5\" data-csa-c-is-in-initial-active-row=\"false\" data-csa-c-id=\"e1cbrf-b0ltef-ovf4h2-4r6tcx\" data-cel-widget=\"featurebullets_feature_div\">\n<div id=\"feature-bullets\" class=\"a-section a-spacing-medium a-spacing-top-small\">\n<hr class=\"a-divider-normal\" aria-hidden=\"true\" \/>\n<h1 class=\"a-size-base-plus a-text-bold\"><span dir=\"auto\" style=\"vertical-align: inherit;\">\u00c0 propos de cet article<\/span><\/h1>\n<ul class=\"a-unordered-list a-vertical a-spacing-mini\">\n<li class=\"a-spacing-mini\"><span class=\"a-list-item\"><span dir=\"auto\" style=\"vertical-align: inherit;\">Performances puissantes pour les grandes pelouses\u00a0: le tracteur de pelouse Stiga Tornado 398M, \u00e9quip\u00e9 de son moteur essence de 414\u00a0cm\u00b3 (7,1\u00a0kW \u00e0 2\u00a0800\u00a0tr\/min), est id\u00e9al pour une tonte rapide et efficace. Il s&#8217;adapte parfaitement \u00e0 tous les terrains. Son moteur robuste et fiable garantit une grande durabilit\u00e9, id\u00e9al pour les travaux exigeants.<\/span><\/span><\/li>\n<li class=\"a-spacing-mini\"><span class=\"a-list-item\"><span dir=\"auto\" style=\"vertical-align: inherit;\">Planche \u00e0 d\u00e9couper de 98 cm avec deux lames &#8211; Le plateau de coupe de 98 cm assure une coupe large et pr\u00e9cise, r\u00e9duisant ainsi le temps de travail. Les roues antid\u00e9rapantes prot\u00e8gent la pelouse, m\u00eame sur terrain accident\u00e9, pour une tonte sans traces visibles. Id\u00e9al pour entretenir une pelouse impeccable rapidement et sans effort.<\/span><\/span><\/li>\n<li class=\"a-spacing-mini\"><span class=\"a-list-item\"><span dir=\"auto\" style=\"vertical-align: inherit;\">R\u00e9glage de la hauteur de coupe sur 7 positions\u00a0: La flexibilit\u00e9 est essentielle\u00a0: gr\u00e2ce au levier lat\u00e9ral ergonomique, vous pouvez r\u00e9gler la hauteur de coupe sur 7 positions diff\u00e9rentes, de 25 \u00e0 80\u00a0mm. Vous pouvez ainsi adapter la coupe aux besoins de votre pelouse, obtenir des r\u00e9sultats personnalis\u00e9s et maintenir votre pelouse en parfait \u00e9tat, quelles que soient les conditions saisonni\u00e8res ou la longueur de l&#8217;herbe.<\/span><\/span><\/li>\n<li class=\"a-spacing-mini\"><span class=\"a-list-item\"><span dir=\"auto\" style=\"vertical-align: inherit;\">\u00c9jection lat\u00e9rale et kit mulching en option\u00a0: Le Tornado 398 M offre une \u00e9jection lat\u00e9rale pratique, id\u00e9ale pour \u00e9viter le ramassage d&#8217;herbe. Gr\u00e2ce au kit mulching en option (vendu s\u00e9par\u00e9ment), l&#8217;herbe coup\u00e9e est broy\u00e9e et retourn\u00e9e au sol comme engrais naturel, am\u00e9liorant ainsi la sant\u00e9 de la pelouse et r\u00e9duisant les besoins d&#8217;\u00e9limination.<\/span><\/span><\/li>\n<li class=\"a-spacing-mini\"><span class=\"a-list-item\"><span dir=\"auto\" style=\"vertical-align: inherit;\">Embrayage \u00e9lectromagn\u00e9tique pratique pour les lames\u00a0: L&#8217;activation des lames de la Tornado 398 M est simple et rapide gr\u00e2ce \u00e0 l&#8217;embrayage \u00e9lectromagn\u00e9tique. D&#8217;une simple pression sur un bouton, vous pouvez interrompre ou arr\u00eater les lames, garantissant un contr\u00f4le pr\u00e9cis pendant l&#8217;utilisation. Cette fonctionnalit\u00e9 vous permet de travailler plus efficacement, d&#8217;optimiser votre temps et de r\u00e9duire la fatigue lors de la coupe.<\/span><\/span><\/li>\n<\/ul>\n<\/div>\n<\/div>\n<div id=\"brandSnapshot_feature_div\" class=\"celwidget\" data-feature-name=\"brandSnapshot_desktop\" data-csa-c-type=\"widget\" data-csa-c-content-id=\"brandSnapshot_desktop\" data-csa-c-slot-id=\"brandSnapshot_feature_div\" data-csa-c-asin=\"B0BWH4GMJ5\" data-csa-c-is-in-initial-active-row=\"false\" data-csa-c-id=\"uvfkeo-lg41v4-4iv1b8-kympck\" data-cel-widget=\"brandSnapshot_feature_div\">\n<div class=\"a-cardui-deck\" data-a-remove-top-gutter=\"\" data-a-remove-bottom-gutter=\"\">\n<div class=\"a-cardui brand-snapshot-card-container\" data-a-card-type=\"basic\">\n<div class=\"a-cardui-body brand-snapshot-card-container brand-snapshot-card-content\"><\/div>\n<\/div>\n<\/div>\n<\/div>","protected":false},"excerpt":{"rendered":"<p>Nom de marque Escaliers Source d&#8217;\u00e9nergie Thermique Mat\u00e9riel Plastique Couleur Jaune Poids de l&#8217;article 160 kilogrammes Largeur de coupe 98<\/p>","protected":false},"featured_media":12906,"template":"","meta":[],"product_brand":[],"product_cat":[61],"product_tag":[],"product_country":[1503],"class_list":{"0":"post-112","1":"product","2":"type-product","3":"status-publish","4":"has-post-thumbnail","6":"product_cat-sale-france","7":"product_country-france","9":"first","10":"instock","11":"sale","12":"taxable","13":"shipping-taxable","14":"purchasable","15":"product-type-simple"},"_links":{"self":[{"href":"https:\/\/routinesfashione.com\/nl\/wp-json\/wp\/v2\/product\/112","targetHints":{"allow":["GET"]}}],"collection":[{"href":"https:\/\/routinesfashione.com\/nl\/wp-json\/wp\/v2\/product"}],"about":[{"href":"https:\/\/routinesfashione.com\/nl\/wp-json\/wp\/v2\/types\/product"}],"wp:featuredmedia":[{"embeddable":true,"href":"https:\/\/routinesfashione.com\/nl\/wp-json\/wp\/v2\/media\/12906"}],"wp:attachment":[{"href":"https:\/\/routinesfashione.com\/nl\/wp-json\/wp\/v2\/media?parent=112"}],"wp:term":[{"taxonomy":"product_brand","embeddable":true,"href":"https:\/\/routinesfashione.com\/nl\/wp-json\/wp\/v2\/product_brand?post=112"},{"taxonomy":"product_cat","embeddable":true,"href":"https:\/\/routinesfashione.com\/nl\/wp-json\/wp\/v2\/product_cat?post=112"},{"taxonomy":"product_tag","embeddable":true,"href":"https:\/\/routinesfashione.com\/nl\/wp-json\/wp\/v2\/product_tag?post=112"},{"taxonomy":"product_country","embeddable":true,"href":"https:\/\/routinesfashione.com\/nl\/wp-json\/wp\/v2\/product_country?post=112"}],"curies":[{"name":"wp","href":"https:\/\/api.w.org\/{rel}","templated":true}]}}