{"id":11403,"date":"2025-09-30T20:11:30","date_gmt":"2025-09-30T20:11:30","guid":{"rendered":"https:\/\/lightgray-crow-170497.hostingersite.com\/?post_type=product&#038;p=11403"},"modified":"2025-09-30T21:20:14","modified_gmt":"2025-09-30T21:20:14","slug":"kaffeevollautomat-delonghi-exam440-55-b-rivelia-milk-schwarz","status":"publish","type":"product","link":"https:\/\/routinesfashione.com\/nl\/produit\/kaffeevollautomat-delonghi-exam440-55-b-rivelia-milk-schwarz\/","title":{"rendered":"Kaffeevollautomat De\u2019Longhi EXAM440.55.B Rivelia Milk Schwarz"},"content":{"rendered":"<table class=\"sc-4fa5c86b-0 ghZSzg\">\n<thead class=\"sc-4d4fd441-0 fAxnSG\">\n<tr class=\"sc-cda3276b-0 iNKSCY\">\n<th class=\"sc-27ebc524-0 Lhmuk\">\n<p class=\"sc-8b815c14-0 fWfCPI\">Technische Merkmale<\/p>\n<\/th>\n<th class=\"sc-27ebc524-0 dOIQbM\"><\/th>\n<\/tr>\n<\/thead>\n<tbody class=\"sc-18c0a0ab-0 hjSrbh\">\n<tr class=\"sc-cda3276b-0 iNKSCY\">\n<td class=\"sc-27ebc524-0 iIdXkJ\">\n<p class=\"sc-8b815c14-0 VLjjq\">Produkttyp<\/p>\n<\/td>\n<td class=\"sc-27ebc524-0 ca-dqbf sc-4daba230-1 elJoDZ\">\n<p class=\"sc-8b815c14-0 jqNLmg\">Kaffeevollautomat<\/p>\n<\/td>\n<\/tr>\n<tr class=\"sc-cda3276b-0 iNKSCY\">\n<td class=\"sc-27ebc524-0 iIdXkJ\">\n<p class=\"sc-8b815c14-0 VLjjq\">Model<\/p>\n<\/td>\n<td class=\"sc-27ebc524-0 ca-dqbf sc-4daba230-1 elJoDZ\">\n<p class=\"sc-8b815c14-0 jqNLmg\">Rivelia EXAM440.55.B<\/p>\n<\/td>\n<\/tr>\n<tr class=\"sc-cda3276b-0 iNKSCY\">\n<td class=\"sc-27ebc524-0 iIdXkJ\">\n<p class=\"sc-8b815c14-0 VLjjq\">geeignetes System<\/p>\n<\/td>\n<td class=\"sc-27ebc524-0 ca-dqbf sc-4daba230-1 elJoDZ\">\n<p class=\"sc-8b815c14-0 jqNLmg\">Kaffeevollautomaten<\/p>\n<\/td>\n<\/tr>\n<tr class=\"sc-cda3276b-0 iNKSCY\">\n<td class=\"sc-27ebc524-0 iIdXkJ\">\n<p class=\"sc-8b815c14-0 VLjjq\">Maximale Leistung<\/p>\n<\/td>\n<td class=\"sc-27ebc524-0 ca-dqbf sc-4daba230-1 elJoDZ\">\n<p class=\"sc-8b815c14-0 jqNLmg\">1450 Watt<\/p>\n<\/td>\n<\/tr>\n<tr class=\"sc-cda3276b-0 iNKSCY\">\n<td class=\"sc-27ebc524-0 iIdXkJ\">\n<p class=\"sc-8b815c14-0 VLjjq\">Wasserzufuhr<\/p>\n<\/td>\n<td class=\"sc-27ebc524-0 ca-dqbf sc-4daba230-1 elJoDZ\">\n<p class=\"sc-8b815c14-0 jqNLmg\">interner Wassertank<\/p>\n<\/td>\n<\/tr>\n<tr class=\"sc-cda3276b-0 iNKSCY\">\n<td class=\"sc-27ebc524-0 iIdXkJ\">\n<p class=\"sc-8b815c14-0 VLjjq\">Fassungsverm\u00f6gen des Wassertanks<\/p>\n<\/td>\n<td class=\"sc-27ebc524-0 ca-dqbf sc-4daba230-1 elJoDZ\">\n<p class=\"sc-8b815c14-0 jqNLmg\">1.4 l<\/p>\n<\/td>\n<\/tr>\n<tr class=\"sc-cda3276b-0 iNKSCY\">\n<td class=\"sc-27ebc524-0 iIdXkJ\">\n<p class=\"sc-8b815c14-0 VLjjq\">F\u00fcllmenge Milchbeh\u00e4lter<\/p>\n<\/td>\n<td class=\"sc-27ebc524-0 ca-dqbf sc-4daba230-1 elJoDZ\">\n<p class=\"sc-8b815c14-0 jqNLmg\">0.7 l<\/p>\n<\/td>\n<\/tr>\n<tr class=\"sc-cda3276b-0 iNKSCY\">\n<td class=\"sc-27ebc524-0 iIdXkJ\">\n<p class=\"sc-8b815c14-0 VLjjq\">Anzahl Tassen<\/p>\n<\/td>\n<td class=\"sc-27ebc524-0 ca-dqbf sc-4daba230-1 elJoDZ\">\n<p class=\"sc-8b815c14-0 jqNLmg\">2<\/p>\n<\/td>\n<\/tr>\n<tr class=\"sc-cda3276b-0 iNKSCY\">\n<td class=\"sc-27ebc524-0 iIdXkJ\">\n<p class=\"sc-8b815c14-0 VLjjq\">Drucksystem<\/p>\n<\/td>\n<td class=\"sc-27ebc524-0 ca-dqbf sc-4daba230-1 elJoDZ\">\n<p class=\"sc-8b815c14-0 jqNLmg\">Pumpen-Drucksystem<\/p>\n<\/td>\n<\/tr>\n<tr class=\"sc-cda3276b-0 iNKSCY\">\n<td class=\"sc-27ebc524-0 iIdXkJ\">\n<p class=\"sc-8b815c14-0 VLjjq\">Pumpendruck<\/p>\n<\/td>\n<td class=\"sc-27ebc524-0 ca-dqbf sc-4daba230-1 elJoDZ\">\n<p class=\"sc-8b815c14-0 jqNLmg\">19 bar<\/p>\n<\/td>\n<\/tr>\n<tr class=\"sc-cda3276b-0 iNKSCY\">\n<td class=\"sc-27ebc524-0 iIdXkJ\">\n<p class=\"sc-8b815c14-0 VLjjq\">Inhalt Bohnenbeh\u00e4lter<\/p>\n<\/td>\n<td class=\"sc-27ebc524-0 ca-dqbf sc-4daba230-1 elJoDZ\">\n<p class=\"sc-8b815c14-0 jqNLmg\">250 g<\/p>\n<\/td>\n<\/tr>\n<tr class=\"sc-cda3276b-0 iNKSCY\">\n<td class=\"sc-27ebc524-0 iIdXkJ\">\n<p class=\"sc-8b815c14-0 VLjjq\">Br\u00fchtechnologie<\/p>\n<\/td>\n<td class=\"sc-27ebc524-0 ca-dqbf sc-4daba230-1 elJoDZ\">\n<p class=\"sc-8b815c14-0 jqNLmg\">Vorbr\u00fch-Aroma-System f\u00fcr perfekten Kaffeegenuss<\/p>\n<\/td>\n<\/tr>\n<tr class=\"sc-cda3276b-0 iNKSCY\">\n<td class=\"sc-27ebc524-0 iIdXkJ\">\n<p class=\"sc-8b815c14-0 VLjjq\">Einstellbare Br\u00fchtemperatur<\/p>\n<\/td>\n<td class=\"sc-27ebc524-0 ca-dqbf sc-4daba230-1 elJoDZ\">\n<p class=\"sc-8b815c14-0 jqNLmg\">Ja<\/p>\n<\/td>\n<\/tr>\n<tr class=\"sc-cda3276b-0 iNKSCY\">\n<td class=\"sc-27ebc524-0 iIdXkJ\">\n<p class=\"sc-8b815c14-0 VLjjq\">Aufheizzeit<\/p>\n<\/td>\n<td class=\"sc-27ebc524-0 ca-dqbf sc-4daba230-1 elJoDZ\">\n<p class=\"sc-8b815c14-0 jqNLmg\">40-45 Sekunden<\/p>\n<\/td>\n<\/tr>\n<tr class=\"sc-cda3276b-0 iNKSCY\">\n<td class=\"sc-27ebc524-0 iIdXkJ\">\n<p class=\"sc-8b815c14-0 VLjjq\">KI Funktionen<\/p>\n<\/td>\n<td class=\"sc-27ebc524-0 ca-dqbf sc-4daba230-1 elJoDZ\">\n<p class=\"sc-8b815c14-0 jqNLmg\">Machine-Learning-F\u00e4higkeiten<\/p>\n<\/td>\n<\/tr>\n<tr class=\"sc-cda3276b-0 iNKSCY\">\n<td class=\"sc-27ebc524-0 iIdXkJ\">\n<p class=\"sc-8b815c14-0 VLjjq\">K\u00fcnstliche Intelligenz<\/p>\n<\/td>\n<td class=\"sc-27ebc524-0 ca-dqbf sc-4daba230-1 elJoDZ\">\n<p class=\"sc-8b815c14-0 jqNLmg\">Basic AI<\/p>\n<\/td>\n<\/tr>\n<\/tbody>\n<\/table>\n<table class=\"sc-4fa5c86b-0 ghZSzg\">\n<thead class=\"sc-4d4fd441-0 fAxnSG\">\n<tr class=\"sc-cda3276b-0 iNKSCY\">\n<th class=\"sc-27ebc524-0 Lhmuk\">\n<p class=\"sc-8b815c14-0 fWfCPI\">Ausstattung<\/p>\n<\/th>\n<th class=\"sc-27ebc524-0 dOIQbM\"><\/th>\n<\/tr>\n<\/thead>\n<tbody class=\"sc-18c0a0ab-0 hjSrbh\">\n<tr class=\"sc-cda3276b-0 iNKSCY\">\n<td class=\"sc-27ebc524-0 iIdXkJ\">\n<p class=\"sc-8b815c14-0 VLjjq\">Programme<\/p>\n<\/td>\n<td class=\"sc-27ebc524-0 ca-dqbf sc-4daba230-1 elJoDZ\">\n<p class=\"sc-8b815c14-0 jqNLmg\">Espresso, Espresso Lungo, x2 Espresso, Kaffee, Long, Americano, Cappuccino, Latte Macchiato, Caffelatte, Cappuccino Mix, Espresso Macchiato, Flat White, Cortado, Milch, Hei\u00dfwasser<\/p>\n<\/td>\n<\/tr>\n<tr class=\"sc-cda3276b-0 iNKSCY\">\n<td class=\"sc-27ebc524-0 iIdXkJ\">\n<p class=\"sc-8b815c14-0 VLjjq\">Aroma-Wahlschalter<\/p>\n<\/td>\n<td class=\"sc-27ebc524-0 ca-dqbf sc-4daba230-1 elJoDZ\">\n<p class=\"sc-8b815c14-0 jqNLmg\">Ja<\/p>\n<\/td>\n<\/tr>\n<tr class=\"sc-cda3276b-0 iNKSCY\">\n<td class=\"sc-27ebc524-0 iIdXkJ\">\n<p class=\"sc-8b815c14-0 VLjjq\">Schnelldampf-Funktion<\/p>\n<\/td>\n<td class=\"sc-27ebc524-0 ca-dqbf sc-4daba230-1 elJoDZ\">\n<p class=\"sc-8b815c14-0 jqNLmg\">Ja<\/p>\n<\/td>\n<\/tr>\n<tr id=\"pdp-features-last-always-visible\" class=\"sc-cda3276b-0 iNKSCY\">\n<td class=\"sc-27ebc524-0 iIdXkJ\">\n<p class=\"sc-8b815c14-0 VLjjq\">2 Tassen-Funktion<\/p>\n<\/td>\n<td class=\"sc-27ebc524-0 ca-dqbf sc-4daba230-1 elJoDZ\">\n<p class=\"sc-8b815c14-0 jqNLmg\">Ja<\/p>\n<\/td>\n<\/tr>\n<tr class=\"sc-cda3276b-0 iNKSCY\">\n<td class=\"sc-27ebc524-0 iIdXkJ\">\n<p class=\"sc-8b815c14-0 VLjjq\">Tropfstopp<\/p>\n<\/td>\n<td class=\"sc-27ebc524-0 ca-dqbf sc-4daba230-1 elJoDZ\">\n<p class=\"sc-8b815c14-0 jqNLmg\">Ja<\/p>\n<\/td>\n<\/tr>\n<tr class=\"sc-cda3276b-0 iNKSCY\">\n<td class=\"sc-27ebc524-0 iIdXkJ\">\n<p class=\"sc-8b815c14-0 VLjjq\">Integriertes Mahlwerk<\/p>\n<\/td>\n<td class=\"sc-27ebc524-0 ca-dqbf sc-4daba230-1 elJoDZ\">\n<p class=\"sc-8b815c14-0 jqNLmg\">Ja<\/p>\n<\/td>\n<\/tr>\n<tr class=\"sc-cda3276b-0 iNKSCY\">\n<td class=\"sc-27ebc524-0 iIdXkJ\">\n<p class=\"sc-8b815c14-0 VLjjq\">Mahlwerk<\/p>\n<\/td>\n<td class=\"sc-27ebc524-0 ca-dqbf sc-4daba230-1 elJoDZ\">\n<p class=\"sc-8b815c14-0 jqNLmg\">Kegelmahlwerk mit 13 einstellbaren Mahlgraden<\/p>\n<\/td>\n<\/tr>\n<tr class=\"sc-cda3276b-0 iNKSCY\">\n<td class=\"sc-27ebc524-0 iIdXkJ\">\n<p class=\"sc-8b815c14-0 VLjjq\">Mahlgrade<\/p>\n<\/td>\n<td class=\"sc-27ebc524-0 ca-dqbf sc-4daba230-1 elJoDZ\">\n<p class=\"sc-8b815c14-0 jqNLmg\">13-stufig<\/p>\n<\/td>\n<\/tr>\n<tr class=\"sc-cda3276b-0 iNKSCY\">\n<td class=\"sc-27ebc524-0 iIdXkJ\">\n<p class=\"sc-8b815c14-0 VLjjq\">beheizte Tassenablage<\/p>\n<\/td>\n<td class=\"sc-27ebc524-0 ca-dqbf sc-4daba230-1 elJoDZ\">\n<p class=\"sc-8b815c14-0 jqNLmg\">Nein<\/p>\n<\/td>\n<\/tr>\n<tr class=\"sc-cda3276b-0 iNKSCY\">\n<td class=\"sc-27ebc524-0 iIdXkJ\">\n<p class=\"sc-8b815c14-0 VLjjq\">Tassengr\u00f6\u00dfe einstellbar<\/p>\n<\/td>\n<td class=\"sc-27ebc524-0 ca-dqbf sc-4daba230-1 elJoDZ\">\n<p class=\"sc-8b815c14-0 jqNLmg\">Ja<\/p>\n<\/td>\n<\/tr>\n<tr class=\"sc-cda3276b-0 iNKSCY\">\n<td class=\"sc-27ebc524-0 iIdXkJ\">\n<p class=\"sc-8b815c14-0 VLjjq\">Milchaufsch\u00e4umer<\/p>\n<\/td>\n<td class=\"sc-27ebc524-0 ca-dqbf sc-4daba230-1 elJoDZ\">\n<p class=\"sc-8b815c14-0 jqNLmg\">interner Milchsch\u00e4umer<\/p>\n<\/td>\n<\/tr>\n<tr class=\"sc-cda3276b-0 iNKSCY\">\n<td class=\"sc-27ebc524-0 iIdXkJ\">\n<p class=\"sc-8b815c14-0 VLjjq\">Milchzufuhr<\/p>\n<\/td>\n<td class=\"sc-27ebc524-0 ca-dqbf sc-4daba230-1 elJoDZ\">\n<p class=\"sc-8b815c14-0 jqNLmg\">externer Milchbeh\u00e4lter<\/p>\n<\/td>\n<\/tr>\n<tr class=\"sc-cda3276b-0 iNKSCY\">\n<td class=\"sc-27ebc524-0 iIdXkJ\">\n<p class=\"sc-8b815c14-0 VLjjq\">Dampfd\u00fcse<\/p>\n<\/td>\n<td class=\"sc-27ebc524-0 ca-dqbf sc-4daba230-1 elJoDZ\">\n<p class=\"sc-8b815c14-0 jqNLmg\">Nein<\/p>\n<\/td>\n<\/tr>\n<tr class=\"sc-cda3276b-0 iNKSCY\">\n<td class=\"sc-27ebc524-0 iIdXkJ\">\n<p class=\"sc-8b815c14-0 VLjjq\">Hei\u00dfwasser\/-dampf<\/p>\n<\/td>\n<td class=\"sc-27ebc524-0 ca-dqbf sc-4daba230-1 elJoDZ\">\n<p class=\"sc-8b815c14-0 jqNLmg\">Ja<\/p>\n<\/td>\n<\/tr>\n<tr class=\"sc-cda3276b-0 iNKSCY\">\n<td class=\"sc-27ebc524-0 iIdXkJ\">\n<p class=\"sc-8b815c14-0 VLjjq\">Wasserfilter<\/p>\n<\/td>\n<td class=\"sc-27ebc524-0 ca-dqbf sc-4daba230-1 elJoDZ\">\n<p class=\"sc-8b815c14-0 jqNLmg\">Ja<\/p>\n<\/td>\n<\/tr>\n<tr class=\"sc-cda3276b-0 iNKSCY\">\n<td class=\"sc-27ebc524-0 iIdXkJ\">\n<p class=\"sc-8b815c14-0 VLjjq\">abnehmbarer Wassertank<\/p>\n<\/td>\n<td class=\"sc-27ebc524-0 ca-dqbf sc-4daba230-1 elJoDZ\">\n<p class=\"sc-8b815c14-0 jqNLmg\">Ja<\/p>\n<\/td>\n<\/tr>\n<tr class=\"sc-cda3276b-0 iNKSCY\">\n<td class=\"sc-27ebc524-0 iIdXkJ\">\n<p class=\"sc-8b815c14-0 VLjjq\">abnehmbarer Milchbeh\u00e4lter<\/p>\n<\/td>\n<td class=\"sc-27ebc524-0 ca-dqbf sc-4daba230-1 elJoDZ\">\n<p class=\"sc-8b815c14-0 jqNLmg\">Ja<\/p>\n<\/td>\n<\/tr>\n<tr class=\"sc-cda3276b-0 iNKSCY\">\n<td class=\"sc-27ebc524-0 iIdXkJ\">\n<p class=\"sc-8b815c14-0 VLjjq\">Abschaltautomatik<\/p>\n<\/td>\n<td class=\"sc-27ebc524-0 ca-dqbf sc-4daba230-1 elJoDZ\">\n<p class=\"sc-8b815c14-0 jqNLmg\">Ja<\/p>\n<\/td>\n<\/tr>\n<tr class=\"sc-cda3276b-0 iNKSCY\">\n<td class=\"sc-27ebc524-0 iIdXkJ\">\n<p class=\"sc-8b815c14-0 VLjjq\">Reinigungsprogramm<\/p>\n<\/td>\n<td class=\"sc-27ebc524-0 ca-dqbf sc-4daba230-1 elJoDZ\">\n<p class=\"sc-8b815c14-0 jqNLmg\">Ja<\/p>\n<\/td>\n<\/tr>\n<tr class=\"sc-cda3276b-0 iNKSCY\">\n<td class=\"sc-27ebc524-0 iIdXkJ\">\n<p class=\"sc-8b815c14-0 VLjjq\">AutoCappuccino-System<\/p>\n<\/td>\n<td class=\"sc-27ebc524-0 ca-dqbf sc-4daba230-1 elJoDZ\">\n<p class=\"sc-8b815c14-0 jqNLmg\">DeLonghi LatteCrema Hot Milchaufsch\u00e4umsystem<\/p>\n<\/td>\n<\/tr>\n<tr class=\"sc-cda3276b-0 iNKSCY\">\n<td class=\"sc-27ebc524-0 iIdXkJ\">\n<p class=\"sc-8b815c14-0 VLjjq\">App-steuerbar<\/p>\n<\/td>\n<td class=\"sc-27ebc524-0 ca-dqbf sc-4daba230-1 elJoDZ\">\n<p class=\"sc-8b815c14-0 jqNLmg\">Nein<\/p>\n<\/td>\n<\/tr>\n<tr class=\"sc-cda3276b-0 iNKSCY\">\n<td class=\"sc-27ebc524-0 iIdXkJ\">\n<p class=\"sc-8b815c14-0 VLjjq\">Sp\u00fclmaschinengeeignet<\/p>\n<\/td>\n<td class=\"sc-27ebc524-0 ca-dqbf sc-4daba230-1 elJoDZ\">\n<p class=\"sc-8b815c14-0 jqNLmg\">Nur Zubeh\u00f6rteile<\/p>\n<\/td>\n<\/tr>\n<tr class=\"sc-cda3276b-0 iNKSCY\">\n<td class=\"sc-27ebc524-0 iIdXkJ\">\n<p class=\"sc-8b815c14-0 VLjjq\">Besondere Merkmale<\/p>\n<\/td>\n<td class=\"sc-27ebc524-0 ca-dqbf sc-4daba230-1 elJoDZ\">\n<p class=\"sc-8b815c14-0 jqNLmg\">16 Kaffee- und Milchgetr\u00e4nke, Bean Switch System mit 2 auswechselbaren Bohnenbeh\u00e4ltern, integrierte Bean Adapt Technology, farbiges 3.5 Zoll Fulltouch-TFT-Display mit interaktivem Bedienfeld, 4 umfangreiche Profile mit Kaffeeroutinen, die Rivelia erkennt zu welcher Uhrzeit welches Kaffee-Getr\u00e4nk getrunken wird und stellt das entsprechend an den Anfang des Auswahlmen\u00fcs, LatteCrema Hot mit automatischem Reinigungssystem, einfache Anpassung mit immer verf\u00fcgbaren Getr\u00e4nkeparametern, Funktion \u201eExtra Shot\u201c f\u00fcr einen zus\u00e4tzlichen Koffeinkick, 5 St\u00e4rkegrade, 4 Gr\u00f6\u00dfen, 3 Temperatureinstellungen, integriertes Mahlwerk mit externem Mahlgradregler mit 13 Einstellungen, entnehmbare Br\u00fchgruppe f\u00fcr einfache Reinigung und Wartung, leicht zug\u00e4nglicher externer 1.4l Wassertank<\/p>\n<\/td>\n<\/tr>\n<tr class=\"sc-cda3276b-0 iNKSCY\">\n<td class=\"sc-27ebc524-0 iIdXkJ\">\n<p class=\"sc-8b815c14-0 VLjjq\">WLAN<\/p>\n<\/td>\n<td class=\"sc-27ebc524-0 ca-dqbf sc-4daba230-1 elJoDZ\">\n<p class=\"sc-8b815c14-0 jqNLmg\">Nein<\/p>\n<\/td>\n<\/tr>\n<tr class=\"sc-cda3276b-0 iNKSCY\">\n<td class=\"sc-27ebc524-0 iIdXkJ\">\n<p class=\"sc-8b815c14-0 VLjjq\">Sprachsteuerung<\/p>\n<\/td>\n<td class=\"sc-27ebc524-0 ca-dqbf sc-4daba230-1 elJoDZ\">\n<p class=\"sc-8b815c14-0 jqNLmg\">Nein<\/p>\n<\/td>\n<\/tr>\n<\/tbody>\n<\/table>\n<table class=\"sc-4fa5c86b-0 ghZSzg\">\n<thead class=\"sc-4d4fd441-0 fAxnSG\">\n<tr class=\"sc-cda3276b-0 iNKSCY\">\n<th class=\"sc-27ebc524-0 Lhmuk\">\n<p class=\"sc-8b815c14-0 fWfCPI\">Anzeige\/Steuerung<\/p>\n<\/th>\n<th class=\"sc-27ebc524-0 dOIQbM\"><\/th>\n<\/tr>\n<\/thead>\n<tbody class=\"sc-18c0a0ab-0 hjSrbh\">\n<tr class=\"sc-cda3276b-0 iNKSCY\">\n<td class=\"sc-27ebc524-0 iIdXkJ\">\n<p class=\"sc-8b815c14-0 VLjjq\">Infodisplay<\/p>\n<\/td>\n<td class=\"sc-27ebc524-0 ca-dqbf sc-4daba230-1 elJoDZ\">\n<p class=\"sc-8b815c14-0 jqNLmg\">Farbiges 3.5 Zoll Fulltouch-TFT-Display mit interaktivem Bedienfeld<\/p>\n<\/td>\n<\/tr>\n<tr class=\"sc-cda3276b-0 iNKSCY\">\n<td class=\"sc-27ebc524-0 iIdXkJ\">\n<p class=\"sc-8b815c14-0 VLjjq\">Display<\/p>\n<\/td>\n<td class=\"sc-27ebc524-0 ca-dqbf sc-4daba230-1 elJoDZ\">\n<p class=\"sc-8b815c14-0 jqNLmg\">Farbiges 3.5 Zoll Fulltouch-TFT-Display mit interaktivem Bedienfeld<\/p>\n<\/td>\n<\/tr>\n<tr class=\"sc-cda3276b-0 iNKSCY\">\n<td class=\"sc-27ebc524-0 iIdXkJ\">\n<p class=\"sc-8b815c14-0 VLjjq\">Touchscreen<\/p>\n<\/td>\n<td class=\"sc-27ebc524-0 ca-dqbf sc-4daba230-1 elJoDZ\">\n<p class=\"sc-8b815c14-0 jqNLmg\">Ja<\/p>\n<\/td>\n<\/tr>\n<tr class=\"sc-cda3276b-0 iNKSCY\">\n<td class=\"sc-27ebc524-0 iIdXkJ\">\n<p class=\"sc-8b815c14-0 VLjjq\">Bluetooth<\/p>\n<\/td>\n<td class=\"sc-27ebc524-0 ca-dqbf sc-4daba230-1 elJoDZ\">\n<p class=\"sc-8b815c14-0 jqNLmg\">Nein<\/p>\n<\/td>\n<\/tr>\n<tr class=\"sc-cda3276b-0 iNKSCY\">\n<td class=\"sc-27ebc524-0 iIdXkJ\">\n<p class=\"sc-8b815c14-0 VLjjq\">Zeitschaltuhr (Timer)<\/p>\n<\/td>\n<td class=\"sc-27ebc524-0 ca-dqbf sc-4daba230-1 elJoDZ\">\n<p class=\"sc-8b815c14-0 jqNLmg\">Nein<\/p>\n<\/td>\n<\/tr>\n<tr class=\"sc-cda3276b-0 iNKSCY\">\n<td class=\"sc-27ebc524-0 iIdXkJ\">\n<p class=\"sc-8b815c14-0 VLjjq\">F\u00fcllstandsanzeige<\/p>\n<\/td>\n<td class=\"sc-27ebc524-0 ca-dqbf sc-4daba230-1 elJoDZ\">\n<p class=\"sc-8b815c14-0 jqNLmg\">Ja<\/p>\n<\/td>\n<\/tr>\n<tr class=\"sc-cda3276b-0 iNKSCY\">\n<td class=\"sc-27ebc524-0 iIdXkJ\">\n<p class=\"sc-8b815c14-0 VLjjq\">Betriebskontrollleuchte<\/p>\n<\/td>\n<td class=\"sc-27ebc524-0 ca-dqbf sc-4daba230-1 elJoDZ\">\n<p class=\"sc-8b815c14-0 jqNLmg\">Ja<\/p>\n<\/td>\n<\/tr>\n<tr class=\"sc-cda3276b-0 iNKSCY\">\n<td class=\"sc-27ebc524-0 iIdXkJ\">\n<p class=\"sc-8b815c14-0 VLjjq\">vorprogrammierbare Einschaltzeit<\/p>\n<\/td>\n<td class=\"sc-27ebc524-0 ca-dqbf sc-4daba230-1 elJoDZ\">\n<p class=\"sc-8b815c14-0 jqNLmg\">Nein<\/p>\n<\/td>\n<\/tr>\n<tr class=\"sc-cda3276b-0 iNKSCY\">\n<td class=\"sc-27ebc524-0 iIdXkJ\">\n<p class=\"sc-8b815c14-0 VLjjq\">Reinigungs- und Entkalkungsalarm<\/p>\n<\/td>\n<td class=\"sc-27ebc524-0 ca-dqbf sc-4daba230-1 elJoDZ\">\n<p class=\"sc-8b815c14-0 jqNLmg\">Ja<\/p>\n<\/td>\n<\/tr>\n<\/tbody>\n<\/table>\n<table class=\"sc-4fa5c86b-0 ghZSzg\">\n<thead class=\"sc-4d4fd441-0 fAxnSG\">\n<tr class=\"sc-cda3276b-0 iNKSCY\">\n<th class=\"sc-27ebc524-0 Lhmuk\">\n<p class=\"sc-8b815c14-0 fWfCPI\">Energieversorgung<\/p>\n<\/th>\n<th class=\"sc-27ebc524-0 dOIQbM\"><\/th>\n<\/tr>\n<\/thead>\n<tbody class=\"sc-18c0a0ab-0 hjSrbh\">\n<tr class=\"sc-cda3276b-0 iNKSCY\">\n<td class=\"sc-27ebc524-0 iIdXkJ\">\n<p class=\"sc-8b815c14-0 VLjjq\">Betriebsart<\/p>\n<\/td>\n<td class=\"sc-27ebc524-0 ca-dqbf sc-4daba230-1 elJoDZ\">\n<p class=\"sc-8b815c14-0 jqNLmg\">Netzbetrieb<\/p>\n<\/td>\n<\/tr>\n<tr class=\"sc-cda3276b-0 iNKSCY\">\n<td class=\"sc-27ebc524-0 iIdXkJ\">\n<p class=\"sc-8b815c14-0 VLjjq\">Eingangsspannung<\/p>\n<\/td>\n<td class=\"sc-27ebc524-0 ca-dqbf sc-4daba230-1 elJoDZ\">\n<p class=\"sc-8b815c14-0 jqNLmg\">220-240 Volt<\/p>\n<\/td>\n<\/tr>\n<tr class=\"sc-cda3276b-0 iNKSCY\">\n<td class=\"sc-27ebc524-0 iIdXkJ\">\n<p class=\"sc-8b815c14-0 VLjjq\">Frequenz<\/p>\n<\/td>\n<td class=\"sc-27ebc524-0 ca-dqbf sc-4daba230-1 elJoDZ\">\n<p class=\"sc-8b815c14-0 jqNLmg\">50\/60 Hz<\/p>\n<\/td>\n<\/tr>\n<\/tbody>\n<\/table>\n<table class=\"sc-4fa5c86b-0 ghZSzg\">\n<thead class=\"sc-4d4fd441-0 fAxnSG\">\n<tr class=\"sc-cda3276b-0 iNKSCY\">\n<th class=\"sc-27ebc524-0 Lhmuk\">\n<p class=\"sc-8b815c14-0 fWfCPI\">Allgemeine Merkmale<\/p>\n<\/th>\n<th class=\"sc-27ebc524-0 dOIQbM\"><\/th>\n<\/tr>\n<\/thead>\n<tbody class=\"sc-18c0a0ab-0 hjSrbh\">\n<tr class=\"sc-cda3276b-0 iNKSCY\">\n<td class=\"sc-27ebc524-0 iIdXkJ\">\n<p class=\"sc-8b815c14-0 VLjjq\">Geh\u00e4usematerial<\/p>\n<\/td>\n<td class=\"sc-27ebc524-0 ca-dqbf sc-4daba230-1 elJoDZ\">\n<p class=\"sc-8b815c14-0 jqNLmg\">Kunststoff<\/p>\n<\/td>\n<\/tr>\n<tr class=\"sc-cda3276b-0 iNKSCY\">\n<td class=\"sc-27ebc524-0 iIdXkJ\">\n<p class=\"sc-8b815c14-0 VLjjq\">Material Wassertank<\/p>\n<\/td>\n<td class=\"sc-27ebc524-0 ca-dqbf sc-4daba230-1 elJoDZ\">\n<p class=\"sc-8b815c14-0 jqNLmg\">Kunststoff<\/p>\n<\/td>\n<\/tr>\n<tr class=\"sc-cda3276b-0 iNKSCY\">\n<td class=\"sc-27ebc524-0 iIdXkJ\">\n<p class=\"sc-8b815c14-0 VLjjq\">Geeignete Kaffeeart<\/p>\n<\/td>\n<td class=\"sc-27ebc524-0 ca-dqbf sc-4daba230-1 elJoDZ\">\n<p class=\"sc-8b815c14-0 jqNLmg\">Kaffeebohnen, gemahlener Kaffee<\/p>\n<\/td>\n<\/tr>\n<tr class=\"sc-cda3276b-0 iNKSCY\">\n<td class=\"sc-27ebc524-0 iIdXkJ\">\n<p class=\"sc-8b815c14-0 VLjjq\">Farbe (laut Hersteller)<\/p>\n<\/td>\n<td class=\"sc-27ebc524-0 ca-dqbf sc-4daba230-1 elJoDZ\">\n<p class=\"sc-8b815c14-0 jqNLmg\">Schwarz<\/p>\n<\/td>\n<\/tr>\n<tr class=\"sc-cda3276b-0 iNKSCY\">\n<td class=\"sc-27ebc524-0 iIdXkJ\">\n<p class=\"sc-8b815c14-0 VLjjq\">Kabell\u00e4nge<\/p>\n<\/td>\n<td class=\"sc-27ebc524-0 ca-dqbf sc-4daba230-1 elJoDZ\">\n<p class=\"sc-8b815c14-0 jqNLmg\">0.8 m<\/p>\n<\/td>\n<\/tr>\n<tr class=\"sc-cda3276b-0 iNKSCY\">\n<td class=\"sc-27ebc524-0 iIdXkJ\">\n<p class=\"sc-8b815c14-0 VLjjq\">Breite<\/p>\n<\/td>\n<td class=\"sc-27ebc524-0 ca-dqbf sc-4daba230-1 elJoDZ\">\n<p class=\"sc-8b815c14-0 jqNLmg\">245 mm<\/p>\n<\/td>\n<\/tr>\n<tr class=\"sc-cda3276b-0 iNKSCY\">\n<td class=\"sc-27ebc524-0 iIdXkJ\">\n<p class=\"sc-8b815c14-0 VLjjq\">H\u00f6he<\/p>\n<\/td>\n<td class=\"sc-27ebc524-0 ca-dqbf sc-4daba230-1 elJoDZ\">\n<p class=\"sc-8b815c14-0 jqNLmg\">385 mm<\/p>\n<\/td>\n<\/tr>\n<tr class=\"sc-cda3276b-0 iNKSCY\">\n<td class=\"sc-27ebc524-0 iIdXkJ\">\n<p class=\"sc-8b815c14-0 VLjjq\">Tiefe<\/p>\n<\/td>\n<td class=\"sc-27ebc524-0 ca-dqbf sc-4daba230-1 elJoDZ\">\n<p class=\"sc-8b815c14-0 jqNLmg\">430 mm<\/p>\n<\/td>\n<\/tr>\n<tr class=\"sc-cda3276b-0 iNKSCY\">\n<td class=\"sc-27ebc524-0 iIdXkJ\">\n<p class=\"sc-8b815c14-0 VLjjq\">Gewicht (laut Hersteller)<\/p>\n<\/td>\n<td class=\"sc-27ebc524-0 ca-dqbf sc-4daba230-1 elJoDZ\">\n<p class=\"sc-8b815c14-0 jqNLmg\">9.7 kg<\/p>\n<\/td>\n<\/tr>\n<tr class=\"sc-cda3276b-0 iNKSCY\">\n<td class=\"sc-27ebc524-0 iIdXkJ\">\n<p class=\"sc-8b815c14-0 VLjjq\">Gewicht<\/p>\n<\/td>\n<td class=\"sc-27ebc524-0 ca-dqbf sc-4daba230-1 elJoDZ\">\n<p class=\"sc-8b815c14-0 jqNLmg\">9.7 kg<\/p>\n<\/td>\n<\/tr>\n<tr class=\"sc-cda3276b-0 iNKSCY\">\n<td class=\"sc-27ebc524-0 iIdXkJ\">\n<p class=\"sc-8b815c14-0 VLjjq\">Lieferumfang<\/p>\n<\/td>\n<td class=\"sc-27ebc524-0 ca-dqbf sc-4daba230-1 elJoDZ\">\n<p class=\"sc-8b815c14-0 jqNLmg\">Kaffeevollautomat, zus\u00e4tzlicher Bohnenbeh\u00e4lter, Wasserfilter, Hei\u00dfwasserauslauf, Schutzdeckel f\u00fcr Mahlwerk, abnehmbarer Trichter f\u00fcr Kaffeepulver, Wasserh\u00e4rteteststreifen, Kaffeema\u00df, Bedienungsanleitung<\/p>\n<\/td>\n<\/tr>\n<tr class=\"sc-cda3276b-0 iNKSCY\">\n<td class=\"sc-27ebc524-0 iIdXkJ\">\n<p class=\"sc-8b815c14-0 VLjjq\">Hersteller<\/p>\n<\/td>\n<td class=\"sc-27ebc524-0 ca-dqbf sc-4daba230-1 elJoDZ\">\n<p class=\"sc-8b815c14-0 jqNLmg\">DELONGHI<\/p>\n<\/td>\n<\/tr>\n<tr class=\"sc-cda3276b-0 iNKSCY\">\n<td class=\"sc-27ebc524-0 iIdXkJ\">\n<p class=\"sc-8b815c14-0 VLjjq\">Reihe<\/p>\n<\/td>\n<td class=\"sc-27ebc524-0 ca-dqbf sc-4daba230-1 elJoDZ\">\n<p class=\"sc-8b815c14-0 jqNLmg\">Rivelia<\/p>\n<\/td>\n<\/tr>\n<tr class=\"sc-cda3276b-0 iNKSCY\">\n<td class=\"sc-27ebc524-0 iIdXkJ\">\n<p class=\"sc-8b815c14-0 VLjjq\">Ursprungsland\/Herkunftsort<\/p>\n<\/td>\n<td class=\"sc-27ebc524-0 ca-dqbf sc-4daba230-1 elJoDZ\">\n<p class=\"sc-8b815c14-0 jqNLmg\">Rum\u00e4nien<\/p>\n<\/td>\n<\/tr>\n<\/tbody>\n<\/table>\n<table class=\"sc-4fa5c86b-0 ghZSzg\">\n<thead class=\"sc-4d4fd441-0 fAxnSG\">\n<tr class=\"sc-cda3276b-0 iNKSCY\">\n<th class=\"sc-27ebc524-0 Lhmuk\">\n<p class=\"sc-8b815c14-0 fWfCPI\">Update Richtlinie<\/p>\n<\/th>\n<th class=\"sc-27ebc524-0 dOIQbM\"><\/th>\n<\/tr>\n<\/thead>\n<tbody class=\"sc-18c0a0ab-0 hjSrbh\">\n<tr class=\"sc-cda3276b-0 iNKSCY\">\n<td class=\"sc-27ebc524-0 iIdXkJ\">\n<p class=\"sc-8b815c14-0 VLjjq\">Modelljahr<\/p>\n<\/td>\n<td class=\"sc-27ebc524-0 ca-dqbf sc-4daba230-1 elJoDZ\">\n<p class=\"sc-8b815c14-0 jqNLmg\">2024<\/p>\n<\/td>\n<\/tr>\n<\/tbody>\n<\/table>\n<table class=\"sc-4fa5c86b-0 ghZSzg\">\n<thead class=\"sc-4d4fd441-0 fAxnSG\">\n<tr class=\"sc-cda3276b-0 iNKSCY\">\n<th class=\"sc-27ebc524-0 Lhmuk\">\n<p class=\"sc-8b815c14-0 fWfCPI\">Nachhaltigkeit<\/p>\n<\/th>\n<th class=\"sc-27ebc524-0 dOIQbM\"><\/th>\n<\/tr>\n<\/thead>\n<tbody class=\"sc-18c0a0ab-0 hjSrbh\">\n<tr class=\"sc-cda3276b-0 iNKSCY\">\n<td class=\"sc-27ebc524-0 iIdXkJ\">\n<p class=\"sc-8b815c14-0 VLjjq\">BetterWay. Erf\u00fcllt die Kriterien von<\/p>\n<\/td>\n<td class=\"sc-27ebc524-0 ca-dqbf sc-4daba230-1 elJoDZ\">\n<p class=\"sc-8b815c14-0 jqNLmg\">BetterWay Coffee Machines<\/p>\n<\/td>\n<\/tr>\n<\/tbody>\n<\/table>","protected":false},"excerpt":{"rendered":"<div class=\"del-pdp__info__content --summary\">\n<p>Tauchen Sie mit Rivelia in die Welt des Kaffees ein. Entdecken Sie mit dem Bean Switch System unendliche Bohnensorten und genie\u00dfen Sie ein immersives Erlebnis mit einem 3,5-Zoll-Farbdisplay mit reichhaltigen Animationen und Kaffeeroutinen, die speziell auf Sie zugeschnitten sind. Runden Sie Ihre Getr\u00e4nke auf Milchbasis mit feinem, reichhaltigem Schaum mit der LatteCrema Hot Milchsystem in einer kompakten Maschine ab, die zu Ihrem Stil passt.<\/p>\n<\/p>\n<\/div>\n<div class=\"del-pdp__info__content --summary\">\n<ul>\n<li>Mit dem Bean Switch System k\u00f6nnen Sie ganz einfach zwischen verschiedenen Bohnensorten wechseln und diese probieren.<\/li>\n<li>Die Bean-Adapt-Technologie passt den Mahlgrad, die Kaffeedosierung und die Br\u00fchtemperatur leicht an die von Ihnen gew\u00e4hlten Bohnen an.<\/li>\n<li>LatteCrema Hot liefert automatisch feinen k\u00f6stlich-hei\u00dfen Milchschaum und erm\u00f6glicht eine automatische Reinigung auf Knopfdruck.<\/li>\n<li>Intuitives 3,5-Zoll-Farbdisplay mit 16\u00a0Getr\u00e4nken mit nur einem Knopfdruck.<\/li>\n<\/ul>\n<p>\u00a0<\/p>\n<table class=\"a-normal a-spacing-micro\">\n<tbody>\n<tr class=\"a-spacing-small po-brand\">\n<td class=\"a-span3\">Marke<\/td>\n<td class=\"a-span9\"><span class=\"a-size-base po-break-word\">De\u2019Longhi<\/span><\/td>\n<\/tr>\n<tr class=\"a-spacing-small po-color\">\n<td class=\"a-span3\">Farbe<\/td>\n<td class=\"a-span9\"><strong>Schwarz<\/strong><\/td>\n<\/tr>\n<tr class=\"a-spacing-small po-item_depth_width_height\">\n<td class=\"a-span3\">Produktma\u00dfen<\/td>\n<td class=\"a-span9\"><span class=\"del-pdp__specifications__single__value\">245 x 430 x 385<\/span><\/td>\n<\/tr>\n<tr class=\"a-spacing-small po-special_feature\">\n<td class=\"a-span3\">Besonderheit<\/td>\n<td class=\"a-span9\">\n<div class=\"translation-list__item\"><span class=\"translation-list__item-span\">Milchaufsch\u00e4umer <\/span><\/div>\n<\/td>\n<\/tr>\n<tr class=\"a-spacing-small po-coffee_maker_type\">\n<td class=\"a-span3\">Typ der Kaffeemaschine<\/td>\n<td class=\"a-span9\">\n<div class=\"translation-list__item\"><span class=\"translation-list__item-span\">Espresso-Maschine <\/span><\/div>\n<\/td>\n<\/tr>\n<\/tbody>\n<\/table>\n<p><strong>Produkt gratis in 3 Tagen nach Deutschland geliefert<\/strong><\/p>\n<\/p>\n<\/div>","protected":false},"featured_media":11404,"template":"","meta":[],"product_brand":[],"product_cat":[29],"product_tag":[],"product_country":[1501],"class_list":{"0":"post-11403","1":"product","2":"type-product","3":"status-publish","4":"has-post-thumbnail","6":"product_cat-espressomaschinen","7":"product_country-germany","9":"first","10":"instock","11":"sale","12":"taxable","13":"shipping-taxable","14":"purchasable","15":"product-type-simple"},"_links":{"self":[{"href":"https:\/\/routinesfashione.com\/nl\/wp-json\/wp\/v2\/product\/11403","targetHints":{"allow":["GET"]}}],"collection":[{"href":"https:\/\/routinesfashione.com\/nl\/wp-json\/wp\/v2\/product"}],"about":[{"href":"https:\/\/routinesfashione.com\/nl\/wp-json\/wp\/v2\/types\/product"}],"wp:featuredmedia":[{"embeddable":true,"href":"https:\/\/routinesfashione.com\/nl\/wp-json\/wp\/v2\/media\/11404"}],"wp:attachment":[{"href":"https:\/\/routinesfashione.com\/nl\/wp-json\/wp\/v2\/media?parent=11403"}],"wp:term":[{"taxonomy":"product_brand","embeddable":true,"href":"https:\/\/routinesfashione.com\/nl\/wp-json\/wp\/v2\/product_brand?post=11403"},{"taxonomy":"product_cat","embeddable":true,"href":"https:\/\/routinesfashione.com\/nl\/wp-json\/wp\/v2\/product_cat?post=11403"},{"taxonomy":"product_tag","embeddable":true,"href":"https:\/\/routinesfashione.com\/nl\/wp-json\/wp\/v2\/product_tag?post=11403"},{"taxonomy":"product_country","embeddable":true,"href":"https:\/\/routinesfashione.com\/nl\/wp-json\/wp\/v2\/product_country?post=11403"}],"curies":[{"name":"wp","href":"https:\/\/api.w.org\/{rel}","templated":true}]}}