{"id":11492,"date":"2025-09-30T20:11:30","date_gmt":"2025-09-30T20:11:30","guid":{"rendered":"https:\/\/lightgray-crow-170497.hostingersite.com\/?post_type=product&#038;p=11492"},"modified":"2025-09-30T21:20:19","modified_gmt":"2025-09-30T21:20:19","slug":"stihl-rm-650-ve-modell-2025","status":"publish","type":"product","link":"https:\/\/routinesfashione.com\/nl\/produit\/stihl-rm-650-ve-modell-2025\/","title":{"rendered":"STIHL RM 650 VE \u2013 Modell 2025"},"content":{"rendered":"<p>Der STIHL Benzin-Rasenm\u00e4her RM 650 VE vereint moderne Technologien in einem Modell, das dank Elektrostart Funktion unmittelbar auf Knopfdruck mit der Arbeit beginnt. Mit seinem Vario-Radantrieb k\u00f6nnen Sie die M\u00e4hgeschwindigkeit an das Gel\u00e4nde und das zu m\u00e4hende Gras anpassen. Die Drehzahl des leistungsstarken Motors bleibt auch bei einer Ver\u00e4nderung des Tempos stabil.<\/p>\n<p>Der RM 650 VE bietet eine Schnittbreite von 48 cm und ist damit ideal f\u00fcr die Pflege gr\u00f6\u00dferer G\u00e4rten. Dank seines vielseitigen Multi-Messers haben Sie jederzeit die Wahl, ob Sie das gem\u00e4hte Gras im klappbaren Grasfangkorb auffangen oder zum Mulchen nutzen m\u00f6chten. Die Schnitth\u00f6he des Messers l\u00e4sst sich stufenweise von 25 bis 85 mm auf die gew\u00fcnschte H\u00f6he einstellen.<\/p>\n<p>Der praktische Komfortlenker des Rasenm\u00e4hers l\u00e4sst sich schnell und unkompliziert an Ihre Arbeitsh\u00f6he anpassen. Sein zusammenklappbarer Holm erleichtert sowohl das Entnehmen des 70-Liter-Grasfangkorbs zum Entleeren als auch eine platzsparende Lagerung des Rasenm\u00e4hers nach dem M\u00e4hvorgang.<\/p>\n<h3>Vorteile<\/h3>\n<div>\n<div class=\"table-wrapper\">\n<table class=\"UserAttributes\">\n<tbody>\n<tr class=\"PSR1\">\n<td class=\"AttributeLabel VerticalAlignMiddle\"><\/td>\n<td class=\"AttributeContent\">Mulchkit optional erh\u00e4ltlich: Das Schnittgut wird so klein geh\u00e4ckselt, dass es als nat\u00fcrlicher, biologischer D\u00fcnger auf der gem\u00e4hten Fl\u00e4che verbleiben kann. Besonders vorteilhaft in wachstumsstarken Perioden, da Entsorgung des Schnittguts entf\u00e4llt.<\/td>\n<\/tr>\n<tr class=\"PSR2\">\n<td class=\"AttributeLabel VerticalAlignMiddle\"><\/td>\n<td class=\"AttributeContent\">Neben einem vergleichweise geringem Gewicht zeichnet sich das Aluminiumgeh\u00e4use besonders durch die hohe Stabilit\u00e4t und seiner Langlebigkeit aus.<\/td>\n<\/tr>\n<tr class=\"PSR3\">\n<td class=\"AttributeLabel VerticalAlignMiddle\"><\/td>\n<td class=\"AttributeContent\">Dank des klappbaren F\u00fchrungsholm kann der Rasenm\u00e4her platzsparend eingelagert oder transportiert werden.<\/td>\n<\/tr>\n<tr class=\"PSR4\">\n<td class=\"AttributeLabel VerticalAlignMiddle\"><\/td>\n<td class=\"AttributeContent\">Die F\u00fcllstandsanzeige am Fangkorb zeigt zuverl\u00e4ssig an, wann der Fangkorb voll ist und entleert werden muss.<\/td>\n<\/tr>\n<tr class=\"PSR5\">\n<td class=\"AttributeLabel VerticalAlignMiddle\"><\/td>\n<td class=\"AttributeContent\">Besonders komfortable und leichte Handhabung auch auf etwas unwegsamerem Gel\u00e4nde durch kugelgelagerten R\u00e4der.<\/td>\n<\/tr>\n<tr class=\"PSR6\">\n<td class=\"AttributeLabel VerticalAlignMiddle\"><\/td>\n<td class=\"AttributeContent\">Der h\u00f6henverstellbare Holm kann werkzeuglos individuell auf Ihre K\u00f6rpergr\u00f6\u00dfe angepasst werden, wodurch ein komfortables und erm\u00fcdungsarmes Arbeiten erm\u00f6glicht wird.<\/td>\n<\/tr>\n<tr class=\"PSR7\">\n<td class=\"AttributeLabel VerticalAlignMiddle\"><\/td>\n<td class=\"AttributeContent\">Hervorragende Man\u00f6vrierf\u00e4higkeit dank kompaktem M\u00e4hdeck<\/td>\n<\/tr>\n<tr class=\"PSR8\">\n<td class=\"AttributeLabel VerticalAlignMiddle\"><\/td>\n<td class=\"AttributeContent\">Das Geh\u00e4use aus Aluminium ist besonders langlebig und rostfrei<\/td>\n<\/tr>\n<tr class=\"PSR9\">\n<td class=\"AttributeLabel VerticalAlignMiddle\"><\/td>\n<td class=\"AttributeContent\">Die Entleerung des Fangkorbs ist besonders einfach, da sich der Deckel des Korbs zum Entleeren aufklappen l\u00e4sst.<\/td>\n<\/tr>\n<tr class=\"PSR10\">\n<td class=\"AttributeLabel VerticalAlignMiddle\"><\/td>\n<td class=\"AttributeContent\">Der Mono-Komfortlenker macht dies Ein- und Ausheben des Fangkorbs besonders einfach, da kein st\u00f6render Holm dabei im Weg ist<\/td>\n<\/tr>\n<\/tbody>\n<\/table>\n<\/div>\n<\/div>\n<p>\u00a0<\/p>\n<h3>Artikeldetails<\/h3>\n<div class=\"table-wrapper\">\n<table class=\"HBOUserAttributes\">\n<tbody>\n<tr>\n<td class=\"AttributeGroupHeader\" colspan=\"2\">Motor &#038; Ausstattung<\/td>\n<\/tr>\n<tr>\n<td class=\"AttributeName VerticalAlignMiddle AttributeBorder\">Marke Motor<\/td>\n<td class=\"AttributeContent AttributeBorder\">STIHL<\/td>\n<\/tr>\n<tr>\n<td class=\"AttributeName VerticalAlignMiddle AttributeBorder\">Motorbezeichnung<\/td>\n<td class=\"AttributeContent AttributeBorder\">EVC 300 E<\/td>\n<\/tr>\n<tr>\n<td class=\"AttributeName VerticalAlignMiddle AttributeBorder\">Hubraum<\/td>\n<td class=\"AttributeContent AttributeBorder\">166 cm\u00b3<\/td>\n<\/tr>\n<tr>\n<td class=\"AttributeName VerticalAlignMiddle AttributeBorder\">Motorleistung<\/td>\n<td class=\"AttributeContent AttributeBorder\">3,3 kW \/ 4,5 PS bei 3600 U\/Min<\/td>\n<\/tr>\n<tr>\n<td class=\"AttributeName VerticalAlignMiddle AttributeBorder\">Ger\u00e4teleistung<\/td>\n<td class=\"AttributeContent AttributeBorder\">2,6 kW \/ 3,5 PS bei 2800 U\/Min<\/td>\n<\/tr>\n<tr>\n<td class=\"AttributeName VerticalAlignMiddle AttributeBorder\">Motorstart<\/td>\n<td class=\"AttributeContent AttributeBorder\">Elektrostart<\/td>\n<\/tr>\n<tr>\n<td class=\"AttributeGroupHeader\" colspan=\"2\">M\u00e4hdaten<\/td>\n<\/tr>\n<tr>\n<td class=\"AttributeName VerticalAlignMiddle AttributeBorder\">maximale Fl\u00e4chenleistung<\/td>\n<td class=\"AttributeContent AttributeBorder\">2000 m\u00b2<\/td>\n<\/tr>\n<tr>\n<td class=\"AttributeName VerticalAlignMiddle AttributeBorder\">Schnittbreite<\/td>\n<td class=\"AttributeContent AttributeBorder\">48 cm<\/td>\n<\/tr>\n<tr>\n<td class=\"AttributeName VerticalAlignMiddle AttributeBorder\">Schnitth\u00f6he, min-max<\/td>\n<td class=\"AttributeContent AttributeBorder\">25-85 mm<\/td>\n<\/tr>\n<tr>\n<td class=\"AttributeName VerticalAlignMiddle AttributeBorder\">Anzahl Schnitth\u00f6hen<\/td>\n<td class=\"AttributeContent AttributeBorder\">7<\/td>\n<\/tr>\n<tr>\n<td class=\"AttributeName VerticalAlignMiddle AttributeBorder\">Messertyp<\/td>\n<td class=\"AttributeContent AttributeBorder\">Multimesser<\/td>\n<\/tr>\n<tr>\n<td class=\"AttributeName VerticalAlignMiddle AttributeBorder\">Schnitth\u00f6henverstellung<\/td>\n<td class=\"AttributeContent AttributeBorder\">zentral, federunterst\u00fctzt<\/td>\n<\/tr>\n<tr>\n<td class=\"AttributeName VerticalAlignMiddle AttributeBorder\">Volumen Fangkorb<\/td>\n<td class=\"AttributeContent AttributeBorder\">70 Liter<\/td>\n<\/tr>\n<tr>\n<td class=\"AttributeName VerticalAlignMiddle AttributeBorder\">M\u00e4hmethoden<\/td>\n<td class=\"AttributeContent AttributeBorder\">M\u00e4hen, Fangen, Mulchen<\/td>\n<\/tr>\n<tr>\n<td class=\"AttributeName VerticalAlignMiddle AttributeBorder\">Mulchkit<\/td>\n<td class=\"AttributeContent AttributeBorder\">Mulchkit als Zubeh\u00f6r erh\u00e4ltlich<\/td>\n<\/tr>\n<tr>\n<td class=\"AttributeName VerticalAlignMiddle AttributeBorder\">Fangboxart<\/td>\n<td class=\"AttributeContent AttributeBorder\">Kunststoff, mit aufklappbarem Oberteil<\/td>\n<\/tr>\n<tr>\n<td class=\"AttributeName VerticalAlignMiddle AttributeBorder\">F\u00fcllstandsanzeige<\/td>\n<td class=\"AttributeContent AttributeBorder\">ja<\/td>\n<\/tr>\n<tr>\n<td class=\"AttributeGroupHeader\" colspan=\"2\">Ausstattung<\/td>\n<\/tr>\n<tr>\n<td class=\"AttributeName VerticalAlignMiddle AttributeBorder\">Kugelgelagerte R\u00e4der<\/td>\n<td class=\"AttributeContent AttributeBorder\">ja<\/td>\n<\/tr>\n<tr>\n<td class=\"AttributeName VerticalAlignMiddle AttributeBorder\">Antriebsr\u00e4der<\/td>\n<td class=\"AttributeContent AttributeBorder\">hinten<\/td>\n<\/tr>\n<tr>\n<td class=\"AttributeName VerticalAlignMiddle AttributeBorder\">Antriebsart<\/td>\n<td class=\"AttributeContent AttributeBorder\">Vario-Radantrieb, stufenlos<\/td>\n<\/tr>\n<tr>\n<td class=\"AttributeName VerticalAlignMiddle AttributeBorder\">H\u00f6henverstellbarer Holm<\/td>\n<td class=\"AttributeContent AttributeBorder\">ja, werkzeuglos<\/td>\n<\/tr>\n<tr>\n<td class=\"AttributeName VerticalAlignMiddle AttributeBorder\">Material, M\u00e4hdeck<\/td>\n<td class=\"AttributeContent AttributeBorder\">Aluminium<\/td>\n<\/tr>\n<tr>\n<td class=\"AttributeName VerticalAlignMiddle AttributeBorder\">Zusammenklappbarer Holm<\/td>\n<td class=\"AttributeContent AttributeBorder\">ja<\/td>\n<\/tr>\n<tr>\n<td class=\"AttributeName VerticalAlignMiddle AttributeBorder\">Holmtyp<\/td>\n<td class=\"AttributeContent AttributeBorder\">Mono-Komfortlenker mit Softgrip + Schnellspanner<\/td>\n<\/tr>\n<tr>\n<td class=\"AttributeName VerticalAlignMiddle AttributeBorder\">Geschwindigkeit vorw\u00e4rts<\/td>\n<td class=\"AttributeContent AttributeBorder\">2,6 \u2013 4,6 km\/h<\/td>\n<\/tr>\n<tr>\n<td class=\"AttributeGroupHeader\" colspan=\"2\">Umwelt, Ma\u00dfe und Gewicht<\/td>\n<\/tr>\n<tr>\n<td class=\"AttributeName VerticalAlignMiddle AttributeBorder\">Garantie<\/td>\n<td class=\"AttributeContent AttributeBorder\">2 Jahre bei ausschlie\u00dflich privater Nutzung, 1 Jahr bei gewerblicher Nutzung<\/td>\n<\/tr>\n<tr>\n<td class=\"AttributeName VerticalAlignMiddle AttributeBorder\">garantierter Schallleistungspegel (LWA)<\/td>\n<td class=\"AttributeContent AttributeBorder\">96 dB(A)<\/td>\n<\/tr>\n<tr>\n<td class=\"AttributeName VerticalAlignMiddle AttributeBorder\">Vibrationen am Holm<\/td>\n<td class=\"AttributeContent AttributeBorder\">3,0 m\/s\u00b2<\/td>\n<\/tr>\n<tr>\n<td class=\"AttributeName VerticalAlignMiddle AttributeBorder\">Gewicht<\/td>\n<td class=\"AttributeContent AttributeBorder\">48 kg<\/td>\n<\/tr>\n<\/tbody>\n<\/table>\n<\/div>","protected":false},"excerpt":{"rendered":"<p>Mit dem Benzin-Rasenm\u00e4her STIHL RM 650 VE haben Sie f\u00fcr\u00a0<strong>die anspruchsvolle, private Rasenpflege im eigenen Garten<\/strong>\u00a0einen leistungsstarken M\u00e4her zur Verf\u00fcgung, der bereits beim Starten seinen hohen Komfort beweist. Denn dank\u00a0<strong>STIHL ElektroStart<\/strong>\u00a0beginnen Sie auf Knopfdruck unmittelbar mit der Arbeit. Mit dem\u00a0<strong>Vario-Radantrieb<\/strong>\u00a0k\u00f6nnen Sie die M\u00e4hgeschwindigkeit an das Gel\u00e4nde und Ihre individuellen M\u00e4hgewohnheiten anpassen. Die Drehzahl des leistungsstarken Motors bleibt auch bei einer Ver\u00e4nderung des Tempos stabil. Der STIHL RM 650 VE ist f\u00fcr\u00a0<strong>gr\u00f6\u00dfere G\u00e4rten bis zu 2.000 m<sup>2<\/sup><\/strong>\u00a0geeignet.<\/p>\n<p>Der STIHL RM 650 VE unterst\u00fctzt Sie beim\u00a0M\u00e4hen\u00a0dank seiner hochwertigen Fertigungsqualit\u00e4t und zahlreicher, technischer Funktionalit\u00e4ten optimal. Denn der Rasenm\u00e4her hat alles, was ein echter Allesk\u00f6nner braucht: ein\u00a0<strong>langlebiges Aluminiumgeh\u00e4use<\/strong>\u00a0und einen zuverl\u00e4ssigen Motor mit\u00a0<strong>Leichtstartsystem<\/strong>, abgedichtete Kugellager und integrierte Scheuerleisten sowie ein\u00a0<strong>Multi-Messer<\/strong>.<\/p>","protected":false},"featured_media":11493,"template":"","meta":[],"product_brand":[],"product_cat":[33],"product_tag":[],"product_country":[1501],"class_list":{"0":"post-11492","1":"product","2":"type-product","3":"status-publish","4":"has-post-thumbnail","6":"product_cat-profi-maher-rasenmaher","7":"product_country-germany","9":"first","10":"instock","11":"sale","12":"taxable","13":"shipping-taxable","14":"purchasable","15":"product-type-simple"},"_links":{"self":[{"href":"https:\/\/routinesfashione.com\/nl\/wp-json\/wp\/v2\/product\/11492","targetHints":{"allow":["GET"]}}],"collection":[{"href":"https:\/\/routinesfashione.com\/nl\/wp-json\/wp\/v2\/product"}],"about":[{"href":"https:\/\/routinesfashione.com\/nl\/wp-json\/wp\/v2\/types\/product"}],"wp:featuredmedia":[{"embeddable":true,"href":"https:\/\/routinesfashione.com\/nl\/wp-json\/wp\/v2\/media\/11493"}],"wp:attachment":[{"href":"https:\/\/routinesfashione.com\/nl\/wp-json\/wp\/v2\/media?parent=11492"}],"wp:term":[{"taxonomy":"product_brand","embeddable":true,"href":"https:\/\/routinesfashione.com\/nl\/wp-json\/wp\/v2\/product_brand?post=11492"},{"taxonomy":"product_cat","embeddable":true,"href":"https:\/\/routinesfashione.com\/nl\/wp-json\/wp\/v2\/product_cat?post=11492"},{"taxonomy":"product_tag","embeddable":true,"href":"https:\/\/routinesfashione.com\/nl\/wp-json\/wp\/v2\/product_tag?post=11492"},{"taxonomy":"product_country","embeddable":true,"href":"https:\/\/routinesfashione.com\/nl\/wp-json\/wp\/v2\/product_country?post=11492"}],"curies":[{"name":"wp","href":"https:\/\/api.w.org\/{rel}","templated":true}]}}