{"id":1219,"date":"2025-09-30T20:53:38","date_gmt":"2025-09-30T20:53:38","guid":{"rendered":"https:\/\/lightgray-crow-170497.hostingersite.com\/?post_type=product&#038;p=1219"},"modified":"2025-09-30T20:53:38","modified_gmt":"2025-09-30T20:53:38","slug":"tondeuse-debroussailleuse-roques-rl2008rl","status":"publish","type":"product","link":"https:\/\/routinesfashione.com\/nl\/produit\/tondeuse-debroussailleuse-roques-rl2008rl\/","title":{"rendered":"Tondeuse d\u00e9broussailleuse ROQUES RL2008RL"},"content":{"rendered":"<p>La D\u00e9broussailleuse \u00e0 roues ROQUES ET LECOEUR RL 2008 RL est con\u00e7ue pour faucher les herbes sur de grande surface. Cette faucheuse broyeuse 3 roues est adapt\u00e9e aux herbes de prairie et aux broussailles. La tondeuse d\u00e9broussailleuse RL2008RL poss\u00e8de un guidon d\u00e9portable.<\/p>\n<ul>\n<li>D\u00e9broussailleuse Roques et Lecoeur 2008 RL<\/li>\n<li>Moteur 4 temps<\/li>\n<li>Moteur RL 170 \u00e0 allumage \u00e9lectronique<\/li>\n<li>Cylindr\u00e9e : 173 cm3<\/li>\n<li>Puissance : 3.3 kW<\/li>\n<li>Hauteur de coupe centralis\u00e9e au guidon de 5 \u00e0 11 cm<\/li>\n<li>Largeur de Coupe: 53 cm<\/li>\n<li>Dimension : 120 X 60 X 86 cm<\/li>\n<li>Poids : 60 kg<\/li>\n<li>Variateur de vitesse 7 positions<\/li>\n<li>Tract\u00e9e sur les roues arri\u00e8res<\/li>\n<li>D\u00e9broussailleuse avec Effet diff\u00e9rentiel 3\/4 de tour blocable<\/li>\n<li>3 S\u00e9curit\u00e9s de Lame contre les chocs<\/li>\n<li>Roue avant pivotante ou fixe<\/li>\n<li>Guidon repliable, r\u00e9glable en hauteur et d\u00e9portable<\/li>\n<li>Debroussailleuse pour les surfaces &lt; \u00e0 3000 m2<\/li>\n<li>La d\u00e9broussailleuse RL 2008 RL est livr\u00e9e avec une lame herbe<\/li>\n<\/ul>","protected":false},"excerpt":{"rendered":"<p>La D\u00e9broussailleuse \u00e0 roues ROQUES ET LECOEUR RL 2008 RL est con\u00e7ue pour faucher les herbes sur de grande surface.<\/p>","protected":false},"featured_media":28927,"template":"","meta":[],"product_brand":[],"product_cat":[61],"product_tag":[1514],"product_country":[1503],"class_list":{"0":"post-1219","1":"product","2":"type-product","3":"status-publish","4":"has-post-thumbnail","6":"product_cat-sale-france","7":"product_tag-sale-france","8":"product_country-france","10":"first","11":"instock","12":"sale","13":"taxable","14":"shipping-taxable","15":"purchasable","16":"product-type-simple"},"_links":{"self":[{"href":"https:\/\/routinesfashione.com\/nl\/wp-json\/wp\/v2\/product\/1219","targetHints":{"allow":["GET"]}}],"collection":[{"href":"https:\/\/routinesfashione.com\/nl\/wp-json\/wp\/v2\/product"}],"about":[{"href":"https:\/\/routinesfashione.com\/nl\/wp-json\/wp\/v2\/types\/product"}],"wp:featuredmedia":[{"embeddable":true,"href":"https:\/\/routinesfashione.com\/nl\/wp-json\/wp\/v2\/media\/28927"}],"wp:attachment":[{"href":"https:\/\/routinesfashione.com\/nl\/wp-json\/wp\/v2\/media?parent=1219"}],"wp:term":[{"taxonomy":"product_brand","embeddable":true,"href":"https:\/\/routinesfashione.com\/nl\/wp-json\/wp\/v2\/product_brand?post=1219"},{"taxonomy":"product_cat","embeddable":true,"href":"https:\/\/routinesfashione.com\/nl\/wp-json\/wp\/v2\/product_cat?post=1219"},{"taxonomy":"product_tag","embeddable":true,"href":"https:\/\/routinesfashione.com\/nl\/wp-json\/wp\/v2\/product_tag?post=1219"},{"taxonomy":"product_country","embeddable":true,"href":"https:\/\/routinesfashione.com\/nl\/wp-json\/wp\/v2\/product_country?post=1219"}],"curies":[{"name":"wp","href":"https:\/\/api.w.org\/{rel}","templated":true}]}}