{"id":1224,"date":"2025-09-30T20:53:38","date_gmt":"2025-09-30T20:53:38","guid":{"rendered":"https:\/\/lightgray-crow-170497.hostingersite.com\/?post_type=product&#038;p=1224"},"modified":"2025-09-30T20:53:38","modified_gmt":"2025-09-30T20:53:38","slug":"ego-power-21-pouces-56v-sans-fil-electrique-marche-derriere-auto-propulse-tondeuse","status":"publish","type":"product","link":"https:\/\/routinesfashione.com\/nl\/produit\/ego-power-21-pouces-56v-sans-fil-electrique-marche-derriere-auto-propulse-tondeuse\/","title":{"rendered":"EGO Power 21 Pouces 56V Sans Fil \u00c9lectrique Marche Derri\u00e8re Auto Propuls\u00e9 Tondeuse"},"content":{"rendered":"<div id=\"rewrite_description\" class=\"Product Details\">\n<ul class=\"product-points\">\n<li>S\u00e9lectionnez le syst\u00e8me multi-lame coup\u00e9 pour des performances de coupe de qualit\u00e9 sup\u00e9rieure qui d\u00e9passent le gaz<\/li>\n<li>Obtenez 45 minutes de fonctionnement sur une seule charge lorsqu&#8217;il est utilis\u00e9 avec la batterie recommand\u00e9e de jauge de carburant au lithium 56V 5.0 Ah ARC<\/li>\n<li>Moteur sans balais \u00e0 haute efficacit\u00e9<\/li>\n<li>7 &#8211; r\u00e9glages de hauteur de coupe de position: 1,5 &#8222;- 4&#8220;<\/li>\n<li>Fonction 3 -en 1: paillage, ensachage, \u00e9coulement lat\u00e9ral<\/li>\n<li>D\u00e9marrage rapide et facile du bouton-poussoir; Phares LED brillants; R\u00e9glage de la hauteur des mains 1<\/li>\n<li>Temps de charge de 50 minutes lorsqu&#8217;il est utilis\u00e9 avec la batterie au lithium ARC recommand\u00e9e de 5,0 Ah et le chargeur rapide plus<\/li>\n<li>Type de source d&#8217;alimentation: aliment\u00e9 par batterie<\/li>\n<\/ul>\n<\/div>\n<div id=\"additional-info\">\n<div>\n<table id=\"product-attribute-specs-table\" class=\"featureTable\">\n<tbody>\n<tr>\n<td>Marque<\/td>\n<td>EGO-PowerPlus<\/td>\n<\/tr>\n<tr>\n<td>Source d&#8217;alimentation<\/td>\n<td>Aliment\u00e9 par batterie<\/td>\n<\/tr>\n<tr>\n<td>Mat\u00e9riel<\/td>\n<td>M\u00e9tal<\/td>\n<\/tr>\n<tr>\n<td>Couleur<\/td>\n<td>Vert<\/td>\n<\/tr>\n<tr>\n<td>Style<\/td>\n<td>21 pouces. \/ Push \/ Select Cut Mower Kit<\/td>\n<\/tr>\n<tr class=\"packageweight\">\n<td>Poids de l&#8217;article<\/td>\n<td>49,4 livres (22,41 kg)<\/td>\n<\/tr>\n<tr>\n<td>Largeur de coupe<\/td>\n<td>21 pouces (53,3 cm)<\/td>\n<\/tr>\n<tr>\n<td>Nombre de postes<\/td>\n<td>7<\/td>\n<\/tr>\n<tr>\n<td>Mode de fonctionnement<\/td>\n<td>Automatique<\/td>\n<\/tr>\n<tr>\n<td>Dimensions du produit (L xl x H)<\/td>\n<td>39 &#8222;D x 17&#8220; L x 22 &#8222;H (99,1 x 43,2 x 55,9 cm)<\/td>\n<\/tr>\n<tr>\n<td>UPC<\/td>\n<td>692042011535<\/td>\n<\/tr>\n<tr>\n<td>Fabricant<\/td>\n<td><\/td>\n<\/tr>\n<tr>\n<td>Num\u00e9ro de mod\u00e8le d&#8217;\u00e9l\u00e9ment<\/td>\n<td>LM2133<\/td>\n<\/tr>\n<tr>\n<td>Batteries<\/td>\n<td>1 Batteries au lithium-ion requises. (inclus)<\/td>\n<\/tr>\n<tr>\n<td>Poids de l&#8217;emballage<\/td>\n<td>11,2 livres<\/td>\n<\/tr>\n<\/tbody>\n<\/table>\n<\/div>\n<\/div>","protected":false},"excerpt":{"rendered":"<p>S\u00e9lectionnez le syst\u00e8me multi-lame coup\u00e9 pour des performances de coupe de qualit\u00e9 sup\u00e9rieure qui d\u00e9passent le gaz Obtenez 45 minutes<\/p>","protected":false},"featured_media":13728,"template":"","meta":[],"product_brand":[],"product_cat":[61],"product_tag":[1514],"product_country":[1503],"class_list":{"0":"post-1224","1":"product","2":"type-product","3":"status-publish","4":"has-post-thumbnail","6":"product_cat-sale-france","7":"product_tag-sale-france","8":"product_country-france","10":"first","11":"instock","12":"sale","13":"taxable","14":"shipping-taxable","15":"purchasable","16":"product-type-simple"},"_links":{"self":[{"href":"https:\/\/routinesfashione.com\/nl\/wp-json\/wp\/v2\/product\/1224","targetHints":{"allow":["GET"]}}],"collection":[{"href":"https:\/\/routinesfashione.com\/nl\/wp-json\/wp\/v2\/product"}],"about":[{"href":"https:\/\/routinesfashione.com\/nl\/wp-json\/wp\/v2\/types\/product"}],"wp:featuredmedia":[{"embeddable":true,"href":"https:\/\/routinesfashione.com\/nl\/wp-json\/wp\/v2\/media\/13728"}],"wp:attachment":[{"href":"https:\/\/routinesfashione.com\/nl\/wp-json\/wp\/v2\/media?parent=1224"}],"wp:term":[{"taxonomy":"product_brand","embeddable":true,"href":"https:\/\/routinesfashione.com\/nl\/wp-json\/wp\/v2\/product_brand?post=1224"},{"taxonomy":"product_cat","embeddable":true,"href":"https:\/\/routinesfashione.com\/nl\/wp-json\/wp\/v2\/product_cat?post=1224"},{"taxonomy":"product_tag","embeddable":true,"href":"https:\/\/routinesfashione.com\/nl\/wp-json\/wp\/v2\/product_tag?post=1224"},{"taxonomy":"product_country","embeddable":true,"href":"https:\/\/routinesfashione.com\/nl\/wp-json\/wp\/v2\/product_country?post=1224"}],"curies":[{"name":"wp","href":"https:\/\/api.w.org\/{rel}","templated":true}]}}