{"id":12537,"date":"2025-09-30T20:11:28","date_gmt":"2025-09-30T20:11:28","guid":{"rendered":"https:\/\/lightgray-crow-170497.hostingersite.com\/?post_type=product&#038;p=12537"},"modified":"2025-09-30T21:07:48","modified_gmt":"2025-09-30T21:07:48","slug":"lelit-anna-pl41em","status":"publish","type":"product","link":"https:\/\/routinesfashione.com\/nl\/produit\/lelit-anna-pl41em\/","title":{"rendered":"Lelit ANNA PL41EM"},"content":{"rendered":"<h2>Lelit Anna PL41EM Espressomaschine, edelstahl<\/h2>\n<p>Eine kleine und kompakte Siebtr\u00e4germaschine mit allen Grundfunktionen f\u00fcr die Zubereitung eines Espresso. Die Espresso- und Kaffeemaschine hat die klassische Lelit57 Br\u00fchgruppe, einen Messingkessel und eine Vibrationspumpe. Als Einkreislauf-Maschine k\u00f6nnen sie nach dem Espressobezug mit der seitlichen Dampflanze Milch oder Milchalternativen aufsch\u00e4umen. Die Bedienung der Espressomaschine ist dank der verchromten Druckkn\u00f6pfe sehr leicht und einfach. Den Br\u00fchdruck haben sie mit dem angebrachten Manometer an der Frontseite stets im Blick. Auf der Oberseite der Siebtr\u00e4germaschine ist eine praktische Ablagefl\u00e4che f\u00fcr ihre Espressotassen und Gl\u00e4ser.<\/p>\n<h3>Leistungsstarke Einkreis-Espressomaschine \u2013 Die Lelit Anna PL41EM!<\/h3>\n<ul>\n<li>Siebtr\u00e4ger- und Espressomaschine mit Edelstahlgeh\u00e4use<\/li>\n<li>klassische und leicht bedienbare Druckkn\u00f6pfe f\u00fcr Dampfbezug und Espressobezug<\/li>\n<li>Br\u00fchgruppe: Lelit57 f\u00fcr 57mm Siebtr\u00e4ger<\/li>\n<li>Pumpe: Vibrationspumpe<\/li>\n<li>Manometer: Br\u00fchdruck<\/li>\n<li>schwenkbare Dampflanze f\u00fcr Dampfbezug und Hei\u00dfwasser<\/li>\n<li>Messingkessel: 0,25 Liter<\/li>\n<li>Wassertank (F\u00fcllmenge: 2,7 Liter) mit F\u00fcllstandanzeige an der Seite<\/li>\n<li>Espressotassen und Gl\u00e4ser-Ablage auf der Maschinenoberseite<\/li>\n<li>Geh\u00e4use aus Edelstahl mit schwarzem Kunststoff<\/li>\n<\/ul>\n<h3>Solider Start in die Welt der Siebtr\u00e4germaschinen<\/h3>\n<p>Die Siebtr\u00e4germaschine ist nicht nur klein und kompakt sondern hat auch eine kurze Aufheizzeit. Sie hat zudem alle n\u00f6tigen Grundfunktionen, welche f\u00fcr die Espressozubereitung wichtig sind. Mit dem verbauten Messingkessel mit dem Fassungsverm\u00f6gen von 0,25 Liter, der Vibrationspumpe und dem Wassertank, ist die Espressomaschine sehr gut ausgestattet. Die seitliche Dampflanze bietet ihnen die M\u00f6glichkeit nach dem Espressobezug auch Milch aufzusch\u00e4umen und k\u00f6stliche Kaffeespezialit\u00e4ten zu kreieren.<\/p>\n<h3>Elegantes Design und komfortabel im Handling \u2013 Lelit Anna PL41EM<\/h3>\n<p>Die Lelit Anna PL41EM ist eine Einkreislauf-Maschine und ein tolles Einstiegsmodell. Sie bietet alle Grundfunktionen und hat ein klassisches und edles Design. Ideal also f\u00fcr ihre K\u00fcche, bei welcher sie beachten sollten, dass trotz der Kompaktheit etwas Luft nach oben vorhanden ist, da der Wassertank nur von oben zu Bef\u00fcllen ist. Im Lieferumfang ist ein Siebtr\u00e4ger mit 2er Auslauf, 1x Eintassensieb (7-9g), 1x Zweitassensieb (14-18g), 1x Pod-Sieb, Tamper und ein Messl\u00f6ffel.<\/p>\n<p>Wasser im Wassertank? Lelit testet unter realen Bedingungen, im Rahmen der werkseitigen Qualit\u00e4tskontrolle und Qualit\u00e4tssicherung, seine Ger\u00e4te. Um das Aufheizen zu \u00dcberpr\u00fcfen muss Wasser in den Wassertank gef\u00fcllt werden. Hierbei k\u00f6nnen Wasserreste und Wasserflecken im Wassertank verbleiben.<\/p>\n<p>\u00a0<\/p>\n<h2><strong>Spezifikationen<\/strong><\/h2>\n<table class=\"table table-striped product-detail-properties-table\">\n<tbody>\n<tr class=\"properties-row\">\n<th class=\"properties-label\">Farbe:<\/th>\n<td class=\"properties-value\">Edelstahl<\/td>\n<\/tr>\n<tr class=\"properties-row\">\n<th class=\"properties-label\">Aufheizzeit (Minuten):<\/th>\n<td class=\"properties-value\">\u00fcber 7 Minuten<\/td>\n<\/tr>\n<tr class=\"properties-row\">\n<th class=\"properties-label\">Bauart:<\/th>\n<td class=\"properties-value\">Einkreiser<\/td>\n<\/tr>\n<tr class=\"properties-row\">\n<th class=\"properties-label\">Br\u00fchgruppe:<\/th>\n<td class=\"properties-value\">Ringbr\u00fchgruppe<\/td>\n<\/tr>\n<tr class=\"properties-row\">\n<th class=\"properties-label\">Kesselmaterial:<\/th>\n<td class=\"properties-value\">Messing<\/td>\n<\/tr>\n<tr class=\"properties-row\">\n<th class=\"properties-label\">Manometer:<\/th>\n<td class=\"properties-value\">Pumpenmanometer<\/td>\n<\/tr>\n<tr class=\"properties-row\">\n<th class=\"properties-label\">Pumpentyp:<\/th>\n<td class=\"properties-value\">Vibrationspumpe<\/td>\n<\/tr>\n<\/tbody>\n<\/table>","protected":false},"excerpt":{"rendered":"<ul>\n<li>Ma\u00dfe: (BxHxT) 23x34x27,5 cm (230x340x275 mm)<\/li>\n<li>Ger\u00e4tegewicht: 7,2 kg<\/li>\n<li>Spannung: 230 Volt<\/li>\n<li>mit Netzstecker<\/li>\n<\/ul>","protected":false},"featured_media":12538,"template":"","meta":[],"product_brand":[],"product_cat":[29],"product_tag":[],"product_country":[1501],"class_list":{"0":"post-12537","1":"product","2":"type-product","3":"status-publish","4":"has-post-thumbnail","6":"product_cat-espressomaschinen","7":"product_country-germany","9":"first","10":"instock","11":"sale","12":"taxable","13":"shipping-taxable","14":"purchasable","15":"product-type-simple"},"_links":{"self":[{"href":"https:\/\/routinesfashione.com\/nl\/wp-json\/wp\/v2\/product\/12537","targetHints":{"allow":["GET"]}}],"collection":[{"href":"https:\/\/routinesfashione.com\/nl\/wp-json\/wp\/v2\/product"}],"about":[{"href":"https:\/\/routinesfashione.com\/nl\/wp-json\/wp\/v2\/types\/product"}],"wp:featuredmedia":[{"embeddable":true,"href":"https:\/\/routinesfashione.com\/nl\/wp-json\/wp\/v2\/media\/12538"}],"wp:attachment":[{"href":"https:\/\/routinesfashione.com\/nl\/wp-json\/wp\/v2\/media?parent=12537"}],"wp:term":[{"taxonomy":"product_brand","embeddable":true,"href":"https:\/\/routinesfashione.com\/nl\/wp-json\/wp\/v2\/product_brand?post=12537"},{"taxonomy":"product_cat","embeddable":true,"href":"https:\/\/routinesfashione.com\/nl\/wp-json\/wp\/v2\/product_cat?post=12537"},{"taxonomy":"product_tag","embeddable":true,"href":"https:\/\/routinesfashione.com\/nl\/wp-json\/wp\/v2\/product_tag?post=12537"},{"taxonomy":"product_country","embeddable":true,"href":"https:\/\/routinesfashione.com\/nl\/wp-json\/wp\/v2\/product_country?post=12537"}],"curies":[{"name":"wp","href":"https:\/\/api.w.org\/{rel}","templated":true}]}}