{"id":12631,"date":"2025-09-30T20:11:28","date_gmt":"2025-09-30T20:11:28","guid":{"rendered":"https:\/\/lightgray-crow-170497.hostingersite.com\/?post_type=product&#038;p=12631"},"modified":"2025-09-30T21:07:54","modified_gmt":"2025-09-30T21:07:54","slug":"stihl-ms-182","status":"publish","type":"product","link":"https:\/\/routinesfashione.com\/nl\/produit\/stihl-ms-182\/","title":{"rendered":"STIHL MS 182"},"content":{"rendered":"<h3>Technische Daten:<\/h3>\n<table data-test-id=\"pdp-spec-tech-table\">\n<tbody>\n<tr>\n<td>Schienenl\u00e4nge<\/td>\n<td>30, 35 oder 40 cm<\/td>\n<\/tr>\n<tr>\n<td>Hubraum<\/td>\n<td>35,8 cm\u00b3<\/td>\n<\/tr>\n<tr>\n<td>Leistung<\/td>\n<td>1,6\/2,2 kW\/PS<\/td>\n<\/tr>\n<tr>\n<td>Leistung<\/td>\n<td>2,2 bhp<\/td>\n<\/tr>\n<tr>\n<td>Gewicht<\/td>\n<td>4,6 kg\u00a0<sup>1)<\/sup><\/td>\n<\/tr>\n<tr>\n<td>Leistungsgewicht<\/td>\n<td>2,8 kg\/kW<\/td>\n<\/tr>\n<tr>\n<td>Systemgewicht<\/td>\n<td>5,18 \/ 5,28 kg\u00a0<sup>2)<\/sup><\/td>\n<\/tr>\n<tr>\n<td>Schalldruckpegel<\/td>\n<td>103 dB(A)\u00a0<sup>3)<\/sup><\/td>\n<\/tr>\n<tr>\n<td>Vibrationswert links\/rechts<\/td>\n<td>3,1\/3,7 m\/s\u00b2\u00a0<sup>4)<\/sup><\/td>\n<\/tr>\n<tr>\n<td>S\u00e4gekettenteilung<\/td>\n<td>3\/8 \u201d P<\/td>\n<\/tr>\n<tr>\n<td>CO2<\/td>\n<td>1127 g\/kWh<\/td>\n<\/tr>\n<\/tbody>\n<\/table>","protected":false},"excerpt":{"rendered":"<p>Die kraftvolle Benzin-Motors\u00e4ge STIHL MS 182 kommt vor allem beim Brennholzs\u00e4gen, im Garten- und Landschaftsbau und in der Grundst\u00fcckspflege optimal zum Einsatz. Dank des leistungsstarken Motors decken Sie sowohl privat wie auch als Profi im Garten- und Landschaftsbau und im Handwerk mit dieser Kettens\u00e4ge ein sehr breites Aufgabenspektrum ab. Selbst das F\u00e4llen kleiner B\u00e4ume ist mit der MS 182 m\u00f6glich.<\/p>\n<p>Der leistungsstarke STIHL 2-MIX-Motor der MS 182 bewirkt nicht nur eine sehr gute Schnittleistung, sondern ist dabei auch sparsam. Das STIHL Antivibrationssystem unterst\u00fctzt ein komfortables Arbeiten mit der Kettens\u00e4ge, denn es schont Ihre Muskeln und Gelenke. Zudem steuern Sie mit der Einhebelbedienung alle Funktionen der Benzin-Motors\u00e4ge mit nur einer Hand. Ihre Arbeit wird zus\u00e4tzlich durch den stabilen Krallenanschlag erleichtert. Er hilft Ihnen, die S\u00e4ge fest am Holz anzusetzen und so einen pr\u00e4zisen Schnitt auszuf\u00fchren. Das robuste Filterelement aus Vliesmaterial sorgt f\u00fcr lange Wartungsintervalle. F\u00fcr Arbeiten im Schnee sind spezielle Polyamid-Filter erh\u00e4ltlich.<\/p>\n<p>Ein weiteres praktisches Merkmal der STIHL MS 182: Nach Arbeitsunterbrechungen ist der Motor sofort wieder startklar, denn der Kombihebel mit Stopp-Funktion springt selbst\u00e4ndig in die Betriebsposition zur\u00fcck. Die seitliche Kettenspannung erleichtert das Nachspannen der Kette und f\u00f6rdert damit ein m\u00f6glichst unterbrechungsarmes Arbeiten.<\/p>","protected":false},"featured_media":12632,"template":"","meta":[],"product_brand":[],"product_cat":[34],"product_tag":[],"product_country":[1501],"class_list":{"0":"post-12631","1":"product","2":"type-product","3":"status-publish","4":"has-post-thumbnail","6":"product_cat-motorsage-thermische-motorsage","7":"product_country-germany","9":"first","10":"instock","11":"sale","12":"taxable","13":"shipping-taxable","14":"purchasable","15":"product-type-simple"},"_links":{"self":[{"href":"https:\/\/routinesfashione.com\/nl\/wp-json\/wp\/v2\/product\/12631","targetHints":{"allow":["GET"]}}],"collection":[{"href":"https:\/\/routinesfashione.com\/nl\/wp-json\/wp\/v2\/product"}],"about":[{"href":"https:\/\/routinesfashione.com\/nl\/wp-json\/wp\/v2\/types\/product"}],"wp:featuredmedia":[{"embeddable":true,"href":"https:\/\/routinesfashione.com\/nl\/wp-json\/wp\/v2\/media\/12632"}],"wp:attachment":[{"href":"https:\/\/routinesfashione.com\/nl\/wp-json\/wp\/v2\/media?parent=12631"}],"wp:term":[{"taxonomy":"product_brand","embeddable":true,"href":"https:\/\/routinesfashione.com\/nl\/wp-json\/wp\/v2\/product_brand?post=12631"},{"taxonomy":"product_cat","embeddable":true,"href":"https:\/\/routinesfashione.com\/nl\/wp-json\/wp\/v2\/product_cat?post=12631"},{"taxonomy":"product_tag","embeddable":true,"href":"https:\/\/routinesfashione.com\/nl\/wp-json\/wp\/v2\/product_tag?post=12631"},{"taxonomy":"product_country","embeddable":true,"href":"https:\/\/routinesfashione.com\/nl\/wp-json\/wp\/v2\/product_country?post=12631"}],"curies":[{"name":"wp","href":"https:\/\/api.w.org\/{rel}","templated":true}]}}