{"id":12759,"date":"2025-09-30T20:11:27","date_gmt":"2025-09-30T20:11:27","guid":{"rendered":"https:\/\/lightgray-crow-170497.hostingersite.com\/?post_type=product&#038;p=12759"},"modified":"2025-09-30T21:14:35","modified_gmt":"2025-09-30T21:14:35","slug":"practixx-maehroboter-px-rrm-2000wi","status":"publish","type":"product","link":"https:\/\/routinesfashione.com\/nl\/produit\/practixx-maehroboter-px-rrm-2000wi\/","title":{"rendered":"Practixx M\u00e4hroboter PX-RRM-2000Wi"},"content":{"rendered":"<div>\n<div class=\"flex flex-wrap justify-between items-center bg-scheppach-shades-0 b-b c-scheppach-shades-100 py-2 px-5\">\n<div>\n<div class=\"flex flex-wrap justify-between items-center bg-scheppach-shades-0 b-b c-scheppach-shades-100 py-2 px-5\">\n<p>Maschine H\u00f6he:<\/p>\n<div>\n<p class=\"font-700 mr-1\">255 mm<\/p>\n<\/p>\n<\/div>\n<\/div>\n<\/div>\n<div>\n<div class=\"flex flex-wrap justify-between items-center bg-scheppach-shades-0 b-b c-scheppach-shades-100 py-2 px-5\">\n<p>Maschine L\u00e4nge:<\/p>\n<div>\n<p class=\"font-700 mr-1\">605 mm<\/p>\n<\/p>\n<\/div>\n<\/div>\n<\/div>\n<div>\n<div class=\"flex flex-wrap justify-between items-center bg-scheppach-shades-0 b-b c-scheppach-shades-100 py-2 px-5\">\n<p>Maschine Breite:<\/p>\n<div>\n<p class=\"font-700 mr-1\">465 mm<\/p>\n<\/p>\n<\/div>\n<\/div>\n<\/div>\n<p>EAN:<\/p>\n<div>\n<p class=\"font-700 mr-1\">4046664221692<\/p>\n<\/p>\n<\/div>\n<\/div>\n<\/div>\n<div>\n<div class=\"flex flex-wrap justify-between items-center bg-scheppach-shades-0 b-b c-scheppach-shades-100 py-2 px-5\">\n<p>Maschinengruppe:<\/p>\n<div>\n<p class=\"font-700 mr-1\">Rasenm\u00e4hroboter<\/p>\n<\/p>\n<\/div>\n<\/div>\n<\/div>\n<div>\n<div class=\"flex flex-wrap justify-between items-center bg-scheppach-shades-0 b-b c-scheppach-shades-100 py-2 px-5\">\n<p>Bruttogewicht:<\/p>\n<div>\n<p class=\"font-700 mr-1\">19.5 kg<\/p>\n<\/p>\n<\/div>\n<\/div>\n<\/div>\n<div>\n<div class=\"flex flex-wrap justify-between items-center bg-scheppach-shades-0 b-b c-scheppach-shades-100 py-2 px-5\">\n<p>Nettogewicht:<\/p>\n<div>\n<p class=\"font-700 mr-1\">10.6 kg<\/p>\n<\/p>\n<\/div>\n<\/div>\n<\/div>\n<div>\n<div class=\"flex flex-wrap justify-between items-center bg-scheppach-shades-0 b-b c-scheppach-shades-100 py-2 px-5\">\n<p>Modellbeschreibung:<\/p>\n<div>\n<p class=\"font-700 mr-1\">PX-RRM-2000Wi<\/p>\n<\/p>\n<\/div>\n<\/div>\n<\/div>\n<div>\n<div class=\"flex flex-wrap justify-between items-center bg-scheppach-shades-0 b-b c-scheppach-shades-100 py-2 px-5\">\n<p>Artikelnummer:<\/p>\n<div>\n<p class=\"font-700 mr-1\">39130039969<\/p>\n<\/p>\n<\/div>\n<\/div>\n<\/div>\n<div>\n<div class=\"flex flex-wrap justify-between items-center bg-scheppach-shades-0 b-b c-scheppach-shades-100 py-2 px-5\">\n<p>Titel:<\/p>\n<div>\n<p class=\"font-700 mr-1\">Rasenm\u00e4hroboter PX-RRM-2000Wi Practixx<\/p>\n<\/p>\n<\/div>\n<\/div>\n<\/div>","protected":false},"excerpt":{"rendered":"<p>Der leistungsstarke M\u00e4hroboter m\u00e4ht den Rasen selbstst\u00e4ndig und willk\u00fcrlich. Die Schnitth\u00f6he kann dabei individuell und stufenlos von 20 bis 60 mm eingestellt werden. Auch \u00fcber Rasenkanten auf Rasenniveau m\u00e4ht der Roboter sicher hinweg, sodass diese nicht zus\u00e4tzlich getrimmt werden m\u00fcssen. Der schwebende Schnittkopf gleicht au\u00dferdem Bodenunebenheiten zuverl\u00e4ssig aus. Dank einer automatischen Durchgangserkennung sind auch enge Passagen kein Problem. Rasenpflege leicht gemacht \u2013 und zwar mit dem Practixx Rasenm\u00e4hroboter PX-RRM-2000Wi. Mit einer Schnittbreite von 22 cm ist der Roboter auch f\u00fcr gro\u00dfe Rasenfl\u00e4chen von bis zu 2000 m2\u00a0geeignet. Der wartungsfreie und kraftvolle Brushless Motor erm\u00f6glicht zudem eine l\u00e4ngere Laufzeit, eine hohe Lebensdauer und einen geringeren Verschlei\u00df.<\/p>","protected":false},"featured_media":12760,"template":"","meta":[],"product_brand":[],"product_cat":[57],"product_tag":[],"product_country":[1501],"class_list":{"0":"post-12759","1":"product","2":"type-product","3":"status-publish","4":"has-post-thumbnail","6":"product_cat-mahroboter-rasenmaher","7":"product_country-germany","9":"first","10":"instock","11":"sale","12":"taxable","13":"shipping-taxable","14":"purchasable","15":"product-type-simple"},"_links":{"self":[{"href":"https:\/\/routinesfashione.com\/nl\/wp-json\/wp\/v2\/product\/12759","targetHints":{"allow":["GET"]}}],"collection":[{"href":"https:\/\/routinesfashione.com\/nl\/wp-json\/wp\/v2\/product"}],"about":[{"href":"https:\/\/routinesfashione.com\/nl\/wp-json\/wp\/v2\/types\/product"}],"wp:featuredmedia":[{"embeddable":true,"href":"https:\/\/routinesfashione.com\/nl\/wp-json\/wp\/v2\/media\/12760"}],"wp:attachment":[{"href":"https:\/\/routinesfashione.com\/nl\/wp-json\/wp\/v2\/media?parent=12759"}],"wp:term":[{"taxonomy":"product_brand","embeddable":true,"href":"https:\/\/routinesfashione.com\/nl\/wp-json\/wp\/v2\/product_brand?post=12759"},{"taxonomy":"product_cat","embeddable":true,"href":"https:\/\/routinesfashione.com\/nl\/wp-json\/wp\/v2\/product_cat?post=12759"},{"taxonomy":"product_tag","embeddable":true,"href":"https:\/\/routinesfashione.com\/nl\/wp-json\/wp\/v2\/product_tag?post=12759"},{"taxonomy":"product_country","embeddable":true,"href":"https:\/\/routinesfashione.com\/nl\/wp-json\/wp\/v2\/product_country?post=12759"}],"curies":[{"name":"wp","href":"https:\/\/api.w.org\/{rel}","templated":true}]}}