{"id":128,"date":"2025-09-30T20:55:56","date_gmt":"2025-09-30T20:55:56","guid":{"rendered":"https:\/\/lightgray-crow-170497.hostingersite.com\/?post_type=product&#038;p=128"},"modified":"2025-09-30T20:55:56","modified_gmt":"2025-09-30T20:55:56","slug":"mini-dumper-350-r","status":"publish","type":"product","link":"https:\/\/routinesfashione.com\/nl\/produit\/mini-dumper-350-r\/","title":{"rendered":"Mini dumper 350 R"},"content":{"rendered":"<div class=\"ui-shop-property col-xs-12\">\n<p>Brouette avec moteur thermique.<br \/>\nSa capacit\u00e9 de chargement allant jusqu\u2019\u00e0 300 kg et sa faible largeur vont permettre de transporter tous types de mat\u00e9riaux m\u00eame dans les petits espaces.<\/p>\n<p>Id\u00e9ale pour le transport de d\u00e9chets verts, outils de jardinage&#8230;<\/p>\n<\/div>\n<div class=\"ui-shop-property col-xs-12\">\n<p>&#8211; Entra\u00eenement moteur thermique essence 4 temps,<br \/>\n&#8211; Moteur thermique LONCIN type OHV,<br \/>\n&#8211; Puissance : 6,5 cv,<br \/>\n&#8211; Alimentation : essence super sans plomb,<br \/>\n&#8211; D\u00e9marrage : par lanceur,<br \/>\n&#8211; Capacit\u00e9 : 300 kg,<br \/>\n&#8211; Transmission : 3 vitesses d\u2019avancement et 1 marche arri\u00e8re,<br \/>\n&#8211; D\u00e9placement sur 4 roues motrices crant\u00e9es,<br \/>\n&#8211; Poign\u00e9e de d\u00e9verrouillage pour basculement de la benne,<br \/>\n&#8211; Commande des roues diff\u00e9rentielles,<br \/>\n&#8211; Pente maximum pleine charge : 20\u00b0 ou 35 %,<br \/>\n&#8211; Dimensions caisse (L x l x h) : 912 x 675 x 628 mm,<br \/>\n&#8211; Poids : 160 kg.<\/p>\n<\/div>","protected":false},"excerpt":{"rendered":"<p>Brouette avec moteur thermique. Sa capacit\u00e9 de chargement allant jusqu\u2019\u00e0 300 kg et sa faible largeur vont permettre de transporter<\/p>","protected":false},"featured_media":12919,"template":"","meta":[],"product_brand":[],"product_cat":[61],"product_tag":[],"product_country":[1503],"class_list":{"0":"post-128","1":"product","2":"type-product","3":"status-publish","4":"has-post-thumbnail","6":"product_cat-sale-france","7":"product_country-france","9":"first","10":"instock","11":"sale","12":"taxable","13":"shipping-taxable","14":"purchasable","15":"product-type-simple"},"_links":{"self":[{"href":"https:\/\/routinesfashione.com\/nl\/wp-json\/wp\/v2\/product\/128","targetHints":{"allow":["GET"]}}],"collection":[{"href":"https:\/\/routinesfashione.com\/nl\/wp-json\/wp\/v2\/product"}],"about":[{"href":"https:\/\/routinesfashione.com\/nl\/wp-json\/wp\/v2\/types\/product"}],"wp:featuredmedia":[{"embeddable":true,"href":"https:\/\/routinesfashione.com\/nl\/wp-json\/wp\/v2\/media\/12919"}],"wp:attachment":[{"href":"https:\/\/routinesfashione.com\/nl\/wp-json\/wp\/v2\/media?parent=128"}],"wp:term":[{"taxonomy":"product_brand","embeddable":true,"href":"https:\/\/routinesfashione.com\/nl\/wp-json\/wp\/v2\/product_brand?post=128"},{"taxonomy":"product_cat","embeddable":true,"href":"https:\/\/routinesfashione.com\/nl\/wp-json\/wp\/v2\/product_cat?post=128"},{"taxonomy":"product_tag","embeddable":true,"href":"https:\/\/routinesfashione.com\/nl\/wp-json\/wp\/v2\/product_tag?post=128"},{"taxonomy":"product_country","embeddable":true,"href":"https:\/\/routinesfashione.com\/nl\/wp-json\/wp\/v2\/product_country?post=128"}],"curies":[{"name":"wp","href":"https:\/\/api.w.org\/{rel}","templated":true}]}}