{"id":13509,"date":"2025-09-30T20:36:57","date_gmt":"2025-09-30T20:36:57","guid":{"rendered":"https:\/\/lightgray-crow-170497.hostingersite.com\/?post_type=product&#038;p=13509"},"modified":"2025-09-30T20:36:57","modified_gmt":"2025-09-30T20:36:57","slug":"tondeuse-autoportee-husqvarna-r214t","status":"publish","type":"product","link":"https:\/\/routinesfashione.com\/nl\/produit\/tondeuse-autoportee-husqvarna-r214t\/","title":{"rendered":"Tondeuse Autoport\u00e9e Husqvarna R214T"},"content":{"rendered":"<h3 data-start=\"136\" data-end=\"171\"><strong data-start=\"143\" data-end=\"169\">Description du produit<\/strong><\/h3>\n<p data-start=\"172\" data-end=\"527\">La <strong data-start=\"175\" data-end=\"194\">Husqvarna R214T<\/strong> est une <strong data-start=\"203\" data-end=\"243\">tondeuse autoport\u00e9e \u00e0 coupe frontale<\/strong> con\u00e7ue pour offrir <strong data-start=\"263\" data-end=\"302\">performance, polyvalence et confort<\/strong>. Son <strong data-start=\"308\" data-end=\"338\">moteur bicylindre puissant<\/strong>, son <strong data-start=\"344\" data-end=\"364\">ch\u00e2ssis articul\u00e9<\/strong> et son <strong data-start=\"372\" data-end=\"399\">carter de coupe frontal<\/strong> assurent une <strong data-start=\"413\" data-end=\"439\">excellente maniabilit\u00e9<\/strong> et une <strong data-start=\"447\" data-end=\"478\">qualit\u00e9 de tonte sup\u00e9rieure<\/strong>, m\u00eame autour des arbres, massifs ou obstacles.<\/p>\n<p data-start=\"529\" data-end=\"738\">Id\u00e9ale pour les <strong data-start=\"545\" data-end=\"572\">jardins moyens \u00e0 grands<\/strong>, cette tondeuse est robuste, intuitive et facile d\u2019entretien, tout en proposant un large choix d\u2019accessoires pour en faire une machine multifonction toute l\u2019ann\u00e9e.<\/p>\n<hr data-start=\"740\" data-end=\"743\" \/>\n<h3 data-start=\"745\" data-end=\"785\"><strong data-start=\"752\" data-end=\"783\">Caract\u00e9ristiques techniques<\/strong><\/h3>\n<ul data-start=\"787\" data-end=\"1703\">\n<li data-start=\"787\" data-end=\"813\">\n<p data-start=\"789\" data-end=\"813\"><strong data-start=\"789\" data-end=\"799\">Marque<\/strong> : Husqvarna<\/p>\n<\/li>\n<li data-start=\"814\" data-end=\"836\">\n<p data-start=\"816\" data-end=\"836\"><strong data-start=\"816\" data-end=\"826\">Mod\u00e8le<\/strong> : R214T<\/p>\n<\/li>\n<li data-start=\"837\" data-end=\"888\">\n<p data-start=\"839\" data-end=\"888\"><strong data-start=\"839\" data-end=\"847\">Type<\/strong> : Tondeuse autoport\u00e9e \u00e0 coupe frontale<\/p>\n<\/li>\n<li data-start=\"889\" data-end=\"945\">\n<p data-start=\"891\" data-end=\"945\"><strong data-start=\"891\" data-end=\"914\">Surface recommand\u00e9e<\/strong> : Jusqu\u2019\u00e0 \u2248 4 000 \u2013 5 000 m\u00b2<\/p>\n<\/li>\n<li data-start=\"946\" data-end=\"1007\">\n<p data-start=\"948\" data-end=\"1007\"><strong data-start=\"948\" data-end=\"968\">Largeur de coupe<\/strong> : \u2248 94 \u2013 103 cm (selon carter mont\u00e9)<\/p>\n<\/li>\n<li data-start=\"1008\" data-end=\"1067\">\n<p data-start=\"1010\" data-end=\"1067\"><strong data-start=\"1010\" data-end=\"1030\">Hauteur de coupe<\/strong> : R\u00e9glable sur plusieurs positions<\/p>\n<\/li>\n<li data-start=\"1068\" data-end=\"1148\">\n<p data-start=\"1070\" data-end=\"1148\"><strong data-start=\"1070\" data-end=\"1080\">Moteur<\/strong> : Bicylindre essence 4 temps, \u2248 500\u2013600 cc (selon version exacte)<\/p>\n<\/li>\n<li data-start=\"1149\" data-end=\"1223\">\n<p data-start=\"1151\" data-end=\"1223\"><strong data-start=\"1151\" data-end=\"1167\">Transmission<\/strong> : Hydrostatique pour un contr\u00f4le pr\u00e9cis de la vitesse<\/p>\n<\/li>\n<li data-start=\"1224\" data-end=\"1298\">\n<p data-start=\"1226\" data-end=\"1298\"><strong data-start=\"1226\" data-end=\"1239\">Direction<\/strong> : Ch\u00e2ssis articul\u00e9 pour un rayon de braquage ultra court<\/p>\n<\/li>\n<li data-start=\"1299\" data-end=\"1382\">\n<p data-start=\"1301\" data-end=\"1382\"><strong data-start=\"1301\" data-end=\"1320\">Carter de coupe<\/strong> : Frontal, id\u00e9al pour atteindre sous les haies et obstacles<\/p>\n<\/li>\n<li data-start=\"1383\" data-end=\"1466\">\n<p data-start=\"1385\" data-end=\"1466\"><strong data-start=\"1385\" data-end=\"1405\">Syst\u00e8me de coupe<\/strong> : Mulching BioClip\u00ae et \u00e9jection arri\u00e8re (selon \u00e9quipement)<\/p>\n<\/li>\n<li data-start=\"1467\" data-end=\"1536\">\n<p data-start=\"1469\" data-end=\"1536\"><strong data-start=\"1469\" data-end=\"1480\">Confort<\/strong> : Si\u00e8ge ergonomique, commandes simples et accessibles<\/p>\n<\/li>\n<li data-start=\"1537\" data-end=\"1617\">\n<p data-start=\"1539\" data-end=\"1617\"><strong data-start=\"1539\" data-end=\"1554\">Utilisation<\/strong> : Jardins moyens \u00e0 grands, terrains complexes avec obstacles<\/p>\n<\/li>\n<li data-start=\"1618\" data-end=\"1703\">\n<p data-start=\"1620\" data-end=\"1703\"><strong data-start=\"1620\" data-end=\"1633\">Entretien<\/strong> : Acc\u00e8s facile au carter et au moteur pour nettoyage et maintenance<\/p>\n<\/li>\n<\/ul>","protected":false},"excerpt":{"rendered":"<p>Description du produit La Husqvarna R214T est une tondeuse autoport\u00e9e \u00e0 coupe frontale con\u00e7ue pour offrir performance, polyvalence et confort.<\/p>","protected":false},"featured_media":13510,"template":"","meta":[],"product_brand":[],"product_cat":[61],"product_tag":[1514],"product_country":[1503],"class_list":{"0":"post-13509","1":"product","2":"type-product","3":"status-publish","4":"has-post-thumbnail","6":"product_cat-sale-france","7":"product_tag-sale-france","8":"product_country-france","10":"first","11":"instock","12":"sale","13":"taxable","14":"shipping-taxable","15":"purchasable","16":"product-type-simple"},"_links":{"self":[{"href":"https:\/\/routinesfashione.com\/nl\/wp-json\/wp\/v2\/product\/13509","targetHints":{"allow":["GET"]}}],"collection":[{"href":"https:\/\/routinesfashione.com\/nl\/wp-json\/wp\/v2\/product"}],"about":[{"href":"https:\/\/routinesfashione.com\/nl\/wp-json\/wp\/v2\/types\/product"}],"wp:featuredmedia":[{"embeddable":true,"href":"https:\/\/routinesfashione.com\/nl\/wp-json\/wp\/v2\/media\/13510"}],"wp:attachment":[{"href":"https:\/\/routinesfashione.com\/nl\/wp-json\/wp\/v2\/media?parent=13509"}],"wp:term":[{"taxonomy":"product_brand","embeddable":true,"href":"https:\/\/routinesfashione.com\/nl\/wp-json\/wp\/v2\/product_brand?post=13509"},{"taxonomy":"product_cat","embeddable":true,"href":"https:\/\/routinesfashione.com\/nl\/wp-json\/wp\/v2\/product_cat?post=13509"},{"taxonomy":"product_tag","embeddable":true,"href":"https:\/\/routinesfashione.com\/nl\/wp-json\/wp\/v2\/product_tag?post=13509"},{"taxonomy":"product_country","embeddable":true,"href":"https:\/\/routinesfashione.com\/nl\/wp-json\/wp\/v2\/product_country?post=13509"}],"curies":[{"name":"wp","href":"https:\/\/api.w.org\/{rel}","templated":true}]}}