{"id":13564,"date":"2025-09-30T20:36:56","date_gmt":"2025-09-30T20:36:56","guid":{"rendered":"https:\/\/lightgray-crow-170497.hostingersite.com\/?post_type=product&#038;p=13564"},"modified":"2025-09-30T20:36:56","modified_gmt":"2025-09-30T20:36:56","slug":"rme-339-c-tondeuse-electrique-stihl","status":"publish","type":"product","link":"https:\/\/routinesfashione.com\/nl\/produit\/rme-339-c-tondeuse-electrique-stihl\/","title":{"rendered":"RME 339 C Tondeuse \u00e9lectrique STIHL"},"content":{"rendered":"<p>La tondeuse RME 339C STIHL est une tondeuse \u00e9lectrique l\u00e9g\u00e8re et maniable. Elle est id\u00e9ale pour les surfaces allant jusqu\u2019\u00e0 500 m\u00b2 et b\u00e9n\u00e9ficie des \u00e9quipements suivants :<\/p>\n<ul>\n<li><b>Bac de ramassage :\u00a0<\/b>&#8211; un bac rigide de 40 L &#8211; des ouvertures d&#8217;a\u00e9ration orient\u00e9es vers le bas, emp\u00eache les brins d&#8217;herbe et la poussi\u00e8re de s&#8217;\u00e9chapper vers le haut et d\u2019encrasser l&#8217;appareil. &#8211; un t\u00e9moin de niveau de remplissage et l&#8217;ouverture en deux parties le rend facile \u00e0 vider et \u00e0 nettoyer. &#8211; une capacit\u00e9 de remplissage \u00e0 100 % gr\u00e2ce \u00e0 l&#8217;action combin\u00e9e de sa forme, du design du carter de coupe et de la forte ventilation de sa lame.<\/li>\n<li><b>Guidon EasyBac<\/b>\u00a0: facilite l&#8217;accessibilit\u00e9 et la manipulation du bac de ramassage. Par ailleurs, il est r\u00e9glable en hauteur sur 2 positions et se replie rapidement en un seul geste.<\/li>\n<li><b>R\u00e9glage de la hauteur de coupe centralis\u00e9<\/b>\u00a0: simple et rapide \u00e0 actionner, il permet d&#8217;ajuster la hauteur sur 5 niveaux de coupe diff\u00e9rents.<\/li>\n<li><b>Kit Mulching<\/b>\u00a0: il suffit de retirer le bac de ramassage et monter l&#8217;obturateur mulching. L&#8217;herbe coup\u00e9e est alors finement hach\u00e9e et r\u00e9guli\u00e8rement r\u00e9partie sur le gazon : pas besoin de la ramasser. Cela \u00e9conomise du temps et pr\u00e9sente l&#8217;avantage de redonner au gazon l&#8217;humidit\u00e9 et les substances nutritives de l&#8217;herbe coup\u00e9e.<\/li>\n<li><b>Dispositif de maintien du c\u00e2ble<\/b>\u00a0: confort et s\u00e9curit\u00e9, gr\u00e2ce au dispositif de maintien du c\u00e2ble \u00e9lectrique.<\/li>\n<\/ul>","protected":false},"excerpt":{"rendered":"<p>La tondeuse RME 339C STIHL est une tondeuse \u00e9lectrique l\u00e9g\u00e8re et maniable. Elle est id\u00e9ale pour les surfaces allant jusqu\u2019\u00e0<\/p>","protected":false},"featured_media":28952,"template":"","meta":[],"product_brand":[],"product_cat":[61],"product_tag":[1514],"product_country":[1503],"class_list":{"0":"post-13564","1":"product","2":"type-product","3":"status-publish","4":"has-post-thumbnail","6":"product_cat-sale-france","7":"product_tag-sale-france","8":"product_country-france","10":"first","11":"instock","12":"sale","13":"taxable","14":"shipping-taxable","15":"purchasable","16":"product-type-simple"},"_links":{"self":[{"href":"https:\/\/routinesfashione.com\/nl\/wp-json\/wp\/v2\/product\/13564","targetHints":{"allow":["GET"]}}],"collection":[{"href":"https:\/\/routinesfashione.com\/nl\/wp-json\/wp\/v2\/product"}],"about":[{"href":"https:\/\/routinesfashione.com\/nl\/wp-json\/wp\/v2\/types\/product"}],"wp:featuredmedia":[{"embeddable":true,"href":"https:\/\/routinesfashione.com\/nl\/wp-json\/wp\/v2\/media\/28952"}],"wp:attachment":[{"href":"https:\/\/routinesfashione.com\/nl\/wp-json\/wp\/v2\/media?parent=13564"}],"wp:term":[{"taxonomy":"product_brand","embeddable":true,"href":"https:\/\/routinesfashione.com\/nl\/wp-json\/wp\/v2\/product_brand?post=13564"},{"taxonomy":"product_cat","embeddable":true,"href":"https:\/\/routinesfashione.com\/nl\/wp-json\/wp\/v2\/product_cat?post=13564"},{"taxonomy":"product_tag","embeddable":true,"href":"https:\/\/routinesfashione.com\/nl\/wp-json\/wp\/v2\/product_tag?post=13564"},{"taxonomy":"product_country","embeddable":true,"href":"https:\/\/routinesfashione.com\/nl\/wp-json\/wp\/v2\/product_country?post=13564"}],"curies":[{"name":"wp","href":"https:\/\/api.w.org\/{rel}","templated":true}]}}