{"id":13569,"date":"2025-09-30T20:36:56","date_gmt":"2025-09-30T20:36:56","guid":{"rendered":"https:\/\/lightgray-crow-170497.hostingersite.com\/?post_type=product&#038;p=13569"},"modified":"2025-09-30T20:36:56","modified_gmt":"2025-09-30T20:36:56","slug":"scarificateur-aerateur-ryobi-brushless","status":"publish","type":"product","link":"https:\/\/routinesfashione.com\/nl\/produit\/scarificateur-aerateur-ryobi-brushless\/","title":{"rendered":"Scarificateur \/ a\u00e9rateur RYOBI Brushless"},"content":{"rendered":"<ul class=\"a-unordered-list a-vertical a-spacing-mini\">\n<li class=\"a-spacing-mini\"><span class=\"a-list-item\">[Alimentation par 2 batteries pour une puissance optimale] Le scarificateur\/a\u00e9rateur 18V ONE+ de Ryobi est aliment\u00e9 simultan\u00e9ment par deux batteries Lithium+ 18V, garantissant une autonomie et une puissance optimales. Il fait partie du syst\u00e8me ONE+, compatible avec plus de 200 outils Ryobi, ce qui permet d&#8217;utiliser les m\u00eames batteries pour vos autres appareils de bricolage et de jardinage. Gr\u00e2ce \u00e0 cette technologie, vous pouvez travailler plus longtemps sans interruption.<\/span><\/li>\n<li class=\"a-spacing-mini\"><span class=\"a-list-item\">[Moteur Brushless pour plus de performance et de long\u00e9vit\u00e9] \u00c9quip\u00e9 d&#8217;un moteur Brushless, ce scarificateur offre un couple \u00e9lev\u00e9 et des performances puissantes, tout en assurant une meilleure long\u00e9vit\u00e9. Le moteur sans charbons pr\u00e9serve l\u2019autonomie des batteries, vous permettant de travailler efficacement sur de longues p\u00e9riodes. Id\u00e9al pour des pelouses en pleine sant\u00e9, ce moteur performant aide \u00e0 retirer efficacement la mousse et le chaume.<\/span><\/li>\n<li class=\"a-spacing-mini\"><span class=\"a-list-item\">[R\u00e9glage de la profondeur pour un travail pr\u00e9cis] Avec quatre positions de profondeur de travail (-12, -8, -4, 2 mm), ce scarificateur Ryobi permet de s&#8217;adapter \u00e0 diff\u00e9rents types de pelouse et de besoins d\u2019entretien. Vous pouvez ajuster facilement la profondeur de travail gr\u00e2ce au r\u00e9glage centralis\u00e9, vous offrant un contr\u00f4le pr\u00e9cis pour retirer le chaume et la mousse tout en respectant votre gazon.<\/span><\/li>\n<li class=\"a-spacing-mini\"><span class=\"a-list-item\">[Confort d\u2019utilisation et maniabilit\u00e9] Ce scarificateur est con\u00e7u pour offrir un confort optimal avec sa poign\u00e9e GripZone ajustable en hauteur Vertebrae, assurant une prise en main ferme et ergonomique. De plus, ses grandes roues avant am\u00e9liorent la maniabilit\u00e9, vous permettant de travailler facilement m\u00eame sur des terrains irr\u00e9guliers. Cela rend l&#8217;utilisation plus agr\u00e9able, m\u00eame sur de longues sessions de travail.<\/span><\/li>\n<li class=\"a-spacing-mini\"><span class=\"a-list-item\">[Facilit\u00e9 de rangement et accessoires inclus] Le scarificateur est pliable, facilitant son rangement apr\u00e8s utilisation. Il est livr\u00e9 avec un tambour de scarification \u00e0 16 lames en acier inoxydable, con\u00e7u pour r\u00e9sister aux travaux intensifs. Avec sa largeur de coupe de 35 cm et un sac de r\u00e9cup\u00e9ration de 55 litres, il permet de maintenir facilement votre pelouse en bonne sant\u00e9, tout en offrant un rangement compact et pratique.<\/span><\/li>\n<\/ul>","protected":false},"excerpt":{"rendered":"<p>[Alimentation par 2 batteries pour une puissance optimale] Le scarificateur\/a\u00e9rateur 18V ONE+ de Ryobi est aliment\u00e9 simultan\u00e9ment par deux batteries<\/p>","protected":false},"featured_media":13570,"template":"","meta":[],"product_brand":[],"product_cat":[61],"product_tag":[1514],"product_country":[1503],"class_list":{"0":"post-13569","1":"product","2":"type-product","3":"status-publish","4":"has-post-thumbnail","6":"product_cat-sale-france","7":"product_tag-sale-france","8":"product_country-france","10":"first","11":"instock","12":"sale","13":"taxable","14":"shipping-taxable","15":"purchasable","16":"product-type-simple"},"_links":{"self":[{"href":"https:\/\/routinesfashione.com\/nl\/wp-json\/wp\/v2\/product\/13569","targetHints":{"allow":["GET"]}}],"collection":[{"href":"https:\/\/routinesfashione.com\/nl\/wp-json\/wp\/v2\/product"}],"about":[{"href":"https:\/\/routinesfashione.com\/nl\/wp-json\/wp\/v2\/types\/product"}],"wp:featuredmedia":[{"embeddable":true,"href":"https:\/\/routinesfashione.com\/nl\/wp-json\/wp\/v2\/media\/13570"}],"wp:attachment":[{"href":"https:\/\/routinesfashione.com\/nl\/wp-json\/wp\/v2\/media?parent=13569"}],"wp:term":[{"taxonomy":"product_brand","embeddable":true,"href":"https:\/\/routinesfashione.com\/nl\/wp-json\/wp\/v2\/product_brand?post=13569"},{"taxonomy":"product_cat","embeddable":true,"href":"https:\/\/routinesfashione.com\/nl\/wp-json\/wp\/v2\/product_cat?post=13569"},{"taxonomy":"product_tag","embeddable":true,"href":"https:\/\/routinesfashione.com\/nl\/wp-json\/wp\/v2\/product_tag?post=13569"},{"taxonomy":"product_country","embeddable":true,"href":"https:\/\/routinesfashione.com\/nl\/wp-json\/wp\/v2\/product_country?post=13569"}],"curies":[{"name":"wp","href":"https:\/\/api.w.org\/{rel}","templated":true}]}}