{"id":13608,"date":"2025-09-30T20:36:55","date_gmt":"2025-09-30T20:36:55","guid":{"rendered":"https:\/\/lightgray-crow-170497.hostingersite.com\/?post_type=product&#038;p=13608"},"modified":"2025-09-30T20:36:55","modified_gmt":"2025-09-30T20:36:55","slug":"tondeuse-thermique-autotractee-scheppach-3-kw","status":"publish","type":"product","link":"https:\/\/routinesfashione.com\/nl\/produit\/tondeuse-thermique-autotractee-scheppach-3-kw\/","title":{"rendered":"Tondeuse thermique autotract\u00e9e Scheppach 3 kw"},"content":{"rendered":"<div class=\"o-text\">\n<p>Tondeuse \u00e0 essence autotract\u00e9e de 51 cm de conception robuste, cette machine a \u00e9t\u00e9 d\u00e9velopp\u00e9e pour durer de longues ann\u00e9es. Moteur \u00e0 4 temps, 51 cm de largeur de tonte. Bac de ramassage robuste de 65L. R\u00e9glage de hauteur \u00e0 7 positions (25 \u00e0 75 mm). Livr\u00e9e avec batterie et chargeur.<\/p>\n<\/div>\n<table class=\"table table--fpDescTb\" role=\"table\" aria-label=\"Caract\u00e9ristiques du produit\">\n<caption class=\"u-visually-hidden\">Tableau de caract\u00e9ristiques du produit<\/caption>\n<thead class=\"table__header u-visually-hidden\" role=\"rowgroup\">\n<tr class=\"table__row\" role=\"row\">\n<th class=\"table__cell\" role=\"columnheader\" scope=\"col\" aria-sort=\"none\" aria-rowindex=\"1\">Caract\u00e9ristique<\/th>\n<th class=\"table__cell\" role=\"columnheader\" scope=\"col\" aria-sort=\"none\" aria-rowindex=\"1\">Description<\/th>\n<\/tr>\n<\/thead>\n<tbody class=\"table__body\" role=\"rowgroup\">\n<tr class=\"table__row\" role=\"row\">\n<th class=\"table__head\" role=\"cell\" colspan=\"2\" scope=\"col\">Informations g\u00e9n\u00e9rales sur le produit<\/th>\n<\/tr>\n<tr class=\"table__row\" role=\"row\">\n<th class=\"table__cell\" role=\"cell\" scope=\"row\"><\/th>\n<td class=\"table__cell\" role=\"cell\"><\/td>\n<\/tr>\n<tr class=\"table__row\" role=\"row\">\n<th class=\"table__cell\" role=\"cell\" scope=\"row\">Nom du produit<\/th>\n<td class=\"table__cell\" role=\"cell\">Tondeuse thermique autotract\u00e9e &#8211; d\u00e9marrage \u00e9lectrique &#8211; MS173-51 E &#8211; 51 cm &#8211; 173cc &#8211; SCHEPPACH<\/td>\n<\/tr>\n<tr class=\"table__row\" role=\"row\">\n<th class=\"table__cell\" role=\"cell\" scope=\"row\">Cat\u00e9gorie<\/th>\n<td class=\"table__cell\" role=\"cell\">TONDEUSE THERMIQUE &#8211; TONDEUSE A ESSENCE<\/td>\n<\/tr>\n<tr class=\"table__row\" role=\"row\">\n<th class=\"table__cell\" role=\"cell\" scope=\"row\">R\u00e9f\u00e9rence<\/th>\n<td class=\"table__cell\" role=\"cell\">5911247905<\/td>\n<\/tr>\n<tr class=\"table__row\" role=\"row\">\n<th class=\"table__head\" role=\"cell\" colspan=\"2\" scope=\"col\">Sp\u00e9cificit\u00e9s Web D\u00e9stockage<\/th>\n<\/tr>\n<tr class=\"table__row\" role=\"row\">\n<th class=\"table__cell\" role=\"cell\" scope=\"row\">Sous-\u00e9tat<\/th>\n<td class=\"table__cell\" role=\"cell\">Neuf<\/td>\n<\/tr>\n<tr class=\"table__row\" role=\"row\">\n<th class=\"table__head\" role=\"cell\" colspan=\"2\" scope=\"col\">G\u00e9n\u00e9ral<\/th>\n<\/tr>\n<tr class=\"table__row\" role=\"row\">\n<th class=\"table__cell\" role=\"cell\" scope=\"row\">Type de Produit<\/th>\n<td class=\"table__cell\" role=\"cell\">Tondeuse thermique<\/td>\n<\/tr>\n<tr class=\"table__row\" role=\"row\">\n<th class=\"table__cell\" role=\"cell\" scope=\"row\">Description du produit<\/th>\n<td class=\"table__cell\" role=\"cell\">Tondeuse thermique autotract\u00e9e avec d\u00e9marreur \u00e9lectrique MS173-51 E &#8211; 51 cm &#8211; Scheppach<\/td>\n<\/tr>\n<tr class=\"table__row\" role=\"row\">\n<th class=\"table__cell\" role=\"cell\" scope=\"row\">Gamme<\/th>\n<td class=\"table__cell\" role=\"cell\">Tondeuse thermique SCHEPPACH<\/td>\n<\/tr>\n<tr class=\"table__row\" role=\"row\">\n<th class=\"table__cell\" role=\"cell\" scope=\"row\">Mod\u00e8les<\/th>\n<td class=\"table__cell\" role=\"cell\">MS 173-51E<\/td>\n<\/tr>\n<tr class=\"table__row\" role=\"row\">\n<th class=\"table__cell\" role=\"cell\" scope=\"row\">Composition du lot<\/th>\n<td class=\"table__cell\" role=\"cell\">tondeuse \u00e0 gazon MS173-51E \u00e0 d\u00e9marrage \u00e9lectrique ou lanceur<\/td>\n<\/tr>\n<tr class=\"table__row\" role=\"row\">\n<th class=\"table__cell\" role=\"cell\" scope=\"row\">Type d&#8217;outil<\/th>\n<td class=\"table__cell\" role=\"cell\">Motoris\u00e9<\/td>\n<\/tr>\n<tr class=\"table__row\" role=\"row\">\n<th class=\"table__cell\" role=\"cell\" scope=\"row\">Couleur(s)<\/th>\n<td class=\"table__cell\" role=\"cell\">Noir et rouge<\/td>\n<\/tr>\n<tr class=\"table__row\" role=\"row\">\n<th class=\"table__cell\" role=\"cell\" scope=\"row\">Fonction du produit<\/th>\n<td class=\"table__cell\" role=\"cell\">Tonte, ramassage, mulching<\/td>\n<\/tr>\n<tr class=\"table__row\" role=\"row\">\n<th class=\"table__cell\" role=\"cell\" scope=\"row\">Multifonction<\/th>\n<td class=\"table__cell\" role=\"cell\">Oui<\/td>\n<\/tr>\n<tr class=\"table__row\" role=\"row\">\n<th class=\"table__cell\" role=\"cell\" scope=\"row\">Plus produit<\/th>\n<td class=\"table__cell\" role=\"cell\">Hauteur de tonte ajustable \u00e0 7 positions (25 \u00e0 75 mm). Poign\u00e9e de transport. Raccord de lavage. Ejections lat\u00e9rales. D\u00e9marrage hybride.<\/td>\n<\/tr>\n<tr class=\"table__row\" role=\"row\">\n<th class=\"table__cell\" role=\"cell\" scope=\"row\">Op\u00e9rateur \u00e9conomique responsable de la s\u00e9curit\u00e9 du produit vendu par Cdiscount<\/th>\n<td class=\"table__cell\" role=\"cell\">Nom : Scheppach GmbH | Adresse postale : G\u00fcnzburger Stra\u00dfe 69, 89335 Ichenhausen, Allemagne | Adresse \u00e9lectronique :\u00a0service@scheppach.com<\/td>\n<\/tr>\n<tr class=\"table__row\" role=\"row\">\n<th class=\"table__cell\" role=\"cell\" scope=\"row\">Op\u00e9rateur \u00e9conomique responsable de la s\u00e9curit\u00e9 du produit vendu sur la marketplace<\/th>\n<td class=\"table__cell\" role=\"cell\">Voir rubrique Infos vendeur \/ CGV &amp; Politique de retour.<\/td>\n<\/tr>\n<tr class=\"table__row\" role=\"row\">\n<th class=\"table__head\" role=\"cell\" colspan=\"2\" scope=\"col\">Dimensions et poids<\/th>\n<\/tr>\n<tr class=\"table__row\" role=\"row\">\n<th class=\"table__cell\" role=\"cell\" scope=\"row\">Dimensions<\/th>\n<td class=\"table__cell\" role=\"cell\">Dimensions L x l x h : 1640 x 560 x 1060\/1130 mm<\/td>\n<\/tr>\n<tr class=\"table__row\" role=\"row\">\n<th class=\"table__head\" role=\"cell\" colspan=\"2\" scope=\"col\">Caract\u00e9ristiques de la tondeuse<\/th>\n<\/tr>\n<tr class=\"table__row\" role=\"row\">\n<th class=\"table__cell\" role=\"cell\" scope=\"row\">Surface du jardin<\/th>\n<td class=\"table__cell\" role=\"cell\">jusqu\u2019\u00e0 1600 m\u00b2<\/td>\n<\/tr>\n<tr class=\"table__row\" role=\"row\">\n<th class=\"table__cell\" role=\"cell\" scope=\"row\">Type de propulsion<\/th>\n<td class=\"table__cell\" role=\"cell\">Autotract\u00e9e<\/td>\n<\/tr>\n<tr class=\"table__row\" role=\"row\">\n<th class=\"table__cell\" role=\"cell\" scope=\"row\">Mati\u00e8re du carter<\/th>\n<td class=\"table__cell\" role=\"cell\">Acier<\/td>\n<\/tr>\n<tr class=\"table__row\" role=\"row\">\n<th class=\"table__cell\" role=\"cell\" scope=\"row\">Type d&#8217;\u00e9jection<\/th>\n<td class=\"table__cell\" role=\"cell\">\u00c9jection bac<\/td>\n<\/tr>\n<tr class=\"table__row\" role=\"row\">\n<th class=\"table__cell\" role=\"cell\" scope=\"row\">Guidon<\/th>\n<td class=\"table__cell\" role=\"cell\">Guidon repliable pour faciliter le rangement et le transport<\/td>\n<\/tr>\n<tr class=\"table__row\" role=\"row\">\n<th class=\"table__cell\" role=\"cell\" scope=\"row\">Largeur de coupe<\/th>\n<td class=\"table__cell\" role=\"cell\">51 cm<\/td>\n<\/tr>\n<tr class=\"table__row\" role=\"row\">\n<th class=\"table__cell\" role=\"cell\" scope=\"row\">Hauteur de coupe maximum<\/th>\n<td class=\"table__cell\" role=\"cell\">75 mm<\/td>\n<\/tr>\n<tr class=\"table__row\" role=\"row\">\n<th class=\"table__head\" role=\"cell\" colspan=\"2\" scope=\"col\">Caract\u00e9ristiques de l&#8217;outil de taille<\/th>\n<\/tr>\n<tr class=\"table__row\" role=\"row\">\n<th class=\"table__cell\" role=\"cell\" scope=\"row\">Guidon repliable<\/th>\n<td class=\"table__cell\" role=\"cell\">Oui<\/td>\n<\/tr>\n<tr class=\"table__row\" role=\"row\">\n<th class=\"table__head\" role=\"cell\" colspan=\"2\" scope=\"col\">Sp\u00e9cificit\u00e9s moteur<\/th>\n<\/tr>\n<tr class=\"table__row\" role=\"row\">\n<th class=\"table__cell\" role=\"cell\" scope=\"row\">Type de motorisation<\/th>\n<td class=\"table__cell\" role=\"cell\">Thermique<\/td>\n<\/tr>\n<tr class=\"table__row\" role=\"row\">\n<th class=\"table__cell\" role=\"cell\" scope=\"row\">Motorisation<\/th>\n<td class=\"table__cell\" role=\"cell\">4 temps<\/td>\n<\/tr>\n<tr class=\"table__row\" role=\"row\">\n<th class=\"table__cell\" role=\"cell\" scope=\"row\">Marque du moteur<\/th>\n<td class=\"table__cell\" role=\"cell\">Sans marque<\/td>\n<\/tr>\n<tr class=\"table__row\" role=\"row\">\n<th class=\"table__cell\" role=\"cell\" scope=\"row\">Puissance du moteur en W<\/th>\n<td class=\"table__cell\" role=\"cell\">3000 W<\/td>\n<\/tr>\n<tr class=\"table__row\" role=\"row\">\n<th class=\"table__cell\" role=\"cell\" scope=\"row\">Puissance du moteur en CV<\/th>\n<td class=\"table__cell\" role=\"cell\">4 cv<\/td>\n<\/tr>\n<tr class=\"table__row\" role=\"row\">\n<th class=\"table__cell\" role=\"cell\" scope=\"row\">Cylindr\u00e9e<\/th>\n<td class=\"table__cell\" role=\"cell\">173 cm3<\/td>\n<\/tr>\n<tr class=\"table__row\" role=\"row\">\n<th class=\"table__cell\" role=\"cell\" scope=\"row\">Batterie<\/th>\n<td class=\"table__cell\" role=\"cell\">fournie<\/td>\n<\/tr>\n<tr class=\"table__row\" role=\"row\">\n<th class=\"table__cell\" role=\"cell\" scope=\"row\">Batterie Fournie<\/th>\n<td class=\"table__cell\" role=\"cell\">Oui<\/td>\n<\/tr>\n<tr class=\"table__row\" role=\"row\">\n<th class=\"table__cell\" role=\"cell\" scope=\"row\">Batterie unique<\/th>\n<td class=\"table__cell\" role=\"cell\">Oui<\/td>\n<\/tr>\n<tr class=\"table__row\" role=\"row\">\n<th class=\"table__cell\" role=\"cell\" scope=\"row\">Nom Batterie unique<\/th>\n<td class=\"table__cell\" role=\"cell\">Scheppach 20V IXES<\/td>\n<\/tr>\n<tr class=\"table__row\" role=\"row\">\n<th class=\"table__cell\" role=\"cell\" scope=\"row\">D\u00e9marrage<\/th>\n<td class=\"table__cell\" role=\"cell\">Electrique<\/td>\n<\/tr>\n<tr class=\"table__row\" role=\"row\">\n<th class=\"table__head\" role=\"cell\" colspan=\"2\" scope=\"col\">D\u00e9tail de l&#8217;\u00e9quipement<\/th>\n<\/tr>\n<tr class=\"table__row\" role=\"row\">\n<th class=\"table__cell\" role=\"cell\" scope=\"row\">capacit\u00e9<\/th>\n<td class=\"table__cell\" role=\"cell\">65 L<\/td>\n<\/tr>\n<tr class=\"table__row\" role=\"row\">\n<th class=\"table__cell\" role=\"cell\" scope=\"row\">Bac de ramassage<\/th>\n<td class=\"table__cell\" role=\"cell\">65 L<\/td>\n<\/tr>\n<tr class=\"table__row\" role=\"row\">\n<th class=\"table__cell\" role=\"cell\" scope=\"row\">Fonction mulching<\/th>\n<td class=\"table__cell\" role=\"cell\">Oui<\/td>\n<\/tr>\n<tr class=\"table__row\" role=\"row\">\n<th class=\"table__cell\" role=\"cell\" scope=\"row\">Equipements suppl\u00e9mentaires<\/th>\n<td class=\"table__cell\" role=\"cell\">Chargeur fourni<\/td>\n<\/tr>\n<tr class=\"table__row\" role=\"row\">\n<th class=\"table__head\" role=\"cell\" colspan=\"2\" scope=\"col\">Dimensions colis<\/th>\n<\/tr>\n<tr class=\"table__row\" role=\"row\">\n<th class=\"table__cell\" role=\"cell\" scope=\"row\">Dimensions brutes &#8211; article emball\u00e9 (L x l x H)<\/th>\n<td class=\"table__cell\" role=\"cell\">845 x 585 x 480 mm<\/td>\n<\/tr>\n<tr class=\"table__row\" role=\"row\">\n<th class=\"table__cell\" role=\"cell\" scope=\"row\">Poids emball\u00e9<\/th>\n<td class=\"table__cell\" role=\"cell\">37,1kg<\/td>\n<\/tr>\n<tr class=\"table__row\" role=\"row\">\n<th class=\"table__head\" role=\"cell\" colspan=\"2\" scope=\"col\">Vos garanties incluses<\/th>\n<\/tr>\n<tr class=\"table__row\" role=\"row\">\n<th class=\"table__cell\" role=\"cell\" scope=\"row\">Garantie (\u00b2)<\/th>\n<td class=\"table__cell\" role=\"cell\">5 ans &#8211; pi\u00e8ces<\/td>\n<\/tr>\n<tr class=\"table__row\" role=\"row\">\n<th class=\"table__cell\" role=\"cell\" scope=\"row\">Garantie additionnelle<\/th>\n<td class=\"table__cell\" role=\"cell\">Garantie fournisseur : 5 ans &#8211; Pi\u00e8ces<\/td>\n<\/tr>\n<tr class=\"table__row\" role=\"row\">\n<th class=\"table__cell\" role=\"cell\" scope=\"row\">Observations<\/th>\n<td class=\"table__cell\" role=\"cell\">Dans le cas o\u00f9 une garantie commerciale est propos\u00e9e par le vendeur, celle-ci ne fait pas obstacle \u00e0<\/td>\n<\/tr>\n<tr class=\"table__row\" role=\"row\">\n<th class=\"table__cell\" role=\"cell\" scope=\"row\">dur\u00e9e de disponibilit\u00e9 des pi\u00e8ces d\u00e9tach\u00e9es essentielles \u00e0 l\u2019utilisation du produit<\/th>\n<td class=\"table__cell\" role=\"cell\">5 ans + 5 ans sous condition d\u2019inscription gratuite sur le site sous 1 mois suivant la date d\u2019achat.<\/td>\n<\/tr>\n<tr class=\"table__row\" role=\"row\">\n<th class=\"table__head\" role=\"cell\" colspan=\"2\" scope=\"col\">Notes<\/th>\n<\/tr>\n<tr class=\"table__row\" role=\"row\">\n<th class=\"table__cell\" role=\"cell\" scope=\"row\">Notes<\/th>\n<td class=\"table__cell\" role=\"cell\">En enregistrant votre produit sur le site internet de SCHEPPACH, vous b\u00e9n\u00e9ficiez de 5 ans de garantie additionnelle dans un d\u00e9lai de 30 jours \u00e0 compter de sa date d\u2019achat.<\/td>\n<\/tr>\n<\/tbody>\n<\/table>","protected":false},"excerpt":{"rendered":"<p>Tondeuse \u00e0 essence autotract\u00e9e de 51 cm de conception robuste, cette machine a \u00e9t\u00e9 d\u00e9velopp\u00e9e pour durer de longues ann\u00e9es.<\/p>","protected":false},"featured_media":29095,"template":"","meta":[],"product_brand":[],"product_cat":[61],"product_tag":[1514],"product_country":[1503],"class_list":{"0":"post-13608","1":"product","2":"type-product","3":"status-publish","4":"has-post-thumbnail","6":"product_cat-sale-france","7":"product_tag-sale-france","8":"product_country-france","10":"first","11":"instock","12":"sale","13":"taxable","14":"shipping-taxable","15":"purchasable","16":"product-type-simple"},"_links":{"self":[{"href":"https:\/\/routinesfashione.com\/nl\/wp-json\/wp\/v2\/product\/13608","targetHints":{"allow":["GET"]}}],"collection":[{"href":"https:\/\/routinesfashione.com\/nl\/wp-json\/wp\/v2\/product"}],"about":[{"href":"https:\/\/routinesfashione.com\/nl\/wp-json\/wp\/v2\/types\/product"}],"wp:featuredmedia":[{"embeddable":true,"href":"https:\/\/routinesfashione.com\/nl\/wp-json\/wp\/v2\/media\/29095"}],"wp:attachment":[{"href":"https:\/\/routinesfashione.com\/nl\/wp-json\/wp\/v2\/media?parent=13608"}],"wp:term":[{"taxonomy":"product_brand","embeddable":true,"href":"https:\/\/routinesfashione.com\/nl\/wp-json\/wp\/v2\/product_brand?post=13608"},{"taxonomy":"product_cat","embeddable":true,"href":"https:\/\/routinesfashione.com\/nl\/wp-json\/wp\/v2\/product_cat?post=13608"},{"taxonomy":"product_tag","embeddable":true,"href":"https:\/\/routinesfashione.com\/nl\/wp-json\/wp\/v2\/product_tag?post=13608"},{"taxonomy":"product_country","embeddable":true,"href":"https:\/\/routinesfashione.com\/nl\/wp-json\/wp\/v2\/product_country?post=13608"}],"curies":[{"name":"wp","href":"https:\/\/api.w.org\/{rel}","templated":true}]}}