{"id":13630,"date":"2025-09-30T20:36:55","date_gmt":"2025-09-30T20:36:55","guid":{"rendered":"https:\/\/lightgray-crow-170497.hostingersite.com\/?post_type=product&#038;p=13630"},"modified":"2025-09-30T20:36:55","modified_gmt":"2025-09-30T20:36:55","slug":"stihl-rmi-422-2-p-robot-de-tonte-6301-012-1404","status":"publish","type":"product","link":"https:\/\/routinesfashione.com\/nl\/produit\/stihl-rmi-422-2-p-robot-de-tonte-6301-012-1404\/","title":{"rendered":"Stihl RMI 422.2 P Robot de tonte 6301-012-1404"},"content":{"rendered":"<h3 data-start=\"147\" data-end=\"182\"><strong data-start=\"154\" data-end=\"180\">Description du produit<\/strong><\/h3>\n<p data-start=\"183\" data-end=\"537\">Le <strong data-start=\"186\" data-end=\"207\">Stihl RMI 422.2 P<\/strong> est un <strong data-start=\"215\" data-end=\"256\">robot de tonte performant et autonome<\/strong>, sp\u00e9cialement con\u00e7u pour entretenir des pelouses de petite \u00e0 moyenne surface. Gr\u00e2ce \u00e0 son <strong data-start=\"347\" data-end=\"379\">moteur \u00e9lectrique silencieux<\/strong>, son <strong data-start=\"385\" data-end=\"422\">syst\u00e8me de coupe mulching int\u00e9gr\u00e9<\/strong> et sa <strong data-start=\"429\" data-end=\"465\">gestion intelligente des trajets<\/strong>, il assure un <strong data-start=\"480\" data-end=\"521\">gazon toujours parfaitement entretenu<\/strong>, sans effort.<\/p>\n<p data-start=\"539\" data-end=\"715\">Avec sa <strong data-start=\"547\" data-end=\"571\">batterie lithium-ion<\/strong> int\u00e9gr\u00e9e et ses capteurs de s\u00e9curit\u00e9, il fonctionne en toute autonomie et retourne automatiquement \u00e0 sa station de charge lorsque n\u00e9cessaire.<\/p>\n<hr data-start=\"717\" data-end=\"720\" \/>\n<h3 data-start=\"722\" data-end=\"762\"><strong data-start=\"729\" data-end=\"760\">Caract\u00e9ristiques techniques<\/strong><\/h3>\n<ul data-start=\"764\" data-end=\"1707\">\n<li data-start=\"764\" data-end=\"786\">\n<p data-start=\"766\" data-end=\"786\"><strong data-start=\"766\" data-end=\"776\">Marque<\/strong> : Stihl<\/p>\n<\/li>\n<li data-start=\"787\" data-end=\"815\">\n<p data-start=\"789\" data-end=\"815\"><strong data-start=\"789\" data-end=\"799\">Mod\u00e8le<\/strong> : RMI 422.2 P<\/p>\n<\/li>\n<li data-start=\"816\" data-end=\"849\">\n<p data-start=\"818\" data-end=\"849\"><strong data-start=\"818\" data-end=\"831\">R\u00e9f\u00e9rence<\/strong> : 6301-012-1404<\/p>\n<\/li>\n<li data-start=\"850\" data-end=\"888\">\n<p data-start=\"852\" data-end=\"888\"><strong data-start=\"852\" data-end=\"860\">Type<\/strong> : Robot de tonte autonome<\/p>\n<\/li>\n<li data-start=\"889\" data-end=\"935\">\n<p data-start=\"891\" data-end=\"935\"><strong data-start=\"891\" data-end=\"914\">Surface recommand\u00e9e<\/strong> : Jusqu\u2019\u00e0 1 000 m\u00b2<\/p>\n<\/li>\n<li data-start=\"936\" data-end=\"968\">\n<p data-start=\"938\" data-end=\"968\"><strong data-start=\"938\" data-end=\"958\">Largeur de coupe<\/strong> : 20 cm<\/p>\n<\/li>\n<li data-start=\"969\" data-end=\"1018\">\n<p data-start=\"971\" data-end=\"1018\"><strong data-start=\"971\" data-end=\"991\">Hauteur de coupe<\/strong> : R\u00e9glable de 20 \u00e0 60 mm<\/p>\n<\/li>\n<li data-start=\"1019\" data-end=\"1103\">\n<p data-start=\"1021\" data-end=\"1103\"><strong data-start=\"1021\" data-end=\"1041\">Syst\u00e8me de coupe<\/strong> : Mulching int\u00e9gr\u00e9 pour fertiliser naturellement la pelouse<\/p>\n<\/li>\n<li data-start=\"1104\" data-end=\"1141\">\n<p data-start=\"1106\" data-end=\"1141\"><strong data-start=\"1106\" data-end=\"1124\">Pente maximale<\/strong> : Jusqu\u2019\u00e0 40 %<\/p>\n<\/li>\n<li data-start=\"1142\" data-end=\"1194\">\n<p data-start=\"1144\" data-end=\"1194\"><strong data-start=\"1144\" data-end=\"1160\">Alimentation<\/strong> : Batterie lithium-ion int\u00e9gr\u00e9e<\/p>\n<\/li>\n<li data-start=\"1195\" data-end=\"1247\">\n<p data-start=\"1197\" data-end=\"1247\"><strong data-start=\"1197\" data-end=\"1209\">Recharge<\/strong> : Automatique via station de charge<\/p>\n<\/li>\n<li data-start=\"1248\" data-end=\"1344\">\n<p data-start=\"1250\" data-end=\"1344\"><strong data-start=\"1250\" data-end=\"1262\">S\u00e9curit\u00e9<\/strong> : Capteurs de soul\u00e8vement et d\u2019inclinaison, arr\u00eat automatique en cas d\u2019obstacle<\/p>\n<\/li>\n<li data-start=\"1345\" data-end=\"1423\">\n<p data-start=\"1347\" data-end=\"1423\"><strong data-start=\"1347\" data-end=\"1372\">Interface utilisateur<\/strong> : \u00c9cran LCD int\u00e9gr\u00e9 avec menu simple et intuitif<\/p>\n<\/li>\n<li data-start=\"1424\" data-end=\"1482\">\n<p data-start=\"1426\" data-end=\"1482\"><strong data-start=\"1426\" data-end=\"1443\">Programmation<\/strong> : Horaires de tonte personnalisables<\/p>\n<\/li>\n<li data-start=\"1483\" data-end=\"1547\">\n<p data-start=\"1485\" data-end=\"1547\"><strong data-start=\"1485\" data-end=\"1494\">Bruit<\/strong> : Tr\u00e8s silencieux, adapt\u00e9 aux zones r\u00e9sidentielles<\/p>\n<\/li>\n<li data-start=\"1548\" data-end=\"1707\">\n<p data-start=\"1550\" data-end=\"1578\"><strong data-start=\"1550\" data-end=\"1574\">Avantages principaux<\/strong> :<\/p>\n<ul data-start=\"1581\" data-end=\"1707\">\n<li data-start=\"1581\" data-end=\"1614\">\n<p data-start=\"1583\" data-end=\"1614\">Tonte autonome et silencieuse<\/p>\n<\/li>\n<li data-start=\"1617\" data-end=\"1661\">\n<p data-start=\"1619\" data-end=\"1661\">Mulching int\u00e9gr\u00e9 pour un gazon plus sain<\/p>\n<\/li>\n<li data-start=\"1664\" data-end=\"1707\">\n<p data-start=\"1666\" data-end=\"1707\">Id\u00e9al pour petites et moyennes pelouses<\/p>\n<\/li>\n<\/ul>\n<\/li>\n<\/ul>","protected":false},"excerpt":{"rendered":"<p>Description du produit Le Stihl RMI 422.2 P est un robot de tonte performant et autonome, sp\u00e9cialement con\u00e7u pour entretenir<\/p>","protected":false},"featured_media":13631,"template":"","meta":[],"product_brand":[],"product_cat":[61],"product_tag":[1514],"product_country":[1503],"class_list":{"0":"post-13630","1":"product","2":"type-product","3":"status-publish","4":"has-post-thumbnail","6":"product_cat-sale-france","7":"product_tag-sale-france","8":"product_country-france","10":"first","11":"instock","12":"sale","13":"taxable","14":"shipping-taxable","15":"purchasable","16":"product-type-simple"},"_links":{"self":[{"href":"https:\/\/routinesfashione.com\/nl\/wp-json\/wp\/v2\/product\/13630","targetHints":{"allow":["GET"]}}],"collection":[{"href":"https:\/\/routinesfashione.com\/nl\/wp-json\/wp\/v2\/product"}],"about":[{"href":"https:\/\/routinesfashione.com\/nl\/wp-json\/wp\/v2\/types\/product"}],"wp:featuredmedia":[{"embeddable":true,"href":"https:\/\/routinesfashione.com\/nl\/wp-json\/wp\/v2\/media\/13631"}],"wp:attachment":[{"href":"https:\/\/routinesfashione.com\/nl\/wp-json\/wp\/v2\/media?parent=13630"}],"wp:term":[{"taxonomy":"product_brand","embeddable":true,"href":"https:\/\/routinesfashione.com\/nl\/wp-json\/wp\/v2\/product_brand?post=13630"},{"taxonomy":"product_cat","embeddable":true,"href":"https:\/\/routinesfashione.com\/nl\/wp-json\/wp\/v2\/product_cat?post=13630"},{"taxonomy":"product_tag","embeddable":true,"href":"https:\/\/routinesfashione.com\/nl\/wp-json\/wp\/v2\/product_tag?post=13630"},{"taxonomy":"product_country","embeddable":true,"href":"https:\/\/routinesfashione.com\/nl\/wp-json\/wp\/v2\/product_country?post=13630"}],"curies":[{"name":"wp","href":"https:\/\/api.w.org\/{rel}","templated":true}]}}