{"id":13645,"date":"2025-09-30T20:36:55","date_gmt":"2025-09-30T20:36:55","guid":{"rendered":"https:\/\/lightgray-crow-170497.hostingersite.com\/?post_type=product&#038;p=13645"},"modified":"2025-09-30T20:36:55","modified_gmt":"2025-09-30T20:36:55","slug":"tondeuse-thermique-sterwins-132-cm%c2%b3","status":"publish","type":"product","link":"https:\/\/routinesfashione.com\/nl\/produit\/tondeuse-thermique-sterwins-132-cm%c2%b3\/","title":{"rendered":"Tondeuse thermique STERWINS 132 cm\u00b3"},"content":{"rendered":"<div class=\"o-product-detail-informations__description\">\n<p>La tondeuse thermique 40 cm STERWINS est id\u00e9ale pour l&#8217;entretien des jardins allant jusqu&#8217;\u00e0 600 m\u00b2. Sa largeur de coupe de 40 cm et l&#8217;ajustement centralis\u00e9 de la hauteur de coupe en 7 positions (de 2.5 cm \u00e0 7.5 cm) vous permettent une tonte performante qui s&#8217;adapte \u00e0 tous les gazons. La tondeuse est \u00e9quip\u00e9e de la fonction traction pour vous assurer un travail sans effort m\u00eame dans les pentes. Grand \u200bconfort de prise en main avec le guidon ergonomique, ajustable en hauteur et recouvert d&#8217;une mousse protectrice. Grande contenance du bac de ramassage (50 L). Elle se range facilement et est peu encombrante, gr\u00e2ce \u00e0 son guidon repliable et son bac semi-rigide. Sterwins des produits de qualit\u00e9 : Garantie 5 ans, dur\u00e9e de vie test\u00e9e et de nombreuses pi\u00e8ces d\u00e9tach\u00e9es disponibles.<\/p>\n<\/div>\n<table class=\"o-product-features\" role=\"presentation\" data-cerberus=\"TABLE_AttributesProduct\">\n<caption class=\"kl-hidden-accessibility\">\u00a0<\/caption>\n<tbody>\n<tr class=\"m-product-attr-row\">\n<th class=\"m-product-attr-row__name\" scope=\"row\">Surface conseill\u00e9e (en m\u00b2)<\/th>\n<td class=\"m-product-attr-row__value\">600<\/td>\n<\/tr>\n<tr class=\"m-product-attr-row\">\n<th class=\"m-product-attr-row__name\" scope=\"row\">Mati\u00e8re du carter<\/th>\n<td class=\"m-product-attr-row__value\">Acier<\/td>\n<\/tr>\n<tr class=\"m-product-attr-row\">\n<th class=\"m-product-attr-row__name\" scope=\"row\">R\u00e9glage de la hauteur de coupe<\/th>\n<td class=\"m-product-attr-row__value\">Oui<\/td>\n<\/tr>\n<tr class=\"m-product-attr-row\">\n<th class=\"m-product-attr-row__name\" scope=\"row\">Capacit\u00e9 du bac de ramassage (en l)<\/th>\n<td class=\"m-product-attr-row__value\">50<\/td>\n<\/tr>\n<tr class=\"m-product-attr-row\">\n<th class=\"m-product-attr-row__name\" scope=\"row\">Type de bac, sac de ramassage<\/th>\n<td class=\"m-product-attr-row__value\">Semi-rigide<\/td>\n<\/tr>\n<tr class=\"m-product-attr-row\">\n<th class=\"m-product-attr-row__name\" scope=\"row\">Fonction mulching<\/th>\n<td class=\"m-product-attr-row__value\">Non<\/td>\n<\/tr>\n<tr class=\"m-product-attr-row\">\n<th class=\"m-product-attr-row__name\" scope=\"row\">Pente maximum conseill\u00e9e (en %)<\/th>\n<td class=\"m-product-attr-row__value\">26,7<\/td>\n<\/tr>\n<tr class=\"m-product-attr-row\">\n<th class=\"m-product-attr-row__name\" scope=\"row\">Marque du moteur<\/th>\n<td class=\"m-product-attr-row__value\">ZONGSHEN<\/td>\n<\/tr>\n<tr class=\"m-product-attr-row\">\n<th class=\"m-product-attr-row__name\" scope=\"row\">D\u00e9brayage de lame<\/th>\n<td class=\"m-product-attr-row__value\">Non<\/td>\n<\/tr>\n<tr class=\"m-product-attr-row\">\n<th class=\"m-product-attr-row__name\" scope=\"row\">Cylindr\u00e9e (en cm\u00b3)<\/th>\n<td class=\"m-product-attr-row__value\">132<\/td>\n<\/tr>\n<tr class=\"m-product-attr-row\">\n<th class=\"m-product-attr-row__name\" scope=\"row\">Guidon r\u00e9glable en hauteur<\/th>\n<td class=\"m-product-attr-row__value\">Oui<\/td>\n<\/tr>\n<tr class=\"m-product-attr-row\">\n<th class=\"m-product-attr-row__name\" scope=\"row\">Guidon repliable<\/th>\n<td class=\"m-product-attr-row__value\">Oui<\/td>\n<\/tr>\n<tr class=\"m-product-attr-row\">\n<th class=\"m-product-attr-row__name\" scope=\"row\">Roues sur roulement \u00e0 billes<\/th>\n<td class=\"m-product-attr-row__value\">Oui, facilite le d\u00e9placement de la machine<\/td>\n<\/tr>\n<tr class=\"m-product-attr-row\">\n<th class=\"m-product-attr-row__name\" scope=\"row\">Largeur de coupe (en cm)<\/th>\n<td class=\"m-product-attr-row__value\">40<\/td>\n<\/tr>\n<tr class=\"m-product-attr-row\">\n<th class=\"m-product-attr-row__name\" scope=\"row\">Type d&#8217;\u00e9jection<\/th>\n<td class=\"m-product-attr-row__value\">Arri\u00e8re<\/td>\n<\/tr>\n<tr class=\"m-product-attr-row\">\n<th class=\"m-product-attr-row__name\" scope=\"row\">Syst\u00e8me de coupe<\/th>\n<td class=\"m-product-attr-row__value\">Rotatif<\/td>\n<\/tr>\n<tr class=\"m-product-attr-row\">\n<th class=\"m-product-attr-row__name\" scope=\"row\">Nombre de positions (hauteur de coupe)<\/th>\n<td class=\"m-product-attr-row__value\">7<\/td>\n<\/tr>\n<tr class=\"m-product-attr-row\">\n<th class=\"m-product-attr-row__name\" scope=\"row\">T\u00e9moin de remplissage du bac<\/th>\n<td class=\"m-product-attr-row__value\">Oui<\/td>\n<\/tr>\n<tr class=\"m-product-attr-row\">\n<th class=\"m-product-attr-row__name\" scope=\"row\">Mode de d\u00e9marrage<\/th>\n<td class=\"m-product-attr-row__value\">Manuel<\/td>\n<\/tr>\n<tr class=\"m-product-attr-row\">\n<th class=\"m-product-attr-row__name\" scope=\"row\">Pompe d&#8217;amor\u00e7age (thermique)<\/th>\n<td class=\"m-product-attr-row__value\">Oui, facilite le d\u00e9marrage<\/td>\n<\/tr>\n<tr class=\"m-product-attr-row\">\n<th class=\"m-product-attr-row__name\" scope=\"row\">Pression acoustique (en dB)<\/th>\n<td class=\"m-product-attr-row__value\">96<\/td>\n<\/tr>\n<tr class=\"m-product-attr-row\">\n<th class=\"m-product-attr-row__name\" scope=\"row\">Vitesse d&#8217;avancement<\/th>\n<td class=\"m-product-attr-row__value\">Fixe<\/td>\n<\/tr>\n<tr class=\"m-product-attr-row\">\n<th class=\"m-product-attr-row__name\" scope=\"row\">Garantie du carter (en ann\u00e9e)<\/th>\n<td class=\"m-product-attr-row__value\">5<\/td>\n<\/tr>\n<tr class=\"m-product-attr-row\">\n<th class=\"m-product-attr-row__name\" scope=\"row\">Capacit\u00e9 r\u00e9servoir huile (en l)<\/th>\n<td class=\"m-product-attr-row__value\">0.4<\/td>\n<\/tr>\n<tr class=\"m-product-attr-row\">\n<th class=\"m-product-attr-row__name\" scope=\"row\">Garantie du moteur (en ann\u00e9e)<\/th>\n<td class=\"m-product-attr-row__value\">5<\/td>\n<\/tr>\n<tr class=\"m-product-attr-row\">\n<th class=\"m-product-attr-row__name\" scope=\"row\">Largeur (en cm)<\/th>\n<td class=\"m-product-attr-row__value\">49.5<\/td>\n<\/tr>\n<tr class=\"m-product-attr-row\">\n<th class=\"m-product-attr-row__name\" scope=\"row\">Profondeur (en cm)<\/th>\n<td class=\"m-product-attr-row__value\">49.5<\/td>\n<\/tr>\n<tr class=\"m-product-attr-row\">\n<th class=\"m-product-attr-row__name\" scope=\"row\">Poids du produit nu (en kg)<\/th>\n<td class=\"m-product-attr-row__value\">26.11<\/td>\n<\/tr>\n<tr class=\"m-product-attr-row\">\n<th class=\"m-product-attr-row__name\" scope=\"row\">P\u00e9riode de disponibilit\u00e9 des pi\u00e8ces d\u00e9tach\u00e9es apr\u00e8s le dernier achat de la derni\u00e8re unit\u00e9 vendue (en ann\u00e9es)<\/th>\n<td class=\"m-product-attr-row__value\">5<\/td>\n<\/tr>\n<tr class=\"m-product-attr-row\">\n<th class=\"m-product-attr-row__name\" scope=\"row\">Produit emball\u00e9 : hauteur (en cm)<\/th>\n<td class=\"m-product-attr-row__value\">43<\/td>\n<\/tr>\n<tr class=\"m-product-attr-row\">\n<th class=\"m-product-attr-row__name\" scope=\"row\">Produit emball\u00e9 : largeur (en cm)<\/th>\n<td class=\"m-product-attr-row__value\">76<\/td>\n<\/tr>\n<tr class=\"m-product-attr-row\">\n<th class=\"m-product-attr-row__name\" scope=\"row\">Produit emball\u00e9 : profondeur (en cm)<\/th>\n<td class=\"m-product-attr-row__value\">52<\/td>\n<\/tr>\n<tr class=\"m-product-attr-row\">\n<th class=\"m-product-attr-row__name\" scope=\"row\">Produit emball\u00e9 : poids (en kg)<\/th>\n<td class=\"m-product-attr-row__value\">30.5<\/td>\n<\/tr>\n<tr class=\"m-product-attr-row\">\n<th class=\"m-product-attr-row__name\" scope=\"row\">Garantie (inclut la garantie l\u00e9gale de conformit\u00e9) (en ann\u00e9es)<\/th>\n<td class=\"m-product-attr-row__value\">5<\/td>\n<\/tr>\n<\/tbody>\n<\/table>","protected":false},"excerpt":{"rendered":"<p>La tondeuse thermique 40 cm STERWINS est id\u00e9ale pour l&#8217;entretien des jardins allant jusqu&#8217;\u00e0 600 m\u00b2. Sa largeur de coupe<\/p>","protected":false},"featured_media":13646,"template":"","meta":[],"product_brand":[],"product_cat":[61],"product_tag":[1514],"product_country":[1503],"class_list":{"0":"post-13645","1":"product","2":"type-product","3":"status-publish","4":"has-post-thumbnail","6":"product_cat-sale-france","7":"product_tag-sale-france","8":"product_country-france","10":"first","11":"instock","12":"sale","13":"taxable","14":"shipping-taxable","15":"purchasable","16":"product-type-simple"},"_links":{"self":[{"href":"https:\/\/routinesfashione.com\/nl\/wp-json\/wp\/v2\/product\/13645","targetHints":{"allow":["GET"]}}],"collection":[{"href":"https:\/\/routinesfashione.com\/nl\/wp-json\/wp\/v2\/product"}],"about":[{"href":"https:\/\/routinesfashione.com\/nl\/wp-json\/wp\/v2\/types\/product"}],"wp:featuredmedia":[{"embeddable":true,"href":"https:\/\/routinesfashione.com\/nl\/wp-json\/wp\/v2\/media\/13646"}],"wp:attachment":[{"href":"https:\/\/routinesfashione.com\/nl\/wp-json\/wp\/v2\/media?parent=13645"}],"wp:term":[{"taxonomy":"product_brand","embeddable":true,"href":"https:\/\/routinesfashione.com\/nl\/wp-json\/wp\/v2\/product_brand?post=13645"},{"taxonomy":"product_cat","embeddable":true,"href":"https:\/\/routinesfashione.com\/nl\/wp-json\/wp\/v2\/product_cat?post=13645"},{"taxonomy":"product_tag","embeddable":true,"href":"https:\/\/routinesfashione.com\/nl\/wp-json\/wp\/v2\/product_tag?post=13645"},{"taxonomy":"product_country","embeddable":true,"href":"https:\/\/routinesfashione.com\/nl\/wp-json\/wp\/v2\/product_country?post=13645"}],"curies":[{"name":"wp","href":"https:\/\/api.w.org\/{rel}","templated":true}]}}