{"id":13696,"date":"2025-09-30T20:36:54","date_gmt":"2025-09-30T20:36:54","guid":{"rendered":"https:\/\/lightgray-crow-170497.hostingersite.com\/?post_type=product&#038;p=13696"},"modified":"2025-09-30T20:36:54","modified_gmt":"2025-09-30T20:36:54","slug":"tondeuse-debroussailleuse-orion-r2-kiva","status":"publish","type":"product","link":"https:\/\/routinesfashione.com\/nl\/produit\/tondeuse-debroussailleuse-orion-r2-kiva\/","title":{"rendered":"Tondeuse d\u00e9broussailleuse Orion R2 \u2013 Kiva"},"content":{"rendered":"<p>D\u00e9couvrez la tondeuse d\u00e9broussailleuse faucheuse thermique Kiva Orion R2, votre alli\u00e9e ultime pour l\u2019entretien de vos terrains les plus exigeants. Con\u00e7ue pour exceller dans les situations les plus difficiles, cette machine offre des performances exceptionnelles qui surpassent toutes vos attentes. Domptez les broussailles les plus coriaces avec une facilit\u00e9 d\u00e9concertante gr\u00e2ce \u00e0 sa puissance in\u00e9gal\u00e9e. Profitez d\u2019un confort optimal et d\u2019une maniabilit\u00e9 sans pareil, vous assurant un travail efficace et sans effort, quel que soit le d\u00e9fi. Optez pour la qualit\u00e9 et la performance avec la tondeuse Kiva Orion R2, votre partenaire id\u00e9al pour des r\u00e9sultats impeccables.<\/p>\n<ul>\n<li>Moteur: RV 225 OHV 223 cc<\/li>\n<li>Traction: Vitesse de 3km\/h et marche arri\u00e8re \u00e0 la poign\u00e9e<\/li>\n<li>Largeur de coupe: 53 cm<\/li>\n<li>Type de v\u00e9g\u00e9taux: Tous types d\u2019herbes et broussailles jusqu\u2019\u00e0 3 cm de \u00d8<\/li>\n<li>Hauteur de coupe: 5 positions<\/li>\n<li>Entrainement de lame: Par courroie de transmission.<\/li>\n<li>Syst\u00e8me diff\u00e9rentiel: \u00c0 taquet (3\/4 tour libre)<\/li>\n<li>Roues avants: 2 roues pivotantes<\/li>\n<li>Roues arri\u00e8res: Type agraire<\/li>\n<li>Ejection: Lat\u00e9ral<\/li>\n<li>Performance moyenne: 1000m2 en 40 min.<\/li>\n<li>Poids : 92Kg<\/li>\n<\/ul>","protected":false},"excerpt":{"rendered":"<p>D\u00e9couvrez la tondeuse d\u00e9broussailleuse faucheuse thermique Kiva Orion R2, votre alli\u00e9e ultime pour l\u2019entretien de vos terrains les plus exigeants.<\/p>","protected":false},"featured_media":29058,"template":"","meta":[],"product_brand":[],"product_cat":[61],"product_tag":[1514],"product_country":[1503],"class_list":{"0":"post-13696","1":"product","2":"type-product","3":"status-publish","4":"has-post-thumbnail","6":"product_cat-sale-france","7":"product_tag-sale-france","8":"product_country-france","10":"first","11":"instock","12":"sale","13":"taxable","14":"shipping-taxable","15":"purchasable","16":"product-type-simple"},"_links":{"self":[{"href":"https:\/\/routinesfashione.com\/nl\/wp-json\/wp\/v2\/product\/13696","targetHints":{"allow":["GET"]}}],"collection":[{"href":"https:\/\/routinesfashione.com\/nl\/wp-json\/wp\/v2\/product"}],"about":[{"href":"https:\/\/routinesfashione.com\/nl\/wp-json\/wp\/v2\/types\/product"}],"wp:featuredmedia":[{"embeddable":true,"href":"https:\/\/routinesfashione.com\/nl\/wp-json\/wp\/v2\/media\/29058"}],"wp:attachment":[{"href":"https:\/\/routinesfashione.com\/nl\/wp-json\/wp\/v2\/media?parent=13696"}],"wp:term":[{"taxonomy":"product_brand","embeddable":true,"href":"https:\/\/routinesfashione.com\/nl\/wp-json\/wp\/v2\/product_brand?post=13696"},{"taxonomy":"product_cat","embeddable":true,"href":"https:\/\/routinesfashione.com\/nl\/wp-json\/wp\/v2\/product_cat?post=13696"},{"taxonomy":"product_tag","embeddable":true,"href":"https:\/\/routinesfashione.com\/nl\/wp-json\/wp\/v2\/product_tag?post=13696"},{"taxonomy":"product_country","embeddable":true,"href":"https:\/\/routinesfashione.com\/nl\/wp-json\/wp\/v2\/product_country?post=13696"}],"curies":[{"name":"wp","href":"https:\/\/api.w.org\/{rel}","templated":true}]}}