{"id":1382,"date":"2025-09-30T20:53:37","date_gmt":"2025-09-30T20:53:37","guid":{"rendered":"https:\/\/lightgray-crow-170497.hostingersite.com\/?post_type=product&#038;p=1382"},"modified":"2025-09-30T20:53:38","modified_gmt":"2025-09-30T20:53:38","slug":"machine-expresso-la-specialista-opera-ec9555-m","status":"publish","type":"product","link":"https:\/\/routinesfashione.com\/nl\/produit\/machine-expresso-la-specialista-opera-ec9555-m\/","title":{"rendered":"Machine \u00e0 expresso La Specialista Opera EC9555.M"},"content":{"rendered":"<p>Profitez d\u2019une exp\u00e9rience caf\u00e9 authentique \u00e0 la maison avec La Specialista Opera, pour un caf\u00e9 de qualit\u00e9 tasse apr\u00e8s tasse. Offrant un go\u00fbt intense \u00e0 chaque fois, cette machine expresso repose sur une technologie qui facilite chaque \u00e9tape de la pr\u00e9paration du caf\u00e9 tout en vous permettant de garder le contr\u00f4le, sans aucun effort. D\u00e9couvrez une gamme de boissons chaudes et froides, dont l\u2019exclusif Espresso Cool De\u2019Longhi.<\/p>\n<div>\n<ul>\n<li>Le contr\u00f4le de temp\u00e9rature actif maintient une temp\u00e9rature d\u2019extraction stable tout au long de la pr\u00e9paration du caf\u00e9<\/li>\n<li>Moulin \u00e0 caf\u00e9 int\u00e9gr\u00e9 disposant de 15\u00a0finesses de mouture et 3\u00a0profils de temp\u00e9rature d\u2019infusion<\/li>\n<li>Pr\u00e9parez un Cold brew en moins de 5\u00a0minutes* et essayez le nouvel Espresso Cool<\/li>\n<li>Smart Tamping Station permet un dosage pr\u00e9cis et sans g\u00e2chis<\/li>\n<li>Buse vapeur au toucher froid pour une s\u00e9curit\u00e9 renforc\u00e9e et un nettoyage facilit\u00e9<br \/>\n<h2 class=\"css-1rbleo9\">15\u00a0r\u00e9glages pour une finesse de mouture pr\u00e9cise<\/h2>\n<div class=\"css-19kp0uh\">\n<div class=\"css-g9had8\" data-testid=\"detailed-pdp\">La moulin \u00e0 caf\u00e9 int\u00e9gr\u00e9 est dot\u00e9 de fraises en acier inoxydable de haute qualit\u00e9 qui garantissent durabilit\u00e9 et pr\u00e9cision. Les 15\u00a0finesses de mouture vous permettent d\u2019obtenir la taille id\u00e9ale pour une extraction parfaite du caf\u00e9.<\/div>\n<div data-testid=\"detailed-pdp\">\n<h2 class=\"css-1rbleo9\">Tassage homog\u00e8ne et sans d\u00e9sordre<\/h2>\n<div class=\"css-19kp0uh\">\n<div class=\"css-g9had8\" data-testid=\"detailed-pdp\">La Smart Tamping Station permet un tassage pr\u00e9cis et uniforme sans d\u00e9bordement,appliquant jusqu\u2019\u00e0 20\u00a0kg de pression pour un r\u00e9sultat professionnel.<\/div>\n<div data-testid=\"detailed-pdp\">\n<h2 class=\"css-1rbleo9\">Buse vapeur puissante,au toucher froid<\/h2>\n<div class=\"css-19kp0uh\">\n<div class=\"css-g9had8\" data-testid=\"detailed-pdp\">La buse vapeur My LatteArt cr\u00e9e un vortex qui transforme le lait en une mousse voluptueuse et fine id\u00e9ale pour le latte art. Buse vapeur au toucher froid offre une manipulation plus s\u00fbre et un nettoyage plus facile.<\/div>\n<div data-testid=\"detailed-pdp\">\n<h2 class=\"css-1rbleo9\">D\u00e9couvrez les saveurs d\u00e9licates d\u2019un Cold Brew<\/h2>\n<div class=\"css-19kp0uh\">\n<div class=\"css-g9had8\" data-testid=\"detailed-pdp\">La technologie Cold Extraction vous permet de pr\u00e9parer un Cold Brew rafra\u00eechissant en moins de 5\u00a0minutes* et de d\u00e9couvrir l\u2019exclusif Espresso Cool De\u2019Longhi,id\u00e9al pour pr\u00e9parer des cocktails.<\/div>\n<\/div>\n<\/div>\n<\/div>\n<\/div>\n<\/div>\n<\/div>\n<\/div>\n<\/li>\n<\/ul>\n<\/div>","protected":false},"excerpt":{"rendered":"<p>Profitez d\u2019une exp\u00e9rience caf\u00e9 authentique \u00e0 la maison avec La Specialista Opera, pour un caf\u00e9 de qualit\u00e9 tasse apr\u00e8s tasse.<\/p>","protected":false},"featured_media":28858,"template":"","meta":[],"product_brand":[],"product_cat":[61],"product_tag":[1514],"product_country":[1503],"class_list":{"0":"post-1382","1":"product","2":"type-product","3":"status-publish","4":"has-post-thumbnail","6":"product_cat-sale-france","7":"product_tag-sale-france","8":"product_country-france","10":"first","11":"instock","12":"sale","13":"taxable","14":"shipping-taxable","15":"purchasable","16":"product-type-simple"},"_links":{"self":[{"href":"https:\/\/routinesfashione.com\/nl\/wp-json\/wp\/v2\/product\/1382","targetHints":{"allow":["GET"]}}],"collection":[{"href":"https:\/\/routinesfashione.com\/nl\/wp-json\/wp\/v2\/product"}],"about":[{"href":"https:\/\/routinesfashione.com\/nl\/wp-json\/wp\/v2\/types\/product"}],"wp:featuredmedia":[{"embeddable":true,"href":"https:\/\/routinesfashione.com\/nl\/wp-json\/wp\/v2\/media\/28858"}],"wp:attachment":[{"href":"https:\/\/routinesfashione.com\/nl\/wp-json\/wp\/v2\/media?parent=1382"}],"wp:term":[{"taxonomy":"product_brand","embeddable":true,"href":"https:\/\/routinesfashione.com\/nl\/wp-json\/wp\/v2\/product_brand?post=1382"},{"taxonomy":"product_cat","embeddable":true,"href":"https:\/\/routinesfashione.com\/nl\/wp-json\/wp\/v2\/product_cat?post=1382"},{"taxonomy":"product_tag","embeddable":true,"href":"https:\/\/routinesfashione.com\/nl\/wp-json\/wp\/v2\/product_tag?post=1382"},{"taxonomy":"product_country","embeddable":true,"href":"https:\/\/routinesfashione.com\/nl\/wp-json\/wp\/v2\/product_country?post=1382"}],"curies":[{"name":"wp","href":"https:\/\/api.w.org\/{rel}","templated":true}]}}