{"id":13826,"date":"2025-09-30T20:36:53","date_gmt":"2025-09-30T20:36:53","guid":{"rendered":"https:\/\/lightgray-crow-170497.hostingersite.com\/?post_type=product&#038;p=13826"},"modified":"2025-09-30T20:36:53","modified_gmt":"2025-09-30T20:36:53","slug":"machine-a-cafe-broyeur-te653m11rw-siemens","status":"publish","type":"product","link":"https:\/\/routinesfashione.com\/nl\/produit\/machine-a-cafe-broyeur-te653m11rw-siemens\/","title":{"rendered":"Machine \u00e0 caf\u00e9 broyeur TE653M11RW Siemens"},"content":{"rendered":"<p>Accessoire(s) inclus : Cuill\u00e8re pour doser le caf\u00e9 moulu, bandelette de test, Filtre \u00e0 eau BRITA INTENZA, Tuyau de raccordement pour le mousseur \u00e0 lait, Bac \u00e0 lait isotherme avec verrouillage<br \/>\nArr\u00eat automatique : Oui<br \/>\nAutre(s) fonction(s) : Aroma Double Shot (Double la quantit\u00e9 de caf\u00e9 pour la m\u00eame quantit\u00e9 d&#8217;eau), Favoris (Sauvegarder jusqu&#8217;\u00e0 2 boissons pr\u00e9f\u00e9r\u00e9es), Fonction One-Touch (sur simple pression d&#8217;une touche, obtenez une pr\u00e9paration parfaite)<br \/>\nAutre(s) s\u00e9curit\u00e9(s) : S\u00e9curit\u00e9 enfants (Verrouillage de l&#8217;appareil)<br \/>\nAutres : Indicateur lorsque le bac de r\u00e9cup\u00e9ration du marc de caf\u00e9 doit \u00eatre vid\u00e9<br \/>\nBec verseur ajustable : Oui<br \/>\nBroyeur \u00e0 grains int\u00e9gr\u00e9 : Oui<br \/>\nBuse vapeur : Oui<br \/>\nCapacit\u00e9 bac \u00e0 grains (g) : 300<br \/>\nCapacit\u00e9 du r\u00e9servoir (L) : 1.7<br \/>\nCapacit\u00e9 du r\u00e9servoir \u00e0 lait (L) : 0.5<br \/>\nCombin\u00e9 cafeti\u00e8re : Non<br \/>\nCompatible caf\u00e9 moulu et dosettes : Non<br \/>\nCouleur : Gris<br \/>\nDegr\u00e9 de mouture r\u00e9glable : Oui (multi-niveaux)<br \/>\nD\u00e9part programmable : Non<br \/>\nDimensions H x L x P (cm) : 38.5 x 28.1 x 46.8<br \/>\nEcran : Oui<br \/>\nFinition \/ Nuance : Gris fonc\u00e9<br \/>\nGamme : EQ.6 Plus S300<br \/>\nLongueur du cordon (m) : 1<br \/>\nNbre tasse(s) max. : 2<br \/>\nNespresso : Non<br \/>\nNettoyage : Rin\u00e7age automatique au d\u00e9marrage et \u00e0 l&#8217;arr\u00eat de la machine, AutoMilk Clean (des ar\u00f4mes justes gr\u00e2ce au rin\u00e7age vapeur automatique des conduits, apr\u00e8s chaque boisson lact\u00e9e), Calc&#8217;nClean Program (indication du nombre de boissons restantes avant que l&#8217;appareil ne soit programm\u00e9 pour \u00eatre nettoy\u00e9 et\/ou d\u00e9tartr\u00e9), El\u00e9ments compatible lave-vaisselle (Buse \u00e0 lait, Bac de r\u00e9cup\u00e9ration et r\u00e9servoir pour marc \u00e0 caf\u00e9)<br \/>\nPoids (kg) : 9.92<br \/>\nPression (bar) : 15<br \/>\nPuissance (W) : 1500<br \/>\nR\u00e9servoir \u00e0 caf\u00e9 moulu : Oui<br \/>\nR\u00e9servoir sp\u00e9cial lait : Oui<br \/>\nType : Machine \u00e0 caf\u00e9 broyeur<br \/>\nType de boissons : Expresso, Expresso Macchiato, Caf\u00e9 cr\u00e8me, Cappuccino, Latte<\/p>","protected":false},"excerpt":{"rendered":"<p>Accessoire(s) inclus : Cuill\u00e8re pour doser le caf\u00e9 moulu, bandelette de test, Filtre \u00e0 eau BRITA INTENZA, Tuyau de raccordement<\/p>","protected":false},"featured_media":28800,"template":"","meta":[],"product_brand":[],"product_cat":[61],"product_tag":[1514],"product_country":[1503],"class_list":{"0":"post-13826","1":"product","2":"type-product","3":"status-publish","4":"has-post-thumbnail","6":"product_cat-sale-france","7":"product_tag-sale-france","8":"product_country-france","10":"first","11":"instock","12":"sale","13":"taxable","14":"shipping-taxable","15":"purchasable","16":"product-type-simple"},"_links":{"self":[{"href":"https:\/\/routinesfashione.com\/nl\/wp-json\/wp\/v2\/product\/13826","targetHints":{"allow":["GET"]}}],"collection":[{"href":"https:\/\/routinesfashione.com\/nl\/wp-json\/wp\/v2\/product"}],"about":[{"href":"https:\/\/routinesfashione.com\/nl\/wp-json\/wp\/v2\/types\/product"}],"wp:featuredmedia":[{"embeddable":true,"href":"https:\/\/routinesfashione.com\/nl\/wp-json\/wp\/v2\/media\/28800"}],"wp:attachment":[{"href":"https:\/\/routinesfashione.com\/nl\/wp-json\/wp\/v2\/media?parent=13826"}],"wp:term":[{"taxonomy":"product_brand","embeddable":true,"href":"https:\/\/routinesfashione.com\/nl\/wp-json\/wp\/v2\/product_brand?post=13826"},{"taxonomy":"product_cat","embeddable":true,"href":"https:\/\/routinesfashione.com\/nl\/wp-json\/wp\/v2\/product_cat?post=13826"},{"taxonomy":"product_tag","embeddable":true,"href":"https:\/\/routinesfashione.com\/nl\/wp-json\/wp\/v2\/product_tag?post=13826"},{"taxonomy":"product_country","embeddable":true,"href":"https:\/\/routinesfashione.com\/nl\/wp-json\/wp\/v2\/product_country?post=13826"}],"curies":[{"name":"wp","href":"https:\/\/api.w.org\/{rel}","templated":true}]}}