{"id":13832,"date":"2025-09-30T20:36:53","date_gmt":"2025-09-30T20:36:53","guid":{"rendered":"https:\/\/lightgray-crow-170497.hostingersite.com\/?post_type=product&#038;p=13832"},"modified":"2025-09-30T20:36:53","modified_gmt":"2025-09-30T20:36:53","slug":"machine-a-cafe-a-grain-delonghi-dinamica-plus-ecam380-95-tb","status":"publish","type":"product","link":"https:\/\/routinesfashione.com\/nl\/produit\/machine-a-cafe-a-grain-delonghi-dinamica-plus-ecam380-95-tb\/","title":{"rendered":"Machine \u00e0 caf\u00e9 \u00e0 grain DeLonghi Dinamica Plus ECAM380.95.TB"},"content":{"rendered":"<p>Avec la Dinamica Plus, il y a un caf\u00e9 pour chaque moment de la journ\u00e9e. Choisissez parmi 24\u00a0boissons disponibles en une seule touche gr\u00e2ce \u00e0 l\u2019\u00e9cran couleur tactile intuitif de 3,5\u00a0pouces. \u00c9quip\u00e9 de la technologie exclusive LatteCrema Hot pour recouvrir vos boissons d\u2019une mousse de lait d\u00e9licate et riche, permettant de choisir parmi 3\u00a0textures de mousse\u00a0: dense, cr\u00e9meuse ou l\u00e9g\u00e8re.<\/p>\n<div>\n<ul>\n<li>La technologie LatteCrema Hot couvre vos boissons d\u2019une mousse de lait d\u00e9licate et riche. Choisissez parmi 3\u00a0textures\u00a0: dense, cr\u00e9meuse ou l\u00e9g\u00e8re<\/li>\n<li>\u00c9cran tactile couleur de 3,5\u00a0pouces avec 24\u00a0boissons d\u2019une simple touche<\/li>\n<li>Des classiques du caf\u00e9 personnalis\u00e9s avec jusqu\u2019\u00e0 4\u00a0profils d\u2019utilisateurs<\/li>\n<li>Avec 4\u00a0nouvelles boissons\u00a0: Verl\u00e4ngerter, Caf\u00e9 Con Leche, Caf\u00e9 Au Lait et Galao<\/li>\n<li>Nettoyage facile gr\u00e2ce au nettoyage automatique d\u2019une simple touche et \u00e0 la carafe \u00e0 lait compatible lave-vaisselle<\/li>\n<\/ul>\n<\/div>","protected":false},"excerpt":{"rendered":"<p>Avec la Dinamica Plus, il y a un caf\u00e9 pour chaque moment de la journ\u00e9e. Choisissez parmi 24\u00a0boissons disponibles en<\/p>","protected":false},"featured_media":13833,"template":"","meta":[],"product_brand":[],"product_cat":[61],"product_tag":[1514],"product_country":[1503],"class_list":{"0":"post-13832","1":"product","2":"type-product","3":"status-publish","4":"has-post-thumbnail","6":"product_cat-sale-france","7":"product_tag-sale-france","8":"product_country-france","10":"first","11":"instock","12":"sale","13":"taxable","14":"shipping-taxable","15":"purchasable","16":"product-type-simple"},"_links":{"self":[{"href":"https:\/\/routinesfashione.com\/nl\/wp-json\/wp\/v2\/product\/13832","targetHints":{"allow":["GET"]}}],"collection":[{"href":"https:\/\/routinesfashione.com\/nl\/wp-json\/wp\/v2\/product"}],"about":[{"href":"https:\/\/routinesfashione.com\/nl\/wp-json\/wp\/v2\/types\/product"}],"wp:featuredmedia":[{"embeddable":true,"href":"https:\/\/routinesfashione.com\/nl\/wp-json\/wp\/v2\/media\/13833"}],"wp:attachment":[{"href":"https:\/\/routinesfashione.com\/nl\/wp-json\/wp\/v2\/media?parent=13832"}],"wp:term":[{"taxonomy":"product_brand","embeddable":true,"href":"https:\/\/routinesfashione.com\/nl\/wp-json\/wp\/v2\/product_brand?post=13832"},{"taxonomy":"product_cat","embeddable":true,"href":"https:\/\/routinesfashione.com\/nl\/wp-json\/wp\/v2\/product_cat?post=13832"},{"taxonomy":"product_tag","embeddable":true,"href":"https:\/\/routinesfashione.com\/nl\/wp-json\/wp\/v2\/product_tag?post=13832"},{"taxonomy":"product_country","embeddable":true,"href":"https:\/\/routinesfashione.com\/nl\/wp-json\/wp\/v2\/product_country?post=13832"}],"curies":[{"name":"wp","href":"https:\/\/api.w.org\/{rel}","templated":true}]}}