{"id":13870,"date":"2025-09-30T20:36:53","date_gmt":"2025-09-30T20:36:53","guid":{"rendered":"https:\/\/lightgray-crow-170497.hostingersite.com\/?post_type=product&#038;p=13870"},"modified":"2025-09-30T20:36:53","modified_gmt":"2025-09-30T20:36:53","slug":"cecotec-cremmaet-touch-ocs-cafetiere-super-automatique-touch","status":"publish","type":"product","link":"https:\/\/routinesfashione.com\/nl\/produit\/cecotec-cremmaet-touch-ocs-cafetiere-super-automatique-touch\/","title":{"rendered":"Cecotec Cremmaet Touch OCS Cafeti\u00e8re Super-automatique Touch"},"content":{"rendered":"<ul>\n<li>Machine \u00e0 caf\u00e9 super-automatique tactile avec 19 bars et syst\u00e8me Thermoblock.<\/li>\n<li>Le barista \u00e0 la maison Pr\u00e9parez jusqu&#8217;\u00e0 15 boissons de la mani\u00e8re la plus rapide et la plus pratique gr\u00e2ce \u00e0 ses recettes. Naviguez sur son \u00e9cran, choisissez le caf\u00e9 id\u00e9al pour chaque moment et d\u00e9gustez.<\/li>\n<li>Votre caf\u00e9 pr\u00e9f\u00e9r\u00e9 d&#8217;un simple clic. Personnalisez chaque caf\u00e9 et enregistrez vos r\u00e9glages dans l&#8217;un des 8 profils d\u2019utilisateur pour acc\u00e9der \u00e0 vos boissons pr\u00e9f\u00e9r\u00e9es le plus rapidement possible.<\/li>\n<li>Exp\u00e9rience immersive, contr\u00f4le confortable. Naviguez sur l&#8217;\u00e9cran tactile de 7 pouces, choisissez la recette id\u00e9ale pour chaque moment ou faites-la \u00e0 votre guise, et d\u00e9gustez des caf\u00e9s parfaits.<\/li>\n<li>Mouture sur mesure pour chaque vari\u00e9t\u00e9 de grain. La machine \u00e0 caf\u00e9 est \u00e9quip\u00e9e d&#8217;un moulin en c\u00e9ramique \u00e0 9 niveaux pour s&#8217;adapter \u00e0 chaque vari\u00e9t\u00e9 de grain et obtenir toujours la texture parfaite.<\/li>\n<li>La machine \u00e0 caf\u00e9 pr\u00e9serve les propri\u00e9t\u00e9s de chaque grain. Son r\u00e9servoir de 400 g est herm\u00e9tique, ce qui permet de conserver plus longtemps la saveur et l&#8217;ar\u00f4me du caf\u00e9.<\/li>\n<li>Oubliez le remplissage constant. La machine \u00e0 caf\u00e9 dispose d&#8217;un r\u00e9servoir d&#8217;eau de 2 litres, une capacit\u00e9 qui vous permet de d\u00e9guster du caf\u00e9 tous les jours sans avoir \u00e0 remplir constamment le r\u00e9servoir.<\/li>\n<li>Pr\u00e9parez des caf\u00e9s cr\u00e9meux. Gr\u00e2ce \u00e0 son r\u00e9servoir \u00e0 lait de 600 ml, l&#8217;appareil produit une mousse fine, lisse et cr\u00e9meuse, aussi bien avec du lait de vache qu&#8217;avec des boissons v\u00e9g\u00e9tales.<\/li>\n<li>Les conduits restent toujours parfaits. Gr\u00e2ce \u00e0 son syst\u00e8me autonettoyant, vous n&#8217;avez pas \u00e0 vous soucier de l&#8217;entretien, la machine s&#8217;en charge automatiquement.<\/li>\n<li>Caf\u00e9 fra\u00eechement moulu en un instant. La puissance de 1500 W de la machine vous permet de d\u00e9guster des caf\u00e9s parfaits sans attendre.<\/li>\n<li>Ar\u00f4me et cr\u00e8me uniques. Ses 19 bars de pression permettent d&#8217;extraire tout l&#8217;ar\u00f4me et la saveur de chaque grain pour produire des caf\u00e9s \u00e9quilibr\u00e9s.<\/li>\n<li>Caf\u00e9 pr\u00eat en quelques secondes. Le syst\u00e8me Thermoblock permet d&#8217;atteindre la temp\u00e9rature parfaite pour une pr\u00e9paration rapide du caf\u00e9, r\u00e9duisant ainsi le temps d&#8217;attente pour chaque tasse.<\/li>\n<\/ul>","protected":false},"excerpt":{"rendered":"<p>Machine \u00e0 caf\u00e9 super-automatique tactile avec 19 bars et syst\u00e8me Thermoblock. Le barista \u00e0 la maison Pr\u00e9parez jusqu&#8217;\u00e0 15 boissons<\/p>","protected":false},"featured_media":13871,"template":"","meta":[],"product_brand":[],"product_cat":[61],"product_tag":[1514],"product_country":[1503],"class_list":{"0":"post-13870","1":"product","2":"type-product","3":"status-publish","4":"has-post-thumbnail","6":"product_cat-sale-france","7":"product_tag-sale-france","8":"product_country-france","10":"first","11":"instock","12":"sale","13":"taxable","14":"shipping-taxable","15":"purchasable","16":"product-type-simple"},"_links":{"self":[{"href":"https:\/\/routinesfashione.com\/nl\/wp-json\/wp\/v2\/product\/13870","targetHints":{"allow":["GET"]}}],"collection":[{"href":"https:\/\/routinesfashione.com\/nl\/wp-json\/wp\/v2\/product"}],"about":[{"href":"https:\/\/routinesfashione.com\/nl\/wp-json\/wp\/v2\/types\/product"}],"wp:featuredmedia":[{"embeddable":true,"href":"https:\/\/routinesfashione.com\/nl\/wp-json\/wp\/v2\/media\/13871"}],"wp:attachment":[{"href":"https:\/\/routinesfashione.com\/nl\/wp-json\/wp\/v2\/media?parent=13870"}],"wp:term":[{"taxonomy":"product_brand","embeddable":true,"href":"https:\/\/routinesfashione.com\/nl\/wp-json\/wp\/v2\/product_brand?post=13870"},{"taxonomy":"product_cat","embeddable":true,"href":"https:\/\/routinesfashione.com\/nl\/wp-json\/wp\/v2\/product_cat?post=13870"},{"taxonomy":"product_tag","embeddable":true,"href":"https:\/\/routinesfashione.com\/nl\/wp-json\/wp\/v2\/product_tag?post=13870"},{"taxonomy":"product_country","embeddable":true,"href":"https:\/\/routinesfashione.com\/nl\/wp-json\/wp\/v2\/product_country?post=13870"}],"curies":[{"name":"wp","href":"https:\/\/api.w.org\/{rel}","templated":true}]}}