{"id":13891,"date":"2025-09-30T20:36:52","date_gmt":"2025-09-30T20:36:52","guid":{"rendered":"https:\/\/lightgray-crow-170497.hostingersite.com\/?post_type=product&#038;p=13891"},"modified":"2025-09-30T20:36:52","modified_gmt":"2025-09-30T20:36:52","slug":"rocket-appartamento-machine-a-cafe-porte-tamis-cuivre-noir","status":"publish","type":"product","link":"https:\/\/routinesfashione.com\/nl\/produit\/rocket-appartamento-machine-a-cafe-porte-tamis-cuivre-noir\/","title":{"rendered":"Rocket Appartamento, Machine \u00e0 caf\u00e9 porte-tamis, cuivre, Noir"},"content":{"rendered":"<p>L&#8217;Appartamento TCA est \u00e9quip\u00e9e de caract\u00e9ristiques et d&#8217;am\u00e9liorations innovantes qui \u00e9l\u00e8vent l&#8217;exp\u00e9rience du caf\u00e9 \u00e0 un niveau encore plus \u00e9lev\u00e9. Elle \u00e9tablit de nouveaux standards dans la cat\u00e9gorie des machines \u00e0 espresso haut de gamme \u00e0 usage domestique et promet une exp\u00e9rience de caf\u00e9 in\u00e9gal\u00e9e.<\/p>\n<p>Malgr\u00e9 le design compact de Valerio Cometti, l&#8217;Appartemento est une machine \u00e0 deux circuits \u00e0 part enti\u00e8re avec un groupe d&#8217;infusion E61. Les c\u00f4t\u00e9s arrondis donnent \u00e0 la machine une toute nouvelle dimension esth\u00e9tique. Les courbes douces cr\u00e9ent un attrait visuel fascinant, tandis que le logo Rocket est pr\u00e9sent\u00e9 dans un nouvel alignement vertical. Les cercles accrocheurs sur les c\u00f4t\u00e9s de la machine ont \u00e9t\u00e9 mis en valeur par un gaufrage qui leur donne une dimension spatiale.<\/p>\n<p>Avec ses petites dimensions de 270mm (largeur), 448mm (profondeur) et 358mm (hauteur y compris le contour de la tasse), c&#8217;est l&#8217;une des machines \u00e0 deux cercles les plus compactes du march\u00e9, mais elle ne fait aucun compromis sur la qualit\u00e9 et la finition.<\/p>\n<p>Les d\u00e9veloppements dans l&#8217;\u00e9lectronique ont permis d&#8217;introduire une s\u00e9rie de caract\u00e9ristiques et de fonctions qui garantissent une excellente qualit\u00e9 en tasse.<\/p>\n<ul>\n<li><strong>Fonction stand-by (\u00e9conomie d&#8217;\u00e9nergie) :\u00a0<\/strong>(OFF ou apr\u00e8s 30 minutes, pr\u00e9r\u00e9glage 30 minutes)<\/li>\n<li><strong>R\u00e9glage de la pression de la chaudi\u00e8re :\u00a0<\/strong>de 0,9 \u00e0 1,2 bar par incr\u00e9ments de 0,1 bar, r\u00e9glage par d\u00e9faut 1 bar<\/li>\n<\/ul>\n<p><strong>Rocket Espresso et ECM<\/strong><br \/>\nEn 2007, ECM Italie s&#8217;est scind\u00e9e, ECM se concentrant d\u00e8s lors sur les machines commerciales et le secteur m\u00e9nager, sous la direction du fils du fondateur Daniele Berenbruch, Andrew Meo et Jeff Kennedy, devenant Rocket Espresso Milano Ltd. Les machines domestiques ECM Espresso sont assembl\u00e9es et vendues en Allemagne.<\/p>","protected":false},"excerpt":{"rendered":"<p>L&#8217;Appartamento TCA est \u00e9quip\u00e9e de caract\u00e9ristiques et d&#8217;am\u00e9liorations innovantes qui \u00e9l\u00e8vent l&#8217;exp\u00e9rience du caf\u00e9 \u00e0 un niveau encore plus \u00e9lev\u00e9.<\/p>","protected":false},"featured_media":28835,"template":"","meta":[],"product_brand":[],"product_cat":[61],"product_tag":[1514],"product_country":[1503],"class_list":{"0":"post-13891","1":"product","2":"type-product","3":"status-publish","4":"has-post-thumbnail","6":"product_cat-sale-france","7":"product_tag-sale-france","8":"product_country-france","10":"first","11":"instock","12":"sale","13":"taxable","14":"shipping-taxable","15":"purchasable","16":"product-type-simple"},"_links":{"self":[{"href":"https:\/\/routinesfashione.com\/nl\/wp-json\/wp\/v2\/product\/13891","targetHints":{"allow":["GET"]}}],"collection":[{"href":"https:\/\/routinesfashione.com\/nl\/wp-json\/wp\/v2\/product"}],"about":[{"href":"https:\/\/routinesfashione.com\/nl\/wp-json\/wp\/v2\/types\/product"}],"wp:featuredmedia":[{"embeddable":true,"href":"https:\/\/routinesfashione.com\/nl\/wp-json\/wp\/v2\/media\/28835"}],"wp:attachment":[{"href":"https:\/\/routinesfashione.com\/nl\/wp-json\/wp\/v2\/media?parent=13891"}],"wp:term":[{"taxonomy":"product_brand","embeddable":true,"href":"https:\/\/routinesfashione.com\/nl\/wp-json\/wp\/v2\/product_brand?post=13891"},{"taxonomy":"product_cat","embeddable":true,"href":"https:\/\/routinesfashione.com\/nl\/wp-json\/wp\/v2\/product_cat?post=13891"},{"taxonomy":"product_tag","embeddable":true,"href":"https:\/\/routinesfashione.com\/nl\/wp-json\/wp\/v2\/product_tag?post=13891"},{"taxonomy":"product_country","embeddable":true,"href":"https:\/\/routinesfashione.com\/nl\/wp-json\/wp\/v2\/product_country?post=13891"}],"curies":[{"name":"wp","href":"https:\/\/api.w.org\/{rel}","templated":true}]}}