{"id":13910,"date":"2025-09-30T20:36:52","date_gmt":"2025-09-30T20:36:52","guid":{"rendered":"https:\/\/lightgray-crow-170497.hostingersite.com\/?post_type=product&#038;p=13910"},"modified":"2025-09-30T20:36:52","modified_gmt":"2025-09-30T20:36:52","slug":"machine-a-cafe-philips-series-3200-ep3241-50","status":"publish","type":"product","link":"https:\/\/routinesfashione.com\/nl\/produit\/machine-a-cafe-philips-series-3200-ep3241-50\/","title":{"rendered":"Machine \u00e0 caf\u00e9 Philips Series 3200 EP3241\/50"},"content":{"rendered":"<div class=\"f-productProperties__col\">\n<dl class=\"f-productProperties__item\">\n<dt class=\"f-productProperties__term\">Fonctionnalit\u00e9s machine expresso<\/dt>\n<dd class=\"f-productProperties__definition\" aria-label=\"Liste des Fonctionnalit\u00e9s machine expresso\">Arr\u00eat automatique<\/p>\n<p>Programmable<\/dd>\n<\/dl>\n<dl class=\"f-productProperties__item\">\n<dt class=\"f-productProperties__term\">Type de broyeur<\/dt>\n<dd class=\"f-productProperties__definition\" aria-label=\"Liste des Type de broyeur\">C\u00e9ramique<\/dd>\n<\/dl>\n<dl class=\"f-productProperties__item\">\n<dt class=\"f-productProperties__term\">Puissance<\/dt>\n<dd class=\"f-productProperties__definition\" aria-label=\"Liste des Puissance\">1500 Watts<\/dd>\n<\/dl>\n<dl class=\"f-productProperties__item\">\n<dt class=\"f-productProperties__term\">Capacit\u00e9 du r\u00e9servoir<\/dt>\n<dd class=\"f-productProperties__definition\" aria-label=\"Liste des Capacit\u00e9 du r\u00e9servoir\">1,8 litres<\/dd>\n<\/dl>\n<dl class=\"f-productProperties__item\">\n<dt class=\"f-productProperties__term\">Caract\u00e9ristiques de l&#8217;\u00e9cran<\/dt>\n<dd class=\"f-productProperties__definition\" aria-label=\"Liste des Caract\u00e9ristiques de l'\u00e9cran\">Tactile avec ic\u00f4nes<\/dd>\n<\/dl>\n<dl class=\"f-productProperties__item\">\n<dt class=\"f-productProperties__term\">M\u00e9morisation des pr\u00e9f\u00e9rences<\/dt>\n<dd class=\"f-productProperties__definition\" aria-label=\"Liste des M\u00e9morisation des pr\u00e9f\u00e9rences\">Oui<\/dd>\n<\/dl>\n<dl class=\"f-productProperties__item\">\n<dt class=\"f-productProperties__term\">Finesse de la mouture r\u00e9glable<\/dt>\n<dd class=\"f-productProperties__definition\" aria-label=\"Liste des Finesse de la mouture r\u00e9glable\">Oui<\/dd>\n<\/dl>\n<dl class=\"f-productProperties__item\">\n<dt class=\"f-productProperties__term\">Buse vapeur et eau chaude<\/dt>\n<dd class=\"f-productProperties__definition\" aria-label=\"Liste des Buse vapeur et eau chaude\">Oui<\/dd>\n<\/dl>\n<dl class=\"f-productProperties__item\">\n<dt class=\"f-productProperties__term\">Multi-boissons<\/dt>\n<dd class=\"f-productProperties__definition\" aria-label=\"Liste des Multi-boissons\">Caf\u00e9<\/p>\n<p>Cappuccino<\/p>\n<p>Macchiato<\/p>\n<p>Th\u00e9<\/dd>\n<\/dl>\n<dl class=\"f-productProperties__item\">\n<dt class=\"f-productProperties__term\">Nombre de tasses<\/dt>\n<dd class=\"f-productProperties__definition\" aria-label=\"Liste des Nombre de tasses\">2<\/dd>\n<\/dl>\n<dl class=\"f-productProperties__item\">\n<dt class=\"f-productProperties__term\">Syst\u00e8me de machine \u00e0 caf\u00e9<\/dt>\n<dd class=\"f-productProperties__definition\" aria-label=\"Liste des Syst\u00e8me de machine \u00e0 caf\u00e9\">A pompe<\/dd>\n<\/dl>\n<dl class=\"f-productProperties__item\">\n<dt class=\"f-productProperties__term\">Finition<\/dt>\n<dd class=\"f-productProperties__definition\" aria-label=\"Liste des Finition\">Brillant<\/dd>\n<\/dl>\n<dl class=\"f-productProperties__item\">\n<dt class=\"f-productProperties__term\">Type de caf\u00e9<\/dt>\n<dd class=\"f-productProperties__definition\" aria-label=\"Liste des Type de caf\u00e9\">Caf\u00e9 en grain<\/p>\n<p>Caf\u00e9 moulu<\/dd>\n<\/dl>\n<\/div>\n<div class=\"f-productProperties__col\">\n<dl class=\"f-productProperties__item\">\n<dt class=\"f-productProperties__term\">Compatibilit\u00e9s<\/dt>\n<dd class=\"f-productProperties__definition\" aria-label=\"Liste des Compatibilit\u00e9s\">Parties amovibles, Bac de r\u00e9cup\u00e9ration, Conteneur de grains de caf\u00e9<\/dd>\n<\/dl>\n<dl class=\"f-productProperties__item\">\n<dt class=\"f-productProperties__term\">Garantie d&#8217;origine<\/dt>\n<dd class=\"f-productProperties__definition\" aria-label=\"Liste des Garantie d'origine\">2 ANS<\/dd>\n<\/dl>\n<dl class=\"f-productProperties__item f-productProperties__item--long\">\n<dt class=\"f-productProperties__term\">Caract\u00e9ristiques compl\u00e9mentaires<\/dt>\n<dd class=\"f-productProperties__definition\" aria-label=\"Liste des Caract\u00e9ristiques compl\u00e9mentaires\">R\u00e9servoir d&#8217;eau amovible; Niveau d&#8217;eau visible; Hauteur r\u00e9glable du verseur de caf\u00e9: 75 &#8211; 145 mm; Capacit\u00e9 r\u00e9servoir \u00e0 grains: 275g; Capacit\u00e9 du r\u00e9servoir de lait: 260 ml; Mousseur \u00e0 lait int\u00e9gr\u00e9; Intensit\u00e9 du caf\u00e9 r\u00e9glable; Filtre \u00e0 eau; Indicateur d\u00e9tartrage; \u00c9gouttoir amovible; Longueur du c\u00e2ble: 1m<\/dd>\n<\/dl>\n<dl class=\"f-productProperties__item\">\n<dt class=\"f-productProperties__term\">Couleur<\/dt>\n<dd class=\"f-productProperties__definition\" aria-label=\"Liste des Couleur\">Noir<\/dd>\n<\/dl>\n<dl class=\"f-productProperties__item\">\n<dt class=\"f-productProperties__term\">Coloris<\/dt>\n<dd class=\"f-productProperties__definition\" aria-label=\"Liste des Coloris\">Noir<\/dd>\n<\/dl>\n<dl class=\"f-productProperties__item\">\n<dt class=\"f-productProperties__term\">Poids en Kg<\/dt>\n<dd class=\"f-productProperties__definition\" aria-label=\"Liste des Poids en Kg\">8 Kg<\/dd>\n<\/dl>\n<dl class=\"f-productProperties__item\">\n<dt class=\"f-productProperties__term\">Poids du produit<\/dt>\n<dd class=\"f-productProperties__definition\" aria-label=\"Liste des Poids du produit\">8 Kg<\/dd>\n<\/dl>\n<dl class=\"f-productProperties__item\">\n<dt class=\"f-productProperties__term\">Poids<\/dt>\n<dd class=\"f-productProperties__definition\" aria-label=\"Liste des Poids\">8 kg<\/dd>\n<\/dl>\n<dl class=\"f-productProperties__item\">\n<dt class=\"f-productProperties__term\">Dimensions<\/dt>\n<dd class=\"f-productProperties__definition\" aria-label=\"Liste des Dimensions\">433 x 371 x 246 mm<\/dd>\n<\/dl>\n<dl class=\"f-productProperties__item\">\n<dt class=\"f-productProperties__term\">Origine de fabrication<\/dt>\n<dd class=\"f-productProperties__definition\" aria-label=\"Liste des Origine de fabrication\">Fabriqu\u00e9 en Europe<\/dd>\n<\/dl>\n<dl class=\"f-productProperties__item\">\n<dt class=\"f-productProperties__term\">SKU<\/dt>\n<dd class=\"f-productProperties__definition\" aria-label=\"Liste des SKU\">17834486<\/dd>\n<\/dl>\n<dl class=\"f-productProperties__item\">\n<dt class=\"f-productProperties__term\">EAN<\/dt>\n<dd class=\"f-productProperties__definition\" aria-label=\"Liste des EAN\">8710103878094<\/dd>\n<\/dl>\n<\/div>","protected":false},"excerpt":{"rendered":"<p>Fonctionnalit\u00e9s machine expresso Arr\u00eat automatique Programmable Type de broyeur C\u00e9ramique Puissance 1500 Watts Capacit\u00e9 du r\u00e9servoir 1,8 litres Caract\u00e9ristiques de<\/p>","protected":false},"featured_media":28763,"template":"","meta":[],"product_brand":[],"product_cat":[61],"product_tag":[1514],"product_country":[1503],"class_list":{"0":"post-13910","1":"product","2":"type-product","3":"status-publish","4":"has-post-thumbnail","6":"product_cat-sale-france","7":"product_tag-sale-france","8":"product_country-france","10":"first","11":"instock","12":"sale","13":"taxable","14":"shipping-taxable","15":"purchasable","16":"product-type-simple"},"_links":{"self":[{"href":"https:\/\/routinesfashione.com\/nl\/wp-json\/wp\/v2\/product\/13910","targetHints":{"allow":["GET"]}}],"collection":[{"href":"https:\/\/routinesfashione.com\/nl\/wp-json\/wp\/v2\/product"}],"about":[{"href":"https:\/\/routinesfashione.com\/nl\/wp-json\/wp\/v2\/types\/product"}],"wp:featuredmedia":[{"embeddable":true,"href":"https:\/\/routinesfashione.com\/nl\/wp-json\/wp\/v2\/media\/28763"}],"wp:attachment":[{"href":"https:\/\/routinesfashione.com\/nl\/wp-json\/wp\/v2\/media?parent=13910"}],"wp:term":[{"taxonomy":"product_brand","embeddable":true,"href":"https:\/\/routinesfashione.com\/nl\/wp-json\/wp\/v2\/product_brand?post=13910"},{"taxonomy":"product_cat","embeddable":true,"href":"https:\/\/routinesfashione.com\/nl\/wp-json\/wp\/v2\/product_cat?post=13910"},{"taxonomy":"product_tag","embeddable":true,"href":"https:\/\/routinesfashione.com\/nl\/wp-json\/wp\/v2\/product_tag?post=13910"},{"taxonomy":"product_country","embeddable":true,"href":"https:\/\/routinesfashione.com\/nl\/wp-json\/wp\/v2\/product_country?post=13910"}],"curies":[{"name":"wp","href":"https:\/\/api.w.org\/{rel}","templated":true}]}}