{"id":13934,"date":"2025-09-30T20:36:52","date_gmt":"2025-09-30T20:36:52","guid":{"rendered":"https:\/\/lightgray-crow-170497.hostingersite.com\/?post_type=product&#038;p=13934"},"modified":"2025-09-30T20:36:52","modified_gmt":"2025-09-30T20:36:52","slug":"cafe-bueno-cb-3000-super-automatic-coffee-espresso-machine","status":"publish","type":"product","link":"https:\/\/routinesfashione.com\/nl\/produit\/cafe-bueno-cb-3000-super-automatic-coffee-espresso-machine\/","title":{"rendered":"Machine \u00e0 caf\u00e9 expresso super automatique Cafe Bueno CB-3000"},"content":{"rendered":"<ul class=\"a-unordered-list a-vertical a-spacing-mini\">\n<li class=\"a-spacing-mini\"><span class=\"a-list-item\"><span dir=\"auto\">CAF\u00c9 DE QUALIT\u00c9 BARISTA \u2013 Pr\u00e9parez d\u00e9sormais un caf\u00e9 de qualit\u00e9 barista confortablement install\u00e9 chez vous, tout en \u00e9conomisant. Une tasse de votre caf\u00e9 ou expresso pr\u00e9f\u00e9r\u00e9 pourrait vous co\u00fbter seulement 25 centimes\u00a0!<\/span><\/span><\/li>\n<li class=\"a-spacing-mini\"><span class=\"a-list-item\"><span dir=\"auto\">GRAND CHOIX \u2013 Choisissez parmi 19 boissons enti\u00e8rement personnalisables. Le Caf\u00e9 Bueno saura vous s\u00e9duire avec ses options\u00a0: expresso, lungo, americano, cappuccino, macchiato, latte, latte macchiato, flat white, lait chaud, mousse de lait et eau chaude. Des versions doubles de ces boissons sont \u00e9galement disponibles.<\/span><\/span><\/li>\n<li class=\"a-spacing-mini\"><span class=\"a-list-item\"><span dir=\"auto\">AUTONETTOYAGE \u2013 Simplifiez-vous la vie gr\u00e2ce \u00e0 quatre options d&#8217;autonettoyage\u00a0: nettoyage du syst\u00e8me de lait, nettoyage r\u00e9gulier de la cafeti\u00e8re, d\u00e9tartrage et nettoyage en profondeur de la cafeti\u00e8re. Toutes ces options sont accessibles par simple pression d&#8217;un bouton.<\/span><\/span><\/li>\n<li class=\"a-spacing-mini\"><span class=\"a-list-item\"><span dir=\"auto\">FACILE \u00c0 UTILISER \u2013 Utiliser un Cafe Bueno est plus simple et moins laborieux qu&#8217;une cafeti\u00e8re traditionnelle. Un grand \u00e9cran de 7 pouces facilite la visualisation et l&#8217;utilisation de toutes les options. Votre caf\u00e9 pr\u00e9f\u00e9r\u00e9 est \u00e0 port\u00e9e de main. Des notifications automatiques vous indiquent quand ajouter de l&#8217;eau, vider le marc de caf\u00e9 ou ajouter des grains de caf\u00e9.<\/span><\/span><\/li>\n<li class=\"a-spacing-mini\"><span class=\"a-list-item\"><span dir=\"auto\">PERSONNALISEZ CHAQUE GOUTTE \u2013 La machine \u00e0 expresso de Cafe Bueno permet aux utilisateurs de r\u00e9gler la quantit\u00e9 de marc de caf\u00e9, la mouture du grain de caf\u00e9 (de tr\u00e8s fin \u00e0 grossier), la temp\u00e9rature, la quantit\u00e9 d&#8217;eau utilis\u00e9e, la mousse de lait et le lait chaud.<\/span><\/span><\/li>\n<li class=\"a-spacing-mini\"><span class=\"a-list-item\"><span dir=\"auto\">LE MEILLEUR, C&#8217;EST LA FRA\u00ceCHEUR \u2013 Savourez un caf\u00e9 frais, infus\u00e9 quelques secondes apr\u00e8s sa mouture. Fini le marc de caf\u00e9 qui s&#8217;ab\u00eeme dans un sachet au fond d&#8217;un placard. Savourez un caf\u00e9 frais et aromatique \u00e0 chaque tasse.<\/span><\/span><\/li>\n<li class=\"a-spacing-mini\"><span class=\"a-list-item\"><span dir=\"auto\">R\u00c9DUISEZ LES D\u00c9CHETS \u2013 \u00c9liminez les d\u00e9chets g\u00e9n\u00e9r\u00e9s par les machines \u00e0 caf\u00e9 \u00e0 dosettes. Le seul sous-produit de la pr\u00e9paration de votre caf\u00e9 pr\u00e9f\u00e9r\u00e9 avec un Cafe Bueno est le marc de caf\u00e9.<\/span><\/span><\/li>\n<\/ul>\n<div class=\"a-row a-expander-container a-expander-inline-container\">\n<div class=\"a-expander-content a-expander-extend-content a-expander-content-expanded\" data-expanded=\"true\">\n<ul class=\"a-unordered-list a-vertical a-spacing-none\">\n<li class=\"a-spacing-mini\"><span class=\"a-list-item\"><span dir=\"auto\">SATISFACTION SANS SOUCIS \u2013 Nous sommes fiers de nos clients, car apr\u00e8s l&#8217;achat d&#8217;un de nos produits, vous devenez membre de la famille Caf\u00e9 Bueno. En cas de probl\u00e8me, contactez-nous\u00a0; nous serons ravis de r\u00e9pondre \u00e0 toutes vos questions.<\/span><\/span><\/li>\n<li class=\"a-spacing-mini\"><span class=\"a-list-item\"><span dir=\"auto\">SERVICE CLIENT BAS\u00c9 AUX \u00c9TATS-UNIS \u2013 Nous sommes l\u00e0 pour vous aider \u00e0 r\u00e9pondre \u00e0 toutes vos questions.<\/span><\/span><\/li>\n<li class=\"a-spacing-mini\"><span class=\"a-list-item\"><span dir=\"auto\">MACHINE \u00c0 USAGE DOMESTIQUE \u2013 Cette machine est sp\u00e9cialement con\u00e7ue pour un usage domestique. Elle permet de pr\u00e9parer jusqu&#8217;\u00e0 10 tasses de caf\u00e9 par jour.<\/span><\/span><\/li>\n<\/ul>\n<\/div>\n<\/div>","protected":false},"excerpt":{"rendered":"<p>CAF\u00c9 DE QUALIT\u00c9 BARISTA \u2013 Pr\u00e9parez d\u00e9sormais un caf\u00e9 de qualit\u00e9 barista confortablement install\u00e9 chez vous, tout en \u00e9conomisant. Une<\/p>","protected":false},"featured_media":13935,"template":"","meta":[],"product_brand":[],"product_cat":[61],"product_tag":[1514],"product_country":[1503],"class_list":{"0":"post-13934","1":"product","2":"type-product","3":"status-publish","4":"has-post-thumbnail","6":"product_cat-sale-france","7":"product_tag-sale-france","8":"product_country-france","10":"first","11":"instock","12":"sale","13":"taxable","14":"shipping-taxable","15":"purchasable","16":"product-type-simple"},"_links":{"self":[{"href":"https:\/\/routinesfashione.com\/nl\/wp-json\/wp\/v2\/product\/13934","targetHints":{"allow":["GET"]}}],"collection":[{"href":"https:\/\/routinesfashione.com\/nl\/wp-json\/wp\/v2\/product"}],"about":[{"href":"https:\/\/routinesfashione.com\/nl\/wp-json\/wp\/v2\/types\/product"}],"wp:featuredmedia":[{"embeddable":true,"href":"https:\/\/routinesfashione.com\/nl\/wp-json\/wp\/v2\/media\/13935"}],"wp:attachment":[{"href":"https:\/\/routinesfashione.com\/nl\/wp-json\/wp\/v2\/media?parent=13934"}],"wp:term":[{"taxonomy":"product_brand","embeddable":true,"href":"https:\/\/routinesfashione.com\/nl\/wp-json\/wp\/v2\/product_brand?post=13934"},{"taxonomy":"product_cat","embeddable":true,"href":"https:\/\/routinesfashione.com\/nl\/wp-json\/wp\/v2\/product_cat?post=13934"},{"taxonomy":"product_tag","embeddable":true,"href":"https:\/\/routinesfashione.com\/nl\/wp-json\/wp\/v2\/product_tag?post=13934"},{"taxonomy":"product_country","embeddable":true,"href":"https:\/\/routinesfashione.com\/nl\/wp-json\/wp\/v2\/product_country?post=13934"}],"curies":[{"name":"wp","href":"https:\/\/api.w.org\/{rel}","templated":true}]}}