{"id":13952,"date":"2025-09-30T20:36:51","date_gmt":"2025-09-30T20:36:51","guid":{"rendered":"https:\/\/lightgray-crow-170497.hostingersite.com\/?post_type=product&#038;p=13952"},"modified":"2025-09-30T20:36:51","modified_gmt":"2025-09-30T20:36:51","slug":"machine-a-expresso-avec-broyeur-magnifica-star-ecam223-61-gb-delonghi","status":"publish","type":"product","link":"https:\/\/routinesfashione.com\/nl\/produit\/machine-a-expresso-avec-broyeur-magnifica-star-ecam223-61-gb-delonghi\/","title":{"rendered":"Machine \u00e0 Expresso Avec Broyeur Magnifica Star Ecam223.61.gb Delonghi"},"content":{"rendered":"<div id=\"description\" class=\"c-product-sheet-additional-details__item\" data-v-dbae4740=\"\" data-v-24d15971=\"\">\n<h3 class=\"u-mb-sm u-font-20\" data-v-24d15971=\"\">Descriptif<\/h3>\n<p class=\"c-further-information__text\" data-v-24d15971=\"\"><span data-v-24d15971=\"\">Cette machine vous offre une exp\u00e9rience d&#8217;u\u00a0 caf\u00e9 unique \u00e0 la maison.\u00a0<\/span><br data-v-24d15971=\"\" \/><br data-v-24d15971=\"\" \/><span class=\"u-font-15 u-font-500\" data-v-24d15971=\"\">Garantie l\u00e9gale :\u00a0<\/span><span data-v-24d15971=\"\">24 mois \/ 2 ans<\/span><\/p>\n<\/div>\n<div class=\"c-technical-characteristics c-product-sheet-additional-details__item\" data-v-dbae4740=\"\" data-v-601edff1=\"\">\n<div class=\"c-technical-characteristics__heading\" data-v-601edff1=\"\">\n<h3 data-v-601edff1=\"\">Caract\u00e9ristiques techniques<\/h3>\n<\/div>\n<div class=\"o-row c-technical-characteristics__row\" data-v-601edff1=\"\" data-v-1fa0b6e1=\"\">\n<div class=\"o-col o-col--6 o-col--12@md\" data-v-601edff1=\"\" data-v-bf5fbf66=\"\">\n<div data-v-601edff1=\"\">\n<h4 class=\"c-technical-characteristics__figcaption\" data-v-601edff1=\"\">Caract\u00e9ristiques g\u00e9n\u00e9rales<\/h4>\n<\/div>\n<div data-v-601edff1=\"\">\n<div class=\"c-technical-characteristics__figure-dl\" data-v-601edff1=\"\">\n<p><span class=\"c-technical-characteristics__figure-dt\" data-v-601edff1=\"\">Type de machine<\/span><\/p>\n<div class=\"c-technical-characteristics__figure-dd\" data-v-601edff1=\"\"><span class=\"c-technical-characteristics__figure-dd-span\" data-v-601edff1=\"\">Avec broyeur<\/span><\/div>\n<\/div>\n<\/div>\n<div data-v-601edff1=\"\">\n<div class=\"c-technical-characteristics__figure-dl\" data-v-601edff1=\"\">\n<p><span class=\"c-technical-characteristics__figure-dt\" data-v-601edff1=\"\">Pression<\/span><\/p>\n<div class=\"c-technical-characteristics__figure-dd\" data-v-601edff1=\"\"><span class=\"c-technical-characteristics__figure-dd-span\" data-v-601edff1=\"\">15 bars<\/span><\/div>\n<\/div>\n<\/div>\n<div data-v-601edff1=\"\">\n<div class=\"c-technical-characteristics__figure-dl\" data-v-601edff1=\"\">\n<p><span class=\"c-technical-characteristics__figure-dt\" data-v-601edff1=\"\">Nombre de tasse(s)<\/span><\/p>\n<div class=\"c-technical-characteristics__figure-dd\" data-v-601edff1=\"\"><span class=\"c-technical-characteristics__figure-dd-span\" data-v-601edff1=\"\">2<\/span><\/div>\n<\/div>\n<\/div>\n<div data-v-601edff1=\"\">\n<div class=\"c-technical-characteristics__figure-dl\" data-v-601edff1=\"\">\n<p><span class=\"c-technical-characteristics__figure-dt\" data-v-601edff1=\"\">Type de caf\u00e9<\/span><\/p>\n<div class=\"c-technical-characteristics__figure-dd\" data-v-601edff1=\"\"><span class=\"c-technical-characteristics__figure-dd-span\" data-v-601edff1=\"\">Caf\u00e9 en grain et moulu<\/span><\/div>\n<\/div>\n<\/div>\n<div data-v-601edff1=\"\">\n<div class=\"c-technical-characteristics__figure-dl\" data-v-601edff1=\"\">\n<p><span class=\"c-technical-characteristics__figure-dt\" data-v-601edff1=\"\">Type de produit<\/span><\/p>\n<div class=\"c-technical-characteristics__figure-dd\" data-v-601edff1=\"\"><span class=\"c-technical-characteristics__figure-dd-span\" data-v-601edff1=\"\">Cafeti\u00e8re combin\u00e9 \/ expresso<\/span><\/div>\n<\/div>\n<\/div>\n<div data-v-601edff1=\"\">\n<div class=\"c-technical-characteristics__figure-dl\" data-v-601edff1=\"\">\n<p><span class=\"c-technical-characteristics__figure-dt\" data-v-601edff1=\"\">Ecran d&#8217;affichage<\/span><\/p>\n<div class=\"c-technical-characteristics__figure-dd\" data-v-601edff1=\"\"><span class=\"c-technical-characteristics__figure-dd-span\" data-v-601edff1=\"\">Ecran tactile<\/span><\/div>\n<\/div>\n<\/div>\n<div data-v-601edff1=\"\">\n<div class=\"c-technical-characteristics__figure-dl\" data-v-601edff1=\"\">\n<p><span class=\"c-technical-characteristics__figure-dt\" data-v-601edff1=\"\">Coloris<\/span><\/p>\n<div class=\"c-technical-characteristics__figure-dd\" data-v-601edff1=\"\"><span class=\"c-technical-characteristics__figure-dd-span\" data-v-601edff1=\"\">gris \/ noir<\/span><\/div>\n<\/div>\n<\/div>\n<div data-v-601edff1=\"\">\n<div class=\"c-technical-characteristics__figure-dl\" data-v-601edff1=\"\">\n<p><span class=\"c-technical-characteristics__figure-dt\" data-v-601edff1=\"\">Puissance<\/span><\/p>\n<div class=\"c-technical-characteristics__figure-dd\" data-v-601edff1=\"\"><span class=\"c-technical-characteristics__figure-dd-span\" data-v-601edff1=\"\">1450 W<\/span><\/div>\n<\/div>\n<\/div>\n<div data-v-601edff1=\"\">\n<h4 class=\"c-technical-characteristics__figcaption\" data-v-601edff1=\"\">R\u00e9servoir<\/h4>\n<div class=\"c-technical-characteristics__figure-dl\" data-v-601edff1=\"\"><\/div>\n<\/div>\n<div data-v-601edff1=\"\">\n<div class=\"c-technical-characteristics__figure-dl\" data-v-601edff1=\"\">\n<p><span class=\"c-technical-characteristics__figure-dt\" data-v-601edff1=\"\">R\u00e9servoir amovible<\/span><\/p>\n<div class=\"c-technical-characteristics__figure-dd\" data-v-601edff1=\"\"><span class=\"c-technical-characteristics__figure-dd-span\" data-v-601edff1=\"\">Oui<\/span><\/div>\n<\/div>\n<\/div>\n<div data-v-601edff1=\"\">\n<div class=\"c-technical-characteristics__figure-dl\" data-v-601edff1=\"\">\n<p><span class=\"c-technical-characteristics__figure-dt\" data-v-601edff1=\"\">Capacit\u00e9 du r\u00e9servoir<\/span><\/p>\n<div class=\"c-technical-characteristics__figure-dd\" data-v-601edff1=\"\"><span class=\"c-technical-characteristics__figure-dd-span\" data-v-601edff1=\"\">1.8 l<\/span><\/div>\n<\/div>\n<\/div>\n<div data-v-601edff1=\"\">\n<h4 class=\"c-technical-characteristics__figcaption\" data-v-601edff1=\"\">Programmation<\/h4>\n<div class=\"c-technical-characteristics__figure-dl\" data-v-601edff1=\"\"><\/div>\n<\/div>\n<div data-v-601edff1=\"\">\n<div class=\"c-technical-characteristics__figure-dl\" data-v-601edff1=\"\">\n<p><span class=\"c-technical-characteristics__figure-dt\" data-v-601edff1=\"\">S\u00e9lecteur d&#8217;ar\u00f4mes<\/span><\/p>\n<div class=\"c-technical-characteristics__figure-dd\" data-v-601edff1=\"\"><span class=\"c-technical-characteristics__figure-dd-span\" data-v-601edff1=\"\">Oui<\/span><\/div>\n<\/div>\n<\/div>\n<div data-v-601edff1=\"\">\n<div class=\"c-technical-characteristics__figure-dl\" data-v-601edff1=\"\">\n<p><span class=\"c-technical-characteristics__figure-dt\" data-v-601edff1=\"\">S\u00e9lecteur 1 ou 2 tasse(s)<\/span><\/p>\n<div class=\"c-technical-characteristics__figure-dd\" data-v-601edff1=\"\"><span class=\"c-technical-characteristics__figure-dd-span\" data-v-601edff1=\"\">Oui<\/span><\/div>\n<\/div>\n<\/div>\n<div data-v-601edff1=\"\">\n<div class=\"c-technical-characteristics__figure-dl\" data-v-601edff1=\"\">\n<p><span class=\"c-technical-characteristics__figure-dt\" data-v-601edff1=\"\">Arr\u00eat automatique de l&#8217;\u00e9coulement du caf\u00e9 dans la tasse<\/span><\/p>\n<div class=\"c-technical-characteristics__figure-dd\" data-v-601edff1=\"\"><span class=\"c-technical-characteristics__figure-dd-span\" data-v-601edff1=\"\">Oui<\/span><\/div>\n<\/div>\n<\/div>\n<div data-v-601edff1=\"\">\n<h4 class=\"c-technical-characteristics__figcaption\" data-v-601edff1=\"\">Fonctionnalit\u00e9s<\/h4>\n<div class=\"c-technical-characteristics__figure-dl\" data-v-601edff1=\"\"><\/div>\n<\/div>\n<div data-v-601edff1=\"\">\n<div class=\"c-technical-characteristics__figure-dl\" data-v-601edff1=\"\">\n<p><span class=\"c-technical-characteristics__figure-dt\" data-v-601edff1=\"\">Grille repose tasse ajustable en hauteur<\/span><\/p>\n<div class=\"c-technical-characteristics__figure-dd\" data-v-601edff1=\"\"><span class=\"c-technical-characteristics__figure-dd-span\" data-v-601edff1=\"\">Non<\/span><\/div>\n<\/div>\n<\/div>\n<div data-v-601edff1=\"\">\n<div class=\"c-technical-characteristics__figure-dl\" data-v-601edff1=\"\">\n<p><span class=\"c-technical-characteristics__figure-dt\" data-v-601edff1=\"\">Bac r\u00e9colte-goutte amovible<\/span><\/p>\n<div class=\"c-technical-characteristics__figure-dd\" data-v-601edff1=\"\"><span class=\"c-technical-characteristics__figure-dd-span\" data-v-601edff1=\"\">Oui<\/span><\/div>\n<\/div>\n<\/div>\n<div data-v-601edff1=\"\">\n<div class=\"c-technical-characteristics__figure-dl\" data-v-601edff1=\"\">\n<p><span class=\"c-technical-characteristics__figure-dt\" data-v-601edff1=\"\">Plateau chauffe tasses<\/span><\/p>\n<div class=\"c-technical-characteristics__figure-dd\" data-v-601edff1=\"\"><span class=\"c-technical-characteristics__figure-dd-span\" data-v-601edff1=\"\">Oui<\/span><\/div>\n<\/div>\n<\/div>\n<div data-v-601edff1=\"\">\n<h4 class=\"c-technical-characteristics__figcaption\" data-v-601edff1=\"\">Entretien<\/h4>\n<div class=\"c-technical-characteristics__figure-dl\" data-v-601edff1=\"\"><\/div>\n<\/div>\n<div data-v-601edff1=\"\">\n<div class=\"c-technical-characteristics__figure-dl\" data-v-601edff1=\"\">\n<p><span class=\"c-technical-characteristics__figure-dt\" data-v-601edff1=\"\">Programme de d\u00e9tartrage et nettoyage<\/span><\/p>\n<div class=\"c-technical-characteristics__figure-dd\" data-v-601edff1=\"\"><span class=\"c-technical-characteristics__figure-dd-span\" data-v-601edff1=\"\">Oui<\/span><\/div>\n<\/div>\n<\/div>\n<div data-v-601edff1=\"\">\n<div class=\"c-technical-characteristics__figure-dl\" data-v-601edff1=\"\">\n<p><span class=\"c-technical-characteristics__figure-dt\" data-v-601edff1=\"\">Gestion automatique du caf\u00e9<\/span><\/p>\n<div class=\"c-technical-characteristics__figure-dd\" data-v-601edff1=\"\"><span class=\"c-technical-characteristics__figure-dd-span\" data-v-601edff1=\"\">Oui<\/span><\/div>\n<\/div>\n<\/div>\n<div data-v-601edff1=\"\">\n<div class=\"c-technical-characteristics__figure-dl\" data-v-601edff1=\"\">\n<p><span class=\"c-technical-characteristics__figure-dt\" data-v-601edff1=\"\">Cartouche de filtration<\/span><\/p>\n<div class=\"c-technical-characteristics__figure-dd\" data-v-601edff1=\"\"><span class=\"c-technical-characteristics__figure-dd-span\" data-v-601edff1=\"\">Non<\/span><\/div>\n<\/div>\n<\/div>\n<\/div>\n<div class=\"o-col o-col--6 o-col--12@md\" data-v-601edff1=\"\" data-v-bf5fbf66=\"\">\n<div data-v-601edff1=\"\">\n<div class=\"c-technical-characteristics__figure-dl\" data-v-601edff1=\"\">\n<p><span class=\"c-technical-characteristics__figure-dt\" data-v-601edff1=\"\">Programme automatique rin\u00e7age et d\u00e9tartrage<\/span><\/p>\n<div class=\"c-technical-characteristics__figure-dd\" data-v-601edff1=\"\"><span class=\"c-technical-characteristics__figure-dd-span\" data-v-601edff1=\"\">Non<\/span><\/div>\n<\/div>\n<\/div>\n<div data-v-601edff1=\"\">\n<h4 class=\"c-technical-characteristics__figcaption\" data-v-601edff1=\"\">Buse<\/h4>\n<div class=\"c-technical-characteristics__figure-dl\" data-v-601edff1=\"\"><\/div>\n<\/div>\n<div data-v-601edff1=\"\">\n<div class=\"c-technical-characteristics__figure-dl\" data-v-601edff1=\"\">\n<p><span class=\"c-technical-characteristics__figure-dt\" data-v-601edff1=\"\">Type de buse<\/span><\/p>\n<div class=\"c-technical-characteristics__figure-dd\" data-v-601edff1=\"\"><span class=\"c-technical-characteristics__figure-dd-span\" data-v-601edff1=\"\">Vapeur et eau chaude<\/span><\/div>\n<\/div>\n<\/div>\n<div data-v-601edff1=\"\">\n<div class=\"c-technical-characteristics__figure-dl\" data-v-601edff1=\"\">\n<p><span class=\"c-technical-characteristics__figure-dt\" data-v-601edff1=\"\">Embout cappuccino<\/span><\/p>\n<div class=\"c-technical-characteristics__figure-dd\" data-v-601edff1=\"\"><span class=\"c-technical-characteristics__figure-dd-span\" data-v-601edff1=\"\">Non<\/span><\/div>\n<\/div>\n<\/div>\n<div data-v-601edff1=\"\">\n<h4 class=\"c-technical-characteristics__figcaption\" data-v-601edff1=\"\">R\u00e9cup\u00e9ration du caf\u00e9<\/h4>\n<div class=\"c-technical-characteristics__figure-dl\" data-v-601edff1=\"\"><\/div>\n<\/div>\n<div data-v-601edff1=\"\">\n<div class=\"c-technical-characteristics__figure-dl\" data-v-601edff1=\"\">\n<p><span class=\"c-technical-characteristics__figure-dt\" data-v-601edff1=\"\">Bac de r\u00e9cup\u00e9ration du marc amovible<\/span><\/p>\n<div class=\"c-technical-characteristics__figure-dd\" data-v-601edff1=\"\"><span class=\"c-technical-characteristics__figure-dd-span\" data-v-601edff1=\"\">Oui<\/span><\/div>\n<\/div>\n<\/div>\n<div data-v-601edff1=\"\">\n<div class=\"c-technical-characteristics__figure-dl\" data-v-601edff1=\"\">\n<p><span class=\"c-technical-characteristics__figure-dt\" data-v-601edff1=\"\">Capacit\u00e9 du bac de marc en nombre de tasse(s)<\/span><\/p>\n<div class=\"c-technical-characteristics__figure-dd\" data-v-601edff1=\"\"><span class=\"c-technical-characteristics__figure-dd-span\" data-v-601edff1=\"\">14<\/span><\/div>\n<\/div>\n<\/div>\n<div data-v-601edff1=\"\">\n<h4 class=\"c-technical-characteristics__figcaption\" data-v-601edff1=\"\">Broyeur<\/h4>\n<div class=\"c-technical-characteristics__figure-dl\" data-v-601edff1=\"\"><\/div>\n<\/div>\n<div data-v-601edff1=\"\">\n<div class=\"c-technical-characteristics__figure-dl\" data-v-601edff1=\"\">\n<p><span class=\"c-technical-characteristics__figure-dt\" data-v-601edff1=\"\">Broyeur \u00e0 caf\u00e9 int\u00e9gr\u00e9<\/span><\/p>\n<div class=\"c-technical-characteristics__figure-dd\" data-v-601edff1=\"\"><span class=\"c-technical-characteristics__figure-dd-span\" data-v-601edff1=\"\">Oui<\/span><\/div>\n<\/div>\n<\/div>\n<div data-v-601edff1=\"\">\n<div class=\"c-technical-characteristics__figure-dl\" data-v-601edff1=\"\">\n<p><span class=\"c-technical-characteristics__figure-dt\" data-v-601edff1=\"\">Capacit\u00e9 du bac \u00e0 grains<\/span><\/p>\n<div class=\"c-technical-characteristics__figure-dd\" data-v-601edff1=\"\"><span class=\"c-technical-characteristics__figure-dd-span\" data-v-601edff1=\"\">250 g<\/span><\/div>\n<\/div>\n<\/div>\n<div data-v-601edff1=\"\">\n<div class=\"c-technical-characteristics__figure-dl\" data-v-601edff1=\"\">\n<p><span class=\"c-technical-characteristics__figure-dt\" data-v-601edff1=\"\">Nombre de finesse(s) de broyage<\/span><\/p>\n<div class=\"c-technical-characteristics__figure-dd\" data-v-601edff1=\"\"><span class=\"c-technical-characteristics__figure-dd-span\" data-v-601edff1=\"\">13<\/span><\/div>\n<\/div>\n<\/div>\n<div data-v-601edff1=\"\">\n<div class=\"c-technical-characteristics__figure-dl\" data-v-601edff1=\"\">\n<p><span class=\"c-technical-characteristics__figure-dt\" data-v-601edff1=\"\">S\u00e9lecteur de finesse de mouture du caf\u00e9<\/span><\/p>\n<div class=\"c-technical-characteristics__figure-dd\" data-v-601edff1=\"\"><span class=\"c-technical-characteristics__figure-dd-span\" data-v-601edff1=\"\">Oui<\/span><\/div>\n<\/div>\n<\/div>\n<div data-v-601edff1=\"\">\n<h4 class=\"c-technical-characteristics__figcaption\" data-v-601edff1=\"\">Autres fonctions<\/h4>\n<div class=\"c-technical-characteristics__figure-dl\" data-v-601edff1=\"\"><\/div>\n<\/div>\n<div data-v-601edff1=\"\">\n<div class=\"c-technical-characteristics__figure-dl\" data-v-601edff1=\"\">\n<p><span class=\"c-technical-characteristics__figure-dt\" data-v-601edff1=\"\">Compatibilit\u00e9 toutes dosettes<\/span><\/p>\n<div class=\"c-technical-characteristics__figure-dd\" data-v-601edff1=\"\"><span class=\"c-technical-characteristics__figure-dd-span\" data-v-601edff1=\"\">Non<\/span><\/div>\n<\/div>\n<\/div>\n<div data-v-601edff1=\"\">\n<h4 class=\"c-technical-characteristics__figcaption\" data-v-601edff1=\"\">Informations commerciales<\/h4>\n<div class=\"c-technical-characteristics__figure-dl\" data-v-601edff1=\"\"><\/div>\n<\/div>\n<div data-v-601edff1=\"\">\n<div class=\"c-technical-characteristics__figure-dl\" data-v-601edff1=\"\">\n<p><span class=\"c-technical-characteristics__figure-dt\" data-v-601edff1=\"\">Garantie l\u00e9gale<\/span><\/p>\n<div class=\"c-technical-characteristics__figure-dd\" data-v-601edff1=\"\"><span class=\"c-technical-characteristics__figure-dd-span\" data-v-601edff1=\"\">24 Mois<\/span><\/div>\n<\/div>\n<\/div>\n<div data-v-601edff1=\"\">\n<div class=\"c-technical-characteristics__figure-dl\" data-v-601edff1=\"\">\n<p><span class=\"c-technical-characteristics__figure-dt\" data-v-601edff1=\"\">Disponibilit\u00e9 des pi\u00e8ces d\u00e9tach\u00e9es (donn\u00e9e fournisseur)<\/span><\/p>\n<div class=\"c-technical-characteristics__figure-dd\" data-v-601edff1=\"\"><span class=\"c-technical-characteristics__figure-dd-span\" data-v-601edff1=\"\">10 ans a partir de la date d&#8217;achat<\/span><\/div>\n<\/div>\n<\/div>\n<div data-v-601edff1=\"\">\n<h4 class=\"c-technical-characteristics__figcaption\" data-v-601edff1=\"\">Dimensions et poids<\/h4>\n<div class=\"c-technical-characteristics__figure-dl\" data-v-601edff1=\"\"><\/div>\n<\/div>\n<div data-v-601edff1=\"\">\n<div class=\"c-technical-characteristics__figure-dl\" data-v-601edff1=\"\">\n<p><span class=\"c-technical-characteristics__figure-dt\" data-v-601edff1=\"\">Hauteur (produit sans emballage)<\/span><\/p>\n<div class=\"c-technical-characteristics__figure-dd\" data-v-601edff1=\"\"><span class=\"c-technical-characteristics__figure-dd-span\" data-v-601edff1=\"\">35.1 cm<\/span><\/div>\n<\/div>\n<\/div>\n<div data-v-601edff1=\"\">\n<div class=\"c-technical-characteristics__figure-dl\" data-v-601edff1=\"\">\n<p><span class=\"c-technical-characteristics__figure-dt\" data-v-601edff1=\"\">Largeur<\/span><\/p>\n<div class=\"c-technical-characteristics__figure-dd\" data-v-601edff1=\"\"><span class=\"c-technical-characteristics__figure-dd-span\" data-v-601edff1=\"\">23.8 cm<\/span><\/div>\n<\/div>\n<\/div>\n<div data-v-601edff1=\"\">\n<div class=\"c-technical-characteristics__figure-dl\" data-v-601edff1=\"\">\n<p><span class=\"c-technical-characteristics__figure-dt\" data-v-601edff1=\"\">Profondeur<\/span><\/p>\n<div class=\"c-technical-characteristics__figure-dd\" data-v-601edff1=\"\"><span class=\"c-technical-characteristics__figure-dd-span\" data-v-601edff1=\"\">43 cm<\/span><\/div>\n<\/div>\n<\/div>\n<div data-v-601edff1=\"\">\n<div class=\"c-technical-characteristics__figure-dl\" data-v-601edff1=\"\">\n<p><span class=\"c-technical-characteristics__figure-dt\" data-v-601edff1=\"\">Poids<\/span><\/p>\n<div class=\"c-technical-characteristics__figure-dd\" data-v-601edff1=\"\"><span class=\"c-technical-characteristics__figure-dd-span\" data-v-601edff1=\"\">9.1 kg<\/span><\/div>\n<\/div>\n<\/div>\n<\/div>\n<\/div>\n<\/div>","protected":false},"excerpt":{"rendered":"<p>Descriptif Cette machine vous offre une exp\u00e9rience d&#8217;u\u00a0 caf\u00e9 unique \u00e0 la maison.\u00a0Garantie l\u00e9gale :\u00a024 mois \/ 2 ans Caract\u00e9ristiques<\/p>","protected":false},"featured_media":28726,"template":"","meta":[],"product_brand":[],"product_cat":[61],"product_tag":[1514],"product_country":[1503],"class_list":{"0":"post-13952","1":"product","2":"type-product","3":"status-publish","4":"has-post-thumbnail","6":"product_cat-sale-france","7":"product_tag-sale-france","8":"product_country-france","10":"first","11":"instock","12":"sale","13":"taxable","14":"shipping-taxable","15":"purchasable","16":"product-type-simple"},"_links":{"self":[{"href":"https:\/\/routinesfashione.com\/nl\/wp-json\/wp\/v2\/product\/13952","targetHints":{"allow":["GET"]}}],"collection":[{"href":"https:\/\/routinesfashione.com\/nl\/wp-json\/wp\/v2\/product"}],"about":[{"href":"https:\/\/routinesfashione.com\/nl\/wp-json\/wp\/v2\/types\/product"}],"wp:featuredmedia":[{"embeddable":true,"href":"https:\/\/routinesfashione.com\/nl\/wp-json\/wp\/v2\/media\/28726"}],"wp:attachment":[{"href":"https:\/\/routinesfashione.com\/nl\/wp-json\/wp\/v2\/media?parent=13952"}],"wp:term":[{"taxonomy":"product_brand","embeddable":true,"href":"https:\/\/routinesfashione.com\/nl\/wp-json\/wp\/v2\/product_brand?post=13952"},{"taxonomy":"product_cat","embeddable":true,"href":"https:\/\/routinesfashione.com\/nl\/wp-json\/wp\/v2\/product_cat?post=13952"},{"taxonomy":"product_tag","embeddable":true,"href":"https:\/\/routinesfashione.com\/nl\/wp-json\/wp\/v2\/product_tag?post=13952"},{"taxonomy":"product_country","embeddable":true,"href":"https:\/\/routinesfashione.com\/nl\/wp-json\/wp\/v2\/product_country?post=13952"}],"curies":[{"name":"wp","href":"https:\/\/api.w.org\/{rel}","templated":true}]}}