{"id":13982,"date":"2025-09-30T20:36:51","date_gmt":"2025-09-30T20:36:51","guid":{"rendered":"https:\/\/lightgray-crow-170497.hostingersite.com\/?post_type=product&#038;p=13982"},"modified":"2025-09-30T20:36:51","modified_gmt":"2025-09-30T20:36:51","slug":"delonghi-magnifica-evo-ecam290-81-tb-entierement-automatique","status":"publish","type":"product","link":"https:\/\/routinesfashione.com\/nl\/produit\/delonghi-magnifica-evo-ecam290-81-tb-entierement-automatique\/","title":{"rendered":"DeLonghi Magnifica Evo ECAM290.81.TB enti\u00e8rement automatique"},"content":{"rendered":"<ul class=\"a-unordered-list a-vertical a-spacing-mini\">\n<li class=\"a-spacing-mini\"><span class=\"a-list-item\"><span dir=\"auto\">7 RECETTES EN UNE SEULE TOUCHE &#8211; Grande vari\u00e9t\u00e9 de boissons \u00e0 port\u00e9e de main ; choisissez parmi : Espresso, Caf\u00e9, Cappuccino, Latte Macchiato, Long, Americano, Doppio+ et plus encore en appuyant simplement sur un bouton<\/span><\/span><\/li>\n<li class=\"a-spacing-mini\"><span class=\"a-list-item\"><span dir=\"auto\">PANNEAU DE CONTR\u00d4LE COULEUR : pr\u00e9parez et personnalisez tout type de caf\u00e9 en appuyant simplement sur un bouton ; les ic\u00f4nes de couleur coordonn\u00e9e simplifient l&#8217;interaction pour une utilisation encore plus facile<\/span><\/span><\/li>\n<li class=\"a-spacing-mini\"><span class=\"a-list-item\"><span dir=\"auto\">WARM LATTECREMA : la technologie exclusive De&#8217;Longhi qui sert automatiquement la mousse chaude la plus cr\u00e9meuse avec du lait et des boissons v\u00e9g\u00e9tales ; de plus, la fonction MyLatte vous aide \u00e0 utiliser tout le lait du pichet LatteCrema<\/span><\/span><\/li>\n<li class=\"a-spacing-mini\"><span class=\"a-list-item\"><span dir=\"auto\">DOUBLE EXPRESSO : votre Magnifica Evo peut m\u00eame cr\u00e9er deux expressos parfaits en m\u00eame temps, pour que personne n&#8217;ait \u00e0 attendre sa tasse de caf\u00e9 divin<\/span><\/span><\/li>\n<li class=\"a-spacing-mini\"><span class=\"a-list-item\"><span dir=\"auto\">COMMODIT\u00c9 ET FACILIT\u00c9 D&#8217;UTILISATION : magnifica EVO a \u00e9t\u00e9 con\u00e7u pour simplifier le nettoyage et l&#8217;entretien, gr\u00e2ce \u00e0 des composants facilement d\u00e9montables et lavables au lave-vaisselle<\/span><\/span><\/li>\n<\/ul>\n<table class=\"a-normal a-spacing-micro\" role=\"list\">\n<tbody>\n<tr class=\"a-spacing-small po-brand\" role=\"listitem\">\n<td class=\"a-span3\" role=\"presentation\"><strong><span class=\"a-size-base a-text-bold\"><span dir=\"auto\">Nom de marque<\/span><\/span><\/strong><\/td>\n<td class=\"a-span9\" role=\"presentation\"><span class=\"a-size-base po-break-word\"><span dir=\"auto\">De&#8217;Longhi<\/span><\/span><\/td>\n<\/tr>\n<tr class=\"a-spacing-small po-color\" role=\"listitem\">\n<td class=\"a-span3\" role=\"presentation\"><strong><span class=\"a-size-base a-text-bold\"><span dir=\"auto\">Couleur<\/span><\/span><\/strong><\/td>\n<td class=\"a-span9\" role=\"presentation\"><span class=\"a-size-base po-break-word\"><span dir=\"auto\">Titane\/Noir<\/span><\/span><\/td>\n<\/tr>\n<tr class=\"a-spacing-small po-item_depth_width_height\" role=\"listitem\">\n<td class=\"a-span3\" role=\"presentation\"><strong><span class=\"a-size-base a-text-bold\"><span dir=\"auto\">Dimensions de l&#8217;article P x \u200b\u200bL x H<\/span><\/span><\/strong><\/td>\n<td class=\"a-span9\" role=\"presentation\"><span class=\"a-size-base po-break-word\"><span dir=\"auto\">44P x 24L x 36H centim\u00e8tres<\/span><\/span><\/td>\n<\/tr>\n<tr class=\"a-spacing-small po-special_feature\" role=\"listitem\">\n<td class=\"a-span3\" role=\"presentation\"><strong><span class=\"a-size-base a-text-bold\"><span dir=\"auto\">Caract\u00e9ristiques sp\u00e9ciales<\/span><\/span><\/strong><\/td>\n<td class=\"a-span9\" role=\"presentation\"><span class=\"a-size-base po-break-word\"><span dir=\"auto\">Moulin \u00e0 caf\u00e9 int\u00e9gr\u00e9<\/span><\/span><\/td>\n<\/tr>\n<tr class=\"a-spacing-small po-coffee_maker_type\" role=\"listitem\">\n<td class=\"a-span3\" role=\"presentation\"><strong><span class=\"a-size-base a-text-bold\"><span dir=\"auto\">Type de cafeti\u00e8re<\/span><\/span><\/strong><\/td>\n<td class=\"a-span9\" role=\"presentation\"><span class=\"a-size-base po-break-word\"><span dir=\"auto\">Machine \u00e0 expresso<\/span><\/span><\/td>\n<\/tr>\n<tr class=\"a-spacing-small po-style\" role=\"listitem\">\n<td class=\"a-span3\" role=\"presentation\"><strong><span class=\"a-size-base a-text-bold\"><span dir=\"auto\">Style<\/span><\/span><\/strong><\/td>\n<td class=\"a-span9\" role=\"presentation\"><span class=\"a-size-base po-break-word\"><span dir=\"auto\">Noir<\/span><\/span><\/td>\n<\/tr>\n<tr class=\"a-spacing-small po-specific_uses_for_product\" role=\"listitem\">\n<td class=\"a-span3\" role=\"presentation\"><strong><span class=\"a-size-base a-text-bold\"><span dir=\"auto\">Utilisations sp\u00e9cifiques du produit<\/span><\/span><\/strong><\/td>\n<td class=\"a-span9\" role=\"presentation\"><span class=\"a-size-base po-break-word\"><span dir=\"auto\">Voyage<\/span><\/span><\/td>\n<\/tr>\n<tr class=\"a-spacing-small po-recommended_uses_for_product\" role=\"listitem\">\n<td class=\"a-span3\" role=\"presentation\"><strong><span class=\"a-size-base a-text-bold\"><span dir=\"auto\">Utilisations recommand\u00e9es pour le produit<\/span><\/span><\/strong><\/td>\n<td class=\"a-span9\" role=\"presentation\"><span class=\"a-size-base po-break-word\"><span dir=\"auto\">Boissons de type caf\u00e9, \u00e0 utiliser \u00e0 la maison ou au bureau<\/span><\/span><\/td>\n<\/tr>\n<tr class=\"a-spacing-small po-exterior_finish\" role=\"listitem\">\n<td class=\"a-span3\" role=\"presentation\"><strong><span class=\"a-size-base a-text-bold\"><span dir=\"auto\">Finition ext\u00e9rieure<\/span><\/span><\/strong><\/td>\n<td class=\"a-span9\" role=\"presentation\"><span class=\"a-size-base po-break-word\"><span dir=\"auto\">M\u00e9tallique<\/span><\/span><\/td>\n<\/tr>\n<tr class=\"a-spacing-small po-included_components\" role=\"listitem\">\n<td class=\"a-span3\" role=\"presentation\"><strong><span class=\"a-size-base a-text-bold\"><span dir=\"auto\">Composants inclus<\/span><\/span><\/strong><\/td>\n<td class=\"a-span9\" role=\"presentation\"><span class=\"a-size-base po-break-word\"><span dir=\"auto\">Pichet \u00e0 mousse de lait, filtre<\/span><\/span><\/td>\n<\/tr>\n<\/tbody>\n<\/table>","protected":false},"excerpt":{"rendered":"<p>7 RECETTES EN UNE SEULE TOUCHE &#8211; Grande vari\u00e9t\u00e9 de boissons \u00e0 port\u00e9e de main ; choisissez parmi : Espresso,<\/p>","protected":false},"featured_media":13983,"template":"","meta":[],"product_brand":[],"product_cat":[61],"product_tag":[1514],"product_country":[1503],"class_list":{"0":"post-13982","1":"product","2":"type-product","3":"status-publish","4":"has-post-thumbnail","6":"product_cat-sale-france","7":"product_tag-sale-france","8":"product_country-france","10":"first","11":"instock","12":"sale","13":"taxable","14":"shipping-taxable","15":"purchasable","16":"product-type-simple"},"_links":{"self":[{"href":"https:\/\/routinesfashione.com\/nl\/wp-json\/wp\/v2\/product\/13982","targetHints":{"allow":["GET"]}}],"collection":[{"href":"https:\/\/routinesfashione.com\/nl\/wp-json\/wp\/v2\/product"}],"about":[{"href":"https:\/\/routinesfashione.com\/nl\/wp-json\/wp\/v2\/types\/product"}],"wp:featuredmedia":[{"embeddable":true,"href":"https:\/\/routinesfashione.com\/nl\/wp-json\/wp\/v2\/media\/13983"}],"wp:attachment":[{"href":"https:\/\/routinesfashione.com\/nl\/wp-json\/wp\/v2\/media?parent=13982"}],"wp:term":[{"taxonomy":"product_brand","embeddable":true,"href":"https:\/\/routinesfashione.com\/nl\/wp-json\/wp\/v2\/product_brand?post=13982"},{"taxonomy":"product_cat","embeddable":true,"href":"https:\/\/routinesfashione.com\/nl\/wp-json\/wp\/v2\/product_cat?post=13982"},{"taxonomy":"product_tag","embeddable":true,"href":"https:\/\/routinesfashione.com\/nl\/wp-json\/wp\/v2\/product_tag?post=13982"},{"taxonomy":"product_country","embeddable":true,"href":"https:\/\/routinesfashione.com\/nl\/wp-json\/wp\/v2\/product_country?post=13982"}],"curies":[{"name":"wp","href":"https:\/\/api.w.org\/{rel}","templated":true}]}}