{"id":13994,"date":"2025-09-30T20:36:51","date_gmt":"2025-09-30T20:36:51","guid":{"rendered":"https:\/\/lightgray-crow-170497.hostingersite.com\/?post_type=product&#038;p=13994"},"modified":"2025-09-30T20:36:51","modified_gmt":"2025-09-30T20:36:51","slug":"delonghi-magnifica-ecam293-61-bw-semi-automatique-machine-a","status":"publish","type":"product","link":"https:\/\/routinesfashione.com\/nl\/produit\/delonghi-magnifica-ecam293-61-bw-semi-automatique-machine-a\/","title":{"rendered":"Machine \u00e0 caf\u00e9 semi-automatique DeLonghi Magnifica ECAM293.61.BW"},"content":{"rendered":"<div class=\"spec_table\">\n<p class=\"table_caption\">Choisir ce produit pour quels usages ?<\/p>\n<table class=\"spec_table_ctn\">\n<tbody>\n<tr class=\"odd first_child\">\n<th class=\"label first_child\">Type de boissons<\/th>\n<td class=\"value last_child\">caf\u00e9, boissons lact\u00e9es, th\u00e9<\/td>\n<\/tr>\n<tr class=\"even last_child\">\n<th class=\"label first_child\">Type de caf\u00e9<\/th>\n<td class=\"value last_child\">grain et moulu<\/td>\n<\/tr>\n<\/tbody>\n<\/table>\n<\/div>\n<div class=\"spec_table\">\n<p class=\"table_caption\">Confort d&#8217;utilisation<\/p>\n<table class=\"spec_table_ctn\">\n<tbody>\n<tr class=\"odd last_child\">\n<th class=\"label first_child\">Capacit\u00e9 du bac \u00e0 grains<\/th>\n<td class=\"value last_child\">250 g<\/td>\n<\/tr>\n<\/tbody>\n<\/table>\n<\/div>\n<div class=\"spec_table\">\n<p class=\"table_caption\">Choisir ce produit pour quels usages ?<\/p>\n<table class=\"spec_table_ctn\">\n<tbody>\n<tr class=\"odd first_child\">\n<th class=\"label first_child\">Nombre de tasses<\/th>\n<td class=\"value last_child\">1 ou 2 caf\u00e9s simultan\u00e9s<\/td>\n<\/tr>\n<tr class=\"even\">\n<th class=\"label first_child\">Nombre de recettes caf\u00e9s<\/th>\n<td class=\"value last_child\">5<\/td>\n<\/tr>\n<tr class=\"odd\">\n<th class=\"label first_child\">Nombre de recettes caf\u00e9s lact\u00e9es<\/th>\n<td class=\"value last_child\">3<\/td>\n<\/tr>\n<tr class=\"even last_child\">\n<th class=\"label first_child\">Type de recettes<\/th>\n<td class=\"value last_child\">Ristretto, Espresso, Lungo, Caf\u00e9, Americano, Cappuccino, Latte Macchiato, Lait chaud<\/td>\n<\/tr>\n<\/tbody>\n<\/table>\n<\/div>\n<div class=\"spec_table\">\n<p class=\"table_caption\">Confort d&#8217;utilisation<\/p>\n<table class=\"spec_table_ctn\">\n<tbody>\n<tr class=\"odd first_child\">\n<th class=\"label first_child\">Syst\u00e8me de boissons lact\u00e9es<\/th>\n<td class=\"value last_child\">carafe \u00e0 lait pour pr\u00e9parer automatiquement vos boissons lact\u00e9es<\/td>\n<\/tr>\n<tr class=\"even\">\n<th class=\"label first_child\">Panneau de commande<\/th>\n<td class=\"value last_child\">\u00e9cran couleur tactile<\/td>\n<\/tr>\n<tr class=\"odd\">\n<th class=\"label first_child\">Capacit\u00e9 du r\u00e9servoir d&#8217;eau<\/th>\n<td class=\"value last_child\">1,8 L<\/td>\n<\/tr>\n<tr class=\"even\">\n<th class=\"label first_child\">Emplacement du r\u00e9servoir d&#8217;eau<\/th>\n<td class=\"value last_child\">sur le c\u00f4t\u00e9<\/td>\n<\/tr>\n<tr class=\"odd\">\n<th class=\"label first_child\">Capacit\u00e9 du bac \u00e0 marc<\/th>\n<td class=\"value last_child\">14<\/td>\n<\/tr>\n<tr class=\"even\">\n<th class=\"label first_child\">Chauffe tasses<\/th>\n<td class=\"value last_child\">Oui<\/td>\n<\/tr>\n<tr class=\"odd\">\n<th class=\"label first_child\">Arr\u00eat automatique de la machine<\/th>\n<td class=\"value last_child\">Oui<\/td>\n<\/tr>\n<tr class=\"even\">\n<th class=\"label first_child\">Arr\u00eat automatique de l&#8217;\u00e9coulement de la boisson<\/th>\n<td class=\"value last_child\">Oui<\/td>\n<\/tr>\n<tr class=\"odd last_child\">\n<th class=\"label first_child\">R\u00e9glage de l&#8217;intensit\u00e9 du caf\u00e9<\/th>\n<td class=\"value last_child\">Oui<\/td>\n<\/tr>\n<\/tbody>\n<\/table>\n<\/div>\n<div class=\"spec_table\">\n<p class=\"table_caption\">Equipement<\/p>\n<table class=\"spec_table_ctn\">\n<tbody>\n<tr class=\"odd first_child\">\n<th class=\"label first_child\">Mati\u00e8re du broyeur<\/th>\n<td class=\"value last_child\">en acier, incassable, pour une meilleure dur\u00e9e de vie de votre appareil<\/td>\n<\/tr>\n<tr class=\"even\">\n<th class=\"label first_child\">Nombre de finesse de mouture<\/th>\n<td class=\"value last_child\">13 pour adapter la finesse selon le type et la vari\u00e9t\u00e9 du caf\u00e9<\/td>\n<\/tr>\n<tr class=\"odd\">\n<th class=\"label first_child\">T\u00e9moin de r\u00e9servoir d&#8217;eau vide<\/th>\n<td class=\"value last_child\">Oui<\/td>\n<\/tr>\n<tr class=\"even\">\n<th class=\"label first_child\">Buse \u00e0 caf\u00e9 r\u00e9glable en hauteur<\/th>\n<td class=\"value last_child\">oui, permet d&#8217;ajuster \u00e0 la hauteur de la tasse<\/td>\n<\/tr>\n<tr class=\"odd\">\n<th class=\"label first_child\">Puissance<\/th>\n<td class=\"value last_child\">1.450 W<\/td>\n<\/tr>\n<tr class=\"even\">\n<th class=\"label first_child\">Pression<\/th>\n<td class=\"value last_child\">15 bars<\/td>\n<\/tr>\n<tr class=\"odd last_child\">\n<th class=\"label first_child\">Applications<\/th>\n<td class=\"value last_child\">pas d&#8217;application<\/td>\n<\/tr>\n<\/tbody>\n<\/table>\n<\/div>\n<div class=\"spec_table\">\n<p class=\"table_caption\">Entretien<\/p>\n<table class=\"spec_table_ctn\">\n<tbody>\n<tr class=\"odd first_child\">\n<th class=\"label first_child\">filtre \u00e0 eau<\/th>\n<td class=\"value last_child\">oui, pour pr\u00e9server la dur\u00e9e de vie de la machine et garantir un meilleur r\u00e9sultat en tasse<\/td>\n<\/tr>\n<tr class=\"even\">\n<th class=\"label first_child\">Rin\u00e7age de la buse caf\u00e9<\/th>\n<td class=\"value last_child\">automatique, pour nettoyer la buse apr\u00e8s chaque utilisation<\/td>\n<\/tr>\n<tr class=\"odd\">\n<th class=\"label first_child\">Indicateur de d\u00e9tartrage<\/th>\n<td class=\"value last_child\">oui, pour alerter qu&#8217;un d\u00e9tartrage est n\u00e9cessaire pour pr\u00e9server la dur\u00e9e de vie de votre appareil<\/td>\n<\/tr>\n<tr class=\"even\">\n<th class=\"label first_child\">Programme de nettoyage<\/th>\n<td class=\"value last_child\">oui, vous guide sur les \u00e9tapes d&#8217;entretien de la machine<\/td>\n<\/tr>\n<tr class=\"odd last_child\">\n<th class=\"label first_child\">Bloc infuseur amovible<\/th>\n<td class=\"value last_child\">oui, se retire facilement sur le c\u00f4t\u00e9 et se nettoie sous l&#8217;eau chaude pour pr\u00e9server la qualit\u00e9 du caf\u00e9 et la long\u00e9vit\u00e9 de votre appareil<\/td>\n<\/tr>\n<\/tbody>\n<\/table>\n<\/div>\n<div class=\"spec_table\">\n<p class=\"table_caption\">Dimensions<\/p>\n<table class=\"spec_table_ctn\">\n<tbody>\n<tr class=\"odd first_child\">\n<th class=\"label first_child\">Dimensions l x h x p<\/th>\n<td class=\"value last_child\">24 x 36 x 44 cm<\/td>\n<\/tr>\n<tr class=\"even\">\n<th class=\"label first_child\">Poids Net<\/th>\n<td class=\"value last_child\">10 kg<\/td>\n<\/tr>\n<tr class=\"odd last_child\">\n<th class=\"label first_child\">Poids Brut<\/th>\n<td class=\"value last_child\">12 kg<\/td>\n<\/tr>\n<\/tbody>\n<\/table>\n<\/div>\n<div class=\"spec_table\">\n<p class=\"table_caption\">Informations et Services<\/p>\n<table class=\"spec_table_ctn\">\n<tbody>\n<tr class=\"odd last_child\">\n<th class=\"label first_child\">Fabriqu\u00e9 en<\/th>\n<td class=\"value last_child\">Roumanie<\/td>\n<\/tr>\n<\/tbody>\n<\/table>\n<\/div>","protected":false},"excerpt":{"rendered":"<p>Choisir ce produit pour quels usages ? Type de boissons caf\u00e9, boissons lact\u00e9es, th\u00e9 Type de caf\u00e9 grain et moulu<\/p>","protected":false},"featured_media":13995,"template":"","meta":[],"product_brand":[],"product_cat":[61],"product_tag":[1514],"product_country":[1503],"class_list":{"0":"post-13994","1":"product","2":"type-product","3":"status-publish","4":"has-post-thumbnail","6":"product_cat-sale-france","7":"product_tag-sale-france","8":"product_country-france","10":"first","11":"instock","12":"sale","13":"taxable","14":"shipping-taxable","15":"purchasable","16":"product-type-simple"},"_links":{"self":[{"href":"https:\/\/routinesfashione.com\/nl\/wp-json\/wp\/v2\/product\/13994","targetHints":{"allow":["GET"]}}],"collection":[{"href":"https:\/\/routinesfashione.com\/nl\/wp-json\/wp\/v2\/product"}],"about":[{"href":"https:\/\/routinesfashione.com\/nl\/wp-json\/wp\/v2\/types\/product"}],"wp:featuredmedia":[{"embeddable":true,"href":"https:\/\/routinesfashione.com\/nl\/wp-json\/wp\/v2\/media\/13995"}],"wp:attachment":[{"href":"https:\/\/routinesfashione.com\/nl\/wp-json\/wp\/v2\/media?parent=13994"}],"wp:term":[{"taxonomy":"product_brand","embeddable":true,"href":"https:\/\/routinesfashione.com\/nl\/wp-json\/wp\/v2\/product_brand?post=13994"},{"taxonomy":"product_cat","embeddable":true,"href":"https:\/\/routinesfashione.com\/nl\/wp-json\/wp\/v2\/product_cat?post=13994"},{"taxonomy":"product_tag","embeddable":true,"href":"https:\/\/routinesfashione.com\/nl\/wp-json\/wp\/v2\/product_tag?post=13994"},{"taxonomy":"product_country","embeddable":true,"href":"https:\/\/routinesfashione.com\/nl\/wp-json\/wp\/v2\/product_country?post=13994"}],"curies":[{"name":"wp","href":"https:\/\/api.w.org\/{rel}","templated":true}]}}