{"id":13998,"date":"2025-09-30T20:36:50","date_gmt":"2025-09-30T20:36:50","guid":{"rendered":"https:\/\/lightgray-crow-170497.hostingersite.com\/?post_type=product&#038;p=13998"},"modified":"2025-09-30T20:36:50","modified_gmt":"2025-09-30T20:36:50","slug":"delonghi-magnifica-evo-ecam310-60-gb-machine-automatique-a-cafe","status":"publish","type":"product","link":"https:\/\/routinesfashione.com\/nl\/produit\/delonghi-magnifica-evo-ecam310-60-gb-machine-automatique-a-cafe\/","title":{"rendered":"Delonghi Magnifica Evo ECAM310.60.GB Machine automatique \u00e0 caf\u00e9"},"content":{"rendered":"<p>Magnifica Evo Next incarne l\u2019exp\u00e9rience, le savoir-faire et la technologie De\u2019Longhi pour toujours offrir les meilleurs r\u00e9sultats en tasse. Elle satisfait tous les go\u00fbts avec un choix de 10\u00a0boissons gr\u00e2ce \u00e0 son interface conviviale dot\u00e9e d\u2019ic\u00f4nes color\u00e9es et d\u2019un \u00e9cran TFT. Personnalisez vos boissons avec 5\u00a0tailles, 4\u00a0niveaux d\u2019intensit\u00e9 et 3\u00a0options de temp\u00e9rature, et savourez une mousse fine et riche gr\u00e2ce \u00e0 la technologie LatteCrema Hot pour toutes vos boissons \u00e0 base de lait.<\/p>\n<div>\n<ul>\n<li>Savourez un caf\u00e9 riche en ar\u00f4me et en saveurs, \u00e0 base de grains fra\u00eechement moulus<\/li>\n<li>La technologie LatteCrema Hot ajoute \u00e0 vos boissons une mousse de lait d\u00e9licate et riche<\/li>\n<li>\u00c9cran couleur TFT de 2,4\u00a0pouces convivial dot\u00e9 de 6\u00a0boutons soft touch couleurs<\/li>\n<li>Choisissez parmi 10\u00a0boissons avec un niveau \u00e9lev\u00e9 de personnalisation<\/li>\n<li>Facile \u00e0 nettoyer gr\u00e2ce \u00e0 ses composants compatibles lave-vaisselle<\/li>\n<\/ul>\n<\/div>","protected":false},"excerpt":{"rendered":"<p>Magnifica Evo Next incarne l\u2019exp\u00e9rience, le savoir-faire et la technologie De\u2019Longhi pour toujours offrir les meilleurs r\u00e9sultats en tasse. Elle<\/p>","protected":false},"featured_media":13999,"template":"","meta":[],"product_brand":[],"product_cat":[61],"product_tag":[1514],"product_country":[1503],"class_list":{"0":"post-13998","1":"product","2":"type-product","3":"status-publish","4":"has-post-thumbnail","6":"product_cat-sale-france","7":"product_tag-sale-france","8":"product_country-france","10":"first","11":"instock","12":"sale","13":"taxable","14":"shipping-taxable","15":"purchasable","16":"product-type-simple"},"_links":{"self":[{"href":"https:\/\/routinesfashione.com\/nl\/wp-json\/wp\/v2\/product\/13998","targetHints":{"allow":["GET"]}}],"collection":[{"href":"https:\/\/routinesfashione.com\/nl\/wp-json\/wp\/v2\/product"}],"about":[{"href":"https:\/\/routinesfashione.com\/nl\/wp-json\/wp\/v2\/types\/product"}],"wp:featuredmedia":[{"embeddable":true,"href":"https:\/\/routinesfashione.com\/nl\/wp-json\/wp\/v2\/media\/13999"}],"wp:attachment":[{"href":"https:\/\/routinesfashione.com\/nl\/wp-json\/wp\/v2\/media?parent=13998"}],"wp:term":[{"taxonomy":"product_brand","embeddable":true,"href":"https:\/\/routinesfashione.com\/nl\/wp-json\/wp\/v2\/product_brand?post=13998"},{"taxonomy":"product_cat","embeddable":true,"href":"https:\/\/routinesfashione.com\/nl\/wp-json\/wp\/v2\/product_cat?post=13998"},{"taxonomy":"product_tag","embeddable":true,"href":"https:\/\/routinesfashione.com\/nl\/wp-json\/wp\/v2\/product_tag?post=13998"},{"taxonomy":"product_country","embeddable":true,"href":"https:\/\/routinesfashione.com\/nl\/wp-json\/wp\/v2\/product_country?post=13998"}],"curies":[{"name":"wp","href":"https:\/\/api.w.org\/{rel}","templated":true}]}}