{"id":14100,"date":"2025-09-30T20:36:50","date_gmt":"2025-09-30T20:36:50","guid":{"rendered":"https:\/\/lightgray-crow-170497.hostingersite.com\/?post_type=product&#038;p=14100"},"modified":"2025-09-30T20:36:50","modified_gmt":"2025-09-30T20:36:50","slug":"delonghi-magnifica-evo-feb2942-tb","status":"publish","type":"product","link":"https:\/\/routinesfashione.com\/nl\/produit\/delonghi-magnifica-evo-feb2942-tb\/","title":{"rendered":"Delonghi Magnifica EVO FEB2942.TB"},"content":{"rendered":"<p>Profitez de l&#8217;exp\u00e9rience ultime du caf\u00e9 dans le confort de votre maison avec la Magnifica Evo de De&#8217;Longhi. Pr\u00e9parez l&#8217;espresso parfait \u00e0 partir de grains fra\u00eechement moulus, l&#8217;une des 6 recettes disponibles d&#8217;une simple pression. Elle est dot\u00e9e d&#8217;un \u00e9cran tactile intuitif avec des ic\u00f4nes en couleur pour chaque recette. Sa finition \u00e9l\u00e9gante noire et en titane est le compl\u00e9ment parfait de toute cuisine moderne.<\/p>\n<p><strong>En ce moment, jusqu&#8217;\u00e0 200\u20ac rembours\u00e9s sur les expresso broyeurs De&#8217;Longhi.<\/strong><\/p>\n<div>\n<ul>\n<li>Cr\u00e9ez des boissons personnalis\u00e9es \u00e0 base de lait et de caf\u00e9 \u00e0 partir de grains fra\u00eechement moulus<\/li>\n<li>6 recettes \u00e0 touche unique, y compris long, americano et doppio+<\/li>\n<li>Mousse de lait cr\u00e9meuse gr\u00e2ce \u00e0 la buse vapeur<\/li>\n<li>Grille lavable au lave-vaisselle et unit\u00e9 d&#8217;infusion amovible pour un nettoyage facile<\/li>\n<\/ul>\n<\/div>","protected":false},"excerpt":{"rendered":"<p>Profitez de l&#8217;exp\u00e9rience ultime du caf\u00e9 dans le confort de votre maison avec la Magnifica Evo de De&#8217;Longhi. Pr\u00e9parez l&#8217;espresso<\/p>","protected":false},"featured_media":14101,"template":"","meta":[],"product_brand":[],"product_cat":[61],"product_tag":[1514],"product_country":[1503],"class_list":{"0":"post-14100","1":"product","2":"type-product","3":"status-publish","4":"has-post-thumbnail","6":"product_cat-sale-france","7":"product_tag-sale-france","8":"product_country-france","10":"first","11":"instock","12":"sale","13":"taxable","14":"shipping-taxable","15":"purchasable","16":"product-type-simple"},"_links":{"self":[{"href":"https:\/\/routinesfashione.com\/nl\/wp-json\/wp\/v2\/product\/14100","targetHints":{"allow":["GET"]}}],"collection":[{"href":"https:\/\/routinesfashione.com\/nl\/wp-json\/wp\/v2\/product"}],"about":[{"href":"https:\/\/routinesfashione.com\/nl\/wp-json\/wp\/v2\/types\/product"}],"wp:featuredmedia":[{"embeddable":true,"href":"https:\/\/routinesfashione.com\/nl\/wp-json\/wp\/v2\/media\/14101"}],"wp:attachment":[{"href":"https:\/\/routinesfashione.com\/nl\/wp-json\/wp\/v2\/media?parent=14100"}],"wp:term":[{"taxonomy":"product_brand","embeddable":true,"href":"https:\/\/routinesfashione.com\/nl\/wp-json\/wp\/v2\/product_brand?post=14100"},{"taxonomy":"product_cat","embeddable":true,"href":"https:\/\/routinesfashione.com\/nl\/wp-json\/wp\/v2\/product_cat?post=14100"},{"taxonomy":"product_tag","embeddable":true,"href":"https:\/\/routinesfashione.com\/nl\/wp-json\/wp\/v2\/product_tag?post=14100"},{"taxonomy":"product_country","embeddable":true,"href":"https:\/\/routinesfashione.com\/nl\/wp-json\/wp\/v2\/product_country?post=14100"}],"curies":[{"name":"wp","href":"https:\/\/api.w.org\/{rel}","templated":true}]}}