{"id":142,"date":"2025-09-30T20:55:56","date_gmt":"2025-09-30T20:55:56","guid":{"rendered":"https:\/\/lightgray-crow-170497.hostingersite.com\/?post_type=product&#038;p=142"},"modified":"2025-09-30T20:55:56","modified_gmt":"2025-09-30T20:55:56","slug":"karcher-nettoyeur-haute-pression-hd-6-15-mxa-plus","status":"publish","type":"product","link":"https:\/\/routinesfashione.com\/nl\/produit\/karcher-nettoyeur-haute-pression-hd-6-15-mxa-plus\/","title":{"rendered":"K\u00e4rcher Nettoyeur haute pression HD 6\/15 MXA Plus"},"content":{"rendered":"<ul>\n<li>Nettoyeur haute pression mobile HD 6\/15 MX aliment\u00e9 en courant alternatif avec commande par interrupteur \u00e0 pression, chariot de tuyau int\u00e9gr\u00e9 pour une manipulation ais\u00e9e du tuyau haute pression ainsi que de nombreuses possibilit\u00e9s de rangement et de stockage des accessoires.<\/li>\n<li>Une nouvelle pompe axiale robuste \u00e0 3 pistons avec culasse en laiton garantit une longue dur\u00e9e de vie de l&#8217;appareil facile \u00e0 man\u0153uvrer et \u00e0 ranger, r\u00e9duit la consommation d&#8217;\u00e9nergie et am\u00e9liore en m\u00eame temps la performance de nettoyage d&#8217;environ 20 pour cent \u00e0 chaque fois<\/li>\n<li>Le pistolet haute pression EASY!Force, qui utilise la force de recul du jet haute pression pour r\u00e9duire \u00e0 z\u00e9ro la force de maintien, et les raccords rapides EASY!Lock, qui permettent une manipulation 5 fois plus rapide que les raccords traditionnels sans compromettre la robustesse et la long\u00e9vit\u00e9, permettent de travailler sans fatigue et de gagner du temps.<\/li>\n<li>La d\u00e9charge de pression automatique prot\u00e8ge efficacement et de mani\u00e8re fiable les composants haute pression contre les contraintes en mode veille.<\/li>\n<li>La pompe haute pression et les composants \u00e9lectroniques sont particuli\u00e8rement faciles d&#8217;acc\u00e8s gr\u00e2ce \u00e0 la conception de l&#8217;appareil qui facilite l&#8217;entretien.<\/li>\n<\/ul>","protected":false},"excerpt":{"rendered":"<p>Nettoyeur haute pression mobile HD 6\/15 MX aliment\u00e9 en courant alternatif avec commande par interrupteur \u00e0 pression, chariot de tuyau<\/p>","protected":false},"featured_media":12930,"template":"","meta":[],"product_brand":[],"product_cat":[61],"product_tag":[],"product_country":[1503],"class_list":{"0":"post-142","1":"product","2":"type-product","3":"status-publish","4":"has-post-thumbnail","6":"product_cat-sale-france","7":"product_country-france","9":"first","10":"instock","11":"sale","12":"taxable","13":"shipping-taxable","14":"purchasable","15":"product-type-simple"},"_links":{"self":[{"href":"https:\/\/routinesfashione.com\/nl\/wp-json\/wp\/v2\/product\/142","targetHints":{"allow":["GET"]}}],"collection":[{"href":"https:\/\/routinesfashione.com\/nl\/wp-json\/wp\/v2\/product"}],"about":[{"href":"https:\/\/routinesfashione.com\/nl\/wp-json\/wp\/v2\/types\/product"}],"wp:featuredmedia":[{"embeddable":true,"href":"https:\/\/routinesfashione.com\/nl\/wp-json\/wp\/v2\/media\/12930"}],"wp:attachment":[{"href":"https:\/\/routinesfashione.com\/nl\/wp-json\/wp\/v2\/media?parent=142"}],"wp:term":[{"taxonomy":"product_brand","embeddable":true,"href":"https:\/\/routinesfashione.com\/nl\/wp-json\/wp\/v2\/product_brand?post=142"},{"taxonomy":"product_cat","embeddable":true,"href":"https:\/\/routinesfashione.com\/nl\/wp-json\/wp\/v2\/product_cat?post=142"},{"taxonomy":"product_tag","embeddable":true,"href":"https:\/\/routinesfashione.com\/nl\/wp-json\/wp\/v2\/product_tag?post=142"},{"taxonomy":"product_country","embeddable":true,"href":"https:\/\/routinesfashione.com\/nl\/wp-json\/wp\/v2\/product_country?post=142"}],"curies":[{"name":"wp","href":"https:\/\/api.w.org\/{rel}","templated":true}]}}