{"id":1420,"date":"2025-09-30T20:13:41","date_gmt":"2025-09-30T20:13:41","guid":{"rendered":"https:\/\/lightgray-crow-170497.hostingersite.com\/?post_type=product&#038;p=1420"},"modified":"2025-09-30T21:02:10","modified_gmt":"2025-09-30T21:02:10","slug":"honda-hrx-476c2-qy-mit-walzenmaehwerk","status":"publish","type":"product","link":"https:\/\/routinesfashione.com\/nl\/produit\/honda-hrx-476c2-qy-mit-walzenmaehwerk\/","title":{"rendered":"Honda HRX 476C2 QY mit Walzenm\u00e4hwerk"},"content":{"rendered":"<table class=\"table table-striped product-detail-properties-table\">\n<tbody>\n<tr class=\"properties-row\">\n<th class=\"properties-label\">Arbeitsbreite (in cm)<\/th>\n<td class=\"properties-value\">47,00<\/td>\n<\/tr>\n<tr class=\"properties-row\">\n<th class=\"properties-label\">Auswurfart<\/th>\n<td class=\"properties-value\">Heckauswurf<\/td>\n<\/tr>\n<tr class=\"properties-row\">\n<th class=\"properties-label\">Betriebsart<\/th>\n<td class=\"properties-value\">Benzin<\/td>\n<\/tr>\n<tr class=\"properties-row\">\n<th class=\"properties-label\">Fahrantriebsart<\/th>\n<td class=\"properties-value\">1-Gang-Fahrantrieb<\/td>\n<\/tr>\n<tr class=\"properties-row\">\n<th class=\"properties-label\">Fangsackvolumen max (in l)<\/th>\n<td class=\"properties-value\">70<\/td>\n<\/tr>\n<tr class=\"properties-row\">\n<th class=\"properties-label\">Farbe (Ger\u00e4t)<\/th>\n<td class=\"properties-value\">Anthrazit \/ Rot<\/td>\n<\/tr>\n<tr class=\"properties-row\">\n<th class=\"properties-label\">Hubraum (in cm\u00b3)<\/th>\n<td class=\"properties-value\">167,00<\/td>\n<\/tr>\n<tr class=\"properties-row\">\n<th class=\"properties-label\">Materialart<\/th>\n<td class=\"properties-value\">Polystrong-M\u00e4hdeck<\/td>\n<\/tr>\n<tr class=\"properties-row\">\n<th class=\"properties-label\">Motorleistung (in Umdrehungen\/min)<\/th>\n<td class=\"properties-value\">2850<\/td>\n<\/tr>\n<tr class=\"properties-row\">\n<th class=\"properties-label\">Motorleistung (in kW)<\/th>\n<td class=\"properties-value\">3,10<\/td>\n<\/tr>\n<tr class=\"properties-row\">\n<th class=\"properties-label\">Motortyp (Herstellerbezeichnung)<\/th>\n<td class=\"properties-value\">Honda 4-Takt OHC-Motor GCVx 170<\/td>\n<\/tr>\n<tr class=\"properties-row\">\n<th class=\"properties-label\">M\u00e4hwerktyp<\/th>\n<td class=\"properties-value\">Walzenm\u00e4hwerk mit zentraler Schnitth\u00f6henverstellung (5 Positionen)<\/td>\n<\/tr>\n<tr class=\"properties-row\">\n<th class=\"properties-label\">Produkttyp<\/th>\n<td class=\"properties-value\">Benzin-Rasenm\u00e4her<\/td>\n<\/tr>\n<tr class=\"properties-row\">\n<th class=\"properties-label\">Schallleistungspegel (in dB(A))<\/th>\n<td class=\"properties-value\">94,00<\/td>\n<\/tr>\n<tr class=\"properties-row\">\n<th class=\"properties-label\">Schnitth\u00f6he min-max (in mm)<\/th>\n<td class=\"properties-value\">19-58<\/td>\n<\/tr>\n<tr class=\"properties-row\">\n<th class=\"properties-label\">Treibstofftankgr\u00f6\u00dfe (in l)<\/th>\n<td class=\"properties-value\">0,91<\/td>\n<\/tr>\n<\/tbody>\n<\/table>","protected":false},"excerpt":{"rendered":"<p>Ein 47cm breiter, robuster Walzenm\u00e4her mit konstanter Drehzahl<\/p>\n<p>Roto-Stop\u00ae<br \/> Stoppt das Messer, l\u00e4sst aber den Motor laufen, w\u00e4hrend Sie den Fangsack ausleeren oder \u00fcber Wege fahren.<\/p>\n<p>Leiser Betrieb<br \/> Mit Honda genie\u00dfen Sie modernste Motorentechnologie, ein speziell entwickeltes M\u00e4hdeck und ein patentiertes Messer. Damit sorgen wir f\u00fcr eine Ger\u00e4uschreduzierung um bis zu 30% gegen\u00fcber vergleichbaren Rasenm\u00e4hern.<\/p>\n<p>Walzenm\u00e4her<br \/> Mit einer Walze an der Hinterachse werden die Grashalme in Fahrtrichtung gelegt. So k\u00f6nnen Sie Ihrem Rasen eine klassische Streifenoptik und ein Schachbrettmuster geben.<\/p>\n<p><b><u>Produktinformationen:<\/u><\/b><\/p>\n<ul>\n<li>Geschwindigkeit 1m\/s<\/li>\n<li>Zentrale Schnitth\u00f6henverstellung<\/li>\n<li>M\u00e4hwalze<\/li>\n<\/ul>","protected":false},"featured_media":1421,"template":"","meta":[],"product_brand":[],"product_cat":[33],"product_tag":[],"product_country":[1501],"class_list":{"0":"post-1420","1":"product","2":"type-product","3":"status-publish","4":"has-post-thumbnail","6":"product_cat-profi-maher-rasenmaher","7":"product_country-germany","9":"first","10":"instock","11":"sale","12":"taxable","13":"shipping-taxable","14":"purchasable","15":"product-type-simple"},"_links":{"self":[{"href":"https:\/\/routinesfashione.com\/nl\/wp-json\/wp\/v2\/product\/1420","targetHints":{"allow":["GET"]}}],"collection":[{"href":"https:\/\/routinesfashione.com\/nl\/wp-json\/wp\/v2\/product"}],"about":[{"href":"https:\/\/routinesfashione.com\/nl\/wp-json\/wp\/v2\/types\/product"}],"wp:featuredmedia":[{"embeddable":true,"href":"https:\/\/routinesfashione.com\/nl\/wp-json\/wp\/v2\/media\/1421"}],"wp:attachment":[{"href":"https:\/\/routinesfashione.com\/nl\/wp-json\/wp\/v2\/media?parent=1420"}],"wp:term":[{"taxonomy":"product_brand","embeddable":true,"href":"https:\/\/routinesfashione.com\/nl\/wp-json\/wp\/v2\/product_brand?post=1420"},{"taxonomy":"product_cat","embeddable":true,"href":"https:\/\/routinesfashione.com\/nl\/wp-json\/wp\/v2\/product_cat?post=1420"},{"taxonomy":"product_tag","embeddable":true,"href":"https:\/\/routinesfashione.com\/nl\/wp-json\/wp\/v2\/product_tag?post=1420"},{"taxonomy":"product_country","embeddable":true,"href":"https:\/\/routinesfashione.com\/nl\/wp-json\/wp\/v2\/product_country?post=1420"}],"curies":[{"name":"wp","href":"https:\/\/api.w.org\/{rel}","templated":true}]}}