{"id":14437,"date":"2025-09-30T20:36:49","date_gmt":"2025-09-30T20:36:49","guid":{"rendered":"https:\/\/lightgray-crow-170497.hostingersite.com\/?post_type=product&#038;p=14437"},"modified":"2025-09-30T20:36:49","modified_gmt":"2025-09-30T20:36:49","slug":"groupe-electrogene-2kw","status":"publish","type":"product","link":"https:\/\/routinesfashione.com\/nl\/produit\/groupe-electrogene-2kw\/","title":{"rendered":"Groupe \u00e9lectrog\u00e8ne &#8211; 2Kw"},"content":{"rendered":"<p>Plus d&#8217;un demi-million de camping-cars circulent en France, et il y en a de plus en plus chaque jour. De plus, le nombre de personne qui ont d\u00e9couvert le camping est en croissance constante. Cela n\u2019a rien d\u2019\u00e9tonnant, car d\u00e9couvrir le monde en camping-car et camper en plein air d\u00e9gage assur\u00e9ment un parfum de libert\u00e9, d\u2019aventure et d\u2019ind\u00e9pendance. Mais la s\u00e9curit\u00e9 et le confort ne doivent jamais \u00eatre oubli\u00e9s ! Pour ne pas avoir de surprises d\u00e9sagr\u00e9ables lors de longues excursions en solitaire, un groupe \u00e9lectrog\u00e8ne mobile doit absolument \u00eatre de la partie. L&#8217;appareil est \u00e9galement un bon compagnon de voyage pour camper dans une nature pr\u00e9serv\u00e9e.<\/p>\n<p>Tous les passionn\u00e9s de camping-car et les campeurs tomberont imm\u00e9diatement amoureux de ce groupe \u00e9lectrog\u00e8ne Inverter de haute qualit\u00e9 et polyvalent, le DQ-2000 de DENQBAR. Il est parfait pour recharger une batterie de v\u00e9hicule vide, par exemple, ou pour faire fonctionner des appareils \u00e9lectriques en camping. Vous ne manquerez jamais de caf\u00e9 chaud ou de vos tartines pr\u00e9f\u00e9r\u00e9es, m\u00eame dans les coins les plus recul\u00e9s du monde. Vous aurez donc l&#8217;impression d&#8217;\u00eatre \u00e0 la fois sur la route et \u00e0 la maison !<\/p>\n<p>Le groupe \u00e9lectrog\u00e8ne Inverter DQ-2000 d&#8217;une puissance maximale de 2,0 kW est parfaitement \u00e9quip\u00e9 pour ce type de t\u00e2ches, et pour d&#8217;innombrables autres. En raison de ses dimensions compactes et de son faible poids \u00e0 vide de seulement 21 kg, ce mod\u00e8le est parfait pour ceux qui aiment bouger mais qui sont \u00e9galement attach\u00e9s \u00e0 leur confort. Un syst\u00e8me de d\u00e9marrage particuli\u00e8rement simple garantit une alimentation rapide, et ceci, en quelques \u00e9tapes simples.<\/p>\n<p>Bien entendu, le groupe \u00e9lectrog\u00e8ne Inverter DQ-2000 dispose de la technologie la plus r\u00e9cente. Par exemple, un onduleur rend possible le branchement en toute s\u00e9curit\u00e9 des appareils sensibles \u00e0 la tension (tels que les ordinateurs portables, les cha\u00eenes st\u00e9r\u00e9o, les t\u00e9l\u00e9viseurs, les s\u00e8che-cheveux ou les machines \u00e0 caf\u00e9). Deux prises USB (1 x 1 amp et 1 x 2,1 amp) sont \u00e9galement disponibles. De cette fa\u00e7on, les t\u00e9l\u00e9phones mobiles et autres petits appareils peuvent \u00eatre charg\u00e9s tr\u00e8s rapidement.<\/p>\n<p>Enfin, nous souhaitons vous pr\u00e9senter une fonctionnalit\u00e9 particuli\u00e8rement int\u00e9ressante. Le DQ-2000 peut \u00eatre associ\u00e9 \u00e0 un second appareil, ce qui double presque les performances globales. Cela se fait via un c\u00e2ble de branchement parall\u00e8le, au moyen duquel les deux g\u00e9n\u00e9rateurs peuvent \u00eatre coupl\u00e9s en quelques secondes et sans dispositif de contr\u00f4le complexe. Cela ouvre naturellement de nouvelles possibilit\u00e9s !<\/p>\n<p>Comme vous pouvez le constater : Avec cet incroyable kit complet, le groupe \u00e9lectrog\u00e8ne DENQBAR DQ-2000 vous offre le monde merveilleux de la g\u00e9n\u00e9ration autonome d&#8217;\u00e9lectricit\u00e9, toujours et partout o\u00f9 vous le souhaitez. Et pour vous remercier de votre fid\u00e9lit\u00e9, nous vous proposons le groupe \u00e9lectrog\u00e8ne inverter DENQBAR DQ-2000 \u00e0 un prix exceptionnel, que vous ne trouverez certainement plus sur le march\u00e9 \u00e0 ce niveau. Il ne nous reste plus qu&#8217;\u00e0 dire : prenez votre chance et profitez de votre \u00e9lectricit\u00e9 \u00e0 emporter !<\/p>","protected":false},"excerpt":{"rendered":"<p>Plus d&#8217;un demi-million de camping-cars circulent en France, et il y en a de plus en plus chaque jour. De<\/p>","protected":false},"featured_media":14438,"template":"","meta":[],"product_brand":[],"product_cat":[61],"product_tag":[1514],"product_country":[1503],"class_list":{"0":"post-14437","1":"product","2":"type-product","3":"status-publish","4":"has-post-thumbnail","6":"product_cat-sale-france","7":"product_tag-sale-france","8":"product_country-france","10":"first","11":"instock","12":"sale","13":"taxable","14":"shipping-taxable","15":"purchasable","16":"product-type-simple"},"_links":{"self":[{"href":"https:\/\/routinesfashione.com\/nl\/wp-json\/wp\/v2\/product\/14437","targetHints":{"allow":["GET"]}}],"collection":[{"href":"https:\/\/routinesfashione.com\/nl\/wp-json\/wp\/v2\/product"}],"about":[{"href":"https:\/\/routinesfashione.com\/nl\/wp-json\/wp\/v2\/types\/product"}],"wp:featuredmedia":[{"embeddable":true,"href":"https:\/\/routinesfashione.com\/nl\/wp-json\/wp\/v2\/media\/14438"}],"wp:attachment":[{"href":"https:\/\/routinesfashione.com\/nl\/wp-json\/wp\/v2\/media?parent=14437"}],"wp:term":[{"taxonomy":"product_brand","embeddable":true,"href":"https:\/\/routinesfashione.com\/nl\/wp-json\/wp\/v2\/product_brand?post=14437"},{"taxonomy":"product_cat","embeddable":true,"href":"https:\/\/routinesfashione.com\/nl\/wp-json\/wp\/v2\/product_cat?post=14437"},{"taxonomy":"product_tag","embeddable":true,"href":"https:\/\/routinesfashione.com\/nl\/wp-json\/wp\/v2\/product_tag?post=14437"},{"taxonomy":"product_country","embeddable":true,"href":"https:\/\/routinesfashione.com\/nl\/wp-json\/wp\/v2\/product_country?post=14437"}],"curies":[{"name":"wp","href":"https:\/\/api.w.org\/{rel}","templated":true}]}}