{"id":1446,"date":"2025-09-30T20:13:41","date_gmt":"2025-09-30T20:13:41","guid":{"rendered":"https:\/\/lightgray-crow-170497.hostingersite.com\/?post_type=product&#038;p=1446"},"modified":"2025-09-30T21:02:12","modified_gmt":"2025-09-30T21:02:12","slug":"honda-hrx-537c-vy","status":"publish","type":"product","link":"https:\/\/routinesfashione.com\/nl\/produit\/honda-hrx-537c-vy\/","title":{"rendered":"Honda HRX 537C VY"},"content":{"rendered":"<h4>Vorteile<\/h4>\n<div>\n<div class=\"table-wrapper\">\n<table class=\"UserAttributes\">\n<tbody>\n<tr class=\"PSR1\">\n<td class=\"AttributeLabel VerticalAlignMiddle\"><\/td>\n<td class=\"AttributeContent\">Ausgestattet mit einem Honda Motor: Honda Motoren stehen f\u00fcr Langlebigkeit und besondere Laufruhe.<\/td>\n<\/tr>\n<tr class=\"PSR2\">\n<td class=\"AttributeLabel VerticalAlignMiddle\"><\/td>\n<td class=\"AttributeContent\">Die Messerkupplung entkoppelt Messer und Motor wodurch die Kurbelwelle gesch\u00fctzt wird. Sie k\u00f6nnen das Ger\u00e4t im Fahrantrieb ohne Messereinsatz bewegen und der Grasfangkorb kann ohne Motorneustart entleert werden.<\/td>\n<\/tr>\n<tr class=\"PSR3\">\n<td class=\"AttributeLabel VerticalAlignMiddle\"><\/td>\n<td class=\"AttributeContent\">Beim Mulchen wird das Schnittgut so klein geh\u00e4ckselt, dass es als nat\u00fcrlicher, biologischer D\u00fcnger auf der gem\u00e4hten Fl\u00e4che verbleiben kann. Besonders vorteilhaft in wachstumsstarken Perioden, da Entsorgung des Schnittguts entf\u00e4llt.<\/td>\n<\/tr>\n<tr class=\"PSR4\">\n<td class=\"AttributeLabel VerticalAlignMiddle\"><\/td>\n<td class=\"AttributeContent\">Durch das Versamow\u2122 variabel M\u00e4hsystem von Honda k\u00f6nnen Sie ganz einfach mit einem Hebel stufenlos zwischen Mulchen, Fangen oder Auswerfen einen Funktionswechsel durchf\u00fchren. Der Anbau einer separaten Mulcheinheit entf\u00e4llt.<\/td>\n<\/tr>\n<tr class=\"PSR5\">\n<td class=\"AttributeLabel VerticalAlignMiddle\"><\/td>\n<td class=\"AttributeContent\">Die OHV Bauart des Motors sorgt f\u00fcr eine lange Lebensdauer des Motors, sparsamen Kraftstoffverbrauch und insgesamt optimierte Leistung<\/td>\n<\/tr>\n<tr class=\"PSR6\">\n<td class=\"AttributeLabel VerticalAlignMiddle\"><\/td>\n<td class=\"AttributeContent\">Beim Honda Select Drive wird durch das nach vorn Dr\u00fccken des Hebels der Radantrieb aktiviert. Die Geschwindigkeit wird \u00fcber den Drehknopf eingestellt und sorgt f\u00fcr eine konstant gleiche Geschwindigkeit.<\/td>\n<\/tr>\n<tr class=\"PSR7\">\n<td class=\"AttributeLabel VerticalAlignMiddle\"><\/td>\n<td class=\"AttributeContent\">Dank der Honda Super-Leichtstart Technologie springt der Motor m\u00fchelos und mit geringstem Kraftaufwand an<\/td>\n<\/tr>\n<tr class=\"PSR8\">\n<td class=\"AttributeLabel VerticalAlignMiddle\"><\/td>\n<td class=\"AttributeContent\">Das Geh\u00e4use aus modernem Xenoy \/ Nexite Polymer-Kunststoff ist leicht, robust und langlebig und zeichnet sich durch eine hohe Korrosions- und UV-Best\u00e4ndigkeit aus.<\/td>\n<\/tr>\n<tr class=\"PSR9\">\n<td class=\"AttributeLabel VerticalAlignMiddle\"><\/td>\n<td class=\"AttributeContent\">Dank Autochoke startet Motor einfach und ohne Chokehebel. Egal ob Kalt- oder Warmstart: einfach starten und losm\u00e4hen<\/td>\n<\/tr>\n<\/tbody>\n<\/table>\n<\/div>\n<\/div>\n<p>\u00a0<\/p>\n<h4>Technische Daten<\/h4>\n<div class=\"table-wrapper\">\n<table class=\"HBOUserAttributes\">\n<tbody>\n<tr>\n<td class=\"AttributeGroupHeader\" colspan=\"2\">Motor &#038; Ausstattung<\/td>\n<\/tr>\n<tr>\n<td class=\"AttributeName VerticalAlignMiddle AttributeBorder\">Marke Motor<\/td>\n<td class=\"AttributeContent AttributeBorder\">Honda<\/td>\n<\/tr>\n<tr>\n<td class=\"AttributeName VerticalAlignMiddle AttributeBorder\">Motor-Bauart<\/td>\n<td class=\"AttributeContent AttributeBorder\">4-Takt OHV-Benzinmotor<\/td>\n<\/tr>\n<tr>\n<td class=\"AttributeName VerticalAlignMiddle AttributeBorder\">Motorbezeichnung<\/td>\n<td class=\"AttributeContent AttributeBorder\">GCVx 200<\/td>\n<\/tr>\n<tr>\n<td class=\"AttributeName VerticalAlignMiddle AttributeBorder\">Hubraum<\/td>\n<td class=\"AttributeContent AttributeBorder\">200 cm\u00b3<\/td>\n<\/tr>\n<tr>\n<td class=\"AttributeName VerticalAlignMiddle AttributeBorder\">Motorleistung<\/td>\n<td class=\"AttributeContent AttributeBorder\">4,2 kW \/ 5,6 PS bei 3600 U\/Min<\/td>\n<\/tr>\n<tr>\n<td class=\"AttributeName VerticalAlignMiddle AttributeBorder\">Ger\u00e4teleistung<\/td>\n<td class=\"AttributeContent AttributeBorder\">3,7 kW \/ 5,0 PS bei 3000 U\/Min<\/td>\n<\/tr>\n<tr>\n<td class=\"AttributeName VerticalAlignMiddle AttributeBorder\">Motorstart<\/td>\n<td class=\"AttributeContent AttributeBorder\">Honda Super-Leichtstart \u00fcber Seilzug<\/td>\n<\/tr>\n<tr>\n<td class=\"AttributeName VerticalAlignMiddle AttributeBorder\">Kraftstofftank<\/td>\n<td class=\"AttributeContent AttributeBorder\">0,91 Liter<\/td>\n<\/tr>\n<tr>\n<td class=\"AttributeName VerticalAlignMiddle AttributeBorder\">Choke<\/td>\n<td class=\"AttributeContent AttributeBorder\">Autochoke<\/td>\n<\/tr>\n<tr>\n<td class=\"AttributeGroupHeader\" colspan=\"2\">M\u00e4hdaten<\/td>\n<\/tr>\n<tr>\n<td class=\"AttributeName VerticalAlignMiddle AttributeBorder\">Schnitth\u00f6he, min-max<\/td>\n<td class=\"AttributeContent AttributeBorder\">19-101 mm<\/td>\n<\/tr>\n<tr>\n<td class=\"AttributeName VerticalAlignMiddle AttributeBorder\">Anzahl Schnitth\u00f6hen<\/td>\n<td class=\"AttributeContent AttributeBorder\">7<\/td>\n<\/tr>\n<tr>\n<td class=\"AttributeName VerticalAlignMiddle AttributeBorder\">Schnitth\u00f6henverstellung<\/td>\n<td class=\"AttributeContent AttributeBorder\">einzeln<\/td>\n<\/tr>\n<tr>\n<td class=\"AttributeName VerticalAlignMiddle AttributeBorder\">Volumen Fangkorb<\/td>\n<td class=\"AttributeContent AttributeBorder\">85 Liter<\/td>\n<\/tr>\n<tr>\n<td class=\"AttributeName VerticalAlignMiddle AttributeBorder\">M\u00e4hmethoden<\/td>\n<td class=\"AttributeContent AttributeBorder\">Fangen, Mulchen, Heck-Schwadablage<\/td>\n<\/tr>\n<tr>\n<td class=\"AttributeName VerticalAlignMiddle AttributeBorder\">Mulchkit<\/td>\n<td class=\"AttributeContent AttributeBorder\">Honda Versamow\u2122 variabel<\/td>\n<\/tr>\n<tr>\n<td class=\"AttributeGroupHeader\" colspan=\"2\">Ausstattung<\/td>\n<\/tr>\n<tr>\n<td class=\"AttributeName VerticalAlignMiddle AttributeBorder\">Messerkupplung<\/td>\n<td class=\"AttributeContent AttributeBorder\">ja<\/td>\n<\/tr>\n<tr>\n<td class=\"AttributeName VerticalAlignMiddle AttributeBorder\">Radgr\u00f6\u00dfe vorne<\/td>\n<td class=\"AttributeContent AttributeBorder\">224 mm<\/td>\n<\/tr>\n<tr>\n<td class=\"AttributeName VerticalAlignMiddle AttributeBorder\">Radgr\u00f6\u00dfe hinten<\/td>\n<td class=\"AttributeContent AttributeBorder\">224 mm<\/td>\n<\/tr>\n<tr>\n<td class=\"AttributeName VerticalAlignMiddle AttributeBorder\">Antriebsart<\/td>\n<td class=\"AttributeContent AttributeBorder\">Honda Select Drive<\/td>\n<\/tr>\n<tr>\n<td class=\"AttributeName VerticalAlignMiddle AttributeBorder\">Material, M\u00e4hdeck<\/td>\n<td class=\"AttributeContent AttributeBorder\">Xenoy \/ Nexite Polymer-Kunststoffe<\/td>\n<\/tr>\n<tr>\n<td class=\"AttributeGroupHeader\" colspan=\"2\">Umwelt, Ma\u00dfe und Gewicht<\/td>\n<\/tr>\n<tr>\n<td class=\"AttributeName VerticalAlignMiddle AttributeBorder\">Gewicht<\/td>\n<td class=\"AttributeContent AttributeBorder\">43,5 kg<\/td>\n<\/tr>\n<\/tbody>\n<\/table>\n<\/div>","protected":false},"excerpt":{"rendered":"<p>Nicht nur ein einfacher Rasenm\u00e4her, sondern fortschrittliche Technik f\u00fcr die Pflege Ihres Rasens.<\/p>\n<p>Unsere neuen HRX-M\u00e4her zeichnen sich nicht nur durch ein Plus an Leistung, sondern auch durch einen reduzierten Schallpegel aus. Damit erledigen Sie die Gartenarbeit einfacher und entspannter. Au\u00dferdem profitieren Sie von einer Vielzahl einzigartiger Honda Technologien wie Select Drive f\u00fcr pr\u00e4zise Steuerung, Versamow\u2122 f\u00fcr selektives Mulchen und Roto-Stop\u00ae f\u00fcr ein sicheres Stoppen der Schneidmesser.<\/p>\n<p>Mit dem optimierten Verbrennungssystem sind diese neuen Motoren besonders effizient und somit umweltfreundlicher. Und mit dem herausragenden Drehmoment nehmen Sie Ihnen die anstrengende Arbeit ab.<\/p>\n<p>Das variable Mulchsystem Versamow\u2122 arbeitet mit speziellen, versetzten MicroCut-Zwillingsmessern. Gemeinsam h\u00e4ckseln sie das Gras besonders fein, welches anschlie\u00dfend als Mulch zur\u00fcck auf den Rasen f\u00e4llt und als nat\u00fcrlicher D\u00fcnger dient. Den Unterschied erkennen Sie schon nach wenigen Wochen.<\/p>\n<p>Die meisten unserer Modelle sind mit Roto-Stop ausgestattet. Mit dieser Funktion k\u00f6nnen Sie die Messer bei laufendem Motor anhalten. Ideal, wenn Sie den Grasfangsack leeren, Hindernisse wegr\u00e4umen oder Wege und Einfahrten \u00fcberqueren m\u00fcssen.<\/p>\n<p>Falls Sie beim M\u00e4hen auf ein festes Hindernis sto\u00dfen, geben unsere Messer nach, statt zu brechen. Diese Innovation macht M\u00e4her von Honda nicht nur sicherer, sondern verhindert auch Sch\u00e4den am Motor und am M\u00e4hdeck.<\/p>\n<p><strong>Dieses Produkt wird vor Auslieferung einer kostenlosen \u00dcbergabeinspektion gem\u00e4\u00df HONDA \u201cPre-Delivery-Inspection\u201d-Richtlinien unterzogen. Das Produkt wird montiert, betriebsbereit und inklusive des Husqvarna Protokolls zur \u00dcbergabeinspektion an Ihre Adresse geliefert.<\/strong><\/p>","protected":false},"featured_media":1447,"template":"","meta":[],"product_brand":[],"product_cat":[33],"product_tag":[],"product_country":[1501],"class_list":{"0":"post-1446","1":"product","2":"type-product","3":"status-publish","4":"has-post-thumbnail","6":"product_cat-profi-maher-rasenmaher","7":"product_country-germany","9":"first","10":"instock","11":"sale","12":"taxable","13":"shipping-taxable","14":"purchasable","15":"product-type-simple"},"_links":{"self":[{"href":"https:\/\/routinesfashione.com\/nl\/wp-json\/wp\/v2\/product\/1446","targetHints":{"allow":["GET"]}}],"collection":[{"href":"https:\/\/routinesfashione.com\/nl\/wp-json\/wp\/v2\/product"}],"about":[{"href":"https:\/\/routinesfashione.com\/nl\/wp-json\/wp\/v2\/types\/product"}],"wp:featuredmedia":[{"embeddable":true,"href":"https:\/\/routinesfashione.com\/nl\/wp-json\/wp\/v2\/media\/1447"}],"wp:attachment":[{"href":"https:\/\/routinesfashione.com\/nl\/wp-json\/wp\/v2\/media?parent=1446"}],"wp:term":[{"taxonomy":"product_brand","embeddable":true,"href":"https:\/\/routinesfashione.com\/nl\/wp-json\/wp\/v2\/product_brand?post=1446"},{"taxonomy":"product_cat","embeddable":true,"href":"https:\/\/routinesfashione.com\/nl\/wp-json\/wp\/v2\/product_cat?post=1446"},{"taxonomy":"product_tag","embeddable":true,"href":"https:\/\/routinesfashione.com\/nl\/wp-json\/wp\/v2\/product_tag?post=1446"},{"taxonomy":"product_country","embeddable":true,"href":"https:\/\/routinesfashione.com\/nl\/wp-json\/wp\/v2\/product_country?post=1446"}],"curies":[{"name":"wp","href":"https:\/\/api.w.org\/{rel}","templated":true}]}}