{"id":146,"date":"2025-09-30T20:55:56","date_gmt":"2025-09-30T20:55:56","guid":{"rendered":"https:\/\/lightgray-crow-170497.hostingersite.com\/?post_type=product&#038;p=146"},"modified":"2025-09-30T20:55:56","modified_gmt":"2025-09-30T20:55:56","slug":"worx-robot-tondeuse-connecte-landroid-vision-600-m%c2%b2-wr206e-1-sans-installation-de-fil-peripherique-evite-obstacles-tond-pres-des-bordures","status":"publish","type":"product","link":"https:\/\/routinesfashione.com\/nl\/produit\/worx-robot-tondeuse-connecte-landroid-vision-600-m%c2%b2-wr206e-1-sans-installation-de-fil-peripherique-evite-obstacles-tond-pres-des-bordures\/","title":{"rendered":"Worx &#8211; Robot Tondeuse connect\u00e9 &#8211; LANDROID Vision &#8211; 600 m\u00b2 &#8211; WR206E.1 (sans Installation de Fil p\u00e9riph\u00e9rique, \u00e9vite Obstacles, tond pr\u00e8s des Bordures,"},"content":{"rendered":"<p>Gr\u00e2ce \u00e0 la combinaison d&#8217;une cam\u00e9ra HRD et de l&#8217;intelligence artificielle, le Worx Landroid Vision n&#8217;a pas besoin de c\u00e2ble p\u00e9riph\u00e9rique pour rester dans la pelouse. Cela signifie qu&#8217;il n&#8217;y a pas de travail d&#8217;installation pour vous et qu&#8217;il n&#8217;y a pas de probl\u00e8me de c\u00e2ble cass\u00e9.<\/p>\n<p>Son r\u00e9seau neuronal avanc\u00e9 traite les informations et prend des d\u00e9cisions au rythme de 0,05 seconde. Cela permet d&#8217;\u00e9viter les obstacles et d&#8217;accro\u00eetre la s\u00e9curit\u00e9 des animaux domestiques, de la faune et des humains.<\/p>\n<p><strong>Vision est \u00e0 l&#8217;\u00e9preuve du temps<\/strong>: gr\u00e2ce aux mises \u00e0 jour logicielles Over-the-Air, il est continuellement mis \u00e0 niveau pour atteindre l&#8217;\u00e9tat de l&#8217;art en mati\u00e8re d&#8217;IA.<\/p>\n<p>Comme tous les robots de tonte Landroid, Vision est dot\u00e9 de nombreuses fonctionnalit\u00e9s, notamment la gestion multizone et la programmation automatique adaptative.<\/p>\n<p>Landroid Vision fait partie de la gamme en expansion Worx PowerShare, l&#8217;une des plateformes \u00e0 batterie les plus polyvalentes qui couvre les outils \u00e9lectriques, les outils pour le gazon et le jardin et les produits de la vie quotidienne.<\/p>","protected":false},"excerpt":{"rendered":"<p>Gr\u00e2ce \u00e0 la combinaison d&#8217;une cam\u00e9ra HRD et de l&#8217;intelligence artificielle, le Worx Landroid Vision n&#8217;a pas besoin de c\u00e2ble<\/p>","protected":false},"featured_media":12933,"template":"","meta":[],"product_brand":[],"product_cat":[61],"product_tag":[],"product_country":[1503],"class_list":{"0":"post-146","1":"product","2":"type-product","3":"status-publish","4":"has-post-thumbnail","6":"product_cat-sale-france","7":"product_country-france","9":"first","10":"instock","11":"sale","12":"taxable","13":"shipping-taxable","14":"purchasable","15":"product-type-simple"},"_links":{"self":[{"href":"https:\/\/routinesfashione.com\/nl\/wp-json\/wp\/v2\/product\/146","targetHints":{"allow":["GET"]}}],"collection":[{"href":"https:\/\/routinesfashione.com\/nl\/wp-json\/wp\/v2\/product"}],"about":[{"href":"https:\/\/routinesfashione.com\/nl\/wp-json\/wp\/v2\/types\/product"}],"wp:featuredmedia":[{"embeddable":true,"href":"https:\/\/routinesfashione.com\/nl\/wp-json\/wp\/v2\/media\/12933"}],"wp:attachment":[{"href":"https:\/\/routinesfashione.com\/nl\/wp-json\/wp\/v2\/media?parent=146"}],"wp:term":[{"taxonomy":"product_brand","embeddable":true,"href":"https:\/\/routinesfashione.com\/nl\/wp-json\/wp\/v2\/product_brand?post=146"},{"taxonomy":"product_cat","embeddable":true,"href":"https:\/\/routinesfashione.com\/nl\/wp-json\/wp\/v2\/product_cat?post=146"},{"taxonomy":"product_tag","embeddable":true,"href":"https:\/\/routinesfashione.com\/nl\/wp-json\/wp\/v2\/product_tag?post=146"},{"taxonomy":"product_country","embeddable":true,"href":"https:\/\/routinesfashione.com\/nl\/wp-json\/wp\/v2\/product_country?post=146"}],"curies":[{"name":"wp","href":"https:\/\/api.w.org\/{rel}","templated":true}]}}