{"id":1490,"date":"2025-09-30T20:13:41","date_gmt":"2025-09-30T20:13:41","guid":{"rendered":"https:\/\/lightgray-crow-170497.hostingersite.com\/?post_type=product&#038;p=1490"},"modified":"2025-09-30T21:02:15","modified_gmt":"2025-09-30T21:02:15","slug":"toro-super-recycler-53-cm-21693-mit-radantrieb-modell-2025","status":"publish","type":"product","link":"https:\/\/routinesfashione.com\/nl\/produit\/toro-super-recycler-53-cm-21693-mit-radantrieb-modell-2025\/","title":{"rendered":"Toro Super Recycler 53 cm 21693 mit Radantrieb \u2013 Modell 2025"},"content":{"rendered":"<h4>Vorteile<\/h4>\n<div>\n<div class=\"table-wrapper\">\n<table class=\"UserAttributes\">\n<tbody>\n<tr class=\"PSR1\">\n<td class=\"AttributeLabel VerticalAlignMiddle\"><\/td>\n<td class=\"AttributeContent\">Zuverl\u00e4ssiger Motor von Briggs &#038; Stratton, dem gr\u00f6\u00dften Hersteller weltweit von luftgek\u00fchlten Ottomotoren.<\/td>\n<\/tr>\n<tr class=\"PSR2\">\n<td class=\"AttributeLabel VerticalAlignMiddle\"><\/td>\n<td class=\"AttributeContent\">Dank des klappbaren F\u00fchrungsholm kann der Rasenm\u00e4her platzsparend eingelagert oder transportiert werden.<\/td>\n<\/tr>\n<tr class=\"PSR3\">\n<td class=\"AttributeLabel VerticalAlignMiddle\"><\/td>\n<td class=\"AttributeContent\">Die OHV Bauart des Motors sorgt f\u00fcr eine lange Lebensdauer des Motors, sparsamen Kraftstoffverbrauch und insgesamt optimierte Leistung<\/td>\n<\/tr>\n<tr class=\"PSR4\">\n<td class=\"AttributeLabel VerticalAlignMiddle\"><\/td>\n<td class=\"AttributeContent\">Das Toro ADS AutoMatic Antriebssystem passt die M\u00e4hgeschwindigkeit an das pers\u00f6nliche Schritttempo an<\/td>\n<\/tr>\n<tr class=\"PSR5\">\n<td class=\"AttributeLabel VerticalAlignMiddle\"><\/td>\n<td class=\"AttributeContent\">Toro ADS: je schneller man geht, desto tiefer senkt sich der Antriebsb\u00fcgel und desto schneller f\u00e4hrt der Rasenm\u00e4her. Funktioniert auch an H\u00e4ngen.<\/td>\n<\/tr>\n<tr class=\"PSR6\">\n<td class=\"AttributeLabel VerticalAlignMiddle\"><\/td>\n<td class=\"AttributeContent\">Das Geh\u00e4use aus Aluminium-Druckguss ist besonders langlebig und rostfrei<\/td>\n<\/tr>\n<tr class=\"PSR7\">\n<td class=\"AttributeLabel VerticalAlignMiddle\"><\/td>\n<td class=\"AttributeContent\">besonders luftdurchl\u00e4ssiger Gewebefangsack erm\u00f6glicht sehr gute Fangeigenschaft<\/td>\n<\/tr>\n<tr class=\"PSR8\">\n<td class=\"AttributeLabel VerticalAlignMiddle\"><\/td>\n<td class=\"AttributeContent\">Der Staubschutz sch\u00fctz den Bediener vor ausgeblasenem Staub und Sand<\/td>\n<\/tr>\n<tr class=\"PSR9\">\n<td class=\"AttributeLabel VerticalAlignMiddle\"><\/td>\n<td class=\"AttributeContent\">Neben einem vergleichweise geringem Gewicht zeichnet sich das Aluminiumgeh\u00e4use besonders durch die hohe Stabilit\u00e4t und seiner Langlebigkeit aus.<\/td>\n<\/tr>\n<\/tbody>\n<\/table>\n<\/div>\n<\/div>\n<p>\u00a0<\/p>\n<h4>Technische Daten<\/h4>\n<div class=\"table-wrapper\">\n<table class=\"HBOUserAttributes\">\n<tbody>\n<tr>\n<td class=\"AttributeGroupHeader\" colspan=\"2\">Motor &#038; Ausstattung<\/td>\n<\/tr>\n<tr>\n<td class=\"AttributeName VerticalAlignMiddle AttributeBorder\">Marke Motor<\/td>\n<td class=\"AttributeContent AttributeBorder\">Briggs &#038; Stratton<\/td>\n<\/tr>\n<tr>\n<td class=\"AttributeName VerticalAlignMiddle AttributeBorder\">Motor-Bauart<\/td>\n<td class=\"AttributeContent AttributeBorder\">4-Takt OHV-Benzinmotor<\/td>\n<\/tr>\n<tr>\n<td class=\"AttributeName VerticalAlignMiddle AttributeBorder\">Motorbezeichnung<\/td>\n<td class=\"AttributeContent AttributeBorder\">675 Exi<\/td>\n<\/tr>\n<tr>\n<td class=\"AttributeName VerticalAlignMiddle AttributeBorder\">Hubraum<\/td>\n<td class=\"AttributeContent AttributeBorder\">163 cm\u00b3<\/td>\n<\/tr>\n<tr>\n<td class=\"AttributeName VerticalAlignMiddle AttributeBorder\">Motorleistung<\/td>\n<td class=\"AttributeContent AttributeBorder\">4,0 kW \/ 5,5 PS bei 3600 U\/Min<\/td>\n<\/tr>\n<tr>\n<td class=\"AttributeName VerticalAlignMiddle AttributeBorder\">Ger\u00e4teleistung<\/td>\n<td class=\"AttributeContent AttributeBorder\">2,1 kW \/ 2,9 PS bei 2800 U\/Min<\/td>\n<\/tr>\n<tr>\n<td class=\"AttributeGroupHeader\" colspan=\"2\">M\u00e4hdaten<\/td>\n<\/tr>\n<tr>\n<td class=\"AttributeName VerticalAlignMiddle AttributeBorder\">Schnittbreite<\/td>\n<td class=\"AttributeContent AttributeBorder\">53 cm<\/td>\n<\/tr>\n<tr>\n<td class=\"AttributeName VerticalAlignMiddle AttributeBorder\">Schnitth\u00f6he, min-max<\/td>\n<td class=\"AttributeContent AttributeBorder\">32-108 mm<\/td>\n<\/tr>\n<tr>\n<td class=\"AttributeName VerticalAlignMiddle AttributeBorder\">Schnitth\u00f6henverstellung<\/td>\n<td class=\"AttributeContent AttributeBorder\">Einzelrad<\/td>\n<\/tr>\n<tr>\n<td class=\"AttributeName VerticalAlignMiddle AttributeBorder\">Volumen Fangkorb<\/td>\n<td class=\"AttributeContent AttributeBorder\">65 Liter<\/td>\n<\/tr>\n<tr>\n<td class=\"AttributeName VerticalAlignMiddle AttributeBorder\">M\u00e4hmethoden<\/td>\n<td class=\"AttributeContent AttributeBorder\">Fangen, Mulchen<\/td>\n<\/tr>\n<tr>\n<td class=\"AttributeName VerticalAlignMiddle AttributeBorder\">Mulchkit<\/td>\n<td class=\"AttributeContent AttributeBorder\">Mulchstopfen im Lieferumfang<\/td>\n<\/tr>\n<tr>\n<td class=\"AttributeName VerticalAlignMiddle AttributeBorder\">Fangboxart<\/td>\n<td class=\"AttributeContent AttributeBorder\">Gewebefangsack mit Staubschutz<\/td>\n<\/tr>\n<tr>\n<td class=\"AttributeGroupHeader\" colspan=\"2\">Ausstattung<\/td>\n<\/tr>\n<tr>\n<td class=\"AttributeName VerticalAlignMiddle AttributeBorder\">Antriebsart<\/td>\n<td class=\"AttributeContent AttributeBorder\">Toro ADS AutoMatic Antriebssytem<\/td>\n<\/tr>\n<tr>\n<td class=\"AttributeName VerticalAlignMiddle AttributeBorder\">Material, M\u00e4hdeck<\/td>\n<td class=\"AttributeContent AttributeBorder\">Aluminium-Druckguss<\/td>\n<\/tr>\n<tr>\n<td class=\"AttributeName VerticalAlignMiddle AttributeBorder\">Zusammenklappbarer Holm<\/td>\n<td class=\"AttributeContent AttributeBorder\">ja<\/td>\n<\/tr>\n<tr>\n<td class=\"AttributeName VerticalAlignMiddle AttributeBorder\">Anzahl G\u00e4nge (V\/R)<\/td>\n<td class=\"AttributeContent AttributeBorder\">stufenlos<\/td>\n<\/tr>\n<tr>\n<td class=\"AttributeGroupHeader\" colspan=\"2\">Umwelt, Ma\u00dfe und Gewicht<\/td>\n<\/tr>\n<tr>\n<td class=\"AttributeName VerticalAlignMiddle AttributeBorder\">L\u00e4nge<\/td>\n<td class=\"AttributeContent AttributeBorder\">165 cm<\/td>\n<\/tr>\n<tr>\n<td class=\"AttributeName VerticalAlignMiddle AttributeBorder\">Breite<\/td>\n<td class=\"AttributeContent AttributeBorder\">56 cm<\/td>\n<\/tr>\n<tr>\n<td class=\"AttributeName VerticalAlignMiddle AttributeBorder\">H\u00f6he<\/td>\n<td class=\"AttributeContent AttributeBorder\">104 cm<\/td>\n<\/tr>\n<tr>\n<td class=\"AttributeName VerticalAlignMiddle AttributeBorder\">Gewicht<\/td>\n<td class=\"AttributeContent AttributeBorder\">37 kg<\/td>\n<\/tr>\n<\/tbody>\n<\/table>\n<\/div>","protected":false},"excerpt":{"rendered":"<p><strong>Sorgenfreies M\u00e4hen mit Premium-Komfort und mit AutoMatic Antriebssystem<\/strong><\/p>\n<p>Mit einem leistungsstarken Briggs &#038; Stratton\u00ae Motor mit 163 cm\u00b3 Hubraum und einer gro\u00dfen Schnittbreite von 53 cm bearbeitet dieser benzinbetriebene Toro Super Recycler Rasenm\u00e4her mit Automatikantrieb m\u00fchelos Rasenfl\u00e4chen von bis zu 500 Quadratmetern.<\/p>","protected":false},"featured_media":1491,"template":"","meta":[],"product_brand":[],"product_cat":[33],"product_tag":[],"product_country":[1501],"class_list":{"0":"post-1490","1":"product","2":"type-product","3":"status-publish","4":"has-post-thumbnail","6":"product_cat-profi-maher-rasenmaher","7":"product_country-germany","9":"first","10":"instock","11":"sale","12":"taxable","13":"shipping-taxable","14":"purchasable","15":"product-type-simple"},"_links":{"self":[{"href":"https:\/\/routinesfashione.com\/nl\/wp-json\/wp\/v2\/product\/1490","targetHints":{"allow":["GET"]}}],"collection":[{"href":"https:\/\/routinesfashione.com\/nl\/wp-json\/wp\/v2\/product"}],"about":[{"href":"https:\/\/routinesfashione.com\/nl\/wp-json\/wp\/v2\/types\/product"}],"wp:featuredmedia":[{"embeddable":true,"href":"https:\/\/routinesfashione.com\/nl\/wp-json\/wp\/v2\/media\/1491"}],"wp:attachment":[{"href":"https:\/\/routinesfashione.com\/nl\/wp-json\/wp\/v2\/media?parent=1490"}],"wp:term":[{"taxonomy":"product_brand","embeddable":true,"href":"https:\/\/routinesfashione.com\/nl\/wp-json\/wp\/v2\/product_brand?post=1490"},{"taxonomy":"product_cat","embeddable":true,"href":"https:\/\/routinesfashione.com\/nl\/wp-json\/wp\/v2\/product_cat?post=1490"},{"taxonomy":"product_tag","embeddable":true,"href":"https:\/\/routinesfashione.com\/nl\/wp-json\/wp\/v2\/product_tag?post=1490"},{"taxonomy":"product_country","embeddable":true,"href":"https:\/\/routinesfashione.com\/nl\/wp-json\/wp\/v2\/product_country?post=1490"}],"curies":[{"name":"wp","href":"https:\/\/api.w.org\/{rel}","templated":true}]}}