{"id":153,"date":"2025-09-30T20:55:56","date_gmt":"2025-09-30T20:55:56","guid":{"rendered":"https:\/\/lightgray-crow-170497.hostingersite.com\/?post_type=product&#038;p=153"},"modified":"2025-09-30T20:55:56","modified_gmt":"2025-09-30T20:55:56","slug":"lawnmower-xgt-40vmax-2","status":"publish","type":"product","link":"https:\/\/routinesfashione.com\/nl\/produit\/lawnmower-xgt-40vmax-2\/","title":{"rendered":"Tondeuse \u00e0 gazon xgt 40vmax"},"content":{"rendered":"<h2 class=\"default\">Description du produit<\/h2>\n<div id=\"productDescription\" class=\"a-section a-spacing-small\">\n<p>Makita est le premier fabricant d&#8217;outils \u00e9lectriques professionnels sur le march\u00e9. Nous vous pr\u00e9sentons XGT, un nouveau syst\u00e8me autonome 40 V ; avec un nouvel adaptateur de charge pour permettre \u00e0 la nouvelle plate-forme XGT 40V d&#8217;utiliser le chargeur rapide DC40RA, le chargeur standard DC40RC et le chargeur double port DC40RB pour charger \u00e0 la fois la batterie de type glissi\u00e8re LXT et la nouvelle batterie XGT en aussi peu que 28 minutes. La gamme d&#8217;outils et de batteries XGT a un programme int\u00e9gr\u00e9 qui fournit une communication num\u00e9rique entre la batterie et l&#8217;outil, permettant \u00e0 la batterie non seulement de parler avec l&#8217;outil mais aussi pour l&#8217;outil de parler \u00e0 la batterie. La LM002GZ est une tondeuse \u00e0 gazon automotrice sans fil, avec une largeur de coupe de 534 mm, aliment\u00e9e par une batterie Li-ion XGT de 40 V max (non fournie), pour fournir de l&#8217;\u00e9nergie au puissant moteur sans balais de 40 V, avec d\u00e9marrage en douceur pour un d\u00e9marrage fluide et un contr\u00f4le de vitesse constant pour appliquer automatiquement une puissance suppl\u00e9mentaire au moteur pour maintenir une vitesse constante sous charge, pour fournir jusqu&#8217;\u00e0 2 800 tr\/min en mode standard, 2, 300 tr\/min. m jusqu&#8217;\u00e0 2 800 tr\/min en mode sans charge douce et 1 900 W de puissance maximale. LM002GZ a \u00e9t\u00e9 con\u00e7u pour couper, collecter, pailler et d\u00e9charge arri\u00e8re\/lat\u00e9rale et est \u00e9quip\u00e9 d&#8217;un plateau de coupe en acier pour une durabilit\u00e9 accrue, d&#8217;un frein \u00e9lectrique pour une s\u00e9curit\u00e9 accrue de l&#8217;op\u00e9rateur, d&#8217;une fonction de verrouillage, d&#8217;une fonction anti-red\u00e9marrage et d&#8217;un r\u00e9glage de la hauteur assist\u00e9 par ressort \u00e0 10 \u00e9tapes de 20 mm \u00e0 100 mm. LM002GZ dispose d&#8217;un bac \u00e0 gazon d&#8217;une capacit\u00e9 maximale de 70 litres avec indicateur de niveau, 3 modes de coupe pour la normale, douce sans charge et r\u00e9duction du bruit, commutation automatique de la batterie si deux batteries sont install\u00e9es et dispose d&#8217;une poign\u00e9e rigide, pliable sans outil. Garantie fabricant de 1 an avec 2 ans suppl\u00e9mentaires lors de l&#8217;enregistrement dans les 30 jours suivant l&#8217;achat. Cette garantie ne s&#8217;applique pas lorsque des pi\u00e8ces ou accessoires non authentiques ou recommand\u00e9s sont mont\u00e9s sur l&#8217;outil. L&#8217;utilisation de batteries et chargeurs non authentiques ou compatibles avec les outils Makita invalidera la garantie Makita pour nos outils.<\/p>\n<h2>Informations sur le produit<\/h2>\n<div class=\"a-row\">\n<div class=\"a-column a-span12 a-span-last\">\n<div class=\"a-row a-spacing-top-base\">\n<div class=\"a-column a-span6\">\n<div class=\"a-row a-spacing-base\">\n<div class=\"a-row a-expander-container a-expander-extend-container\">\n<div class=\"a-row\">\n<div class=\"a-column a-span6\">\n<h1 class=\"a-size-medium a-spacing-small\">Descriptif technique<\/h1>\n<\/div>\n<\/div>\n<div class=\"a-expander-content a-expander-extend-content\" data-expanded=\"true\">\n<div class=\"a-row a-expander-container a-expander-inline-container\">\n<div class=\"a-expander-content a-expander-section-content a-section-expander-inner\" data-expanded=\"true\">\n<table id=\"productDetails_techSpec_section_1\" class=\"a-keyvalue prodDetTable\">\n<tbody>\n<tr>\n<th class=\"a-color-secondary a-size-base prodDetSectionEntry\">R\u00e9f\u00e9rence<\/th>\n<td class=\"a-size-base prodDetAttrValue\">\u200eLM002GZ<\/td>\n<\/tr>\n<tr>\n<th class=\"a-color-secondary a-size-base prodDetSectionEntry\">Type de mat\u00e9riau<\/th>\n<td class=\"a-size-base prodDetAttrValue\">\u200eAcier alli\u00e9<\/td>\n<\/tr>\n<tr>\n<th class=\"a-color-secondary a-size-base prodDetSectionEntry\">Source d&#8217;alimentation<\/th>\n<td class=\"a-size-base prodDetAttrValue\">\u200eAliment\u00e9 par batterie<\/td>\n<\/tr>\n<tr>\n<th class=\"a-color-secondary a-size-base prodDetSectionEntry\">Disponibilit\u00e9 des pi\u00e8ces d\u00e9tach\u00e9es<\/th>\n<td class=\"a-size-base prodDetAttrValue\">\u200eInformation indisponible sur les pi\u00e8ces d\u00e9tach\u00e9es<\/td>\n<\/tr>\n<\/tbody>\n<\/table>\n<h1 class=\"a-size-base-plus a-text-bold\">\u00c0 propos de cet article<\/h1>\n<ul class=\"a-unordered-list a-vertical a-spacing-mini\">\n<li class=\"a-spacing-mini\"><span class=\"a-list-item\">Coupe, collecte, paillage et d\u00e9charge arri\u00e8re\/lat\u00e9rale<\/span><\/li>\n<li class=\"a-spacing-mini\"><span class=\"a-list-item\">Frein \u00e9lectrique, fonction anti-red\u00e9marrage et fonction de verrouillage<\/span><\/li>\n<li class=\"a-spacing-mini\"><span class=\"a-list-item\">Plateau de coupe en acier<\/span><\/li>\n<li class=\"a-spacing-mini\"><span class=\"a-list-item\">R\u00e9glage de la hauteur en 10 niveaux de 20 mm \u00e0 100 mm<\/span><\/li>\n<li class=\"a-spacing-mini\"><span class=\"a-list-item\">Bac \u00e0 gazon d&#8217;une capacit\u00e9 maximale de 70 litres avec indicateur de niveau<\/span><\/li>\n<li class=\"a-spacing-mini\"><span class=\"a-list-item\">3 modes de coupe pour une utilisation normale, douce sans charge et r\u00e9duction du bruit<\/span><\/li>\n<li class=\"a-spacing-mini\"><span class=\"a-list-item\">Autopropuls\u00e9<\/span><\/li>\n<\/ul>\n<\/div>\n<\/div>\n<\/div>\n<\/div>\n<\/div>\n<\/div>\n<\/div>\n<\/div>\n<\/div>\n<\/div>","protected":false},"excerpt":{"rendered":"<p>Description du produit Makita est le premier fabricant d&#8217;outils \u00e9lectriques professionnels sur le march\u00e9. Nous vous pr\u00e9sentons XGT, un nouveau<\/p>","protected":false},"featured_media":19441,"template":"","meta":[],"product_brand":[],"product_cat":[64],"product_tag":[65],"product_country":[1503],"class_list":{"0":"post-153","1":"product","2":"type-product","3":"status-publish","4":"has-post-thumbnail","6":"product_cat-movers","7":"product_tag-movers","8":"product_country-france","10":"first","11":"instock","12":"sale","13":"taxable","14":"shipping-taxable","15":"purchasable","16":"product-type-simple"},"_links":{"self":[{"href":"https:\/\/routinesfashione.com\/nl\/wp-json\/wp\/v2\/product\/153","targetHints":{"allow":["GET"]}}],"collection":[{"href":"https:\/\/routinesfashione.com\/nl\/wp-json\/wp\/v2\/product"}],"about":[{"href":"https:\/\/routinesfashione.com\/nl\/wp-json\/wp\/v2\/types\/product"}],"wp:featuredmedia":[{"embeddable":true,"href":"https:\/\/routinesfashione.com\/nl\/wp-json\/wp\/v2\/media\/19441"}],"wp:attachment":[{"href":"https:\/\/routinesfashione.com\/nl\/wp-json\/wp\/v2\/media?parent=153"}],"wp:term":[{"taxonomy":"product_brand","embeddable":true,"href":"https:\/\/routinesfashione.com\/nl\/wp-json\/wp\/v2\/product_brand?post=153"},{"taxonomy":"product_cat","embeddable":true,"href":"https:\/\/routinesfashione.com\/nl\/wp-json\/wp\/v2\/product_cat?post=153"},{"taxonomy":"product_tag","embeddable":true,"href":"https:\/\/routinesfashione.com\/nl\/wp-json\/wp\/v2\/product_tag?post=153"},{"taxonomy":"product_country","embeddable":true,"href":"https:\/\/routinesfashione.com\/nl\/wp-json\/wp\/v2\/product_country?post=153"}],"curies":[{"name":"wp","href":"https:\/\/api.w.org\/{rel}","templated":true}]}}