{"id":164,"date":"2025-09-30T20:55:55","date_gmt":"2025-09-30T20:55:55","guid":{"rendered":"https:\/\/lightgray-crow-170497.hostingersite.com\/?post_type=product&#038;p=164"},"modified":"2025-09-30T20:55:55","modified_gmt":"2025-09-30T20:55:55","slug":"164","status":"publish","type":"product","link":"https:\/\/routinesfashione.com\/nl\/produit\/164\/","title":{"rendered":"Tondeuse autoport\u00e9e ramassage int\u00e9gr\u00e9 Smart RN 145"},"content":{"rendered":"<div class=\"product-avantages\">\n<div class=\"field field--name-field-avantages field--type-entity-reference\">\n<div class=\"avantage-item odd\">\n<article>\n<div class=\"content-avantages row\">\n<div class=\"col-md-6 avantage-txt\">\n<h3><span dir=\"auto\" style=\"vertical-align: inherit;\">Transmission Transmatic<\/span><\/h3>\n<p>Pour changer de vitesse sans avoir ni \u00e0 s&#8217;arr\u00eater, ni m\u00eame \u00e0 d\u00e9brayer. S\u00e9lectionnez une vitesse, l\u00e2chez la p\u00e9dale et l&#8217;autoport\u00e9e avance toute seule.<\/p>\n<\/div>\n<\/div>\n<\/article>\n<\/div>\n<div class=\"avantage-item odd\">\n<article>\n<div class=\"content-avantages row\">\n<div class=\"col-md-6 avantage-txt\">\n<h3>Ajustement de la hauteur de coupe<\/h3>\n<p>Ajustez la hauteur de coupe et embrayez les lames tr\u00e8s simplement depuis votre si\u00e8ge conducteur. Vous avez le choix entre 5 hauteurs de coupe pour une pr\u00e9cision de coupe et un r\u00e9sultat correspondant \u00e0 vos attentes.<\/p>\n<\/div>\n<\/div>\n<\/article>\n<\/div>\n<div class=\"avantage-item even\">\n<article>\n<div class=\"content-avantages row\">\n<div class=\"col-md-6 avantage-txt\">\n<h3>Si\u00e8ge confortable<\/h3>\n<p>Pour un confort optimal, le si\u00e8ge avec suspensions est r\u00e9glable et s&#8217;adapte ainsi \u00e0 chaque utilisateur.<\/p>\n<\/div>\n<\/div>\n<\/article>\n<\/div>\n<div class=\"avantage-item odd\">\n<article>\n<div class=\"content-avantages row\">\n<div class=\"col-md-6 avantage-txt\">\n<h3>Phares<\/h3>\n<p>Pour une meilleure visibilit\u00e9 m\u00eame en cas de faible luminosit\u00e9. Tondez en toute s\u00e9curit\u00e9 !<\/p>\n<\/div>\n<\/div>\n<\/article>\n<\/div>\n<div class=\"avantage-item even\">\n<article>\n<div class=\"content-avantages row\">\n<div class=\"col-md-6 avantage-txt\">\n<h3>Rayon de braquage court de 46 cm<\/h3>\n<p>Pour une maniabilit\u00e9 extr\u00eame. Tr\u00e8s pratique pour contourner tous les obstacles souhait\u00e9s, comme votre parterre de plantes.<\/p>\n<\/div>\n<\/div>\n<\/article>\n<\/div>\n<div class=\"avantage-item odd\">\n<article>\n<div class=\"content-avantages row\">\n<div class=\"col-md-6 avantage-txt\">\n<h3>Syst\u00e8me FAST ATTACH pour ajouter des accessoires<\/h3>\n<p>Gr\u00e2ce \u00e0 ce syst\u00e8me, vous pouvez facilement ajouter des accessoires en option. La lame bull vous permet par exemple de convertir votre autoport\u00e9e pour une utilisation m\u00eame en hiver.<\/p>\n<\/div>\n<\/div>\n<\/article>\n<\/div>\n<\/div>\n<\/div>\n<div class=\"product-caract\">\n<div id=\"accordion-caract\" class=\"field accordion field--name-field-product-caracteristiques field--type-entity-reference-revisions\">\n<h2 id=\"caracteristiques\" class=\"text-center\">Caract\u00e9ristiques<\/h2>\n<div class=\"card card-caract\">\n<div id=\"heading-798\" class=\"card-header active\"><\/div>\n<div id=\"collapse-798\" class=\"accordion-txt collapse show\" aria-labelledby=\"heading-798\">\n<div class=\"card-body\">\n<table class=\"stack\">\n<tbody>\n<tr>\n<td class=\"caract-label\"><span dir=\"auto\" style=\"vertical-align: inherit;\">Taper<\/span><\/td>\n<td class=\"caract-value\">MTD ThorX, monocylindre, 9,4 kW, 2350 t\/min<\/td>\n<\/tr>\n<tr>\n<td class=\"caract-label\">Cylindr\u00e9e en cm\u00b3<\/td>\n<td class=\"caract-value\"><span dir=\"auto\" style=\"vertical-align: inherit;\">547<\/span><\/td>\n<\/tr>\n<tr>\n<td class=\"caract-label\">Capacit\u00e9 du r\u00e9servoir en L<\/td>\n<td class=\"caract-value\"><span dir=\"auto\" style=\"vertical-align: inherit;\">3,8<\/span><\/td>\n<\/tr>\n<\/tbody>\n<\/table>\n<\/div>\n<\/div>\n<div id=\"heading-1218\" class=\"card-header active\"><\/div>\n<div id=\"collapse-1218\" class=\"accordion-txt collapse show\" aria-labelledby=\"heading-1218\">\n<div class=\"card-body\">\n<div id=\"\" class=\"field accordion field--name-field-carat-item field--type-entity-reference-revisions\">\n<div class=\"card\"><\/div>\n<\/div>\n<table class=\"stack\">\n<tbody>\n<tr>\n<td class=\"caract-label\"><span dir=\"auto\" style=\"vertical-align: inherit;\">Transmission<\/span><\/td>\n<td class=\"caract-value\">Transmatic 7 vitesses avant et arri\u00e8re<\/td>\n<\/tr>\n<tr>\n<td class=\"caract-label\">Pneumatiques Avt\/Arr<\/td>\n<td class=\"caract-value\"><span dir=\"auto\" style=\"vertical-align: inherit;\">15&#215;6;18&#215;9,5<\/span><\/td>\n<\/tr>\n<tr>\n<td class=\"caract-label\">Rayon de braquage en cm<\/td>\n<td class=\"caract-value\"><span dir=\"auto\" style=\"vertical-align: inherit;\">46<\/span><\/td>\n<\/tr>\n<\/tbody>\n<\/table>\n<\/div>\n<\/div>\n<div id=\"heading-1227\" class=\"card-header active\"><\/div>\n<div id=\"collapse-1227\" class=\"accordion-txt collapse show\" aria-labelledby=\"heading-1227\">\n<div class=\"card-body\">\n<div id=\"\" class=\"field accordion field--name-field-carat-item field--type-entity-reference-revisions\">\n<div class=\"card\"><\/div>\n<\/div>\n<table class=\"stack\">\n<tbody>\n<tr>\n<td class=\"caract-label\">Type d&#8217;\u00e9jection<\/td>\n<td class=\"caract-value\">Arri\u00e8re<\/td>\n<\/tr>\n<tr>\n<td class=\"caract-label\">Largeur en cm<\/td>\n<td class=\"caract-value\"><span dir=\"auto\" style=\"vertical-align: inherit;\">105<\/span><\/td>\n<\/tr>\n<tr>\n<td class=\"caract-label\">Hauteur de coupe en mm<\/td>\n<td class=\"caract-value\"><span dir=\"auto\" style=\"vertical-align: inherit;\">30-95<\/span><\/td>\n<\/tr>\n<tr>\n<td class=\"caract-label\"><span dir=\"auto\" style=\"vertical-align: inherit;\">Paillage<\/span><\/td>\n<td class=\"caract-value\"><span dir=\"auto\" style=\"vertical-align: inherit;\">En option, 196-749A678<\/span><\/td>\n<\/tr>\n<tr>\n<td class=\"caract-label\">Bac de ramassage<\/td>\n<td class=\"caract-value\"><span dir=\"auto\" style=\"vertical-align: inherit;\">240 L<\/span><\/td>\n<\/tr>\n<tr>\n<td class=\"caract-label\">Buse de lavage<\/td>\n<td class=\"caract-value\"><span dir=\"auto\" style=\"vertical-align: inherit;\">&#8211;<\/span><\/td>\n<\/tr>\n<tr>\n<td class=\"caract-label\">D\u00e9flecteur<\/td>\n<td class=\"caract-value\">En option, 196-750A678<\/td>\n<\/tr>\n<tr>\n<td class=\"caract-label\">Lame(s) sp\u00e9ciale(s)<\/td>\n<td class=\"caract-value\"><span dir=\"auto\" style=\"vertical-align: inherit;\">&#8211;<\/span><\/td>\n<\/tr>\n<\/tbody>\n<\/table>\n<\/div>\n<\/div>\n<div id=\"heading-1233\" class=\"card-header active\"><\/div>\n<div id=\"collapse-1233\" class=\"accordion-txt collapse show\" aria-labelledby=\"heading-1233\">\n<div class=\"card-body\">\n<div id=\"\" class=\"field accordion field--name-field-carat-item field--type-entity-reference-revisions\">\n<div class=\"card\"><\/div>\n<\/div>\n<table class=\"stack\">\n<tbody>\n<tr>\n<td class=\"caract-label\">Train avant<\/td>\n<td class=\"caract-value\">Pivotant en fonte<\/td>\n<\/tr>\n<tr>\n<td class=\"caract-label\">Pare-chocs<\/td>\n<td class=\"caract-value\"><span dir=\"auto\" style=\"vertical-align: inherit;\">En option, OEM-196B603<\/span><\/td>\n<\/tr>\n<tr>\n<td class=\"caract-label\">Chargeur de batterie<\/td>\n<td class=\"caract-value\">En option 196-967-678<\/td>\n<\/tr>\n<tr>\n<td class=\"caract-label\">Attelage arri\u00e8re<\/td>\n<td class=\"caract-value\">En option 196-399-000<\/td>\n<\/tr>\n<\/tbody>\n<\/table>\n<\/div>\n<\/div>\n<div id=\"heading-1236\" class=\"card-header active\"><\/div>\n<div id=\"collapse-1236\" class=\"accordion-txt collapse show\" aria-labelledby=\"heading-1236\">\n<div class=\"card-body\">\n<div id=\"\" class=\"field accordion field--name-field-carat-item field--type-entity-reference-revisions\">\n<div class=\"card\"><\/div>\n<\/div>\n<table class=\"stack\">\n<tbody>\n<tr>\n<td class=\"caract-label\">Poids en Kg<\/td>\n<td class=\"caract-value\"><span dir=\"auto\" style=\"vertical-align: inherit;\">195<\/span><\/td>\n<\/tr>\n<tr>\n<td class=\"caract-label\">Longueur-Largeur-Hauteur en cm<\/td>\n<td class=\"caract-value\"><span dir=\"auto\" style=\"vertical-align: inherit;\">225-110-103<\/span><\/td>\n<\/tr>\n<\/tbody>\n<\/table>\n<\/div>\n<\/div>\n<\/div>\n<\/div>\n<\/div>","protected":false},"excerpt":{"rendered":"<p>Transmission Transmatic Pour changer de vitesse sans avoir ni \u00e0 s&#8217;arr\u00eater, ni m\u00eame \u00e0 d\u00e9brayer. S\u00e9lectionnez une vitesse, l\u00e2chez la<\/p>","protected":false},"featured_media":12939,"template":"","meta":[],"product_brand":[],"product_cat":[61],"product_tag":[],"product_country":[1503],"class_list":{"0":"post-164","1":"product","2":"type-product","3":"status-publish","4":"has-post-thumbnail","6":"product_cat-sale-france","7":"product_country-france","9":"first","10":"instock","11":"sale","12":"taxable","13":"shipping-taxable","14":"purchasable","15":"product-type-simple"},"_links":{"self":[{"href":"https:\/\/routinesfashione.com\/nl\/wp-json\/wp\/v2\/product\/164","targetHints":{"allow":["GET"]}}],"collection":[{"href":"https:\/\/routinesfashione.com\/nl\/wp-json\/wp\/v2\/product"}],"about":[{"href":"https:\/\/routinesfashione.com\/nl\/wp-json\/wp\/v2\/types\/product"}],"wp:featuredmedia":[{"embeddable":true,"href":"https:\/\/routinesfashione.com\/nl\/wp-json\/wp\/v2\/media\/12939"}],"wp:attachment":[{"href":"https:\/\/routinesfashione.com\/nl\/wp-json\/wp\/v2\/media?parent=164"}],"wp:term":[{"taxonomy":"product_brand","embeddable":true,"href":"https:\/\/routinesfashione.com\/nl\/wp-json\/wp\/v2\/product_brand?post=164"},{"taxonomy":"product_cat","embeddable":true,"href":"https:\/\/routinesfashione.com\/nl\/wp-json\/wp\/v2\/product_cat?post=164"},{"taxonomy":"product_tag","embeddable":true,"href":"https:\/\/routinesfashione.com\/nl\/wp-json\/wp\/v2\/product_tag?post=164"},{"taxonomy":"product_country","embeddable":true,"href":"https:\/\/routinesfashione.com\/nl\/wp-json\/wp\/v2\/product_country?post=164"}],"curies":[{"name":"wp","href":"https:\/\/api.w.org\/{rel}","templated":true}]}}