{"id":1678,"date":"2025-09-30T20:13:39","date_gmt":"2025-09-30T20:13:39","guid":{"rendered":"https:\/\/lightgray-crow-170497.hostingersite.com\/?post_type=product&#038;p=1678"},"modified":"2025-09-30T21:16:14","modified_gmt":"2025-09-30T21:16:14","slug":"stihl-ms-261-c-bm-rs-schienenlaenge-40-cm","status":"publish","type":"product","link":"https:\/\/routinesfashione.com\/nl\/produit\/stihl-ms-261-c-bm-rs-schienenlaenge-40-cm\/","title":{"rendered":"STIHL MS 261 C-BM, RS, Schienenl\u00e4nge 40 cm"},"content":{"rendered":"<h2>Vorteile<\/h2>\n<div>\n<div class=\"table-wrapper\">\n<table class=\"UserAttributes\">\n<tbody>\n<tr class=\"PSR1\">\n<td class=\"AttributeLabel VerticalAlignMiddle\"><\/td>\n<td class=\"AttributeContent\">Der automatische Choke-Stopp-Schalter springt nach dem Ausschalten wieder in die Startposition um Ihnen das Starten zu erleichtern.<\/td>\n<\/tr>\n<tr class=\"PSR2\">\n<td class=\"AttributeLabel VerticalAlignMiddle\"><\/td>\n<td class=\"AttributeContent\">der seitliche Kettenspanner erm\u00f6glicht ein unompliziertes und einfaches Nachspannen der S\u00e4gekette<\/td>\n<\/tr>\n<tr class=\"PSR3\">\n<td class=\"AttributeLabel VerticalAlignMiddle\"><\/td>\n<td class=\"AttributeContent\">die automatische \u00d6lpumpe gew\u00e4hrleistet eine zuverl\u00e4ssige Kettenschmierung<\/td>\n<\/tr>\n<tr class=\"PSR4\">\n<td class=\"AttributeLabel VerticalAlignMiddle\"><\/td>\n<td class=\"AttributeContent\">Verlustsichere Muttern stellen sicher, dass beim Ketten- und Schienenwechsel diese Muttern nicht verloren gehen und so keine Ausfallzeiten entstehen k\u00f6nnen.<\/td>\n<\/tr>\n<tr class=\"PSR5\">\n<td class=\"AttributeLabel VerticalAlignMiddle\"><\/td>\n<td class=\"AttributeContent\">Weniger Durchblutungsst\u00f6rungen in H\u00e4nden in Armen durch wirkungsvolles Antivibrationssystem<\/td>\n<\/tr>\n<\/tbody>\n<\/table>\n<\/div>\n<\/div>\n<p>\u00a0<\/p>\n<h2>Technische Daten<\/h2>\n<div class=\"table-wrapper\">\n<table class=\"HBOUserAttributes\">\n<tbody>\n<tr>\n<td class=\"AttributeGroupHeader\" colspan=\"2\">Motor &#038; Ausstattung<\/td>\n<\/tr>\n<tr>\n<td class=\"AttributeName VerticalAlignMiddle AttributeBorder\">Motorleistung<\/td>\n<td class=\"AttributeContent AttributeBorder\">3,0 kW \/ 4,1 PS<\/td>\n<\/tr>\n<tr>\n<td class=\"AttributeName VerticalAlignMiddle AttributeBorder\">Motor-Bauart<\/td>\n<td class=\"AttributeContent AttributeBorder\">2-Takt-Benzinmotor<\/td>\n<\/tr>\n<tr>\n<td class=\"AttributeName VerticalAlignMiddle AttributeBorder\">Kraftstoffpumpe<\/td>\n<td class=\"AttributeContent AttributeBorder\">ja, lageunempfindlicher Membranvergaser mit integrierter Kraftstoffpumpe<\/td>\n<\/tr>\n<tr>\n<td class=\"AttributeName VerticalAlignMiddle AttributeBorder\">Hubraum<\/td>\n<td class=\"AttributeContent AttributeBorder\">50,2 cm\u00b3<\/td>\n<\/tr>\n<tr>\n<td class=\"AttributeName VerticalAlignMiddle AttributeBorder\">Kettengeschwindigkeit<\/td>\n<td class=\"AttributeContent AttributeBorder\">25,6 m\/sek.<\/td>\n<\/tr>\n<tr>\n<td class=\"AttributeName VerticalAlignMiddle AttributeBorder\">Leistungsgewicht<\/td>\n<td class=\"AttributeContent AttributeBorder\">1,7 kg\/kW<\/td>\n<\/tr>\n<tr>\n<td class=\"AttributeName VerticalAlignMiddle AttributeBorder\">Luftreinigungssystem<\/td>\n<td class=\"AttributeContent AttributeBorder\">Langzeit-Luftfiltersystem mit Vorabscheidung und HD2-Filter, STIHL Kompensator<\/td>\n<\/tr>\n<tr>\n<td class=\"AttributeName VerticalAlignMiddle AttributeBorder\">Motorstart<\/td>\n<td class=\"AttributeContent AttributeBorder\">STIHL Elastostart<\/td>\n<\/tr>\n<tr>\n<td class=\"AttributeName VerticalAlignMiddle AttributeBorder\">Kraftstofftank<\/td>\n<td class=\"AttributeContent AttributeBorder\">0,5 Liter<\/td>\n<\/tr>\n<tr>\n<td class=\"AttributeName VerticalAlignMiddle AttributeBorder\">Kraftstoffart<\/td>\n<td class=\"AttributeContent AttributeBorder\">2-Takt-Gemisch<\/td>\n<\/tr>\n<tr>\n<td class=\"AttributeName VerticalAlignMiddle AttributeBorder\">kombinierter Choke-Stopp-Schalter<\/td>\n<td class=\"AttributeContent AttributeBorder\">ja<\/td>\n<\/tr>\n<tr>\n<td class=\"AttributeName VerticalAlignMiddle AttributeBorder\">automatische Motorsteuerung<\/td>\n<td class=\"AttributeContent AttributeBorder\">ja, STIHL M-Tronic<\/td>\n<\/tr>\n<tr>\n<td class=\"AttributeName VerticalAlignMiddle AttributeBorder\">Leerlaufdrehzahl<\/td>\n<td class=\"AttributeContent AttributeBorder\">2800 UpM<\/td>\n<\/tr>\n<tr>\n<td class=\"AttributeName VerticalAlignMiddle AttributeBorder\">Drehzahl bei max. Leistung<\/td>\n<td class=\"AttributeContent AttributeBorder\">8500 UpM<\/td>\n<\/tr>\n<tr>\n<td class=\"AttributeName VerticalAlignMiddle AttributeBorder\">Motortechnologie<\/td>\n<td class=\"AttributeContent AttributeBorder\">STIHL 2-Mix Motor mit STIHL Vier-Kanal-Technik<\/td>\n<\/tr>\n<tr>\n<td class=\"AttributeName VerticalAlignMiddle AttributeBorder\">Abgasemission CO2<\/td>\n<td class=\"AttributeContent AttributeBorder\">705 g\/kWh<\/td>\n<\/tr>\n<tr>\n<td class=\"AttributeGroupHeader\" colspan=\"2\">Schneidgarnitur<\/td>\n<\/tr>\n<tr>\n<td class=\"AttributeName VerticalAlignMiddle AttributeBorder\">Kettenteilung<\/td>\n<td class=\"AttributeContent AttributeBorder\">,325<\/td>\n<\/tr>\n<tr>\n<td class=\"AttributeName VerticalAlignMiddle AttributeBorder\">empfohlene Schienenl\u00e4nge min. \u2013 max.<\/td>\n<td class=\"AttributeContent AttributeBorder\">32 \u2013 45 cm<\/td>\n<\/tr>\n<tr>\n<td class=\"AttributeName VerticalAlignMiddle AttributeBorder\">Marke Schwert<\/td>\n<td class=\"AttributeContent AttributeBorder\">STIHL<\/td>\n<\/tr>\n<tr>\n<td class=\"AttributeName VerticalAlignMiddle AttributeBorder\">Marke Kette<\/td>\n<td class=\"AttributeContent AttributeBorder\">STIHL<\/td>\n<\/tr>\n<tr>\n<td class=\"AttributeName VerticalAlignMiddle AttributeBorder\">S\u00e4gekettentyp<\/td>\n<td class=\"AttributeContent AttributeBorder\">STIHL Rapid Super (RS)<\/td>\n<\/tr>\n<tr>\n<td class=\"AttributeName VerticalAlignMiddle AttributeBorder\">Schwertl\u00e4nge<\/td>\n<td class=\"AttributeContent AttributeBorder\">40 cm<\/td>\n<\/tr>\n<tr>\n<td class=\"AttributeGroupHeader\" colspan=\"2\">Komfort<\/td>\n<\/tr>\n<tr>\n<td class=\"AttributeName VerticalAlignMiddle AttributeBorder\">Ketten\u00f6l-Tank<\/td>\n<td class=\"AttributeContent AttributeBorder\">0,27 Liter<\/td>\n<\/tr>\n<tr>\n<td class=\"AttributeName VerticalAlignMiddle AttributeBorder\">Antivibrationssystem<\/td>\n<td class=\"AttributeContent AttributeBorder\">ja<\/td>\n<\/tr>\n<tr>\n<td class=\"AttributeName VerticalAlignMiddle AttributeBorder\">einstellbare \u00d6lpumpe<\/td>\n<td class=\"AttributeContent AttributeBorder\">ja, Wahl zwischen manueller \u00d6lmengenregulierung oder drehzahlabh\u00e4ngiger Vollautomatik<\/td>\n<\/tr>\n<tr>\n<td class=\"AttributeName VerticalAlignMiddle AttributeBorder\">\u00d6lpumpe<\/td>\n<td class=\"AttributeContent AttributeBorder\">automatisch<\/td>\n<\/tr>\n<tr>\n<td class=\"AttributeName VerticalAlignMiddle AttributeBorder\">verlustsichere Schienenbefestigungsmuttern<\/td>\n<td class=\"AttributeContent AttributeBorder\">ja<\/td>\n<\/tr>\n<tr>\n<td class=\"AttributeName VerticalAlignMiddle AttributeBorder\">seitliche Kettenspannvorrichtung<\/td>\n<td class=\"AttributeContent AttributeBorder\">ja<\/td>\n<\/tr>\n<tr>\n<td class=\"AttributeName VerticalAlignMiddle AttributeBorder\">werkzeuglose Kettenspannung<\/td>\n<td class=\"AttributeContent AttributeBorder\">nachr\u00fcstbar<\/td>\n<\/tr>\n<tr>\n<td class=\"AttributeName VerticalAlignMiddle AttributeBorder\">Kraftstofff\u00fcllstandanzeige<\/td>\n<td class=\"AttributeContent AttributeBorder\">ja, Sichtfenster<\/td>\n<\/tr>\n<tr>\n<td class=\"AttributeName VerticalAlignMiddle AttributeBorder\">transparenter \u00d6ltank<\/td>\n<td class=\"AttributeContent AttributeBorder\">ja, Sichtfenster<\/td>\n<\/tr>\n<tr>\n<td class=\"AttributeName VerticalAlignMiddle AttributeBorder\">Dekompressionsventil<\/td>\n<td class=\"AttributeContent AttributeBorder\">ja<\/td>\n<\/tr>\n<tr>\n<td class=\"AttributeGroupHeader\" colspan=\"2\">Lieferumfang<\/td>\n<\/tr>\n<tr>\n<td class=\"AttributeName VerticalAlignMiddle AttributeBorder\">Werkzeug<\/td>\n<td class=\"AttributeContent AttributeBorder\">1 Kombischl\u00fcssel<\/td>\n<\/tr>\n<tr>\n<td class=\"AttributeName VerticalAlignMiddle AttributeBorder\">Anzahl Ketten<\/td>\n<td class=\"AttributeContent AttributeBorder\">1<\/td>\n<\/tr>\n<tr>\n<td class=\"AttributeName VerticalAlignMiddle AttributeBorder\">Schwertschutz<\/td>\n<td class=\"AttributeContent AttributeBorder\">1 Schwertschutz aus Kunststoff<\/td>\n<\/tr>\n<tr>\n<td class=\"AttributeName VerticalAlignMiddle AttributeBorder\">Bedienungsanleitung Ger\u00e4t<\/td>\n<td class=\"AttributeContent AttributeBorder\">1<\/td>\n<\/tr>\n<tr>\n<td class=\"AttributeName VerticalAlignMiddle AttributeBorder\">Anzahl Schwerter<\/td>\n<td class=\"AttributeContent AttributeBorder\">1<\/td>\n<\/tr>\n<tr>\n<td class=\"AttributeGroupHeader\" colspan=\"2\">Umwelt und Sonstiges<\/td>\n<\/tr>\n<tr>\n<td class=\"AttributeName VerticalAlignMiddle AttributeBorder\">Garantie<\/td>\n<td class=\"AttributeContent AttributeBorder\">2 Jahre bei ausschlie\u00dflich privater Nutzung, 1 Jahr bei gewerblicher und\/oder beruflicher Nutzung, Garantieverl\u00e4ngerung von zus\u00e4tzlichen 12 Monaten bei Registrierung auf www,preg,stihl,com bis 60 Tage nach Kauf,<\/td>\n<\/tr>\n<tr>\n<td class=\"AttributeName VerticalAlignMiddle AttributeBorder\">Vibrationswert Handgriff hinten<\/td>\n<td class=\"AttributeContent AttributeBorder\">3,5 m\/s\u00b2<\/td>\n<\/tr>\n<tr>\n<td class=\"AttributeName VerticalAlignMiddle AttributeBorder\">Vibrationswert Handgriff vorne<\/td>\n<td class=\"AttributeContent AttributeBorder\">3,5 m\/s\u00b2<\/td>\n<\/tr>\n<tr>\n<td class=\"AttributeName VerticalAlignMiddle AttributeBorder\">garantierter Schallleistungspegel (LWA)<\/td>\n<td class=\"AttributeContent AttributeBorder\">116 dB(A)<\/td>\n<\/tr>\n<tr>\n<td class=\"AttributeName VerticalAlignMiddle AttributeBorder\">Schalldruckpegel am Ohr der Bedienperson<\/td>\n<td class=\"AttributeContent AttributeBorder\">105 dB(A)<\/td>\n<\/tr>\n<tr>\n<td class=\"AttributeName VerticalAlignMiddle AttributeBorder\">Gewicht mit Schneidgarnitur<\/td>\n<td class=\"AttributeContent AttributeBorder\">6,1 kg<\/td>\n<\/tr>\n<tr>\n<td class=\"AttributeName VerticalAlignMiddle AttributeBorder\">Gewicht ohne Schneidgarnitur<\/td>\n<td class=\"AttributeContent AttributeBorder\">5,1 kg<\/td>\n<\/tr>\n<tr>\n<td class=\"AttributeGroupHeader\" colspan=\"2\"><\/td>\n<\/tr>\n<tr>\n<td class=\"AttributeName VerticalAlignMiddle AttributeBorder\"><\/td>\n<td class=\"AttributeContent AttributeBorder\"><\/td>\n<\/tr>\n<tr>\n<td class=\"AttributeName VerticalAlignMiddle AttributeBorder\">EAN:<\/td>\n<td class=\"AttributeContent AttributeBorder\">0886661428984<\/td>\n<\/tr>\n<\/tbody>\n<\/table>\n<\/div>\n<p>\u00a0<\/p>\n<div class=\"table-wrapper\"><\/div>\n<div class=\"table-wrapper\">\n<table cellspacing=\"2\" cellpadding=\"2\">\n<tbody>\n<tr>\n<td>\n<div>STIHL M-TRONIC<\/div>\n<p>ZUVERL\u00c4SSIGES ARBEITEN MIT BESTLEISTUNG. Mit STIHL M-Tronic verf\u00fcgen Sie bereits ab dem Start \u00fcber die Bestleistung Ihres Arbeitsger\u00e4tes. Das vollelektronische Motormanagement regelt in jeder Arbeitssituation den Zu\u0308ndzeitpunkt und die Kraftstoffd\u2026<\/td>\n<\/tr>\n<tr>\n<td>\n<div>STIHL M-Tronic (FT)<\/div>\n<p>ZUVERL\u00c4SSIGES ARBEITEN MIT BESTLEISTUNG. Mit STIHL M-Tronic verf\u00fcgen Sie bereits ab dem Start \u00fcber die Bestleistung Ihres Arbeitsger\u00e4tes. Das vollelektronische Motormanagement regelt in jeder Arbeitssituation den Zu\u0308ndzeitpunkt und die Kraftstoffd\u2026<\/td>\n<\/tr>\n<tr>\n<td>\n<div>STIHL M-Tronic (M)<\/div>\n<p>STIHL M-Tronic steht f\u00fcr einfaches Starten mit wenigen Anwerfh\u00fcben und ohne Umschalten. Das vollelektronische Motormanagement mit Memoryfunktion regelt den Z\u00fcndzeitpunkt und die Kraftstoffdosierung. Durch die Kalt-\/Warmstarterkennung sorgt M-Troni\u2026<\/td>\n<\/tr>\n<tr>\n<td>\n<div>STIHL Kettenschnellspannung<\/div>\n<p>WERKZEUGLOS S\u00c4GEKETTE NACHSPANNEN. Dank der STIHL Kettenschnellspannung spannen Sie Ihre S\u00e4gekette schnell und werkzeuglos mit dem Stellrad nach. Ein Drehen des Verstellrads nach links entspannt die S\u00e4gekette, ein Drehen des Verstellrads nach rech\u2026<\/td>\n<\/tr>\n<tr>\n<td>\n<div>STIHL Kettenschnellspannung (B)<\/div>\n<p>Das STIHL Kettenschnellspannsystem (B) macht das Spannen der S\u00e4gekette ganz einfach. Nach dem Lockern der Verschraubung des Kettenraddeckels l\u00e4sst sich die S\u00e4gekette mit dem dar\u00fcberliegenden Stellrad einfach und schnell spannen. Werkzeug wird dazu\u2026<\/td>\n<\/tr>\n<tr>\n<td>\n<div>Mengenregulierbare \u00d6lpumpe<\/div>\n<p>Erlaubt eine genaue, bedarfsabh\u00e4ngige \u00d6lmengenf\u00f6rderung. Eine Reduzierung der \u00d6lf\u00f6rdermenge bis zu 50% ist in der E-Stellung m\u00f6glich. F\u00fcr sehr lange Schneidgarnituren oder sehr trockenem Holz ist ein zus\u00e4tzliches \u00d6lvolumen durch den Anwender einst\u2026<\/td>\n<\/tr>\n<tr>\n<td>\n<div>STIHL 2-MIX-Motor<\/div>\n<p>Der STIHL 2-MIX-Motor ist leistungsstark und sparsam zugleich. Die Trennung von Abgas und Frischgas minimiert die Sp\u00fclverluste und erh\u00f6ht dadurch die Leistung und reduziert gleichzeitig den Verbrauch.<\/td>\n<\/tr>\n<tr>\n<td>\n<div>HD2-Filter<\/div>\n<p>Der HD2-Filter aus Polyethylen-Filtermaterial hat um bis zu 70% feinere Poren als Vlies- und Polyamidfilter und filtert dadurch selbst feinsten Staub. Er ist dar\u00fcber hinaus \u00f6l- und wasserabweisend und dadurch sehr leicht zu reinigen. Die PET- best\u2026<\/td>\n<\/tr>\n<tr>\n<td>\n<div>Kombihebel mit Stopptaster-Funktion<\/div>\n<p>Durch STIHL M-Tronic brauchen die Motors\u00e4gen f\u00fcr den Kaltstart nur noch eine Startposition am Kombihebel. Sie k\u00f6nnen sofort Vollgas geben. Nach dem Abschalten springt der Bedienhebel dank Stopptaster-Funktion selbstst\u00e4ndig in die Betriebsposition \u2026<\/td>\n<\/tr>\n<tr>\n<td>\n<div>Kombihebel<\/div>\n<p>Da M-Tronic Kalt- und Warmstart elektronisch erkennt, ist nur noch eine Startposition am Kombihebel n\u00f6tig. Die exakte Kraftstoffmenge wird zugef\u00fchrt. Sie m\u00fcssen nichts \u00fcber den Betriebszustand Ihrer Motors\u00e4ge wissen und k\u00f6nnen sofort Vollgas geben\u2026<\/td>\n<\/tr>\n<tr>\n<td>\n<div>Kombihebel mit Stopp-Funktion<\/div>\n<p>VEREINFACHT DIE BEDIENUNG. Es ist nur noch eine Startposition am Kombihebel n\u00f6tig. Nach dem Abschalten springt der Bedienhebel dank Stopp-Funktion selbstst\u00e4ndig in die Betriebsposition zur\u00fcck. Die warme Maschine kann dadurch direkt wieder neu gest\u2026<\/td>\n<\/tr>\n<tr>\n<td>\n<div>Manuelle Dekompression<\/div>\n<p>KRAFTSPARENDES ANWERFEN. Das Dekompressionsventil erleichtert das Anwerfen Ihres Ger\u00e4tes. Beim Starten k\u00f6nnen Sie durch \u00d6ffnen des Ventils einen Teil des verdichteten Gemisches aus dem Zylinder entweichen lassen. Das schont das Anwerfsystem und Sie m\u00fcssen weniger Kraft am Anwerseil aufwenden.<\/td>\n<\/tr>\n<tr>\n<td>\n<div>Dekompressionsventil<\/div>\n<p>Das Dekompressionsventil l\u00e4sst beim Anwerfen einen Teil des verdichteten Gemisches aus dem Zylinder entweichen. Dadurch wird die erforderliche Zugkraft am Anwerfseil deutlich reduziert. Die Bedienungsperson wird entlastet und das gesamte Anwerfsys\u2026<\/td>\n<\/tr>\n<tr>\n<td>\n<div>STIHL ElastoStart<\/div>\n<p>Als Folge des Kompressionsdruckes treten beim Anwerfen von Verbrennungsmotoren ruckartige Kraftspitzen auf, die Muskeln und Gelenke belasten. Ein D\u00e4mpfungselement im Spezialanwerfgriff ElastoStart nimmt entsprechend dem Verlauf der Kompression abw\u2026<\/td>\n<\/tr>\n<tr>\n<td>\n<div>Werkzeugloser Tankverschluss<\/div>\n<p>SCHNELL UND EINFACH ZU BEDIENEN. Dank des werkzeuglosen Tankverschlusses \u00f6ffnen und schlie\u00dfen Sie \u00d6l- und Kraftstofftank dank Bajonett-Verschluss mit nur wenigen Handgriffen.<\/td>\n<\/tr>\n<tr>\n<td>\n<div>Werkzeuglose Tankverschl\u00fcsse<\/div>\n<p>Patentierte Spezialverschl\u00fcsse f\u00fcr Kraftstoff- und \u00d6ltank. Die Tanks der damit ausgestatteten Motorger\u00e4te lassen sich schnell, ohne Kraftaufwand und ohne Werkzeug \u00f6ffnen und wieder verschliessen. (Abb. \u00e4hnlich)<\/td>\n<\/tr>\n<tr>\n<td>\n<div>Langzeit-Luftfiltersystem mit Vorabscheidung<\/div>\n<p>Das innovative Langzeit-Luftfiltersystem sorgt f\u00fcr eine erheblich l\u00e4ngere Filterstandzeit. Denn es entfernt durch Vorabscheidung grobe Schmutzpartikel und entlastet so den eigentlichen Filter. Sie k\u00f6nnen Ihre S\u00e4ge im Vergleich zu den Vorg\u00e4ngern do\u2026<\/td>\n<\/tr>\n<tr>\n<td>\n<div>Langzeit-Luftfiltersystem f\u00fcr Motors\u00e4ge<\/div>\n<p>L\u00c4NGERE FILTERSTANDZEIT. Durch die Vorabscheidung werden grobe, gr\u00f6\u00dfere Partikel bereits aus dem Luftstrom entfernt, bevor diese den eigentlichen Filter erreichen k\u00f6nnen. Der HD2-Filter h\u00e4lt selbst feinen Staub vom Triebwerk fern und sorgt so f\u00fcr \u2026<\/td>\n<\/tr>\n<tr>\n<td>\n<div>LANGZEIT-LUFTFILTERSYSTEM F\u00dcR MOTORS\u00c4GEN<\/div>\n<p>L\u00c4NGERE FILTERSTANDZEIT. Durch die Vorabscheidung werden grobe, gr\u00f6\u00dfere Partikel bereits aus dem Luftstrom entfernt, bevor diese den eigentlichen Filter erreichen k\u00f6nnen. Der HD2-Filter h\u00e4lt selbst feinen Staub vom Triebwerk fern und sorgt so f\u00fcr \u2026<\/td>\n<\/tr>\n<tr>\n<td>\n<div>WERKZEUGLOSER TANKVERSCHLUSS F\u00dcR \u00d6L- UND KRAFTSTOF<\/div>\n<p>SCHNELL UND EINFACH ZU BEDIENEN. Dank des werkzeuglosen Tankverschlusses \u00f6ffnen und schlie\u00dfen Sie \u00d6l- und Kraftstofftank dank Bajonett-Verschluss mit nur wenigen Handgriffen.<\/td>\n<\/tr>\n<tr>\n<td>\n<div>STIHL Antivibrationssystem<\/div>\n<p>Starke Vibrationen an den Griffstellen von Motorger\u00e4ten k\u00f6nnen l\u00e4ngerfristig zu Durchblutungsst\u00f6rungen in H\u00e4nden und Armen f\u00fchren. STIHL hat deshalb ein hochwertiges Antivibrationssystem entwickelt. Bei Motorger\u00e4ten mit AV-System werden an den Gri\u2026<\/td>\n<\/tr>\n<tr>\n<td>\n<div>Kompensator<\/div>\n<p>Der STIHL-Kompensator, ein Regelsystem im Vergaser, sorgt daf\u00fcr, dass trotz zunehmender Verschmutzung des Luftfilters Motorleistung, Abgasqualit\u00e4t und Kraftstoffverbrauch \u00fcber einen l\u00e4ngeren Zeitraum nahezu konstant bleiben. Erst wenn ein sp\u00fcrbare\u2026<\/td>\n<\/tr>\n<tr>\n<td>\n<div>Verliersicherer Kettenschutz<\/div>\n<p>Der Kettenschutz wird direkt am Kettenraddeckel eingerastet. Dadurch ist er mit der Motors\u00e4ge fest verbunden und verliersicher fixiert. Er ist zudem mit zwei Einh\u00e4nge\u00f6sen ausgestattet, die es dem Baumpfleger erm\u00f6glichen, den Kettenschutz mittels S\u2026<\/td>\n<\/tr>\n<tr>\n<td>\n<div>Ematic-System<\/div>\n<p>Das STIHL Ematic System besteht aus STIHL Ematic oder Ematic S F\u00fchrungsschiene, STIHL Oilomatic S\u00e4gekette und mengenregulierbarer oder f\u00f6rderreduzierter \u00d6lpumpe. Die spezielle Konstruktion von Schiene und Kette bewirkt, dass jeder Tropfen Ketten\u00f6l\u2026<\/td>\n<\/tr>\n<tr>\n<td>\n<div>STIHL Ematic-System<\/div>\n<p>REDUZIERT DEN \u00d6LVERBRAUCH. Das STIHL Ematic-System besteht aus STIHL Ematic oder Ematic S F\u00fchrungsschiene, STIHL Oilomatic S\u00e4gekette und mengenregulierbarer \u00d6lpumpe. Es sorgt daf\u00fcr, dass das Ketten\u00f6l dorthin gelangt, wo es zur Schmierung gebraucht\u2026<\/td>\n<\/tr>\n<tr>\n<td>\n<div>STIHL Vier-Kanal-Technik<\/div>\n<p>Vier \u00dcberstr\u00f6mkan\u00e4le verwirbeln das Kraftstoff-Luft-Gemisch vor der Z\u00fcndung. So wird der Kraftstoff optimal verbrannt und der Wirkungsgrad des Motors deutlich erh\u00f6ht. Das Ergebnis: weniger Verbrauch und ein hohes Drehmoment \u00fcber einen weiten Drehz\u2026<\/td>\n<\/tr>\n<tr>\n<td>\n<div>Vergaservorw\u00e4rmung<\/div>\n<p>Auf STIHL S\u00e4gen mit Vergaservorw\u00e4rmung ist auch in der kalten Jahreszeit Verlass: In der Winter-Einstellung umstr\u00f6mt vorgew\u00e4rmte Ansaugluft den Vergaser. Dadurch wird ein Vereisen verhindert. F\u00fcr das Umstellen von Sommer- auf Winterbetrieb gen\u00fcgt \u2026<\/td>\n<\/tr>\n<\/tbody>\n<\/table>\n<\/div>","protected":false},"excerpt":{"rendered":"<p>Die Profi-Kettens\u00e4ge STIHL MS 261 C-BM ist f\u00fcr einen vielseitigen Arbeitseinsatz konzipiert. Insbesondere\u00a0<strong>f\u00fcr forstwirtschaftliche Arbeiten in schwachen und mittelstarken Best\u00e4nden ist sie sehr gut geeignet<\/strong>. Mit dem 3,0 kW (4,1 PS) starken\u00a0<a href=\"https:\/\/www.stihl.de\/de\/technologie\/motorentechnik\/2-mix-motor\">STIHL 2-MIX-Motor<\/a>\u00a0wird die ben\u00f6tigte Leistung bei\u00a0<strong>geringem Verbrauch\u00a0<\/strong>geliefert. Diese Benzin-Kettens\u00e4ge ist mit\u00a0<a href=\"https:\/\/www.stihl.de\/de\/technologie\/start-systeme\/m-tronic\">STIHL M-Tronic<\/a>\u00a0ausgestattet, damit Sie\u00a0<strong>schnell und mit optimaler Motorleistung bei konstanter H\u00f6chstdrehzahl<\/strong>\u00a0arbeiten k\u00f6nnen. Der Startvorgang wird unterst\u00fctzt und der Z\u00fcndzeitpunkt sowie die Kraftstoffdosierung werden entsprechend geregelt.<\/p>\n<p><strong>Eine hohe Schnittleistung bei reduziertem Gewicht<\/strong> wird durch die\u00a0STIHL .325\u2033-RS Pro-S\u00e4gekette\u00a0zusammen mit der\u00a0STIHL Light 04-F\u00fchrungsschiene\u00a0erreicht. Mit der\u00a0STIHL Kettenschnellspannung\u00a0wird ein m\u00f6glichst unterbrechungsfreies Arbeiten unterst\u00fctzt. Mit der\u00a0STIHL Kettenschnellspannung\u00a0wird\u00a0ein m\u00f6glichst unterbrechungsfreies Arbeiten unterst\u00fctzt. Somit kann ein Nachspannen der S\u00e4gekette bei Bedarf\u00a0<strong>einfach und sicher sowie ohne Werkzeug erfolgen<\/strong>.<\/p>\n<p>Das STIHL Ematic-System sorgt daf\u00fcr, dass jeder Tropfen \u00d6l zielgerichtet dorthin gelangt, wo er ben\u00f6tigt wird. So k\u00f6nnen Sie die Leistung auch langfristig und m\u00f6glichst unterbrechungsfrei einsetzen. Zudem wird die Einsatzzeit durch das\u00a0Langzeit-Luftfiltersystem\u00a0mit Vorabscheidung und dem HD2-Luftfilter verl\u00e4ngert. Diese Ausstattung sorgt daf\u00fcr, dass die Wartungsintervalle gr\u00f6\u00dfer werden.<\/p>\n<p><strong>Dieses Produkt wird vor Auslieferung einer kostenlosen \u00dcbergabeinspektion gem\u00e4\u00df STIHL \u201cPre-Delivery-Inspection\u201d-Richtlinien unterzogen. Das Produkt wird montiert, betriebsbereit und inklusive des Husqvarna Protokolls zur \u00dcbergabeinspektion an Ihre Adresse geliefert.<\/strong><\/p>\n<ul>\n<li><strong>Auf Lager<\/strong><\/li>\n<li><strong>Lieferung nach Deutschland :\u00a0<\/strong>Gratisversand (3 \u2013 4 Tagen) : 0\u20ac<\/li>\n<li><strong>Lieferung in \u00d6sterreich, D\u00e4nemark, Polen, Niederlande, Finnland, Schweden, Frankreich, Belgien, Schweiz :\u00a0<\/strong>(14 Tagen) : 39,99\u20ac<\/li>\n<li><strong>R\u00fcckgabe innerhalb von 14 Tagen<\/strong><\/li>\n<\/ul>","protected":false},"featured_media":1679,"template":"","meta":[],"product_brand":[],"product_cat":[34],"product_tag":[],"product_country":[1501],"class_list":{"0":"post-1678","1":"product","2":"type-product","3":"status-publish","4":"has-post-thumbnail","6":"product_cat-motorsage-thermische-motorsage","7":"product_country-germany","9":"first","10":"instock","11":"sale","12":"taxable","13":"shipping-taxable","14":"purchasable","15":"product-type-simple"},"_links":{"self":[{"href":"https:\/\/routinesfashione.com\/nl\/wp-json\/wp\/v2\/product\/1678","targetHints":{"allow":["GET"]}}],"collection":[{"href":"https:\/\/routinesfashione.com\/nl\/wp-json\/wp\/v2\/product"}],"about":[{"href":"https:\/\/routinesfashione.com\/nl\/wp-json\/wp\/v2\/types\/product"}],"wp:featuredmedia":[{"embeddable":true,"href":"https:\/\/routinesfashione.com\/nl\/wp-json\/wp\/v2\/media\/1679"}],"wp:attachment":[{"href":"https:\/\/routinesfashione.com\/nl\/wp-json\/wp\/v2\/media?parent=1678"}],"wp:term":[{"taxonomy":"product_brand","embeddable":true,"href":"https:\/\/routinesfashione.com\/nl\/wp-json\/wp\/v2\/product_brand?post=1678"},{"taxonomy":"product_cat","embeddable":true,"href":"https:\/\/routinesfashione.com\/nl\/wp-json\/wp\/v2\/product_cat?post=1678"},{"taxonomy":"product_tag","embeddable":true,"href":"https:\/\/routinesfashione.com\/nl\/wp-json\/wp\/v2\/product_tag?post=1678"},{"taxonomy":"product_country","embeddable":true,"href":"https:\/\/routinesfashione.com\/nl\/wp-json\/wp\/v2\/product_country?post=1678"}],"curies":[{"name":"wp","href":"https:\/\/api.w.org\/{rel}","templated":true}]}}