{"id":168,"date":"2025-09-30T20:55:55","date_gmt":"2025-09-30T20:55:55","guid":{"rendered":"https:\/\/lightgray-crow-170497.hostingersite.com\/?post_type=product&#038;p=168"},"modified":"2025-09-30T20:55:55","modified_gmt":"2025-09-30T20:55:55","slug":"hbm-professional-100-cm-balker-208cc","status":"publish","type":"product","link":"https:\/\/routinesfashione.com\/nl\/produit\/hbm-professional-100-cm-balker-208cc\/","title":{"rendered":"HBM Professional 100 cm Balker 208cc"},"content":{"rendered":"<p><span dir=\"auto\" style=\"vertical-align: inherit;\">Avec sa puissance de 7 chevaux et ses lames dentel\u00e9es en carbure, cette tondeuse \u00e0 faisceau vous permettra de venir \u00e0 bout de n&#8217;importe quel champ de mauvaises herbes imposant en quelques minutes seulement\u00a0! La lame m\u00e9canique d&#8217;un m\u00e8tre de large coupe sans effort m\u00eame les arbustes les plus denses jusqu&#8217;\u00e0 leur base.<\/span><\/p>\n<p><span dir=\"auto\" style=\"vertical-align: inherit;\">Le guidon r\u00e9glable en hauteur est \u00e9quip\u00e9 de leviers pour activer les lames, d\u00e9marrer l&#8217;arbre principal (pour la propulsion) et actionner l&#8217;acc\u00e9l\u00e9rateur.<\/span><\/p>\n<p><span dir=\"auto\" style=\"vertical-align: inherit;\">La tondeuse \u00e0 faisceau peut se d\u00e9placer seule en reliant les roues \u00e0 l&#8217;essieu principal par une goupille de verrouillage. Il est \u00e9galement possible de pousser la machine manuellement en ne verrouillant pas les roues avec une goupille de verrouillage et en les faisant glisser l\u00e9g\u00e8rement vers l&#8217;int\u00e9rieur de l&#8217;essieu principal.<\/span><\/p>\n<p><span dir=\"auto\" style=\"vertical-align: inherit;\">La barre de coupe est tr\u00e8s plate, ce qui permet \u00e0 la faucheuse de tondre au plus pr\u00e8s du sol. Sa hauteur est r\u00e9glable gr\u00e2ce \u00e0 deux entretoises situ\u00e9es derri\u00e8re la barre.<\/span><\/p>\n<p><span dir=\"auto\" style=\"vertical-align: inherit;\">Tondre les hautes herbes est \u00e9galement la premi\u00e8re \u00e9tape de la pr\u00e9paration du sol pour un potager. C&#8217;est pourquoi cette machine est indispensable \u00e0 tout jardinier, m\u00eame exp\u00e9riment\u00e9, pour l&#8217;entretien de son jardin.<\/span><\/p>\n<ul>\n<li><span dir=\"auto\" style=\"vertical-align: inherit;\">\u00a0Puissance max. : 7 cv<\/span><\/li>\n<li><span dir=\"auto\" style=\"vertical-align: inherit;\">\u00a0Largeur de coupe : 100 cm<\/span><\/li>\n<li><span dir=\"auto\" style=\"vertical-align: inherit;\">\u00a0Hauteur de coupe : 10-80 mm<\/span><\/li>\n<li><span dir=\"auto\" style=\"vertical-align: inherit;\">\u00a0Pneus : 3.50-6<\/span><\/li>\n<li><span dir=\"auto\" style=\"vertical-align: inherit;\">\u00a0Type de moteur : OHV 4 temps<\/span><\/li>\n<li><span dir=\"auto\" style=\"vertical-align: inherit;\">\u00a0Moteur : 208cc<\/span><\/li>\n<li><span dir=\"auto\" style=\"vertical-align: inherit;\">\u00a0Capacit\u00e9 du r\u00e9servoir de carburant : 3,6 l<\/span><\/li>\n<li><span dir=\"auto\" style=\"vertical-align: inherit;\">\u00a0Capacit\u00e9 du carter : 0,6 l<\/span><\/li>\n<li><span dir=\"auto\" style=\"vertical-align: inherit;\">\u00a0Carburant : sans plomb Euro 95 (E10)<\/span><\/li>\n<li><span dir=\"auto\" style=\"vertical-align: inherit;\">\u00a0Huile moteur : SAE 10W-30<\/span><\/li>\n<li><span dir=\"auto\" style=\"vertical-align: inherit;\">\u00a0Syst\u00e8me de d\u00e9marrage : d\u00e9marreur \u00e0 tirette<\/span><\/li>\n<li><span dir=\"auto\" style=\"vertical-align: inherit;\">\u00a0Type de bougie d&#8217;allumage : F7TC<\/span><\/li>\n<li><span dir=\"auto\" style=\"vertical-align: inherit;\">\u00a0Poids : 75 kg<\/span><\/li>\n<li><span dir=\"auto\" style=\"vertical-align: inherit;\">\u00a0LWA (puissance acoustique) : 112 dB(A)<\/span><\/li>\n<li><span dir=\"auto\" style=\"vertical-align: inherit;\">\u00a0Impr\u00e9cision KWA : 1,5 dB(A)<\/span><\/li>\n<\/ul>","protected":false},"excerpt":{"rendered":"<p>Avec sa puissance de 7 chevaux et ses lames dentel\u00e9es en carbure, cette tondeuse \u00e0 faisceau vous permettra de venir<\/p>","protected":false},"featured_media":12944,"template":"","meta":[],"product_brand":[],"product_cat":[61],"product_tag":[],"product_country":[1503],"class_list":{"0":"post-168","1":"product","2":"type-product","3":"status-publish","4":"has-post-thumbnail","6":"product_cat-sale-france","7":"product_country-france","9":"first","10":"instock","11":"sale","12":"taxable","13":"shipping-taxable","14":"purchasable","15":"product-type-simple"},"_links":{"self":[{"href":"https:\/\/routinesfashione.com\/nl\/wp-json\/wp\/v2\/product\/168","targetHints":{"allow":["GET"]}}],"collection":[{"href":"https:\/\/routinesfashione.com\/nl\/wp-json\/wp\/v2\/product"}],"about":[{"href":"https:\/\/routinesfashione.com\/nl\/wp-json\/wp\/v2\/types\/product"}],"wp:featuredmedia":[{"embeddable":true,"href":"https:\/\/routinesfashione.com\/nl\/wp-json\/wp\/v2\/media\/12944"}],"wp:attachment":[{"href":"https:\/\/routinesfashione.com\/nl\/wp-json\/wp\/v2\/media?parent=168"}],"wp:term":[{"taxonomy":"product_brand","embeddable":true,"href":"https:\/\/routinesfashione.com\/nl\/wp-json\/wp\/v2\/product_brand?post=168"},{"taxonomy":"product_cat","embeddable":true,"href":"https:\/\/routinesfashione.com\/nl\/wp-json\/wp\/v2\/product_cat?post=168"},{"taxonomy":"product_tag","embeddable":true,"href":"https:\/\/routinesfashione.com\/nl\/wp-json\/wp\/v2\/product_tag?post=168"},{"taxonomy":"product_country","embeddable":true,"href":"https:\/\/routinesfashione.com\/nl\/wp-json\/wp\/v2\/product_country?post=168"}],"curies":[{"name":"wp","href":"https:\/\/api.w.org\/{rel}","templated":true}]}}